{"id":7602,"date":"2023-11-03T14:33:37","date_gmt":"2023-11-03T13:33:37","guid":{"rendered":"https:\/\/clic1.wpenginepowered.com\/versandmethoden-und-kosten\/"},"modified":"2025-12-02T15:24:57","modified_gmt":"2025-12-02T14:24:57","slug":"versandmethoden-und-kosten","status":"publish","type":"page","link":"https:\/\/www.clicproducts.eu\/de\/versandmethoden-und-kosten\/","title":{"rendered":"Versandmethoden und kosten"},"content":{"rendered":"\n<p>Die Produkte werden in Italien, Europa und au\u00dferhalb Europas per Kurier geliefert.<\/p>\n\n\n\n<p>In Italien betr\u00e4gt die Lieferzeit zwischen 1 und 3 Werktagen.<br>In Europa betr\u00e4gt die Lieferzeit zwischen 3 und 6 Werktagen.<br>Au\u00dferhalb Europas betr\u00e4gt die Lieferzeit mehr als 6 Werktage.<\/p>\n\n\n\n<p>Der Versand ist kostenlos, wenn der Einkauf einen bestimmten Schwellenwert \u00fcberschreitet, der je nach Land und\/oder zu bestimmten Jahreszeiten aufgrund von Sonderaktionen und Ad-hoc-Mitteilungen variieren kann. Die Kosten werden jedoch w\u00e4hrend des Kaufvorgangs und vor der Zahlungsseite angezeigt.<\/p>\n\n\n\n<p>Mit Ausnahme von Sonderangeboten gilt die folgende Liste:<\/p>\n\n\n\n<p>Italien<\/p>\n\n\n\n<p>\u2013 Versandkostenfrei ab 75 Euro<br>\u2013 F\u00fcr alle Bestellungen unter 75 Euro wird eine Versandkostenpauschale von 10 Euro erhoben<\/p>\n\n\n\n<p>Europa (Belgien, Bulgarien, D\u00e4nemark, Deutschland, Estland, Finnland, Griechenland, Irland, Kroatien, Lettland, Litauen, Luxemburg, Malta, Niederlande, \u00d6sterreich, Polen, Portugal, Rum\u00e4nien, San Marino, Schweden, Slowakei, Slowenien, Spanien, Tschechische Republik, Ungarn, Vatikan, Zypern, Vatikanstadt)<\/p>\n\n\n\n<p>\u2013 Versandkostenfrei ab 75 Euro<br>\u2013 F\u00fcr alle Bestellungen unter 75 Euro wird eine Versandkostenpauschale von 10 Euro erhoben<\/p>\n\n\n\n<p>Au\u00dferhalb Europas (Las Palmas, Cyprus, Montenegro, Norwegen, Vereinigtes K\u00f6nigreich (UK), Teneriffa, Schweiz)<\/p>\n\n\n\n<p>\u2013 Kostenloser Versand ab 129 Euro<br>\u2013 F\u00fcr alle Bestellungen unter 129 Euro wird eine Versandkostenpauschale von 15 Euro erhoben<\/p>\n\n\n\n<p>F\u00fcr L\u00e4nder wie England und die Schweiz k\u00f6nnen Zollgeb\u00fchren anfallen. Overal SRL ist nicht verantwortlich f\u00fcr zus\u00e4tzliche Zollgeb\u00fchren. Diese Kosten gehen zu Lasten des Kunden. <\/p>\n\n\n\n<p>Au\u00dferhalb Europas (Russland, Wei\u00dfrussland)<\/p>\n\n\n\n<p>\u2013 Einzeltarif: F\u00fcr den Kurierdienst wird eine Geb\u00fchr von 30 EUR erhoben<\/p>\n\n\n\n<p>Au\u00dferhalb Europas (alle anderen Gebiete, Saudi-Arabien, Katar, Vereinigte Arabische Emirate)<\/p>\n\n\n\n<p>\u2013 Kostenloser Versand \u00fcber 249 Euro<br>\u2013 F\u00fcr alle K\u00e4ufe unter 249 Euro wird f\u00fcr den Kurierdienst eine Geb\u00fchr von 25 EUR erhoben<\/p>\n\n\n\n<p>F\u00fcr L\u00e4nder wie Brasilien und die T\u00fcrkei k\u00f6nnen Zollgeb\u00fchren anfallen. Overal SRL ist nicht verantwortlich f\u00fcr zus\u00e4tzliche Zollgeb\u00fchren. Diese Kosten gehen zu Lasten des Kunden. <\/p>\n","protected":false},"excerpt":{"rendered":"<p>Die Produkte werden in Italien, Europa und au\u00dferhalb Europas per Kurier geliefert. In Italien betr\u00e4gt die Lieferzeit zwischen 1 und 3 Werktagen.In Europa betr\u00e4gt die Lieferzeit zwischen 3 und 6 [&hellip;]<\/p>\n","protected":false},"author":9,"featured_media":0,"parent":0,"menu_order":0,"comment_status":"closed","ping_status":"closed","template":"","meta":{"_acf_changed":false,"ghostkit_customizer_options":"","ghostkit_custom_css":"","ghostkit_custom_js_head":"","ghostkit_custom_js_foot":"","ghostkit_typography":"","footnotes":""},"class_list":["post-7602","page","type-page","status-publish","hentry"],"acf":[],"yoast_head":"<!-- This site is optimized with the Yoast SEO Premium plugin v21.7 (Yoast SEO v26.1.1) - https:\/\/yoast.com\/wordpress\/plugins\/seo\/ -->\n<title>Versandmethoden und kosten - CliC Eyewear Official<\/title>\n<meta name=\"robots\" content=\"index, follow, max-snippet:-1, max-image-preview:large, max-video-preview:-1\" \/>\n<link rel=\"canonical\" href=\"https:\/\/www.clicproducts.eu\/de\/versandmethoden-und-kosten\/\" \/>\n<meta property=\"og:locale\" content=\"de_DE\" \/>\n<meta property=\"og:type\" content=\"article\" \/>\n<meta property=\"og:title\" content=\"Versandmethoden und kosten - CliC Eyewear Official\" \/>\n<meta property=\"og:description\" content=\"Die Produkte werden in Italien, Europa und au\u00dferhalb Europas per Kurier geliefert. In Italien betr\u00e4gt die Lieferzeit zwischen 1 und 3 Werktagen.In Europa betr\u00e4gt die Lieferzeit zwischen 3 und 6 [&hellip;]\" \/>\n<meta property=\"og:url\" content=\"https:\/\/www.clicproducts.eu\/de\/versandmethoden-und-kosten\/\" \/>\n<meta property=\"og:site_name\" content=\"CliC Eyewear Official\" \/>\n<meta property=\"article:modified_time\" content=\"2025-12-02T14:24:57+00:00\" \/>\n<meta name=\"twitter:card\" content=\"summary_large_image\" \/>\n<meta name=\"twitter:label1\" content=\"Est. reading time\" \/>\n\t<meta name=\"twitter:data1\" content=\"1 minute\" \/>\n<script type=\"application\/ld+json\" class=\"yoast-schema-graph\">{\"@context\":\"https:\/\/schema.org\",\"@graph\":[{\"@type\":\"WebPage\",\"@id\":\"https:\/\/www.clicproducts.eu\/de\/versandmethoden-und-kosten\/\",\"url\":\"https:\/\/www.clicproducts.eu\/de\/versandmethoden-und-kosten\/\",\"name\":\"Versandmethoden und kosten - CliC Eyewear Official\",\"isPartOf\":{\"@id\":\"https:\/\/www.clicproducts.eu\/de\/#website\"},\"datePublished\":\"2023-11-03T13:33:37+00:00\",\"dateModified\":\"2025-12-02T14:24:57+00:00\",\"breadcrumb\":{\"@id\":\"https:\/\/www.clicproducts.eu\/de\/versandmethoden-und-kosten\/#breadcrumb\"},\"inLanguage\":\"de-DE\",\"potentialAction\":[{\"@type\":\"ReadAction\",\"target\":[\"https:\/\/www.clicproducts.eu\/de\/versandmethoden-und-kosten\/\"]}]},{\"@type\":\"BreadcrumbList\",\"@id\":\"https:\/\/www.clicproducts.eu\/de\/versandmethoden-und-kosten\/#breadcrumb\",\"itemListElement\":[{\"@type\":\"ListItem\",\"position\":1,\"name\":\"Homepage\",\"item\":\"https:\/\/www.clicproducts.eu\/de\/\"},{\"@type\":\"ListItem\",\"position\":2,\"name\":\"Versandmethoden und kosten\"}]},{\"@type\":\"WebSite\",\"@id\":\"https:\/\/www.clicproducts.eu\/de\/#website\",\"url\":\"https:\/\/www.clicproducts.eu\/de\/\",\"name\":\"CliC Eyewear Official\",\"description\":\"\",\"publisher\":{\"@id\":\"https:\/\/www.clicproducts.eu\/de\/#organization\"},\"potentialAction\":[{\"@type\":\"SearchAction\",\"target\":{\"@type\":\"EntryPoint\",\"urlTemplate\":\"https:\/\/www.clicproducts.eu\/de\/?s={search_term_string}\"},\"query-input\":{\"@type\":\"PropertyValueSpecification\",\"valueRequired\":true,\"valueName\":\"search_term_string\"}}],\"inLanguage\":\"de-DE\"},{\"@type\":\"Organization\",\"@id\":\"https:\/\/www.clicproducts.eu\/de\/#organization\",\"name\":\"CliC Eyewear Official\",\"url\":\"https:\/\/www.clicproducts.eu\/de\/\",\"logo\":{\"@type\":\"ImageObject\",\"inLanguage\":\"de-DE\",\"@id\":\"https:\/\/www.clicproducts.eu\/de\/#\/schema\/logo\/image\/\",\"url\":\"https:\/\/www.clicproducts.eu\/wp-content\/uploads\/cropped-bfc4f25d-nuovologo.png\",\"contentUrl\":\"https:\/\/www.clicproducts.eu\/wp-content\/uploads\/cropped-bfc4f25d-nuovologo.png\",\"width\":250,\"height\":75,\"caption\":\"CliC Eyewear Official\"},\"image\":{\"@id\":\"https:\/\/www.clicproducts.eu\/de\/#\/schema\/logo\/image\/\"}}]}<\/script>\n<!-- \/ Yoast SEO Premium plugin. -->","yoast_head_json":{"title":"Versandmethoden und kosten - CliC Eyewear Official","robots":{"index":"index","follow":"follow","max-snippet":"max-snippet:-1","max-image-preview":"max-image-preview:large","max-video-preview":"max-video-preview:-1"},"canonical":"https:\/\/www.clicproducts.eu\/de\/versandmethoden-und-kosten\/","og_locale":"de_DE","og_type":"article","og_title":"Versandmethoden und kosten - CliC Eyewear Official","og_description":"Die Produkte werden in Italien, Europa und au\u00dferhalb Europas per Kurier geliefert. In Italien betr\u00e4gt die Lieferzeit zwischen 1 und 3 Werktagen.In Europa betr\u00e4gt die Lieferzeit zwischen 3 und 6 [&hellip;]","og_url":"https:\/\/www.clicproducts.eu\/de\/versandmethoden-und-kosten\/","og_site_name":"CliC Eyewear Official","article_modified_time":"2025-12-02T14:24:57+00:00","twitter_card":"summary_large_image","twitter_misc":{"Est. reading time":"1 minute"},"schema":{"@context":"https:\/\/schema.org","@graph":[{"@type":"WebPage","@id":"https:\/\/www.clicproducts.eu\/de\/versandmethoden-und-kosten\/","url":"https:\/\/www.clicproducts.eu\/de\/versandmethoden-und-kosten\/","name":"Versandmethoden und kosten - CliC Eyewear Official","isPartOf":{"@id":"https:\/\/www.clicproducts.eu\/de\/#website"},"datePublished":"2023-11-03T13:33:37+00:00","dateModified":"2025-12-02T14:24:57+00:00","breadcrumb":{"@id":"https:\/\/www.clicproducts.eu\/de\/versandmethoden-und-kosten\/#breadcrumb"},"inLanguage":"de-DE","potentialAction":[{"@type":"ReadAction","target":["https:\/\/www.clicproducts.eu\/de\/versandmethoden-und-kosten\/"]}]},{"@type":"BreadcrumbList","@id":"https:\/\/www.clicproducts.eu\/de\/versandmethoden-und-kosten\/#breadcrumb","itemListElement":[{"@type":"ListItem","position":1,"name":"Homepage","item":"https:\/\/www.clicproducts.eu\/de\/"},{"@type":"ListItem","position":2,"name":"Versandmethoden und kosten"}]},{"@type":"WebSite","@id":"https:\/\/www.clicproducts.eu\/de\/#website","url":"https:\/\/www.clicproducts.eu\/de\/","name":"CliC Eyewear Official","description":"","publisher":{"@id":"https:\/\/www.clicproducts.eu\/de\/#organization"},"potentialAction":[{"@type":"SearchAction","target":{"@type":"EntryPoint","urlTemplate":"https:\/\/www.clicproducts.eu\/de\/?s={search_term_string}"},"query-input":{"@type":"PropertyValueSpecification","valueRequired":true,"valueName":"search_term_string"}}],"inLanguage":"de-DE"},{"@type":"Organization","@id":"https:\/\/www.clicproducts.eu\/de\/#organization","name":"CliC Eyewear Official","url":"https:\/\/www.clicproducts.eu\/de\/","logo":{"@type":"ImageObject","inLanguage":"de-DE","@id":"https:\/\/www.clicproducts.eu\/de\/#\/schema\/logo\/image\/","url":"https:\/\/www.clicproducts.eu\/wp-content\/uploads\/cropped-bfc4f25d-nuovologo.png","contentUrl":"https:\/\/www.clicproducts.eu\/wp-content\/uploads\/cropped-bfc4f25d-nuovologo.png","width":250,"height":75,"caption":"CliC Eyewear Official"},"image":{"@id":"https:\/\/www.clicproducts.eu\/de\/#\/schema\/logo\/image\/"}}]}},"_links":{"self":[{"href":"https:\/\/www.clicproducts.eu\/de\/wp-json\/wp\/v2\/pages\/7602","targetHints":{"allow":["GET"]}}],"collection":[{"href":"https:\/\/www.clicproducts.eu\/de\/wp-json\/wp\/v2\/pages"}],"about":[{"href":"https:\/\/www.clicproducts.eu\/de\/wp-json\/wp\/v2\/types\/page"}],"author":[{"embeddable":true,"href":"https:\/\/www.clicproducts.eu\/de\/wp-json\/wp\/v2\/users\/9"}],"replies":[{"embeddable":true,"href":"https:\/\/www.clicproducts.eu\/de\/wp-json\/wp\/v2\/comments?post=7602"}],"version-history":[{"count":0,"href":"https:\/\/www.clicproducts.eu\/de\/wp-json\/wp\/v2\/pages\/7602\/revisions"}],"wp:attachment":[{"href":"https:\/\/www.clicproducts.eu\/de\/wp-json\/wp\/v2\/media?parent=7602"}],"curies":[{"name":"wp","href":"https:\/\/api.w.org\/{rel}","templated":true}]}}