{"id":18948,"date":"2026-05-04T16:39:51","date_gmt":"2026-05-04T14:39:51","guid":{"rendered":"https:\/\/www.clicproducts.eu\/?post_type=product&#038;p=18948"},"modified":"2026-05-04T16:43:02","modified_gmt":"2026-05-04T14:43:02","slug":"slastik-byss-acknar010-korallenrot","status":"publish","type":"product","link":"https:\/\/www.clicproducts.eu\/de\/slastik-byss-acknar010-korallenrot\/","title":{"rendered":"SLASTIK BYSS ACKNAR010 KORALLENROT"},"content":{"rendered":"<p>Slastik Acknar pr\u00e4sentiert:<br \/>&#8211; Patentiertes, flexibles und leichtes Doppel-Spritzguss-Nackenband f\u00fcr optimalen Sitz. Das Band besteht aus speziellem hypoallergenem Gummi. Die R\u00fcckseite ist aus weichem Silikon gefertigt, sodass die Skibrille auch mit M\u00fctze, Helm oder dickem Kragen sicher sitzt.<br \/>&#8211; Patentiertes Teleskop-Verstellsystem f\u00fcr perfekten Sitz und optimalen Tragekomfort.<br \/>&#8211; Magnetische Frontbefestigung mit Neodym-Magneten.  <\/p>\n<p>Material: TR90<br \/>\nForm: Rechteckig<\/p>\n<p>Abmessungen:<br \/>\nFront: 136 mm<br \/>\nGlash\u00f6he: 38 mm<br \/>\nGlasbreite: 56 mm<br \/>\nStegbreite: 17 mm<\/p>\n<p>Kopfumfang (verstellbar): 58 cm bis 63 cm<\/p>\n","protected":false},"excerpt":{"rendered":"<p>Slastik Acknar: Lesebrille mit Magnetverschluss<\/p>\n<p>Die Slastik Acknar ist eine halbflexible Brille, die f\u00fcr maximalen Tragekomfort und optimale Alltagstauglichkeit entwickelt wurde. Dank des innovativen Magnetverschlusses vorne geht Ihre Brille nie wieder verloren. Eine Brille, die Sie bei all Ihren t\u00e4glichen Aktivit\u00e4ten begleitet.  <\/p>\n","protected":false},"featured_media":18945,"template":"","meta":{"_acf_changed":false,"ghostkit_customizer_options":"","ghostkit_custom_css":"","ghostkit_custom_js_head":"","ghostkit_custom_js_foot":"","ghostkit_typography":""},"product_cat":[876,739,741,742],"product_tag":[],"giftcard-category":[],"class_list":{"0":"post-18948","1":"product","2":"type-product","3":"status-publish","4":"has-post-thumbnail","6":"product_cat-slastik-de","7":"product_cat-lesebrillen","8":"product_cat-mann","9":"product_cat-frau-lesebrillen","10":"tm-has-options","12":"first","13":"instock","14":"shipping-taxable","15":"purchasable","16":"product-type-variable"},"acf":[],"yoast_head":"<!-- This site is optimized with the Yoast SEO Premium plugin v21.7 (Yoast SEO v26.1.1) - https:\/\/yoast.com\/wordpress\/plugins\/seo\/ -->\n<title>SLASTIK BYSS ACKNAR010 KORALLENROT - CliC Eyewear Official<\/title>\n<meta name=\"robots\" content=\"index, follow, max-snippet:-1, max-image-preview:large, max-video-preview:-1\" \/>\n<link rel=\"canonical\" href=\"https:\/\/www.clicproducts.eu\/de\/slastik-byss-acknar010-korallenrot\/\" \/>\n<meta property=\"og:locale\" content=\"de_DE\" \/>\n<meta property=\"og:type\" content=\"article\" \/>\n<meta property=\"og:title\" content=\"SLASTIK BYSS ACKNAR010 KORALLENROT - CliC Eyewear Official\" \/>\n<meta property=\"og:description\" content=\"Slastik Acknar: Lesebrille mit Magnetverschluss Die Slastik Acknar ist eine halbflexible Brille, die f\u00fcr maximalen Tragekomfort und optimale Alltagstauglichkeit entwickelt wurde. Dank des innovativen Magnetverschlusses vorne geht Ihre Brille nie wieder verloren. Eine Brille, die Sie bei all Ihren t\u00e4glichen Aktivit\u00e4ten begleitet.\" \/>\n<meta property=\"og:url\" content=\"https:\/\/www.clicproducts.eu\/de\/slastik-byss-acknar010-korallenrot\/\" \/>\n<meta property=\"og:site_name\" content=\"CliC Eyewear Official\" \/>\n<meta property=\"article:modified_time\" content=\"2026-05-04T14:43:02+00:00\" \/>\n<meta property=\"og:image\" content=\"https:\/\/www.clicproducts.eu\/wp-content\/uploads\/ACKNAR010-immagine-in-evidenza.png\" \/>\n\t<meta property=\"og:image:width\" content=\"800\" \/>\n\t<meta property=\"og:image:height\" content=\"800\" \/>\n\t<meta property=\"og:image:type\" content=\"image\/png\" \/>\n<meta name=\"twitter:card\" content=\"summary_large_image\" \/>\n<meta name=\"twitter:label1\" content=\"Availability\" \/>\n\t<meta name=\"twitter:data1\" content=\"In stock\" \/>\n<script type=\"application\/ld+json\" class=\"yoast-schema-graph\">{\"@context\":\"https:\/\/schema.org\",\"@graph\":[{\"@type\":\"WebPage\",\"@id\":\"https:\/\/www.clicproducts.eu\/de\/slastik-byss-acknar010-korallenrot\/\",\"url\":\"https:\/\/www.clicproducts.eu\/de\/slastik-byss-acknar010-korallenrot\/\",\"name\":\"SLASTIK BYSS ACKNAR010 KORALLENROT - CliC Eyewear Official\",\"isPartOf\":{\"@id\":\"https:\/\/www.clicproducts.eu\/de\/#website\"},\"primaryImageOfPage\":{\"@id\":\"https:\/\/www.clicproducts.eu\/de\/slastik-byss-acknar010-korallenrot\/#primaryimage\"},\"image\":{\"@id\":\"https:\/\/www.clicproducts.eu\/de\/slastik-byss-acknar010-korallenrot\/#primaryimage\"},\"thumbnailUrl\":\"https:\/\/www.clicproducts.eu\/wp-content\/uploads\/ACKNAR010-immagine-in-evidenza.png\",\"datePublished\":\"2026-05-04T14:39:51+00:00\",\"dateModified\":\"2026-05-04T14:43:02+00:00\",\"breadcrumb\":{\"@id\":\"https:\/\/www.clicproducts.eu\/de\/slastik-byss-acknar010-korallenrot\/#breadcrumb\"},\"inLanguage\":\"de-DE\",\"potentialAction\":[{\"@type\":\"ReadAction\",\"target\":[\"https:\/\/www.clicproducts.eu\/de\/slastik-byss-acknar010-korallenrot\/\"]}]},{\"@type\":\"ImageObject\",\"inLanguage\":\"de-DE\",\"@id\":\"https:\/\/www.clicproducts.eu\/de\/slastik-byss-acknar010-korallenrot\/#primaryimage\",\"url\":\"https:\/\/www.clicproducts.eu\/wp-content\/uploads\/ACKNAR010-immagine-in-evidenza.png\",\"contentUrl\":\"https:\/\/www.clicproducts.eu\/wp-content\/uploads\/ACKNAR010-immagine-in-evidenza.png\",\"width\":800,\"height\":800},{\"@type\":\"BreadcrumbList\",\"@id\":\"https:\/\/www.clicproducts.eu\/de\/slastik-byss-acknar010-korallenrot\/#breadcrumb\",\"itemListElement\":[{\"@type\":\"ListItem\",\"position\":1,\"name\":\"Homepage\",\"item\":\"https:\/\/www.clicproducts.eu\/de\/\"},{\"@type\":\"ListItem\",\"position\":2,\"name\":\"Shop\",\"item\":\"https:\/\/www.clicproducts.eu\/de\/geschaft\/\"},{\"@type\":\"ListItem\",\"position\":3,\"name\":\"Lesebrillen\",\"item\":\"https:\/\/www.clicproducts.eu\/de\/lesebrillen\/\"},{\"@type\":\"ListItem\",\"position\":4,\"name\":\"SLASTIK BYSS ACKNAR010 KORALLENROT\"}]},{\"@type\":\"WebSite\",\"@id\":\"https:\/\/www.clicproducts.eu\/de\/#website\",\"url\":\"https:\/\/www.clicproducts.eu\/de\/\",\"name\":\"CliC Eyewear Official\",\"description\":\"\",\"publisher\":{\"@id\":\"https:\/\/www.clicproducts.eu\/de\/#organization\"},\"potentialAction\":[{\"@type\":\"SearchAction\",\"target\":{\"@type\":\"EntryPoint\",\"urlTemplate\":\"https:\/\/www.clicproducts.eu\/de\/?s={search_term_string}\"},\"query-input\":{\"@type\":\"PropertyValueSpecification\",\"valueRequired\":true,\"valueName\":\"search_term_string\"}}],\"inLanguage\":\"de-DE\"},{\"@type\":\"Organization\",\"@id\":\"https:\/\/www.clicproducts.eu\/de\/#organization\",\"name\":\"CliC Eyewear Official\",\"url\":\"https:\/\/www.clicproducts.eu\/de\/\",\"logo\":{\"@type\":\"ImageObject\",\"inLanguage\":\"de-DE\",\"@id\":\"https:\/\/www.clicproducts.eu\/de\/#\/schema\/logo\/image\/\",\"url\":\"https:\/\/www.clicproducts.eu\/wp-content\/uploads\/cropped-bfc4f25d-nuovologo.png\",\"contentUrl\":\"https:\/\/www.clicproducts.eu\/wp-content\/uploads\/cropped-bfc4f25d-nuovologo.png\",\"width\":250,\"height\":75,\"caption\":\"CliC Eyewear Official\"},\"image\":{\"@id\":\"https:\/\/www.clicproducts.eu\/de\/#\/schema\/logo\/image\/\"}}]}<\/script>\n<meta property=\"og:availability\" content=\"instock\" \/>\n<meta property=\"product:availability\" content=\"instock\" \/>\n<meta property=\"product:retailer_item_id\" content=\"ACKNAR010\" \/>\n<meta property=\"product:condition\" content=\"new\" \/>\n<!-- \/ Yoast SEO Premium plugin. -->","yoast_head_json":{"title":"SLASTIK BYSS ACKNAR010 KORALLENROT - CliC Eyewear Official","robots":{"index":"index","follow":"follow","max-snippet":"max-snippet:-1","max-image-preview":"max-image-preview:large","max-video-preview":"max-video-preview:-1"},"canonical":"https:\/\/www.clicproducts.eu\/de\/slastik-byss-acknar010-korallenrot\/","og_locale":"de_DE","og_type":"article","og_title":"SLASTIK BYSS ACKNAR010 KORALLENROT - CliC Eyewear Official","og_description":"Slastik Acknar: Lesebrille mit Magnetverschluss Die Slastik Acknar ist eine halbflexible Brille, die f\u00fcr maximalen Tragekomfort und optimale Alltagstauglichkeit entwickelt wurde. Dank des innovativen Magnetverschlusses vorne geht Ihre Brille nie wieder verloren. Eine Brille, die Sie bei all Ihren t\u00e4glichen Aktivit\u00e4ten begleitet.","og_url":"https:\/\/www.clicproducts.eu\/de\/slastik-byss-acknar010-korallenrot\/","og_site_name":"CliC Eyewear Official","article_modified_time":"2026-05-04T14:43:02+00:00","og_image":[{"width":800,"height":800,"url":"https:\/\/www.clicproducts.eu\/wp-content\/uploads\/ACKNAR010-immagine-in-evidenza.png","type":"image\/png"}],"twitter_card":"summary_large_image","twitter_misc":{"Availability":"In stock"},"schema":{"@context":"https:\/\/schema.org","@graph":[{"@type":"WebPage","@id":"https:\/\/www.clicproducts.eu\/de\/slastik-byss-acknar010-korallenrot\/","url":"https:\/\/www.clicproducts.eu\/de\/slastik-byss-acknar010-korallenrot\/","name":"SLASTIK BYSS ACKNAR010 KORALLENROT - CliC Eyewear Official","isPartOf":{"@id":"https:\/\/www.clicproducts.eu\/de\/#website"},"primaryImageOfPage":{"@id":"https:\/\/www.clicproducts.eu\/de\/slastik-byss-acknar010-korallenrot\/#primaryimage"},"image":{"@id":"https:\/\/www.clicproducts.eu\/de\/slastik-byss-acknar010-korallenrot\/#primaryimage"},"thumbnailUrl":"https:\/\/www.clicproducts.eu\/wp-content\/uploads\/ACKNAR010-immagine-in-evidenza.png","datePublished":"2026-05-04T14:39:51+00:00","dateModified":"2026-05-04T14:43:02+00:00","breadcrumb":{"@id":"https:\/\/www.clicproducts.eu\/de\/slastik-byss-acknar010-korallenrot\/#breadcrumb"},"inLanguage":"de-DE","potentialAction":[{"@type":"ReadAction","target":["https:\/\/www.clicproducts.eu\/de\/slastik-byss-acknar010-korallenrot\/"]}]},{"@type":"ImageObject","inLanguage":"de-DE","@id":"https:\/\/www.clicproducts.eu\/de\/slastik-byss-acknar010-korallenrot\/#primaryimage","url":"https:\/\/www.clicproducts.eu\/wp-content\/uploads\/ACKNAR010-immagine-in-evidenza.png","contentUrl":"https:\/\/www.clicproducts.eu\/wp-content\/uploads\/ACKNAR010-immagine-in-evidenza.png","width":800,"height":800},{"@type":"BreadcrumbList","@id":"https:\/\/www.clicproducts.eu\/de\/slastik-byss-acknar010-korallenrot\/#breadcrumb","itemListElement":[{"@type":"ListItem","position":1,"name":"Homepage","item":"https:\/\/www.clicproducts.eu\/de\/"},{"@type":"ListItem","position":2,"name":"Shop","item":"https:\/\/www.clicproducts.eu\/de\/geschaft\/"},{"@type":"ListItem","position":3,"name":"Lesebrillen","item":"https:\/\/www.clicproducts.eu\/de\/lesebrillen\/"},{"@type":"ListItem","position":4,"name":"SLASTIK BYSS ACKNAR010 KORALLENROT"}]},{"@type":"WebSite","@id":"https:\/\/www.clicproducts.eu\/de\/#website","url":"https:\/\/www.clicproducts.eu\/de\/","name":"CliC Eyewear Official","description":"","publisher":{"@id":"https:\/\/www.clicproducts.eu\/de\/#organization"},"potentialAction":[{"@type":"SearchAction","target":{"@type":"EntryPoint","urlTemplate":"https:\/\/www.clicproducts.eu\/de\/?s={search_term_string}"},"query-input":{"@type":"PropertyValueSpecification","valueRequired":true,"valueName":"search_term_string"}}],"inLanguage":"de-DE"},{"@type":"Organization","@id":"https:\/\/www.clicproducts.eu\/de\/#organization","name":"CliC Eyewear Official","url":"https:\/\/www.clicproducts.eu\/de\/","logo":{"@type":"ImageObject","inLanguage":"de-DE","@id":"https:\/\/www.clicproducts.eu\/de\/#\/schema\/logo\/image\/","url":"https:\/\/www.clicproducts.eu\/wp-content\/uploads\/cropped-bfc4f25d-nuovologo.png","contentUrl":"https:\/\/www.clicproducts.eu\/wp-content\/uploads\/cropped-bfc4f25d-nuovologo.png","width":250,"height":75,"caption":"CliC Eyewear Official"},"image":{"@id":"https:\/\/www.clicproducts.eu\/de\/#\/schema\/logo\/image\/"}}]},"og_availability":"instock","product_availability":"instock","product_retailer_item_id":"ACKNAR010","product_condition":"new"},"_links":{"self":[{"href":"https:\/\/www.clicproducts.eu\/de\/wp-json\/wp\/v2\/product\/18948","targetHints":{"allow":["GET"]}}],"collection":[{"href":"https:\/\/www.clicproducts.eu\/de\/wp-json\/wp\/v2\/product"}],"about":[{"href":"https:\/\/www.clicproducts.eu\/de\/wp-json\/wp\/v2\/types\/product"}],"wp:featuredmedia":[{"embeddable":true,"href":"https:\/\/www.clicproducts.eu\/de\/wp-json\/wp\/v2\/media\/18945"}],"wp:attachment":[{"href":"https:\/\/www.clicproducts.eu\/de\/wp-json\/wp\/v2\/media?parent=18948"}],"wp:term":[{"taxonomy":"product_cat","embeddable":true,"href":"https:\/\/www.clicproducts.eu\/de\/wp-json\/wp\/v2\/product_cat?post=18948"},{"taxonomy":"product_tag","embeddable":true,"href":"https:\/\/www.clicproducts.eu\/de\/wp-json\/wp\/v2\/product_tag?post=18948"},{"taxonomy":"giftcard-category","embeddable":true,"href":"https:\/\/www.clicproducts.eu\/de\/wp-json\/wp\/v2\/giftcard-category?post=18948"}],"curies":[{"name":"wp","href":"https:\/\/api.w.org\/{rel}","templated":true}]}}