{"id":6868,"date":"2023-11-02T09:49:26","date_gmt":"2023-11-02T08:49:26","guid":{"rendered":"https:\/\/clic1.wpenginepowered.com\/prodotto\/frosted-clear-xl\/"},"modified":"2025-08-27T12:01:28","modified_gmt":"2025-08-27T10:01:28","slug":"frosted-clear-xl","status":"publish","type":"product","link":"https:\/\/www.clicproducts.eu\/de\/lesebrillen\/frosted-clear-xl\/","title":{"rendered":"Frosted Clear XL"},"content":{"rendered":"<p>CliC Frosted XL bietet:<br \/>\n&#8211; Die klassische rechteckige Form;<br \/>\n&#8211; Ein XL-Nackenband aus Acetat-Polymeren mit 20 % TR90, das weich und widerstandsf\u00e4hig sowie flexibel ist.<br \/>\n&#8211; Eine magnetische Verbindung mit Front\u00f6ffnung: Der patentierte Neodym-Magnet ist f\u00fcr Tr\u00e4ger von Herzschrittmachern geeignet;<br \/>\n&#8211; Nickelfreie, verl\u00e4ngerbare B\u00fcgel;<br \/>\n&#8211; Zertifizierte und kontrollierte Linsen;<br \/>\n&#8211; CE-Kennzeichnung.<\/p>\n","protected":false},"excerpt":{"rendered":"<p>CliC Classic ist der Bestseller unter den Brillen mit Nackenband. Alle Modelle der Linie CliC Classic XL k\u00f6nnen beidseitig um 2 cm verl\u00e4ngert werden. Dar\u00fcber hinaus gew\u00e4hrt der gr\u00f6\u00dfere Winkel von 35\u00b0 am Ansatz der B\u00fcgel mehr Platz an den Schl\u00e4fen und mehr Komfort f\u00fcr den Tr\u00e4ger. Die Brille ist in einer gro\u00dfen Auswahl an Farben und Formen erh\u00e4ltlich, von intensiven und klassischen bis zu besonders vielseitigen.<\/p>\n","protected":false},"featured_media":6869,"template":"","meta":{"_acf_changed":false,"ghostkit_customizer_options":"","ghostkit_custom_css":"","ghostkit_custom_js_head":"","ghostkit_custom_js_foot":"","ghostkit_typography":""},"product_cat":[739,743,741,742],"product_tag":[],"giftcard-category":[],"class_list":{"0":"post-6868","1":"product","2":"type-product","3":"status-publish","4":"has-post-thumbnail","6":"product_cat-lesebrillen","7":"product_cat-classic-de-2","8":"product_cat-mann","9":"product_cat-frau-lesebrillen","10":"pa_modalita-duso-lesebrillen","11":"tm-has-options","13":"first","14":"outofstock","15":"shipping-taxable","16":"purchasable","17":"product-type-variable"},"acf":[],"yoast_head":"<!-- This site is optimized with the Yoast SEO Premium plugin v21.7 (Yoast SEO v26.1.1) - https:\/\/yoast.com\/wordpress\/plugins\/seo\/ -->\n<title>Frosted Clear XL - CliC Eyewear Official<\/title>\n<meta name=\"robots\" content=\"index, follow, max-snippet:-1, max-image-preview:large, max-video-preview:-1\" \/>\n<link rel=\"canonical\" href=\"https:\/\/www.clicproducts.eu\/de\/lesebrillen\/frosted-clear-xl\/\" \/>\n<meta property=\"og:locale\" content=\"de_DE\" \/>\n<meta property=\"og:type\" content=\"article\" \/>\n<meta property=\"og:title\" content=\"Frosted Clear XL - CliC Eyewear Official\" \/>\n<meta property=\"og:description\" content=\"CliC Classic ist der Bestseller unter den Brillen mit Nackenband. Alle Modelle der Linie CliC Classic XL k\u00f6nnen beidseitig um 2 cm verl\u00e4ngert werden. Dar\u00fcber hinaus gew\u00e4hrt der gr\u00f6\u00dfere Winkel von 35\u00b0 am Ansatz der B\u00fcgel mehr Platz an den Schl\u00e4fen und mehr Komfort f\u00fcr den Tr\u00e4ger. Die Brille ist in einer gro\u00dfen Auswahl an Farben und Formen erh\u00e4ltlich, von intensiven und klassischen bis zu besonders vielseitigen.\" \/>\n<meta property=\"og:url\" content=\"https:\/\/www.clicproducts.eu\/de\/lesebrillen\/frosted-clear-xl\/\" \/>\n<meta property=\"og:site_name\" content=\"CliC Eyewear Official\" \/>\n<meta property=\"article:modified_time\" content=\"2025-08-27T10:01:28+00:00\" \/>\n<meta property=\"og:image\" content=\"https:\/\/www.clicproducts.eu\/wp-content\/uploads\/XLCRFRB-immagine-in-evidenza-1.png\" \/>\n\t<meta property=\"og:image:width\" content=\"800\" \/>\n\t<meta property=\"og:image:height\" content=\"800\" \/>\n\t<meta property=\"og:image:type\" content=\"image\/png\" \/>\n<meta name=\"twitter:card\" content=\"summary_large_image\" \/>\n<meta name=\"twitter:label1\" content=\"Availability\" \/>\n\t<meta name=\"twitter:data1\" content=\"Out of stock\" \/>\n<script type=\"application\/ld+json\" class=\"yoast-schema-graph\">{\"@context\":\"https:\/\/schema.org\",\"@graph\":[{\"@type\":\"WebPage\",\"@id\":\"https:\/\/www.clicproducts.eu\/de\/lesebrillen\/frosted-clear-xl\/\",\"url\":\"https:\/\/www.clicproducts.eu\/de\/lesebrillen\/frosted-clear-xl\/\",\"name\":\"Frosted Clear XL - CliC Eyewear Official\",\"isPartOf\":{\"@id\":\"https:\/\/www.clicproducts.eu\/de\/#website\"},\"primaryImageOfPage\":{\"@id\":\"https:\/\/www.clicproducts.eu\/de\/lesebrillen\/frosted-clear-xl\/#primaryimage\"},\"image\":{\"@id\":\"https:\/\/www.clicproducts.eu\/de\/lesebrillen\/frosted-clear-xl\/#primaryimage\"},\"thumbnailUrl\":\"https:\/\/www.clicproducts.eu\/wp-content\/uploads\/XLCRFRB-immagine-in-evidenza-1.png\",\"datePublished\":\"2023-11-02T08:49:26+00:00\",\"dateModified\":\"2025-08-27T10:01:28+00:00\",\"breadcrumb\":{\"@id\":\"https:\/\/www.clicproducts.eu\/de\/lesebrillen\/frosted-clear-xl\/#breadcrumb\"},\"inLanguage\":\"de-DE\",\"potentialAction\":[{\"@type\":\"ReadAction\",\"target\":[\"https:\/\/www.clicproducts.eu\/de\/lesebrillen\/frosted-clear-xl\/\"]}]},{\"@type\":\"ImageObject\",\"inLanguage\":\"de-DE\",\"@id\":\"https:\/\/www.clicproducts.eu\/de\/lesebrillen\/frosted-clear-xl\/#primaryimage\",\"url\":\"https:\/\/www.clicproducts.eu\/wp-content\/uploads\/XLCRFRB-immagine-in-evidenza-1.png\",\"contentUrl\":\"https:\/\/www.clicproducts.eu\/wp-content\/uploads\/XLCRFRB-immagine-in-evidenza-1.png\",\"width\":800,\"height\":800},{\"@type\":\"BreadcrumbList\",\"@id\":\"https:\/\/www.clicproducts.eu\/de\/lesebrillen\/frosted-clear-xl\/#breadcrumb\",\"itemListElement\":[{\"@type\":\"ListItem\",\"position\":1,\"name\":\"Homepage\",\"item\":\"https:\/\/www.clicproducts.eu\/de\/\"},{\"@type\":\"ListItem\",\"position\":2,\"name\":\"Shop\",\"item\":\"https:\/\/www.clicproducts.eu\/de\/geschaft\/\"},{\"@type\":\"ListItem\",\"position\":3,\"name\":\"Lesebrillen\",\"item\":\"https:\/\/www.clicproducts.eu\/de\/lesebrillen\/\"},{\"@type\":\"ListItem\",\"position\":4,\"name\":\"Classic\",\"item\":\"https:\/\/www.clicproducts.eu\/de\/lesebrillen\/classic\/\"},{\"@type\":\"ListItem\",\"position\":5,\"name\":\"Frosted Clear XL\"}]},{\"@type\":\"WebSite\",\"@id\":\"https:\/\/www.clicproducts.eu\/de\/#website\",\"url\":\"https:\/\/www.clicproducts.eu\/de\/\",\"name\":\"CliC Eyewear Official\",\"description\":\"\",\"publisher\":{\"@id\":\"https:\/\/www.clicproducts.eu\/de\/#organization\"},\"potentialAction\":[{\"@type\":\"SearchAction\",\"target\":{\"@type\":\"EntryPoint\",\"urlTemplate\":\"https:\/\/www.clicproducts.eu\/de\/?s={search_term_string}\"},\"query-input\":{\"@type\":\"PropertyValueSpecification\",\"valueRequired\":true,\"valueName\":\"search_term_string\"}}],\"inLanguage\":\"de-DE\"},{\"@type\":\"Organization\",\"@id\":\"https:\/\/www.clicproducts.eu\/de\/#organization\",\"name\":\"CliC Eyewear Official\",\"url\":\"https:\/\/www.clicproducts.eu\/de\/\",\"logo\":{\"@type\":\"ImageObject\",\"inLanguage\":\"de-DE\",\"@id\":\"https:\/\/www.clicproducts.eu\/de\/#\/schema\/logo\/image\/\",\"url\":\"https:\/\/www.clicproducts.eu\/wp-content\/uploads\/cropped-bfc4f25d-nuovologo.png\",\"contentUrl\":\"https:\/\/www.clicproducts.eu\/wp-content\/uploads\/cropped-bfc4f25d-nuovologo.png\",\"width\":250,\"height\":75,\"caption\":\"CliC Eyewear Official\"},\"image\":{\"@id\":\"https:\/\/www.clicproducts.eu\/de\/#\/schema\/logo\/image\/\"}}]}<\/script>\n<meta property=\"og:availability\" content=\"out of stock\" \/>\n<meta property=\"product:availability\" content=\"out of stock\" \/>\n<meta property=\"product:retailer_item_id\" content=\"XLCRFRB\" \/>\n<meta property=\"product:condition\" content=\"new\" \/>\n<!-- \/ Yoast SEO Premium plugin. -->","yoast_head_json":{"title":"Frosted Clear XL - CliC Eyewear Official","robots":{"index":"index","follow":"follow","max-snippet":"max-snippet:-1","max-image-preview":"max-image-preview:large","max-video-preview":"max-video-preview:-1"},"canonical":"https:\/\/www.clicproducts.eu\/de\/lesebrillen\/frosted-clear-xl\/","og_locale":"de_DE","og_type":"article","og_title":"Frosted Clear XL - CliC Eyewear Official","og_description":"CliC Classic ist der Bestseller unter den Brillen mit Nackenband. Alle Modelle der Linie CliC Classic XL k\u00f6nnen beidseitig um 2 cm verl\u00e4ngert werden. Dar\u00fcber hinaus gew\u00e4hrt der gr\u00f6\u00dfere Winkel von 35\u00b0 am Ansatz der B\u00fcgel mehr Platz an den Schl\u00e4fen und mehr Komfort f\u00fcr den Tr\u00e4ger. Die Brille ist in einer gro\u00dfen Auswahl an Farben und Formen erh\u00e4ltlich, von intensiven und klassischen bis zu besonders vielseitigen.","og_url":"https:\/\/www.clicproducts.eu\/de\/lesebrillen\/frosted-clear-xl\/","og_site_name":"CliC Eyewear Official","article_modified_time":"2025-08-27T10:01:28+00:00","og_image":[{"width":800,"height":800,"url":"https:\/\/www.clicproducts.eu\/wp-content\/uploads\/XLCRFRB-immagine-in-evidenza-1.png","type":"image\/png"}],"twitter_card":"summary_large_image","twitter_misc":{"Availability":"Out of stock"},"schema":{"@context":"https:\/\/schema.org","@graph":[{"@type":"WebPage","@id":"https:\/\/www.clicproducts.eu\/de\/lesebrillen\/frosted-clear-xl\/","url":"https:\/\/www.clicproducts.eu\/de\/lesebrillen\/frosted-clear-xl\/","name":"Frosted Clear XL - CliC Eyewear Official","isPartOf":{"@id":"https:\/\/www.clicproducts.eu\/de\/#website"},"primaryImageOfPage":{"@id":"https:\/\/www.clicproducts.eu\/de\/lesebrillen\/frosted-clear-xl\/#primaryimage"},"image":{"@id":"https:\/\/www.clicproducts.eu\/de\/lesebrillen\/frosted-clear-xl\/#primaryimage"},"thumbnailUrl":"https:\/\/www.clicproducts.eu\/wp-content\/uploads\/XLCRFRB-immagine-in-evidenza-1.png","datePublished":"2023-11-02T08:49:26+00:00","dateModified":"2025-08-27T10:01:28+00:00","breadcrumb":{"@id":"https:\/\/www.clicproducts.eu\/de\/lesebrillen\/frosted-clear-xl\/#breadcrumb"},"inLanguage":"de-DE","potentialAction":[{"@type":"ReadAction","target":["https:\/\/www.clicproducts.eu\/de\/lesebrillen\/frosted-clear-xl\/"]}]},{"@type":"ImageObject","inLanguage":"de-DE","@id":"https:\/\/www.clicproducts.eu\/de\/lesebrillen\/frosted-clear-xl\/#primaryimage","url":"https:\/\/www.clicproducts.eu\/wp-content\/uploads\/XLCRFRB-immagine-in-evidenza-1.png","contentUrl":"https:\/\/www.clicproducts.eu\/wp-content\/uploads\/XLCRFRB-immagine-in-evidenza-1.png","width":800,"height":800},{"@type":"BreadcrumbList","@id":"https:\/\/www.clicproducts.eu\/de\/lesebrillen\/frosted-clear-xl\/#breadcrumb","itemListElement":[{"@type":"ListItem","position":1,"name":"Homepage","item":"https:\/\/www.clicproducts.eu\/de\/"},{"@type":"ListItem","position":2,"name":"Shop","item":"https:\/\/www.clicproducts.eu\/de\/geschaft\/"},{"@type":"ListItem","position":3,"name":"Lesebrillen","item":"https:\/\/www.clicproducts.eu\/de\/lesebrillen\/"},{"@type":"ListItem","position":4,"name":"Classic","item":"https:\/\/www.clicproducts.eu\/de\/lesebrillen\/classic\/"},{"@type":"ListItem","position":5,"name":"Frosted Clear XL"}]},{"@type":"WebSite","@id":"https:\/\/www.clicproducts.eu\/de\/#website","url":"https:\/\/www.clicproducts.eu\/de\/","name":"CliC Eyewear Official","description":"","publisher":{"@id":"https:\/\/www.clicproducts.eu\/de\/#organization"},"potentialAction":[{"@type":"SearchAction","target":{"@type":"EntryPoint","urlTemplate":"https:\/\/www.clicproducts.eu\/de\/?s={search_term_string}"},"query-input":{"@type":"PropertyValueSpecification","valueRequired":true,"valueName":"search_term_string"}}],"inLanguage":"de-DE"},{"@type":"Organization","@id":"https:\/\/www.clicproducts.eu\/de\/#organization","name":"CliC Eyewear Official","url":"https:\/\/www.clicproducts.eu\/de\/","logo":{"@type":"ImageObject","inLanguage":"de-DE","@id":"https:\/\/www.clicproducts.eu\/de\/#\/schema\/logo\/image\/","url":"https:\/\/www.clicproducts.eu\/wp-content\/uploads\/cropped-bfc4f25d-nuovologo.png","contentUrl":"https:\/\/www.clicproducts.eu\/wp-content\/uploads\/cropped-bfc4f25d-nuovologo.png","width":250,"height":75,"caption":"CliC Eyewear Official"},"image":{"@id":"https:\/\/www.clicproducts.eu\/de\/#\/schema\/logo\/image\/"}}]},"og_availability":"out of stock","product_availability":"out of stock","product_retailer_item_id":"XLCRFRB","product_condition":"new"},"_links":{"self":[{"href":"https:\/\/www.clicproducts.eu\/de\/wp-json\/wp\/v2\/product\/6868","targetHints":{"allow":["GET"]}}],"collection":[{"href":"https:\/\/www.clicproducts.eu\/de\/wp-json\/wp\/v2\/product"}],"about":[{"href":"https:\/\/www.clicproducts.eu\/de\/wp-json\/wp\/v2\/types\/product"}],"wp:featuredmedia":[{"embeddable":true,"href":"https:\/\/www.clicproducts.eu\/de\/wp-json\/wp\/v2\/media\/6869"}],"wp:attachment":[{"href":"https:\/\/www.clicproducts.eu\/de\/wp-json\/wp\/v2\/media?parent=6868"}],"wp:term":[{"taxonomy":"product_cat","embeddable":true,"href":"https:\/\/www.clicproducts.eu\/de\/wp-json\/wp\/v2\/product_cat?post=6868"},{"taxonomy":"product_tag","embeddable":true,"href":"https:\/\/www.clicproducts.eu\/de\/wp-json\/wp\/v2\/product_tag?post=6868"},{"taxonomy":"giftcard-category","embeddable":true,"href":"https:\/\/www.clicproducts.eu\/de\/wp-json\/wp\/v2\/giftcard-category?post=6868"}],"curies":[{"name":"wp","href":"https:\/\/api.w.org\/{rel}","templated":true}]}}