{"id":7926,"date":"2024-01-26T11:03:58","date_gmt":"2024-01-26T10:03:58","guid":{"rendered":"https:\/\/clic1.wpenginepowered.com\/prodotto\/vunetic-tenore-schwarz-blau\/"},"modified":"2026-02-19T11:27:13","modified_gmt":"2026-02-19T10:27:13","slug":"vunetic-tenore-schwarz-blau","status":"publish","type":"product","link":"https:\/\/www.clicproducts.eu\/de\/outlet-de\/lesebrillen-de\/vunetic-tenore-schwarz-blau\/","title":{"rendered":"Vunetic Tenore Schwarz\/Blau"},"content":{"rendered":"<p>Vunetic Tenore besitzt alle Vorz\u00fcge einer CliC-Brille: <br \/> &#8211; Ein flexibles, weiches Nackenband mit gepr\u00e4gtem Logo, das sich perfekt an die Kopfform des Tr\u00e4gers anpasst; <br \/> &#8211; Das Material: hochwertiges, sehr widerstandsf\u00e4higes TR-90-Granulat mit umweltfreundlich hergestelltem Nylon; <br \/> &#8211; Eine magnetische Verbindung mit Front\u00f6ffnung: Der patentierte Neodym-Magnet ist f\u00fcr Tr\u00e4ger von Herzschrittmachern geeignet; <br \/> &#8211; Nickelfreie, verl\u00e4ngerbare B\u00fcgel; <br \/> &#8211; Zertifizierte und kontrollierte Linsen; <br \/> &#8211; CE-Kennzeichnung.<\/p>\n","protected":false},"excerpt":{"rendered":"<p>Vunetic by CliC ist das Spitzenmodell des Sortiments, dessen Design und Produktion Made in Italy sind. Vunetic Tenore ist der st\u00e4ndigen Forschungs- und Entwicklungsarbeit des Unternehmens sowie der besonderen Sensibilit\u00e4t f\u00fcr unseren Planeten zu verdanken und zeichnet sich durch die Qualit\u00e4t der Materialien, das Design und die Einzigartigkeit der Prdukte von CliC aus.<\/p>\n","protected":false},"featured_media":7927,"template":"","meta":{"_acf_changed":false,"ghostkit_customizer_options":"","ghostkit_custom_css":"","ghostkit_custom_js_head":"","ghostkit_custom_js_foot":"","ghostkit_typography":""},"product_cat":[750,616],"product_tag":[],"giftcard-category":[],"class_list":{"0":"post-7926","1":"product","2":"type-product","3":"status-publish","4":"has-post-thumbnail","6":"product_cat-lesebrillen-de","7":"product_cat-outlet-de","8":"pa_modalita-duso-buero","9":"pa_modalita-duso-wesentlich","10":"tm-has-options","12":"first","13":"outofstock","14":"sale","15":"shipping-taxable","16":"purchasable","17":"product-type-variable"},"acf":[],"yoast_head":"<!-- This site is optimized with the Yoast SEO Premium plugin v21.7 (Yoast SEO v26.1.1) - https:\/\/yoast.com\/wordpress\/plugins\/seo\/ -->\n<title>Vunetic Tenore Schwarz\/Blau - CliC Eyewear Official<\/title>\n<meta name=\"robots\" content=\"index, follow, max-snippet:-1, max-image-preview:large, max-video-preview:-1\" \/>\n<link rel=\"canonical\" href=\"https:\/\/www.clicproducts.eu\/de\/outlet-de\/lesebrillen-de\/vunetic-tenore-schwarz-blau\/\" \/>\n<meta property=\"og:locale\" content=\"de_DE\" \/>\n<meta property=\"og:type\" content=\"article\" \/>\n<meta property=\"og:title\" content=\"Vunetic Tenore Schwarz\/Blau - CliC Eyewear Official\" \/>\n<meta property=\"og:description\" content=\"Vunetic by CliC ist das Spitzenmodell des Sortiments, dessen Design und Produktion Made in Italy sind. Vunetic Tenore ist der st\u00e4ndigen Forschungs- und Entwicklungsarbeit des Unternehmens sowie der besonderen Sensibilit\u00e4t f\u00fcr unseren Planeten zu verdanken und zeichnet sich durch die Qualit\u00e4t der Materialien, das Design und die Einzigartigkeit der Prdukte von CliC aus.\" \/>\n<meta property=\"og:url\" content=\"https:\/\/www.clicproducts.eu\/de\/outlet-de\/lesebrillen-de\/vunetic-tenore-schwarz-blau\/\" \/>\n<meta property=\"og:site_name\" content=\"CliC Eyewear Official\" \/>\n<meta property=\"article:modified_time\" content=\"2026-02-19T10:27:13+00:00\" \/>\n<meta property=\"og:image\" content=\"https:\/\/www.clicproducts.eu\/wp-content\/uploads\/VTBFB.png\" \/>\n\t<meta property=\"og:image:width\" content=\"800\" \/>\n\t<meta property=\"og:image:height\" content=\"800\" \/>\n\t<meta property=\"og:image:type\" content=\"image\/png\" \/>\n<meta name=\"twitter:card\" content=\"summary_large_image\" \/>\n<meta name=\"twitter:label1\" content=\"Availability\" \/>\n\t<meta name=\"twitter:data1\" content=\"Out of stock\" \/>\n<script type=\"application\/ld+json\" class=\"yoast-schema-graph\">{\"@context\":\"https:\/\/schema.org\",\"@graph\":[{\"@type\":\"WebPage\",\"@id\":\"https:\/\/www.clicproducts.eu\/de\/outlet-de\/lesebrillen-de\/vunetic-tenore-schwarz-blau\/\",\"url\":\"https:\/\/www.clicproducts.eu\/de\/outlet-de\/lesebrillen-de\/vunetic-tenore-schwarz-blau\/\",\"name\":\"Vunetic Tenore Schwarz\/Blau - CliC Eyewear Official\",\"isPartOf\":{\"@id\":\"https:\/\/www.clicproducts.eu\/de\/#website\"},\"primaryImageOfPage\":{\"@id\":\"https:\/\/www.clicproducts.eu\/de\/outlet-de\/lesebrillen-de\/vunetic-tenore-schwarz-blau\/#primaryimage\"},\"image\":{\"@id\":\"https:\/\/www.clicproducts.eu\/de\/outlet-de\/lesebrillen-de\/vunetic-tenore-schwarz-blau\/#primaryimage\"},\"thumbnailUrl\":\"https:\/\/www.clicproducts.eu\/wp-content\/uploads\/VTBFB.png\",\"datePublished\":\"2024-01-26T10:03:58+00:00\",\"dateModified\":\"2026-02-19T10:27:13+00:00\",\"breadcrumb\":{\"@id\":\"https:\/\/www.clicproducts.eu\/de\/outlet-de\/lesebrillen-de\/vunetic-tenore-schwarz-blau\/#breadcrumb\"},\"inLanguage\":\"de-DE\",\"potentialAction\":[{\"@type\":\"ReadAction\",\"target\":[\"https:\/\/www.clicproducts.eu\/de\/outlet-de\/lesebrillen-de\/vunetic-tenore-schwarz-blau\/\"]}]},{\"@type\":\"ImageObject\",\"inLanguage\":\"de-DE\",\"@id\":\"https:\/\/www.clicproducts.eu\/de\/outlet-de\/lesebrillen-de\/vunetic-tenore-schwarz-blau\/#primaryimage\",\"url\":\"https:\/\/www.clicproducts.eu\/wp-content\/uploads\/VTBFB.png\",\"contentUrl\":\"https:\/\/www.clicproducts.eu\/wp-content\/uploads\/VTBFB.png\",\"width\":800,\"height\":800},{\"@type\":\"BreadcrumbList\",\"@id\":\"https:\/\/www.clicproducts.eu\/de\/outlet-de\/lesebrillen-de\/vunetic-tenore-schwarz-blau\/#breadcrumb\",\"itemListElement\":[{\"@type\":\"ListItem\",\"position\":1,\"name\":\"Homepage\",\"item\":\"https:\/\/www.clicproducts.eu\/de\/\"},{\"@type\":\"ListItem\",\"position\":2,\"name\":\"Shop\",\"item\":\"https:\/\/www.clicproducts.eu\/de\/geschaft\/\"},{\"@type\":\"ListItem\",\"position\":3,\"name\":\"Outlet\",\"item\":\"https:\/\/www.clicproducts.eu\/de\/outlet\/\"},{\"@type\":\"ListItem\",\"position\":4,\"name\":\"Lesebrillen\",\"item\":\"https:\/\/www.clicproducts.eu\/de\/outlet\/lesebrillen\/\"},{\"@type\":\"ListItem\",\"position\":5,\"name\":\"Vunetic Tenore Schwarz\/Blau\"}]},{\"@type\":\"WebSite\",\"@id\":\"https:\/\/www.clicproducts.eu\/de\/#website\",\"url\":\"https:\/\/www.clicproducts.eu\/de\/\",\"name\":\"CliC Eyewear Official\",\"description\":\"\",\"publisher\":{\"@id\":\"https:\/\/www.clicproducts.eu\/de\/#organization\"},\"potentialAction\":[{\"@type\":\"SearchAction\",\"target\":{\"@type\":\"EntryPoint\",\"urlTemplate\":\"https:\/\/www.clicproducts.eu\/de\/?s={search_term_string}\"},\"query-input\":{\"@type\":\"PropertyValueSpecification\",\"valueRequired\":true,\"valueName\":\"search_term_string\"}}],\"inLanguage\":\"de-DE\"},{\"@type\":\"Organization\",\"@id\":\"https:\/\/www.clicproducts.eu\/de\/#organization\",\"name\":\"CliC Eyewear Official\",\"url\":\"https:\/\/www.clicproducts.eu\/de\/\",\"logo\":{\"@type\":\"ImageObject\",\"inLanguage\":\"de-DE\",\"@id\":\"https:\/\/www.clicproducts.eu\/de\/#\/schema\/logo\/image\/\",\"url\":\"https:\/\/www.clicproducts.eu\/wp-content\/uploads\/cropped-bfc4f25d-nuovologo.png\",\"contentUrl\":\"https:\/\/www.clicproducts.eu\/wp-content\/uploads\/cropped-bfc4f25d-nuovologo.png\",\"width\":250,\"height\":75,\"caption\":\"CliC Eyewear Official\"},\"image\":{\"@id\":\"https:\/\/www.clicproducts.eu\/de\/#\/schema\/logo\/image\/\"}}]}<\/script>\n<meta property=\"og:availability\" content=\"out of stock\" \/>\n<meta property=\"product:availability\" content=\"out of stock\" \/>\n<meta property=\"product:retailer_item_id\" content=\"VTBFB\" \/>\n<meta property=\"product:condition\" content=\"new\" \/>\n<!-- \/ Yoast SEO Premium plugin. -->","yoast_head_json":{"title":"Vunetic Tenore Schwarz\/Blau - CliC Eyewear Official","robots":{"index":"index","follow":"follow","max-snippet":"max-snippet:-1","max-image-preview":"max-image-preview:large","max-video-preview":"max-video-preview:-1"},"canonical":"https:\/\/www.clicproducts.eu\/de\/outlet-de\/lesebrillen-de\/vunetic-tenore-schwarz-blau\/","og_locale":"de_DE","og_type":"article","og_title":"Vunetic Tenore Schwarz\/Blau - CliC Eyewear Official","og_description":"Vunetic by CliC ist das Spitzenmodell des Sortiments, dessen Design und Produktion Made in Italy sind. Vunetic Tenore ist der st\u00e4ndigen Forschungs- und Entwicklungsarbeit des Unternehmens sowie der besonderen Sensibilit\u00e4t f\u00fcr unseren Planeten zu verdanken und zeichnet sich durch die Qualit\u00e4t der Materialien, das Design und die Einzigartigkeit der Prdukte von CliC aus.","og_url":"https:\/\/www.clicproducts.eu\/de\/outlet-de\/lesebrillen-de\/vunetic-tenore-schwarz-blau\/","og_site_name":"CliC Eyewear Official","article_modified_time":"2026-02-19T10:27:13+00:00","og_image":[{"width":800,"height":800,"url":"https:\/\/www.clicproducts.eu\/wp-content\/uploads\/VTBFB.png","type":"image\/png"}],"twitter_card":"summary_large_image","twitter_misc":{"Availability":"Out of stock"},"schema":{"@context":"https:\/\/schema.org","@graph":[{"@type":"WebPage","@id":"https:\/\/www.clicproducts.eu\/de\/outlet-de\/lesebrillen-de\/vunetic-tenore-schwarz-blau\/","url":"https:\/\/www.clicproducts.eu\/de\/outlet-de\/lesebrillen-de\/vunetic-tenore-schwarz-blau\/","name":"Vunetic Tenore Schwarz\/Blau - CliC Eyewear Official","isPartOf":{"@id":"https:\/\/www.clicproducts.eu\/de\/#website"},"primaryImageOfPage":{"@id":"https:\/\/www.clicproducts.eu\/de\/outlet-de\/lesebrillen-de\/vunetic-tenore-schwarz-blau\/#primaryimage"},"image":{"@id":"https:\/\/www.clicproducts.eu\/de\/outlet-de\/lesebrillen-de\/vunetic-tenore-schwarz-blau\/#primaryimage"},"thumbnailUrl":"https:\/\/www.clicproducts.eu\/wp-content\/uploads\/VTBFB.png","datePublished":"2024-01-26T10:03:58+00:00","dateModified":"2026-02-19T10:27:13+00:00","breadcrumb":{"@id":"https:\/\/www.clicproducts.eu\/de\/outlet-de\/lesebrillen-de\/vunetic-tenore-schwarz-blau\/#breadcrumb"},"inLanguage":"de-DE","potentialAction":[{"@type":"ReadAction","target":["https:\/\/www.clicproducts.eu\/de\/outlet-de\/lesebrillen-de\/vunetic-tenore-schwarz-blau\/"]}]},{"@type":"ImageObject","inLanguage":"de-DE","@id":"https:\/\/www.clicproducts.eu\/de\/outlet-de\/lesebrillen-de\/vunetic-tenore-schwarz-blau\/#primaryimage","url":"https:\/\/www.clicproducts.eu\/wp-content\/uploads\/VTBFB.png","contentUrl":"https:\/\/www.clicproducts.eu\/wp-content\/uploads\/VTBFB.png","width":800,"height":800},{"@type":"BreadcrumbList","@id":"https:\/\/www.clicproducts.eu\/de\/outlet-de\/lesebrillen-de\/vunetic-tenore-schwarz-blau\/#breadcrumb","itemListElement":[{"@type":"ListItem","position":1,"name":"Homepage","item":"https:\/\/www.clicproducts.eu\/de\/"},{"@type":"ListItem","position":2,"name":"Shop","item":"https:\/\/www.clicproducts.eu\/de\/geschaft\/"},{"@type":"ListItem","position":3,"name":"Outlet","item":"https:\/\/www.clicproducts.eu\/de\/outlet\/"},{"@type":"ListItem","position":4,"name":"Lesebrillen","item":"https:\/\/www.clicproducts.eu\/de\/outlet\/lesebrillen\/"},{"@type":"ListItem","position":5,"name":"Vunetic Tenore Schwarz\/Blau"}]},{"@type":"WebSite","@id":"https:\/\/www.clicproducts.eu\/de\/#website","url":"https:\/\/www.clicproducts.eu\/de\/","name":"CliC Eyewear Official","description":"","publisher":{"@id":"https:\/\/www.clicproducts.eu\/de\/#organization"},"potentialAction":[{"@type":"SearchAction","target":{"@type":"EntryPoint","urlTemplate":"https:\/\/www.clicproducts.eu\/de\/?s={search_term_string}"},"query-input":{"@type":"PropertyValueSpecification","valueRequired":true,"valueName":"search_term_string"}}],"inLanguage":"de-DE"},{"@type":"Organization","@id":"https:\/\/www.clicproducts.eu\/de\/#organization","name":"CliC Eyewear Official","url":"https:\/\/www.clicproducts.eu\/de\/","logo":{"@type":"ImageObject","inLanguage":"de-DE","@id":"https:\/\/www.clicproducts.eu\/de\/#\/schema\/logo\/image\/","url":"https:\/\/www.clicproducts.eu\/wp-content\/uploads\/cropped-bfc4f25d-nuovologo.png","contentUrl":"https:\/\/www.clicproducts.eu\/wp-content\/uploads\/cropped-bfc4f25d-nuovologo.png","width":250,"height":75,"caption":"CliC Eyewear Official"},"image":{"@id":"https:\/\/www.clicproducts.eu\/de\/#\/schema\/logo\/image\/"}}]},"og_availability":"out of stock","product_availability":"out of stock","product_retailer_item_id":"VTBFB","product_condition":"new"},"_links":{"self":[{"href":"https:\/\/www.clicproducts.eu\/de\/wp-json\/wp\/v2\/product\/7926","targetHints":{"allow":["GET"]}}],"collection":[{"href":"https:\/\/www.clicproducts.eu\/de\/wp-json\/wp\/v2\/product"}],"about":[{"href":"https:\/\/www.clicproducts.eu\/de\/wp-json\/wp\/v2\/types\/product"}],"wp:featuredmedia":[{"embeddable":true,"href":"https:\/\/www.clicproducts.eu\/de\/wp-json\/wp\/v2\/media\/7927"}],"wp:attachment":[{"href":"https:\/\/www.clicproducts.eu\/de\/wp-json\/wp\/v2\/media?parent=7926"}],"wp:term":[{"taxonomy":"product_cat","embeddable":true,"href":"https:\/\/www.clicproducts.eu\/de\/wp-json\/wp\/v2\/product_cat?post=7926"},{"taxonomy":"product_tag","embeddable":true,"href":"https:\/\/www.clicproducts.eu\/de\/wp-json\/wp\/v2\/product_tag?post=7926"},{"taxonomy":"giftcard-category","embeddable":true,"href":"https:\/\/www.clicproducts.eu\/de\/wp-json\/wp\/v2\/giftcard-category?post=7926"}],"curies":[{"name":"wp","href":"https:\/\/api.w.org\/{rel}","templated":true}]}}