{"id":7955,"date":"2023-11-02T09:50:12","date_gmt":"2023-11-02T08:50:12","guid":{"rendered":"https:\/\/clic1.wpenginepowered.com\/prodotto\/classic-xxl-schwarz\/"},"modified":"2025-08-27T12:03:36","modified_gmt":"2025-08-27T10:03:36","slug":"classic-xxl-schwarz","status":"publish","type":"product","link":"https:\/\/www.clicproducts.eu\/de\/classic-xxl-schwarz\/","title":{"rendered":"Classic XXL Schwarz"},"content":{"rendered":"<p>CliC Classic XXL bietet:<br \/>\n&#8211; Eine klassische rechteckige Form;<br \/>\n&#8211; Ein XXL-Nackenband aus Acetat-Polymeren mit 20 % TR90, das weich und widerstandsf\u00e4hig sowie flexibel ist;<br \/>\n&#8211; Einen Silikoneinsatz f\u00fcr eine weitere Verl\u00e4ngerung und besonderen Komfort;<br \/>\n&#8211; Eine magnetische Verbindung mit Front\u00f6ffnung: Der patentierte Neodym-Magnet ist f\u00fcr Tr\u00e4ger von Herzschrittmachern geeignet;<br \/>\n&#8211; Nickelfreie, verl\u00e4ngerbare B\u00fcgel;<br \/>\n&#8211; Zertifizierte und kontrollierte Linsen;<br \/>\n&#8211; CE-Kennzeichnung.<\/p>\n<p><img loading=\"lazy\" decoding=\"async\" class=\"alignnone  wp-image-11743\" src=\"https:\/\/www.clicproducts.eu\/wp-content\/uploads\/classic-xl-lesebrillen.jpg\" alt=\"Classic XL lesebrillen\" width=\"500\" height=\"500\" srcset=\"https:\/\/www.clicproducts.eu\/wp-content\/uploads\/classic-xl-lesebrillen.jpg 1000w, https:\/\/www.clicproducts.eu\/wp-content\/uploads\/classic-xl-lesebrillen-300x300.jpg 300w, https:\/\/www.clicproducts.eu\/wp-content\/uploads\/classic-xl-lesebrillen-150x150.jpg 150w, https:\/\/www.clicproducts.eu\/wp-content\/uploads\/classic-xl-lesebrillen-768x768.jpg 768w, https:\/\/www.clicproducts.eu\/wp-content\/uploads\/classic-xl-lesebrillen-920x920.jpg 920w, https:\/\/www.clicproducts.eu\/wp-content\/uploads\/classic-xl-lesebrillen-575x575.jpg 575w, https:\/\/www.clicproducts.eu\/wp-content\/uploads\/classic-xl-lesebrillen-380x380.jpg 380w, https:\/\/www.clicproducts.eu\/wp-content\/uploads\/classic-xl-lesebrillen-50x50.jpg 50w, https:\/\/www.clicproducts.eu\/wp-content\/uploads\/classic-xl-lesebrillen-26x26.jpg 26w, https:\/\/www.clicproducts.eu\/wp-content\/uploads\/classic-xl-lesebrillen-420x420.jpg 420w, https:\/\/www.clicproducts.eu\/wp-content\/uploads\/classic-xl-lesebrillen-800x800.jpg 800w, https:\/\/www.clicproducts.eu\/wp-content\/uploads\/classic-xl-lesebrillen-100x100.jpg 100w\" sizes=\"auto, (max-width: 500px) 100vw, 500px\" \/><\/p>\n","protected":false},"excerpt":{"rendered":"<p>CliC Classic ist der Bestseller unter den Brillen mit Nackenband. Alle Modelle der Linie CliC Classic XL k\u00f6nnen beidseitig um 2 cm verl\u00e4ngert werden und weisen einen um 35\u00b0 breiteren Winkel am Ansatz der B\u00fcgel auf. Dar\u00fcber hinaus kann das Nackenband dank eines Silikoneinsatzes um weitere 2 cm verl\u00e4ngert werden und schenkt so eine besonders gute Passform und unvergleichlichen Komfort.<\/p>\n","protected":false},"featured_media":7956,"template":"","meta":{"_acf_changed":false,"ghostkit_customizer_options":"","ghostkit_custom_css":"","ghostkit_custom_js_head":"","ghostkit_custom_js_foot":"","ghostkit_typography":""},"product_cat":[739,743,741,742],"product_tag":[],"giftcard-category":[],"class_list":{"0":"post-7955","1":"product","2":"type-product","3":"status-publish","4":"has-post-thumbnail","6":"product_cat-lesebrillen","7":"product_cat-classic-de-2","8":"product_cat-mann","9":"product_cat-frau-lesebrillen","10":"pa_modalita-duso-lesebrillen","11":"tm-has-options","13":"first","14":"instock","15":"shipping-taxable","16":"purchasable","17":"product-type-variable"},"acf":[],"yoast_head":"<!-- This site is optimized with the Yoast SEO Premium plugin v21.7 (Yoast SEO v26.1.1) - https:\/\/yoast.com\/wordpress\/plugins\/seo\/ -->\n<title>Classic XXL Schwarz - CliC Eyewear Official<\/title>\n<meta name=\"robots\" content=\"index, follow, max-snippet:-1, max-image-preview:large, max-video-preview:-1\" \/>\n<link rel=\"canonical\" href=\"https:\/\/www.clicproducts.eu\/de\/classic-xxl-schwarz\/\" \/>\n<meta property=\"og:locale\" content=\"de_DE\" \/>\n<meta property=\"og:type\" content=\"article\" \/>\n<meta property=\"og:title\" content=\"Classic XXL Schwarz - CliC Eyewear Official\" \/>\n<meta property=\"og:description\" content=\"CliC Classic ist der Bestseller unter den Brillen mit Nackenband. Alle Modelle der Linie CliC Classic XL k\u00f6nnen beidseitig um 2 cm verl\u00e4ngert werden und weisen einen um 35\u00b0 breiteren Winkel am Ansatz der B\u00fcgel auf. Dar\u00fcber hinaus kann das Nackenband dank eines Silikoneinsatzes um weitere 2 cm verl\u00e4ngert werden und schenkt so eine besonders gute Passform und unvergleichlichen Komfort.\" \/>\n<meta property=\"og:url\" content=\"https:\/\/www.clicproducts.eu\/de\/classic-xxl-schwarz\/\" \/>\n<meta property=\"og:site_name\" content=\"CliC Eyewear Official\" \/>\n<meta property=\"article:modified_time\" content=\"2025-08-27T10:03:36+00:00\" \/>\n<meta property=\"og:image\" content=\"https:\/\/www.clicproducts.eu\/wp-content\/uploads\/XXLCRN-immagine-in-evidenza.png\" \/>\n\t<meta property=\"og:image:width\" content=\"800\" \/>\n\t<meta property=\"og:image:height\" content=\"800\" \/>\n\t<meta property=\"og:image:type\" content=\"image\/png\" \/>\n<meta name=\"twitter:card\" content=\"summary_large_image\" \/>\n<meta name=\"twitter:label1\" content=\"Availability\" \/>\n\t<meta name=\"twitter:data1\" content=\"In stock\" \/>\n<script type=\"application\/ld+json\" class=\"yoast-schema-graph\">{\"@context\":\"https:\/\/schema.org\",\"@graph\":[{\"@type\":\"WebPage\",\"@id\":\"https:\/\/www.clicproducts.eu\/de\/classic-xxl-schwarz\/\",\"url\":\"https:\/\/www.clicproducts.eu\/de\/classic-xxl-schwarz\/\",\"name\":\"Classic XXL Schwarz - CliC Eyewear Official\",\"isPartOf\":{\"@id\":\"https:\/\/www.clicproducts.eu\/de\/#website\"},\"primaryImageOfPage\":{\"@id\":\"https:\/\/www.clicproducts.eu\/de\/classic-xxl-schwarz\/#primaryimage\"},\"image\":{\"@id\":\"https:\/\/www.clicproducts.eu\/de\/classic-xxl-schwarz\/#primaryimage\"},\"thumbnailUrl\":\"https:\/\/www.clicproducts.eu\/wp-content\/uploads\/XXLCRN-immagine-in-evidenza.png\",\"datePublished\":\"2023-11-02T08:50:12+00:00\",\"dateModified\":\"2025-08-27T10:03:36+00:00\",\"breadcrumb\":{\"@id\":\"https:\/\/www.clicproducts.eu\/de\/classic-xxl-schwarz\/#breadcrumb\"},\"inLanguage\":\"de-DE\",\"potentialAction\":[{\"@type\":\"ReadAction\",\"target\":[\"https:\/\/www.clicproducts.eu\/de\/classic-xxl-schwarz\/\"]}]},{\"@type\":\"ImageObject\",\"inLanguage\":\"de-DE\",\"@id\":\"https:\/\/www.clicproducts.eu\/de\/classic-xxl-schwarz\/#primaryimage\",\"url\":\"https:\/\/www.clicproducts.eu\/wp-content\/uploads\/XXLCRN-immagine-in-evidenza.png\",\"contentUrl\":\"https:\/\/www.clicproducts.eu\/wp-content\/uploads\/XXLCRN-immagine-in-evidenza.png\",\"width\":800,\"height\":800},{\"@type\":\"BreadcrumbList\",\"@id\":\"https:\/\/www.clicproducts.eu\/de\/classic-xxl-schwarz\/#breadcrumb\",\"itemListElement\":[{\"@type\":\"ListItem\",\"position\":1,\"name\":\"Homepage\",\"item\":\"https:\/\/www.clicproducts.eu\/de\/\"},{\"@type\":\"ListItem\",\"position\":2,\"name\":\"Shop\",\"item\":\"https:\/\/www.clicproducts.eu\/de\/geschaft\/\"},{\"@type\":\"ListItem\",\"position\":3,\"name\":\"Lesebrillen\",\"item\":\"https:\/\/www.clicproducts.eu\/de\/lesebrillen\/\"},{\"@type\":\"ListItem\",\"position\":4,\"name\":\"Classic\",\"item\":\"https:\/\/www.clicproducts.eu\/de\/lesebrillen\/classic\/\"},{\"@type\":\"ListItem\",\"position\":5,\"name\":\"Classic XXL Schwarz\"}]},{\"@type\":\"WebSite\",\"@id\":\"https:\/\/www.clicproducts.eu\/de\/#website\",\"url\":\"https:\/\/www.clicproducts.eu\/de\/\",\"name\":\"CliC Eyewear Official\",\"description\":\"\",\"publisher\":{\"@id\":\"https:\/\/www.clicproducts.eu\/de\/#organization\"},\"potentialAction\":[{\"@type\":\"SearchAction\",\"target\":{\"@type\":\"EntryPoint\",\"urlTemplate\":\"https:\/\/www.clicproducts.eu\/de\/?s={search_term_string}\"},\"query-input\":{\"@type\":\"PropertyValueSpecification\",\"valueRequired\":true,\"valueName\":\"search_term_string\"}}],\"inLanguage\":\"de-DE\"},{\"@type\":\"Organization\",\"@id\":\"https:\/\/www.clicproducts.eu\/de\/#organization\",\"name\":\"CliC Eyewear Official\",\"url\":\"https:\/\/www.clicproducts.eu\/de\/\",\"logo\":{\"@type\":\"ImageObject\",\"inLanguage\":\"de-DE\",\"@id\":\"https:\/\/www.clicproducts.eu\/de\/#\/schema\/logo\/image\/\",\"url\":\"https:\/\/www.clicproducts.eu\/wp-content\/uploads\/cropped-bfc4f25d-nuovologo.png\",\"contentUrl\":\"https:\/\/www.clicproducts.eu\/wp-content\/uploads\/cropped-bfc4f25d-nuovologo.png\",\"width\":250,\"height\":75,\"caption\":\"CliC Eyewear Official\"},\"image\":{\"@id\":\"https:\/\/www.clicproducts.eu\/de\/#\/schema\/logo\/image\/\"}}]}<\/script>\n<meta property=\"og:availability\" content=\"instock\" \/>\n<meta property=\"product:availability\" content=\"instock\" \/>\n<meta property=\"product:retailer_item_id\" content=\"XXLCRN\" \/>\n<meta property=\"product:condition\" content=\"new\" \/>\n<!-- \/ Yoast SEO Premium plugin. -->","yoast_head_json":{"title":"Classic XXL Schwarz - CliC Eyewear Official","robots":{"index":"index","follow":"follow","max-snippet":"max-snippet:-1","max-image-preview":"max-image-preview:large","max-video-preview":"max-video-preview:-1"},"canonical":"https:\/\/www.clicproducts.eu\/de\/classic-xxl-schwarz\/","og_locale":"de_DE","og_type":"article","og_title":"Classic XXL Schwarz - CliC Eyewear Official","og_description":"CliC Classic ist der Bestseller unter den Brillen mit Nackenband. Alle Modelle der Linie CliC Classic XL k\u00f6nnen beidseitig um 2 cm verl\u00e4ngert werden und weisen einen um 35\u00b0 breiteren Winkel am Ansatz der B\u00fcgel auf. Dar\u00fcber hinaus kann das Nackenband dank eines Silikoneinsatzes um weitere 2 cm verl\u00e4ngert werden und schenkt so eine besonders gute Passform und unvergleichlichen Komfort.","og_url":"https:\/\/www.clicproducts.eu\/de\/classic-xxl-schwarz\/","og_site_name":"CliC Eyewear Official","article_modified_time":"2025-08-27T10:03:36+00:00","og_image":[{"width":800,"height":800,"url":"https:\/\/www.clicproducts.eu\/wp-content\/uploads\/XXLCRN-immagine-in-evidenza.png","type":"image\/png"}],"twitter_card":"summary_large_image","twitter_misc":{"Availability":"In stock"},"schema":{"@context":"https:\/\/schema.org","@graph":[{"@type":"WebPage","@id":"https:\/\/www.clicproducts.eu\/de\/classic-xxl-schwarz\/","url":"https:\/\/www.clicproducts.eu\/de\/classic-xxl-schwarz\/","name":"Classic XXL Schwarz - CliC Eyewear Official","isPartOf":{"@id":"https:\/\/www.clicproducts.eu\/de\/#website"},"primaryImageOfPage":{"@id":"https:\/\/www.clicproducts.eu\/de\/classic-xxl-schwarz\/#primaryimage"},"image":{"@id":"https:\/\/www.clicproducts.eu\/de\/classic-xxl-schwarz\/#primaryimage"},"thumbnailUrl":"https:\/\/www.clicproducts.eu\/wp-content\/uploads\/XXLCRN-immagine-in-evidenza.png","datePublished":"2023-11-02T08:50:12+00:00","dateModified":"2025-08-27T10:03:36+00:00","breadcrumb":{"@id":"https:\/\/www.clicproducts.eu\/de\/classic-xxl-schwarz\/#breadcrumb"},"inLanguage":"de-DE","potentialAction":[{"@type":"ReadAction","target":["https:\/\/www.clicproducts.eu\/de\/classic-xxl-schwarz\/"]}]},{"@type":"ImageObject","inLanguage":"de-DE","@id":"https:\/\/www.clicproducts.eu\/de\/classic-xxl-schwarz\/#primaryimage","url":"https:\/\/www.clicproducts.eu\/wp-content\/uploads\/XXLCRN-immagine-in-evidenza.png","contentUrl":"https:\/\/www.clicproducts.eu\/wp-content\/uploads\/XXLCRN-immagine-in-evidenza.png","width":800,"height":800},{"@type":"BreadcrumbList","@id":"https:\/\/www.clicproducts.eu\/de\/classic-xxl-schwarz\/#breadcrumb","itemListElement":[{"@type":"ListItem","position":1,"name":"Homepage","item":"https:\/\/www.clicproducts.eu\/de\/"},{"@type":"ListItem","position":2,"name":"Shop","item":"https:\/\/www.clicproducts.eu\/de\/geschaft\/"},{"@type":"ListItem","position":3,"name":"Lesebrillen","item":"https:\/\/www.clicproducts.eu\/de\/lesebrillen\/"},{"@type":"ListItem","position":4,"name":"Classic","item":"https:\/\/www.clicproducts.eu\/de\/lesebrillen\/classic\/"},{"@type":"ListItem","position":5,"name":"Classic XXL Schwarz"}]},{"@type":"WebSite","@id":"https:\/\/www.clicproducts.eu\/de\/#website","url":"https:\/\/www.clicproducts.eu\/de\/","name":"CliC Eyewear Official","description":"","publisher":{"@id":"https:\/\/www.clicproducts.eu\/de\/#organization"},"potentialAction":[{"@type":"SearchAction","target":{"@type":"EntryPoint","urlTemplate":"https:\/\/www.clicproducts.eu\/de\/?s={search_term_string}"},"query-input":{"@type":"PropertyValueSpecification","valueRequired":true,"valueName":"search_term_string"}}],"inLanguage":"de-DE"},{"@type":"Organization","@id":"https:\/\/www.clicproducts.eu\/de\/#organization","name":"CliC Eyewear Official","url":"https:\/\/www.clicproducts.eu\/de\/","logo":{"@type":"ImageObject","inLanguage":"de-DE","@id":"https:\/\/www.clicproducts.eu\/de\/#\/schema\/logo\/image\/","url":"https:\/\/www.clicproducts.eu\/wp-content\/uploads\/cropped-bfc4f25d-nuovologo.png","contentUrl":"https:\/\/www.clicproducts.eu\/wp-content\/uploads\/cropped-bfc4f25d-nuovologo.png","width":250,"height":75,"caption":"CliC Eyewear Official"},"image":{"@id":"https:\/\/www.clicproducts.eu\/de\/#\/schema\/logo\/image\/"}}]},"og_availability":"instock","product_availability":"instock","product_retailer_item_id":"XXLCRN","product_condition":"new"},"_links":{"self":[{"href":"https:\/\/www.clicproducts.eu\/de\/wp-json\/wp\/v2\/product\/7955","targetHints":{"allow":["GET"]}}],"collection":[{"href":"https:\/\/www.clicproducts.eu\/de\/wp-json\/wp\/v2\/product"}],"about":[{"href":"https:\/\/www.clicproducts.eu\/de\/wp-json\/wp\/v2\/types\/product"}],"wp:featuredmedia":[{"embeddable":true,"href":"https:\/\/www.clicproducts.eu\/de\/wp-json\/wp\/v2\/media\/7956"}],"wp:attachment":[{"href":"https:\/\/www.clicproducts.eu\/de\/wp-json\/wp\/v2\/media?parent=7955"}],"wp:term":[{"taxonomy":"product_cat","embeddable":true,"href":"https:\/\/www.clicproducts.eu\/de\/wp-json\/wp\/v2\/product_cat?post=7955"},{"taxonomy":"product_tag","embeddable":true,"href":"https:\/\/www.clicproducts.eu\/de\/wp-json\/wp\/v2\/product_tag?post=7955"},{"taxonomy":"giftcard-category","embeddable":true,"href":"https:\/\/www.clicproducts.eu\/de\/wp-json\/wp\/v2\/giftcard-category?post=7955"}],"curies":[{"name":"wp","href":"https:\/\/api.w.org\/{rel}","templated":true}]}}