{"id":8144,"date":"2023-11-02T09:50:17","date_gmt":"2023-11-02T08:50:17","guid":{"rendered":"https:\/\/clic1.wpenginepowered.com\/prodotto\/clic-sun-extreme-gelb-fluo-l-s15rd\/"},"modified":"2025-08-27T12:03:44","modified_gmt":"2025-08-27T10:03:44","slug":"clic-sun-extreme-gelb-fluo-l-s15rd","status":"publish","type":"product","link":"https:\/\/www.clicproducts.eu\/de\/sun-de\/extreme-de\/clic-sun-extreme-gelb-fluo-l-s15rd\/","title":{"rendered":"Sun Extreme Gelb Fluo L\/S15RD"},"content":{"rendered":"<p>Die CliC Sun Extreme zeichnen sich aus durch:<\/p>\n<p>&#8211; die ultraleichte Brille aus TR90 und hochwertigem, temperaturbest\u00e4ndigem Nylon;<br \/>\n&#8211; Polycarbonatgl\u00e4ser mit UV-Schutz 400;<br \/>\n&#8211; der auf eine Festigkeit von bis zu 208 km\/h getestete Neodym-Magnet;<br \/>\n&#8211; das Halsband aus TR90 und weichem Silikon, der f\u00fcr erstklassige Tragbarkeit und extremen Komfort sorgt;<br \/>\n&#8211; die elegante Box, um sie w\u00e4hrend der Reise und unterwegs zu sch\u00fctzen.<\/p>\n","protected":false},"excerpt":{"rendered":"<p>Die Neuheit von CliC Eyewear entspringt der au\u00dfergew\u00f6hnlichen technologischen Tradition der Marke und ihrer st\u00e4ndigen Suche nach Innovation und Design, die in diesem Fall auf die Welt des Sports angewendet wird.<\/p>\n<p>Ab sofort in drei Modellen erh\u00e4ltlich, Sun Freetime, Sun Sport und Sun Extreme, garantiert die Brille eine optimale Leistung auf jedem Niveau, kombiniert mit dem Maximum an Leichtigkeit, Schutz, Tragekomfort und Grip, w\u00e4hrend sich die verschiedenen Arten von Gl\u00e4sern leicht an jede Aktivit\u00e4t, jedes Klima, Licht und Sicht anpassen, da sie so konzipiert sind, dass sie immer das Beste f\u00fcr jede Sportart oder Outdoor-Aktivit\u00e4t bieten.<\/p>\n","protected":false},"featured_media":8145,"template":"","meta":{"_acf_changed":false,"ghostkit_customizer_options":"","ghostkit_custom_css":"","ghostkit_custom_js_head":"","ghostkit_custom_js_foot":"","ghostkit_typography":""},"product_cat":[757,754,756,747],"product_tag":[],"giftcard-category":[],"class_list":{"0":"post-8144","1":"product","2":"type-product","3":"status-publish","4":"has-post-thumbnail","6":"product_cat-frau-de","7":"product_cat-extreme-de","8":"product_cat-mann-de","9":"product_cat-sun-de","10":"pa_modalita-duso-sport-de","11":"tm-has-options","13":"first","14":"instock","15":"sale","16":"shipping-taxable","17":"purchasable","18":"product-type-simple"},"acf":[],"yoast_head":"<!-- This site is optimized with the Yoast SEO Premium plugin v21.7 (Yoast SEO v26.1.1) - https:\/\/yoast.com\/wordpress\/plugins\/seo\/ -->\n<title>Sun Extreme Gelb Fluo L\/S15RD - CliC Eyewear Official<\/title>\n<meta name=\"robots\" content=\"index, follow, max-snippet:-1, max-image-preview:large, max-video-preview:-1\" \/>\n<link rel=\"canonical\" href=\"https:\/\/www.clicproducts.eu\/de\/sun-de\/extreme-de\/clic-sun-extreme-gelb-fluo-l-s15rd\/\" \/>\n<meta property=\"og:locale\" content=\"de_DE\" \/>\n<meta property=\"og:type\" content=\"article\" \/>\n<meta property=\"og:title\" content=\"Sun Extreme Gelb Fluo L\/S15RD - CliC Eyewear Official\" \/>\n<meta property=\"og:description\" content=\"Die Neuheit von CliC Eyewear entspringt der au\u00dfergew\u00f6hnlichen technologischen Tradition der Marke und ihrer st\u00e4ndigen Suche nach Innovation und Design, die in diesem Fall auf die Welt des Sports angewendet wird. Ab sofort in drei Modellen erh\u00e4ltlich, Sun Freetime, Sun Sport und Sun Extreme, garantiert die Brille eine optimale Leistung auf jedem Niveau, kombiniert mit dem Maximum an Leichtigkeit, Schutz, Tragekomfort und Grip, w\u00e4hrend sich die verschiedenen Arten von Gl\u00e4sern leicht an jede Aktivit\u00e4t, jedes Klima, Licht und Sicht anpassen, da sie so konzipiert sind, dass sie immer das Beste f\u00fcr jede Sportart oder Outdoor-Aktivit\u00e4t bieten.\" \/>\n<meta property=\"og:url\" content=\"https:\/\/www.clicproducts.eu\/de\/sun-de\/extreme-de\/clic-sun-extreme-gelb-fluo-l-s15rd\/\" \/>\n<meta property=\"og:site_name\" content=\"CliC Eyewear Official\" \/>\n<meta property=\"article:modified_time\" content=\"2025-08-27T10:03:44+00:00\" \/>\n<meta property=\"og:image\" content=\"https:\/\/www.clicproducts.eu\/wp-content\/uploads\/CSEXYW-immagine-in-evidenza.png\" \/>\n\t<meta property=\"og:image:width\" content=\"800\" \/>\n\t<meta property=\"og:image:height\" content=\"800\" \/>\n\t<meta property=\"og:image:type\" content=\"image\/png\" \/>\n<meta name=\"twitter:card\" content=\"summary_large_image\" \/>\n<meta name=\"twitter:label1\" content=\"Price\" \/>\n\t<meta name=\"twitter:data1\" content=\"&euro;69,50\" \/>\n\t<meta name=\"twitter:label2\" content=\"Availability\" \/>\n\t<meta name=\"twitter:data2\" content=\"In stock\" \/>\n<script type=\"application\/ld+json\" class=\"yoast-schema-graph\">{\"@context\":\"https:\/\/schema.org\",\"@graph\":[{\"@type\":\"WebPage\",\"@id\":\"https:\/\/www.clicproducts.eu\/de\/sun-de\/extreme-de\/clic-sun-extreme-gelb-fluo-l-s15rd\/\",\"url\":\"https:\/\/www.clicproducts.eu\/de\/sun-de\/extreme-de\/clic-sun-extreme-gelb-fluo-l-s15rd\/\",\"name\":\"Sun Extreme Gelb Fluo L\/S15RD - CliC Eyewear Official\",\"isPartOf\":{\"@id\":\"https:\/\/www.clicproducts.eu\/de\/#website\"},\"primaryImageOfPage\":{\"@id\":\"https:\/\/www.clicproducts.eu\/de\/sun-de\/extreme-de\/clic-sun-extreme-gelb-fluo-l-s15rd\/#primaryimage\"},\"image\":{\"@id\":\"https:\/\/www.clicproducts.eu\/de\/sun-de\/extreme-de\/clic-sun-extreme-gelb-fluo-l-s15rd\/#primaryimage\"},\"thumbnailUrl\":\"https:\/\/www.clicproducts.eu\/wp-content\/uploads\/CSEXYW-immagine-in-evidenza.png\",\"datePublished\":\"2023-11-02T08:50:17+00:00\",\"dateModified\":\"2025-08-27T10:03:44+00:00\",\"breadcrumb\":{\"@id\":\"https:\/\/www.clicproducts.eu\/de\/sun-de\/extreme-de\/clic-sun-extreme-gelb-fluo-l-s15rd\/#breadcrumb\"},\"inLanguage\":\"de-DE\",\"potentialAction\":[{\"@type\":\"ReadAction\",\"target\":[\"https:\/\/www.clicproducts.eu\/de\/sun-de\/extreme-de\/clic-sun-extreme-gelb-fluo-l-s15rd\/\"]}]},{\"@type\":\"ImageObject\",\"inLanguage\":\"de-DE\",\"@id\":\"https:\/\/www.clicproducts.eu\/de\/sun-de\/extreme-de\/clic-sun-extreme-gelb-fluo-l-s15rd\/#primaryimage\",\"url\":\"https:\/\/www.clicproducts.eu\/wp-content\/uploads\/CSEXYW-immagine-in-evidenza.png\",\"contentUrl\":\"https:\/\/www.clicproducts.eu\/wp-content\/uploads\/CSEXYW-immagine-in-evidenza.png\",\"width\":800,\"height\":800},{\"@type\":\"BreadcrumbList\",\"@id\":\"https:\/\/www.clicproducts.eu\/de\/sun-de\/extreme-de\/clic-sun-extreme-gelb-fluo-l-s15rd\/#breadcrumb\",\"itemListElement\":[{\"@type\":\"ListItem\",\"position\":1,\"name\":\"Homepage\",\"item\":\"https:\/\/www.clicproducts.eu\/de\/\"},{\"@type\":\"ListItem\",\"position\":2,\"name\":\"Shop\",\"item\":\"https:\/\/www.clicproducts.eu\/de\/geschaft\/\"},{\"@type\":\"ListItem\",\"position\":3,\"name\":\"Sonnenbrillen\",\"item\":\"https:\/\/www.clicproducts.eu\/de\/sonnenbrillen\/\"},{\"@type\":\"ListItem\",\"position\":4,\"name\":\"Herren\",\"item\":\"https:\/\/www.clicproducts.eu\/de\/sonnenbrillen\/mann\/\"},{\"@type\":\"ListItem\",\"position\":5,\"name\":\"Sun Extreme Gelb Fluo L\/S15RD\"}]},{\"@type\":\"WebSite\",\"@id\":\"https:\/\/www.clicproducts.eu\/de\/#website\",\"url\":\"https:\/\/www.clicproducts.eu\/de\/\",\"name\":\"CliC Eyewear Official\",\"description\":\"\",\"publisher\":{\"@id\":\"https:\/\/www.clicproducts.eu\/de\/#organization\"},\"potentialAction\":[{\"@type\":\"SearchAction\",\"target\":{\"@type\":\"EntryPoint\",\"urlTemplate\":\"https:\/\/www.clicproducts.eu\/de\/?s={search_term_string}\"},\"query-input\":{\"@type\":\"PropertyValueSpecification\",\"valueRequired\":true,\"valueName\":\"search_term_string\"}}],\"inLanguage\":\"de-DE\"},{\"@type\":\"Organization\",\"@id\":\"https:\/\/www.clicproducts.eu\/de\/#organization\",\"name\":\"CliC Eyewear Official\",\"url\":\"https:\/\/www.clicproducts.eu\/de\/\",\"logo\":{\"@type\":\"ImageObject\",\"inLanguage\":\"de-DE\",\"@id\":\"https:\/\/www.clicproducts.eu\/de\/#\/schema\/logo\/image\/\",\"url\":\"https:\/\/www.clicproducts.eu\/wp-content\/uploads\/cropped-bfc4f25d-nuovologo.png\",\"contentUrl\":\"https:\/\/www.clicproducts.eu\/wp-content\/uploads\/cropped-bfc4f25d-nuovologo.png\",\"width\":250,\"height\":75,\"caption\":\"CliC Eyewear Official\"},\"image\":{\"@id\":\"https:\/\/www.clicproducts.eu\/de\/#\/schema\/logo\/image\/\"}}]}<\/script>\n<meta property=\"product:price:amount\" content=\"69.50\" \/>\n<meta property=\"product:price:currency\" content=\"EUR\" \/>\n<meta property=\"og:availability\" content=\"instock\" \/>\n<meta property=\"product:availability\" content=\"instock\" \/>\n<meta property=\"product:retailer_item_id\" content=\"CSEXYW\" \/>\n<meta property=\"product:condition\" content=\"new\" \/>\n<!-- \/ Yoast SEO Premium plugin. -->","yoast_head_json":{"title":"Sun Extreme Gelb Fluo L\/S15RD - CliC Eyewear Official","robots":{"index":"index","follow":"follow","max-snippet":"max-snippet:-1","max-image-preview":"max-image-preview:large","max-video-preview":"max-video-preview:-1"},"canonical":"https:\/\/www.clicproducts.eu\/de\/sun-de\/extreme-de\/clic-sun-extreme-gelb-fluo-l-s15rd\/","og_locale":"de_DE","og_type":"article","og_title":"Sun Extreme Gelb Fluo L\/S15RD - CliC Eyewear Official","og_description":"Die Neuheit von CliC Eyewear entspringt der au\u00dfergew\u00f6hnlichen technologischen Tradition der Marke und ihrer st\u00e4ndigen Suche nach Innovation und Design, die in diesem Fall auf die Welt des Sports angewendet wird. Ab sofort in drei Modellen erh\u00e4ltlich, Sun Freetime, Sun Sport und Sun Extreme, garantiert die Brille eine optimale Leistung auf jedem Niveau, kombiniert mit dem Maximum an Leichtigkeit, Schutz, Tragekomfort und Grip, w\u00e4hrend sich die verschiedenen Arten von Gl\u00e4sern leicht an jede Aktivit\u00e4t, jedes Klima, Licht und Sicht anpassen, da sie so konzipiert sind, dass sie immer das Beste f\u00fcr jede Sportart oder Outdoor-Aktivit\u00e4t bieten.","og_url":"https:\/\/www.clicproducts.eu\/de\/sun-de\/extreme-de\/clic-sun-extreme-gelb-fluo-l-s15rd\/","og_site_name":"CliC Eyewear Official","article_modified_time":"2025-08-27T10:03:44+00:00","og_image":[{"width":800,"height":800,"url":"https:\/\/www.clicproducts.eu\/wp-content\/uploads\/CSEXYW-immagine-in-evidenza.png","type":"image\/png"}],"twitter_card":"summary_large_image","twitter_misc":{"Price":"&euro;69,50","Availability":"In stock"},"schema":{"@context":"https:\/\/schema.org","@graph":[{"@type":"WebPage","@id":"https:\/\/www.clicproducts.eu\/de\/sun-de\/extreme-de\/clic-sun-extreme-gelb-fluo-l-s15rd\/","url":"https:\/\/www.clicproducts.eu\/de\/sun-de\/extreme-de\/clic-sun-extreme-gelb-fluo-l-s15rd\/","name":"Sun Extreme Gelb Fluo L\/S15RD - CliC Eyewear Official","isPartOf":{"@id":"https:\/\/www.clicproducts.eu\/de\/#website"},"primaryImageOfPage":{"@id":"https:\/\/www.clicproducts.eu\/de\/sun-de\/extreme-de\/clic-sun-extreme-gelb-fluo-l-s15rd\/#primaryimage"},"image":{"@id":"https:\/\/www.clicproducts.eu\/de\/sun-de\/extreme-de\/clic-sun-extreme-gelb-fluo-l-s15rd\/#primaryimage"},"thumbnailUrl":"https:\/\/www.clicproducts.eu\/wp-content\/uploads\/CSEXYW-immagine-in-evidenza.png","datePublished":"2023-11-02T08:50:17+00:00","dateModified":"2025-08-27T10:03:44+00:00","breadcrumb":{"@id":"https:\/\/www.clicproducts.eu\/de\/sun-de\/extreme-de\/clic-sun-extreme-gelb-fluo-l-s15rd\/#breadcrumb"},"inLanguage":"de-DE","potentialAction":[{"@type":"ReadAction","target":["https:\/\/www.clicproducts.eu\/de\/sun-de\/extreme-de\/clic-sun-extreme-gelb-fluo-l-s15rd\/"]}]},{"@type":"ImageObject","inLanguage":"de-DE","@id":"https:\/\/www.clicproducts.eu\/de\/sun-de\/extreme-de\/clic-sun-extreme-gelb-fluo-l-s15rd\/#primaryimage","url":"https:\/\/www.clicproducts.eu\/wp-content\/uploads\/CSEXYW-immagine-in-evidenza.png","contentUrl":"https:\/\/www.clicproducts.eu\/wp-content\/uploads\/CSEXYW-immagine-in-evidenza.png","width":800,"height":800},{"@type":"BreadcrumbList","@id":"https:\/\/www.clicproducts.eu\/de\/sun-de\/extreme-de\/clic-sun-extreme-gelb-fluo-l-s15rd\/#breadcrumb","itemListElement":[{"@type":"ListItem","position":1,"name":"Homepage","item":"https:\/\/www.clicproducts.eu\/de\/"},{"@type":"ListItem","position":2,"name":"Shop","item":"https:\/\/www.clicproducts.eu\/de\/geschaft\/"},{"@type":"ListItem","position":3,"name":"Sonnenbrillen","item":"https:\/\/www.clicproducts.eu\/de\/sonnenbrillen\/"},{"@type":"ListItem","position":4,"name":"Herren","item":"https:\/\/www.clicproducts.eu\/de\/sonnenbrillen\/mann\/"},{"@type":"ListItem","position":5,"name":"Sun Extreme Gelb Fluo L\/S15RD"}]},{"@type":"WebSite","@id":"https:\/\/www.clicproducts.eu\/de\/#website","url":"https:\/\/www.clicproducts.eu\/de\/","name":"CliC Eyewear Official","description":"","publisher":{"@id":"https:\/\/www.clicproducts.eu\/de\/#organization"},"potentialAction":[{"@type":"SearchAction","target":{"@type":"EntryPoint","urlTemplate":"https:\/\/www.clicproducts.eu\/de\/?s={search_term_string}"},"query-input":{"@type":"PropertyValueSpecification","valueRequired":true,"valueName":"search_term_string"}}],"inLanguage":"de-DE"},{"@type":"Organization","@id":"https:\/\/www.clicproducts.eu\/de\/#organization","name":"CliC Eyewear Official","url":"https:\/\/www.clicproducts.eu\/de\/","logo":{"@type":"ImageObject","inLanguage":"de-DE","@id":"https:\/\/www.clicproducts.eu\/de\/#\/schema\/logo\/image\/","url":"https:\/\/www.clicproducts.eu\/wp-content\/uploads\/cropped-bfc4f25d-nuovologo.png","contentUrl":"https:\/\/www.clicproducts.eu\/wp-content\/uploads\/cropped-bfc4f25d-nuovologo.png","width":250,"height":75,"caption":"CliC Eyewear Official"},"image":{"@id":"https:\/\/www.clicproducts.eu\/de\/#\/schema\/logo\/image\/"}}]},"product_price_amount":"69.50","product_price_currency":"EUR","og_availability":"instock","product_availability":"instock","product_retailer_item_id":"CSEXYW","product_condition":"new"},"_links":{"self":[{"href":"https:\/\/www.clicproducts.eu\/de\/wp-json\/wp\/v2\/product\/8144","targetHints":{"allow":["GET"]}}],"collection":[{"href":"https:\/\/www.clicproducts.eu\/de\/wp-json\/wp\/v2\/product"}],"about":[{"href":"https:\/\/www.clicproducts.eu\/de\/wp-json\/wp\/v2\/types\/product"}],"wp:featuredmedia":[{"embeddable":true,"href":"https:\/\/www.clicproducts.eu\/de\/wp-json\/wp\/v2\/media\/8145"}],"wp:attachment":[{"href":"https:\/\/www.clicproducts.eu\/de\/wp-json\/wp\/v2\/media?parent=8144"}],"wp:term":[{"taxonomy":"product_cat","embeddable":true,"href":"https:\/\/www.clicproducts.eu\/de\/wp-json\/wp\/v2\/product_cat?post=8144"},{"taxonomy":"product_tag","embeddable":true,"href":"https:\/\/www.clicproducts.eu\/de\/wp-json\/wp\/v2\/product_tag?post=8144"},{"taxonomy":"giftcard-category","embeddable":true,"href":"https:\/\/www.clicproducts.eu\/de\/wp-json\/wp\/v2\/giftcard-category?post=8144"}],"curies":[{"name":"wp","href":"https:\/\/api.w.org\/{rel}","templated":true}]}}