{"id":8165,"date":"2024-01-26T11:37:29","date_gmt":"2024-01-26T10:37:29","guid":{"rendered":"https:\/\/clic1.wpenginepowered.com\/prodotto\/ballistic-orange\/"},"modified":"2025-08-27T12:03:48","modified_gmt":"2025-08-27T10:03:48","slug":"ballistic-orange","status":"publish","type":"product","link":"https:\/\/www.clicproducts.eu\/de\/outlet-de\/ballistic-orange\/","title":{"rendered":"Ballistic Orange"},"content":{"rendered":"<p>CliC Ballistic bietet:<\/p>\n<p>&#8211; Ein Nackenband aus Acetat-Polymeren mit 20 % TR90, das weich und widerstandsf\u00e4hig sowie flexibel ist.<\/p>\n<p>&#8211; Polarisierte, Anti-UV-Gl\u00e4ser, die Blendung und Blendung durch reflektierende Oberfl\u00e4chen neutralisieren;<\/p>\n<p>&#8211; Eine magnetische Verbindung mit Front\u00f6ffnung: Der patentierte Neodym-Magnet ist f\u00fcr Tr\u00e4ger von Herzschrittmachern geeignet;<\/p>\n<p>&#8211; Nickelfreie, verl\u00e4ngerbare B\u00fcgel;<\/p>\n<p>&#8211; Zertifizierte und kontrollierte Linsen;<\/p>\n<p>&#8211; CE-Kennzeichnung.<\/p>\n","protected":false},"excerpt":{"rendered":"<p>Die Ballistic-Kollektion zeichnet sich durch ihre Schlichtheit und Zweckm\u00e4\u00dfigkeit aus. Ballistic ist eine einzigartige Sonnenbrille, die f\u00fcr alle F\u00e4lle geeignet ist. Mit dem klassischen, von CliC patentierten Magnetverschluss ausgestattet, zeichnet sich die Ballistic durch ihre polarisierten, UV-best\u00e4ndigen Gl\u00e4ser aus. Eine Sonnenbrille, die Sie um den Hals tragen k\u00f6nnen, um Ihre Augen in jeder Situation zu sch\u00fctzen.<\/p>\n","protected":false},"featured_media":7624,"template":"","meta":{"_acf_changed":false,"ghostkit_customizer_options":"","ghostkit_custom_css":"","ghostkit_custom_js_head":"","ghostkit_custom_js_foot":"","ghostkit_typography":""},"product_cat":[616,752],"product_tag":[],"giftcard-category":[],"class_list":{"0":"post-8165","1":"product","2":"type-product","3":"status-publish","4":"has-post-thumbnail","6":"product_cat-outlet-de","7":"product_cat-sonnenbrillen","8":"pa_colore-orange-schwarz","9":"pa_forma-mask-de","10":"tm-has-options","12":"first","13":"outofstock","14":"sale","15":"shipping-taxable","16":"purchasable","17":"product-type-simple"},"acf":[],"yoast_head":"<!-- This site is optimized with the Yoast SEO Premium plugin v21.7 (Yoast SEO v26.1.1) - https:\/\/yoast.com\/wordpress\/plugins\/seo\/ -->\n<title>Ballistic Orange - CliC Eyewear Official<\/title>\n<meta name=\"robots\" content=\"index, follow, max-snippet:-1, max-image-preview:large, max-video-preview:-1\" \/>\n<link rel=\"canonical\" href=\"https:\/\/www.clicproducts.eu\/de\/outlet-de\/ballistic-orange\/\" \/>\n<meta property=\"og:locale\" content=\"de_DE\" \/>\n<meta property=\"og:type\" content=\"article\" \/>\n<meta property=\"og:title\" content=\"Ballistic Orange - CliC Eyewear Official\" \/>\n<meta property=\"og:description\" content=\"Die Ballistic-Kollektion zeichnet sich durch ihre Schlichtheit und Zweckm\u00e4\u00dfigkeit aus. Ballistic ist eine einzigartige Sonnenbrille, die f\u00fcr alle F\u00e4lle geeignet ist. Mit dem klassischen, von CliC patentierten Magnetverschluss ausgestattet, zeichnet sich die Ballistic durch ihre polarisierten, UV-best\u00e4ndigen Gl\u00e4ser aus. Eine Sonnenbrille, die Sie um den Hals tragen k\u00f6nnen, um Ihre Augen in jeder Situation zu sch\u00fctzen.\" \/>\n<meta property=\"og:url\" content=\"https:\/\/www.clicproducts.eu\/de\/outlet-de\/ballistic-orange\/\" \/>\n<meta property=\"og:site_name\" content=\"CliC Eyewear Official\" \/>\n<meta property=\"article:modified_time\" content=\"2025-08-27T10:03:48+00:00\" \/>\n<meta property=\"og:image\" content=\"https:\/\/www.clicproducts.eu\/wp-content\/uploads\/224-immagine-in-evidenza.png\" \/>\n\t<meta property=\"og:image:width\" content=\"800\" \/>\n\t<meta property=\"og:image:height\" content=\"800\" \/>\n\t<meta property=\"og:image:type\" content=\"image\/png\" \/>\n<meta name=\"twitter:card\" content=\"summary_large_image\" \/>\n<meta name=\"twitter:label1\" content=\"Price\" \/>\n\t<meta name=\"twitter:data1\" content=\"&euro;29,90\" \/>\n\t<meta name=\"twitter:label2\" content=\"Availability\" \/>\n\t<meta name=\"twitter:data2\" content=\"Out of stock\" \/>\n<script type=\"application\/ld+json\" class=\"yoast-schema-graph\">{\"@context\":\"https:\/\/schema.org\",\"@graph\":[{\"@type\":\"WebPage\",\"@id\":\"https:\/\/www.clicproducts.eu\/de\/outlet-de\/ballistic-orange\/\",\"url\":\"https:\/\/www.clicproducts.eu\/de\/outlet-de\/ballistic-orange\/\",\"name\":\"Ballistic Orange - CliC Eyewear Official\",\"isPartOf\":{\"@id\":\"https:\/\/www.clicproducts.eu\/de\/#website\"},\"primaryImageOfPage\":{\"@id\":\"https:\/\/www.clicproducts.eu\/de\/outlet-de\/ballistic-orange\/#primaryimage\"},\"image\":{\"@id\":\"https:\/\/www.clicproducts.eu\/de\/outlet-de\/ballistic-orange\/#primaryimage\"},\"thumbnailUrl\":\"https:\/\/www.clicproducts.eu\/wp-content\/uploads\/224-immagine-in-evidenza.png\",\"datePublished\":\"2024-01-26T10:37:29+00:00\",\"dateModified\":\"2025-08-27T10:03:48+00:00\",\"breadcrumb\":{\"@id\":\"https:\/\/www.clicproducts.eu\/de\/outlet-de\/ballistic-orange\/#breadcrumb\"},\"inLanguage\":\"de-DE\",\"potentialAction\":[{\"@type\":\"ReadAction\",\"target\":[\"https:\/\/www.clicproducts.eu\/de\/outlet-de\/ballistic-orange\/\"]}]},{\"@type\":\"ImageObject\",\"inLanguage\":\"de-DE\",\"@id\":\"https:\/\/www.clicproducts.eu\/de\/outlet-de\/ballistic-orange\/#primaryimage\",\"url\":\"https:\/\/www.clicproducts.eu\/wp-content\/uploads\/224-immagine-in-evidenza.png\",\"contentUrl\":\"https:\/\/www.clicproducts.eu\/wp-content\/uploads\/224-immagine-in-evidenza.png\",\"width\":800,\"height\":800},{\"@type\":\"BreadcrumbList\",\"@id\":\"https:\/\/www.clicproducts.eu\/de\/outlet-de\/ballistic-orange\/#breadcrumb\",\"itemListElement\":[{\"@type\":\"ListItem\",\"position\":1,\"name\":\"Homepage\",\"item\":\"https:\/\/www.clicproducts.eu\/de\/\"},{\"@type\":\"ListItem\",\"position\":2,\"name\":\"Shop\",\"item\":\"https:\/\/www.clicproducts.eu\/de\/geschaft\/\"},{\"@type\":\"ListItem\",\"position\":3,\"name\":\"Outlet\",\"item\":\"https:\/\/www.clicproducts.eu\/de\/outlet\/\"},{\"@type\":\"ListItem\",\"position\":4,\"name\":\"Ballistic Orange\"}]},{\"@type\":\"WebSite\",\"@id\":\"https:\/\/www.clicproducts.eu\/de\/#website\",\"url\":\"https:\/\/www.clicproducts.eu\/de\/\",\"name\":\"CliC Eyewear Official\",\"description\":\"\",\"publisher\":{\"@id\":\"https:\/\/www.clicproducts.eu\/de\/#organization\"},\"potentialAction\":[{\"@type\":\"SearchAction\",\"target\":{\"@type\":\"EntryPoint\",\"urlTemplate\":\"https:\/\/www.clicproducts.eu\/de\/?s={search_term_string}\"},\"query-input\":{\"@type\":\"PropertyValueSpecification\",\"valueRequired\":true,\"valueName\":\"search_term_string\"}}],\"inLanguage\":\"de-DE\"},{\"@type\":\"Organization\",\"@id\":\"https:\/\/www.clicproducts.eu\/de\/#organization\",\"name\":\"CliC Eyewear Official\",\"url\":\"https:\/\/www.clicproducts.eu\/de\/\",\"logo\":{\"@type\":\"ImageObject\",\"inLanguage\":\"de-DE\",\"@id\":\"https:\/\/www.clicproducts.eu\/de\/#\/schema\/logo\/image\/\",\"url\":\"https:\/\/www.clicproducts.eu\/wp-content\/uploads\/cropped-bfc4f25d-nuovologo.png\",\"contentUrl\":\"https:\/\/www.clicproducts.eu\/wp-content\/uploads\/cropped-bfc4f25d-nuovologo.png\",\"width\":250,\"height\":75,\"caption\":\"CliC Eyewear Official\"},\"image\":{\"@id\":\"https:\/\/www.clicproducts.eu\/de\/#\/schema\/logo\/image\/\"}}]}<\/script>\n<meta property=\"product:price:amount\" content=\"29.90\" \/>\n<meta property=\"product:price:currency\" content=\"EUR\" \/>\n<meta property=\"og:availability\" content=\"out of stock\" \/>\n<meta property=\"product:availability\" content=\"out of stock\" \/>\n<meta property=\"product:retailer_item_id\" content=\"224\" \/>\n<meta property=\"product:condition\" content=\"new\" \/>\n<!-- \/ Yoast SEO Premium plugin. -->","yoast_head_json":{"title":"Ballistic Orange - CliC Eyewear Official","robots":{"index":"index","follow":"follow","max-snippet":"max-snippet:-1","max-image-preview":"max-image-preview:large","max-video-preview":"max-video-preview:-1"},"canonical":"https:\/\/www.clicproducts.eu\/de\/outlet-de\/ballistic-orange\/","og_locale":"de_DE","og_type":"article","og_title":"Ballistic Orange - CliC Eyewear Official","og_description":"Die Ballistic-Kollektion zeichnet sich durch ihre Schlichtheit und Zweckm\u00e4\u00dfigkeit aus. Ballistic ist eine einzigartige Sonnenbrille, die f\u00fcr alle F\u00e4lle geeignet ist. Mit dem klassischen, von CliC patentierten Magnetverschluss ausgestattet, zeichnet sich die Ballistic durch ihre polarisierten, UV-best\u00e4ndigen Gl\u00e4ser aus. Eine Sonnenbrille, die Sie um den Hals tragen k\u00f6nnen, um Ihre Augen in jeder Situation zu sch\u00fctzen.","og_url":"https:\/\/www.clicproducts.eu\/de\/outlet-de\/ballistic-orange\/","og_site_name":"CliC Eyewear Official","article_modified_time":"2025-08-27T10:03:48+00:00","og_image":[{"width":800,"height":800,"url":"https:\/\/www.clicproducts.eu\/wp-content\/uploads\/224-immagine-in-evidenza.png","type":"image\/png"}],"twitter_card":"summary_large_image","twitter_misc":{"Price":"&euro;29,90","Availability":"Out of stock"},"schema":{"@context":"https:\/\/schema.org","@graph":[{"@type":"WebPage","@id":"https:\/\/www.clicproducts.eu\/de\/outlet-de\/ballistic-orange\/","url":"https:\/\/www.clicproducts.eu\/de\/outlet-de\/ballistic-orange\/","name":"Ballistic Orange - CliC Eyewear Official","isPartOf":{"@id":"https:\/\/www.clicproducts.eu\/de\/#website"},"primaryImageOfPage":{"@id":"https:\/\/www.clicproducts.eu\/de\/outlet-de\/ballistic-orange\/#primaryimage"},"image":{"@id":"https:\/\/www.clicproducts.eu\/de\/outlet-de\/ballistic-orange\/#primaryimage"},"thumbnailUrl":"https:\/\/www.clicproducts.eu\/wp-content\/uploads\/224-immagine-in-evidenza.png","datePublished":"2024-01-26T10:37:29+00:00","dateModified":"2025-08-27T10:03:48+00:00","breadcrumb":{"@id":"https:\/\/www.clicproducts.eu\/de\/outlet-de\/ballistic-orange\/#breadcrumb"},"inLanguage":"de-DE","potentialAction":[{"@type":"ReadAction","target":["https:\/\/www.clicproducts.eu\/de\/outlet-de\/ballistic-orange\/"]}]},{"@type":"ImageObject","inLanguage":"de-DE","@id":"https:\/\/www.clicproducts.eu\/de\/outlet-de\/ballistic-orange\/#primaryimage","url":"https:\/\/www.clicproducts.eu\/wp-content\/uploads\/224-immagine-in-evidenza.png","contentUrl":"https:\/\/www.clicproducts.eu\/wp-content\/uploads\/224-immagine-in-evidenza.png","width":800,"height":800},{"@type":"BreadcrumbList","@id":"https:\/\/www.clicproducts.eu\/de\/outlet-de\/ballistic-orange\/#breadcrumb","itemListElement":[{"@type":"ListItem","position":1,"name":"Homepage","item":"https:\/\/www.clicproducts.eu\/de\/"},{"@type":"ListItem","position":2,"name":"Shop","item":"https:\/\/www.clicproducts.eu\/de\/geschaft\/"},{"@type":"ListItem","position":3,"name":"Outlet","item":"https:\/\/www.clicproducts.eu\/de\/outlet\/"},{"@type":"ListItem","position":4,"name":"Ballistic Orange"}]},{"@type":"WebSite","@id":"https:\/\/www.clicproducts.eu\/de\/#website","url":"https:\/\/www.clicproducts.eu\/de\/","name":"CliC Eyewear Official","description":"","publisher":{"@id":"https:\/\/www.clicproducts.eu\/de\/#organization"},"potentialAction":[{"@type":"SearchAction","target":{"@type":"EntryPoint","urlTemplate":"https:\/\/www.clicproducts.eu\/de\/?s={search_term_string}"},"query-input":{"@type":"PropertyValueSpecification","valueRequired":true,"valueName":"search_term_string"}}],"inLanguage":"de-DE"},{"@type":"Organization","@id":"https:\/\/www.clicproducts.eu\/de\/#organization","name":"CliC Eyewear Official","url":"https:\/\/www.clicproducts.eu\/de\/","logo":{"@type":"ImageObject","inLanguage":"de-DE","@id":"https:\/\/www.clicproducts.eu\/de\/#\/schema\/logo\/image\/","url":"https:\/\/www.clicproducts.eu\/wp-content\/uploads\/cropped-bfc4f25d-nuovologo.png","contentUrl":"https:\/\/www.clicproducts.eu\/wp-content\/uploads\/cropped-bfc4f25d-nuovologo.png","width":250,"height":75,"caption":"CliC Eyewear Official"},"image":{"@id":"https:\/\/www.clicproducts.eu\/de\/#\/schema\/logo\/image\/"}}]},"product_price_amount":"29.90","product_price_currency":"EUR","og_availability":"out of stock","product_availability":"out of stock","product_retailer_item_id":"224","product_condition":"new"},"_links":{"self":[{"href":"https:\/\/www.clicproducts.eu\/de\/wp-json\/wp\/v2\/product\/8165","targetHints":{"allow":["GET"]}}],"collection":[{"href":"https:\/\/www.clicproducts.eu\/de\/wp-json\/wp\/v2\/product"}],"about":[{"href":"https:\/\/www.clicproducts.eu\/de\/wp-json\/wp\/v2\/types\/product"}],"wp:featuredmedia":[{"embeddable":true,"href":"https:\/\/www.clicproducts.eu\/de\/wp-json\/wp\/v2\/media\/7624"}],"wp:attachment":[{"href":"https:\/\/www.clicproducts.eu\/de\/wp-json\/wp\/v2\/media?parent=8165"}],"wp:term":[{"taxonomy":"product_cat","embeddable":true,"href":"https:\/\/www.clicproducts.eu\/de\/wp-json\/wp\/v2\/product_cat?post=8165"},{"taxonomy":"product_tag","embeddable":true,"href":"https:\/\/www.clicproducts.eu\/de\/wp-json\/wp\/v2\/product_tag?post=8165"},{"taxonomy":"giftcard-category","embeddable":true,"href":"https:\/\/www.clicproducts.eu\/de\/wp-json\/wp\/v2\/giftcard-category?post=8165"}],"curies":[{"name":"wp","href":"https:\/\/api.w.org\/{rel}","templated":true}]}}