{"id":8169,"date":"2024-01-26T11:59:27","date_gmt":"2024-01-26T10:59:27","guid":{"rendered":"https:\/\/clic1.wpenginepowered.com\/prodotto\/clic-flex-acetate-roma-miele\/"},"modified":"2025-08-27T12:03:51","modified_gmt":"2025-08-27T10:03:51","slug":"clic-flex-acetate-roma-miele","status":"publish","type":"product","link":"https:\/\/www.clicproducts.eu\/de\/outlet-de\/clic-flex-acetate-roma-miele\/","title":{"rendered":"CliC Flex Acetate Roma Miele"},"content":{"rendered":"<p>CliC Flex Acetate bietet:<\/p>\n<p>&#8211; Das Flex\u00ae-Nackenband: Es ist an den seitlichen Enden besonders flexibel, dank der speziellen hypoallergenen Beschichtung, durch die sich die Brille perfekt an die Kopfform des Tr\u00e4gers anpasst;<\/p>\n<p>&#8211; Durch die Verwendung von 50 % Acetat-Polymeren und flexiblem TR90 ist die Brille noch anpassungsf\u00e4higer ist als die der anderen Kollektionen;<\/p>\n<p>&#8211; Einen gr\u00f6\u00dferen Winkel von 35\u00b0 am Ansatz der B\u00fcgel, der mehr Platz an den Schl\u00e4fen bietet;<\/p>\n<p>&#8211; Eine magnetische Verbindung mit Front\u00f6ffnung: Der patentierte Neodym-Magnet ist f\u00fcr Tr\u00e4ger von Herzschrittmachern geeignet;<\/p>\n<p>&#8211; Nickelfreie, verl\u00e4ngerbare B\u00fcgel;<\/p>\n<p>&#8211; Zertifizierte und kontrollierte Linsen;<\/p>\n<p>&#8211; CE-Kennzeichnung.<\/p>\n","protected":false},"excerpt":{"rendered":"<p>Die CliC Flex-Kollektionen bieten eine Reihe von eleganten, stilvollen Formen. Dank der speziellen hypoallergenen Beschichtung der B\u00fcgel des Nackenbands handelt es sich um eine \u00e4u\u00dferst flexible Brille, die sich perfekt an die Kopfform des Tr\u00e4gers anpasst. Sie ist in einer breiten Palette von sch\u00f6nen Farben erh\u00e4ltlich, die jede Gesichtsform ideal zur Geltung bringen.<\/p>\n","protected":false},"featured_media":7679,"template":"","meta":{"_acf_changed":false,"ghostkit_customizer_options":"","ghostkit_custom_css":"","ghostkit_custom_js_head":"","ghostkit_custom_js_foot":"","ghostkit_typography":""},"product_cat":[750,616],"product_tag":[],"giftcard-category":[],"class_list":{"0":"post-8169","1":"product","2":"type-product","3":"status-publish","4":"has-post-thumbnail","6":"product_cat-lesebrillen-de","7":"product_cat-outlet-de","8":"pa_collezione-flex-acetate-de","9":"pa_colore-honey-de","10":"pa_forma-pantos-de","11":"pa_modalita-duso-lesebrillen","12":"tm-has-options","14":"first","15":"instock","16":"sale","17":"shipping-taxable","18":"purchasable","19":"product-type-simple"},"acf":[],"yoast_head":"<!-- This site is optimized with the Yoast SEO Premium plugin v21.7 (Yoast SEO v26.1.1) - https:\/\/yoast.com\/wordpress\/plugins\/seo\/ -->\n<title>CliC Flex Acetate Roma Miele - CliC Eyewear Official<\/title>\n<meta name=\"robots\" content=\"index, follow, max-snippet:-1, max-image-preview:large, max-video-preview:-1\" \/>\n<link rel=\"canonical\" href=\"https:\/\/www.clicproducts.eu\/de\/outlet-de\/clic-flex-acetate-roma-miele\/\" \/>\n<meta property=\"og:locale\" content=\"de_DE\" \/>\n<meta property=\"og:type\" content=\"article\" \/>\n<meta property=\"og:title\" content=\"CliC Flex Acetate Roma Miele - CliC Eyewear Official\" \/>\n<meta property=\"og:description\" content=\"Die CliC Flex-Kollektionen bieten eine Reihe von eleganten, stilvollen Formen. Dank der speziellen hypoallergenen Beschichtung der B\u00fcgel des Nackenbands handelt es sich um eine \u00e4u\u00dferst flexible Brille, die sich perfekt an die Kopfform des Tr\u00e4gers anpasst. Sie ist in einer breiten Palette von sch\u00f6nen Farben erh\u00e4ltlich, die jede Gesichtsform ideal zur Geltung bringen.\" \/>\n<meta property=\"og:url\" content=\"https:\/\/www.clicproducts.eu\/de\/outlet-de\/clic-flex-acetate-roma-miele\/\" \/>\n<meta property=\"og:site_name\" content=\"CliC Eyewear Official\" \/>\n<meta property=\"article:modified_time\" content=\"2025-08-27T10:03:51+00:00\" \/>\n<meta property=\"og:image\" content=\"https:\/\/www.clicproducts.eu\/wp-content\/uploads\/CARXHN-immagine-in-evidenza.png\" \/>\n\t<meta property=\"og:image:width\" content=\"800\" \/>\n\t<meta property=\"og:image:height\" content=\"800\" \/>\n\t<meta property=\"og:image:type\" content=\"image\/png\" \/>\n<meta name=\"twitter:card\" content=\"summary_large_image\" \/>\n<meta name=\"twitter:label1\" content=\"Price\" \/>\n\t<meta name=\"twitter:data1\" content=\"&euro;89,00\" \/>\n\t<meta name=\"twitter:label2\" content=\"Availability\" \/>\n\t<meta name=\"twitter:data2\" content=\"In stock\" \/>\n<script type=\"application\/ld+json\" class=\"yoast-schema-graph\">{\"@context\":\"https:\/\/schema.org\",\"@graph\":[{\"@type\":\"WebPage\",\"@id\":\"https:\/\/www.clicproducts.eu\/de\/outlet-de\/clic-flex-acetate-roma-miele\/\",\"url\":\"https:\/\/www.clicproducts.eu\/de\/outlet-de\/clic-flex-acetate-roma-miele\/\",\"name\":\"CliC Flex Acetate Roma Miele - CliC Eyewear Official\",\"isPartOf\":{\"@id\":\"https:\/\/www.clicproducts.eu\/de\/#website\"},\"primaryImageOfPage\":{\"@id\":\"https:\/\/www.clicproducts.eu\/de\/outlet-de\/clic-flex-acetate-roma-miele\/#primaryimage\"},\"image\":{\"@id\":\"https:\/\/www.clicproducts.eu\/de\/outlet-de\/clic-flex-acetate-roma-miele\/#primaryimage\"},\"thumbnailUrl\":\"https:\/\/www.clicproducts.eu\/wp-content\/uploads\/CARXHN-immagine-in-evidenza.png\",\"datePublished\":\"2024-01-26T10:59:27+00:00\",\"dateModified\":\"2025-08-27T10:03:51+00:00\",\"breadcrumb\":{\"@id\":\"https:\/\/www.clicproducts.eu\/de\/outlet-de\/clic-flex-acetate-roma-miele\/#breadcrumb\"},\"inLanguage\":\"de-DE\",\"potentialAction\":[{\"@type\":\"ReadAction\",\"target\":[\"https:\/\/www.clicproducts.eu\/de\/outlet-de\/clic-flex-acetate-roma-miele\/\"]}]},{\"@type\":\"ImageObject\",\"inLanguage\":\"de-DE\",\"@id\":\"https:\/\/www.clicproducts.eu\/de\/outlet-de\/clic-flex-acetate-roma-miele\/#primaryimage\",\"url\":\"https:\/\/www.clicproducts.eu\/wp-content\/uploads\/CARXHN-immagine-in-evidenza.png\",\"contentUrl\":\"https:\/\/www.clicproducts.eu\/wp-content\/uploads\/CARXHN-immagine-in-evidenza.png\",\"width\":800,\"height\":800},{\"@type\":\"BreadcrumbList\",\"@id\":\"https:\/\/www.clicproducts.eu\/de\/outlet-de\/clic-flex-acetate-roma-miele\/#breadcrumb\",\"itemListElement\":[{\"@type\":\"ListItem\",\"position\":1,\"name\":\"Homepage\",\"item\":\"https:\/\/www.clicproducts.eu\/de\/\"},{\"@type\":\"ListItem\",\"position\":2,\"name\":\"Shop\",\"item\":\"https:\/\/www.clicproducts.eu\/de\/geschaft\/\"},{\"@type\":\"ListItem\",\"position\":3,\"name\":\"Outlet\",\"item\":\"https:\/\/www.clicproducts.eu\/de\/outlet\/\"},{\"@type\":\"ListItem\",\"position\":4,\"name\":\"CliC Flex Acetate Roma Miele\"}]},{\"@type\":\"WebSite\",\"@id\":\"https:\/\/www.clicproducts.eu\/de\/#website\",\"url\":\"https:\/\/www.clicproducts.eu\/de\/\",\"name\":\"CliC Eyewear Official\",\"description\":\"\",\"publisher\":{\"@id\":\"https:\/\/www.clicproducts.eu\/de\/#organization\"},\"potentialAction\":[{\"@type\":\"SearchAction\",\"target\":{\"@type\":\"EntryPoint\",\"urlTemplate\":\"https:\/\/www.clicproducts.eu\/de\/?s={search_term_string}\"},\"query-input\":{\"@type\":\"PropertyValueSpecification\",\"valueRequired\":true,\"valueName\":\"search_term_string\"}}],\"inLanguage\":\"de-DE\"},{\"@type\":\"Organization\",\"@id\":\"https:\/\/www.clicproducts.eu\/de\/#organization\",\"name\":\"CliC Eyewear Official\",\"url\":\"https:\/\/www.clicproducts.eu\/de\/\",\"logo\":{\"@type\":\"ImageObject\",\"inLanguage\":\"de-DE\",\"@id\":\"https:\/\/www.clicproducts.eu\/de\/#\/schema\/logo\/image\/\",\"url\":\"https:\/\/www.clicproducts.eu\/wp-content\/uploads\/cropped-bfc4f25d-nuovologo.png\",\"contentUrl\":\"https:\/\/www.clicproducts.eu\/wp-content\/uploads\/cropped-bfc4f25d-nuovologo.png\",\"width\":250,\"height\":75,\"caption\":\"CliC Eyewear Official\"},\"image\":{\"@id\":\"https:\/\/www.clicproducts.eu\/de\/#\/schema\/logo\/image\/\"}}]}<\/script>\n<meta property=\"product:price:amount\" content=\"89.00\" \/>\n<meta property=\"product:price:currency\" content=\"EUR\" \/>\n<meta property=\"og:availability\" content=\"instock\" \/>\n<meta property=\"product:availability\" content=\"instock\" \/>\n<meta property=\"product:retailer_item_id\" content=\"CARXHN\" \/>\n<meta property=\"product:condition\" content=\"new\" \/>\n<!-- \/ Yoast SEO Premium plugin. -->","yoast_head_json":{"title":"CliC Flex Acetate Roma Miele - CliC Eyewear Official","robots":{"index":"index","follow":"follow","max-snippet":"max-snippet:-1","max-image-preview":"max-image-preview:large","max-video-preview":"max-video-preview:-1"},"canonical":"https:\/\/www.clicproducts.eu\/de\/outlet-de\/clic-flex-acetate-roma-miele\/","og_locale":"de_DE","og_type":"article","og_title":"CliC Flex Acetate Roma Miele - CliC Eyewear Official","og_description":"Die CliC Flex-Kollektionen bieten eine Reihe von eleganten, stilvollen Formen. Dank der speziellen hypoallergenen Beschichtung der B\u00fcgel des Nackenbands handelt es sich um eine \u00e4u\u00dferst flexible Brille, die sich perfekt an die Kopfform des Tr\u00e4gers anpasst. Sie ist in einer breiten Palette von sch\u00f6nen Farben erh\u00e4ltlich, die jede Gesichtsform ideal zur Geltung bringen.","og_url":"https:\/\/www.clicproducts.eu\/de\/outlet-de\/clic-flex-acetate-roma-miele\/","og_site_name":"CliC Eyewear Official","article_modified_time":"2025-08-27T10:03:51+00:00","og_image":[{"width":800,"height":800,"url":"https:\/\/www.clicproducts.eu\/wp-content\/uploads\/CARXHN-immagine-in-evidenza.png","type":"image\/png"}],"twitter_card":"summary_large_image","twitter_misc":{"Price":"&euro;89,00","Availability":"In stock"},"schema":{"@context":"https:\/\/schema.org","@graph":[{"@type":"WebPage","@id":"https:\/\/www.clicproducts.eu\/de\/outlet-de\/clic-flex-acetate-roma-miele\/","url":"https:\/\/www.clicproducts.eu\/de\/outlet-de\/clic-flex-acetate-roma-miele\/","name":"CliC Flex Acetate Roma Miele - CliC Eyewear Official","isPartOf":{"@id":"https:\/\/www.clicproducts.eu\/de\/#website"},"primaryImageOfPage":{"@id":"https:\/\/www.clicproducts.eu\/de\/outlet-de\/clic-flex-acetate-roma-miele\/#primaryimage"},"image":{"@id":"https:\/\/www.clicproducts.eu\/de\/outlet-de\/clic-flex-acetate-roma-miele\/#primaryimage"},"thumbnailUrl":"https:\/\/www.clicproducts.eu\/wp-content\/uploads\/CARXHN-immagine-in-evidenza.png","datePublished":"2024-01-26T10:59:27+00:00","dateModified":"2025-08-27T10:03:51+00:00","breadcrumb":{"@id":"https:\/\/www.clicproducts.eu\/de\/outlet-de\/clic-flex-acetate-roma-miele\/#breadcrumb"},"inLanguage":"de-DE","potentialAction":[{"@type":"ReadAction","target":["https:\/\/www.clicproducts.eu\/de\/outlet-de\/clic-flex-acetate-roma-miele\/"]}]},{"@type":"ImageObject","inLanguage":"de-DE","@id":"https:\/\/www.clicproducts.eu\/de\/outlet-de\/clic-flex-acetate-roma-miele\/#primaryimage","url":"https:\/\/www.clicproducts.eu\/wp-content\/uploads\/CARXHN-immagine-in-evidenza.png","contentUrl":"https:\/\/www.clicproducts.eu\/wp-content\/uploads\/CARXHN-immagine-in-evidenza.png","width":800,"height":800},{"@type":"BreadcrumbList","@id":"https:\/\/www.clicproducts.eu\/de\/outlet-de\/clic-flex-acetate-roma-miele\/#breadcrumb","itemListElement":[{"@type":"ListItem","position":1,"name":"Homepage","item":"https:\/\/www.clicproducts.eu\/de\/"},{"@type":"ListItem","position":2,"name":"Shop","item":"https:\/\/www.clicproducts.eu\/de\/geschaft\/"},{"@type":"ListItem","position":3,"name":"Outlet","item":"https:\/\/www.clicproducts.eu\/de\/outlet\/"},{"@type":"ListItem","position":4,"name":"CliC Flex Acetate Roma Miele"}]},{"@type":"WebSite","@id":"https:\/\/www.clicproducts.eu\/de\/#website","url":"https:\/\/www.clicproducts.eu\/de\/","name":"CliC Eyewear Official","description":"","publisher":{"@id":"https:\/\/www.clicproducts.eu\/de\/#organization"},"potentialAction":[{"@type":"SearchAction","target":{"@type":"EntryPoint","urlTemplate":"https:\/\/www.clicproducts.eu\/de\/?s={search_term_string}"},"query-input":{"@type":"PropertyValueSpecification","valueRequired":true,"valueName":"search_term_string"}}],"inLanguage":"de-DE"},{"@type":"Organization","@id":"https:\/\/www.clicproducts.eu\/de\/#organization","name":"CliC Eyewear Official","url":"https:\/\/www.clicproducts.eu\/de\/","logo":{"@type":"ImageObject","inLanguage":"de-DE","@id":"https:\/\/www.clicproducts.eu\/de\/#\/schema\/logo\/image\/","url":"https:\/\/www.clicproducts.eu\/wp-content\/uploads\/cropped-bfc4f25d-nuovologo.png","contentUrl":"https:\/\/www.clicproducts.eu\/wp-content\/uploads\/cropped-bfc4f25d-nuovologo.png","width":250,"height":75,"caption":"CliC Eyewear Official"},"image":{"@id":"https:\/\/www.clicproducts.eu\/de\/#\/schema\/logo\/image\/"}}]},"product_price_amount":"89.00","product_price_currency":"EUR","og_availability":"instock","product_availability":"instock","product_retailer_item_id":"CARXHN","product_condition":"new"},"_links":{"self":[{"href":"https:\/\/www.clicproducts.eu\/de\/wp-json\/wp\/v2\/product\/8169","targetHints":{"allow":["GET"]}}],"collection":[{"href":"https:\/\/www.clicproducts.eu\/de\/wp-json\/wp\/v2\/product"}],"about":[{"href":"https:\/\/www.clicproducts.eu\/de\/wp-json\/wp\/v2\/types\/product"}],"wp:featuredmedia":[{"embeddable":true,"href":"https:\/\/www.clicproducts.eu\/de\/wp-json\/wp\/v2\/media\/7679"}],"wp:attachment":[{"href":"https:\/\/www.clicproducts.eu\/de\/wp-json\/wp\/v2\/media?parent=8169"}],"wp:term":[{"taxonomy":"product_cat","embeddable":true,"href":"https:\/\/www.clicproducts.eu\/de\/wp-json\/wp\/v2\/product_cat?post=8169"},{"taxonomy":"product_tag","embeddable":true,"href":"https:\/\/www.clicproducts.eu\/de\/wp-json\/wp\/v2\/product_tag?post=8169"},{"taxonomy":"giftcard-category","embeddable":true,"href":"https:\/\/www.clicproducts.eu\/de\/wp-json\/wp\/v2\/giftcard-category?post=8169"}],"curies":[{"name":"wp","href":"https:\/\/api.w.org\/{rel}","templated":true}]}}