{"id":7558,"date":"2023-11-03T14:38:24","date_gmt":"2023-11-03T13:38:24","guid":{"rendered":"https:\/\/clic1.wpenginepowered.com\/metodo-de-pago\/"},"modified":"2024-04-10T11:07:25","modified_gmt":"2024-04-10T09:07:25","slug":"metodo-de-pago","status":"publish","type":"page","link":"https:\/\/www.clicproducts.eu\/es\/informacion-del-pago\/","title":{"rendered":"Informaci\u00f3n del pago"},"content":{"rendered":"\n<p><strong>PAGO A TRAV\u00c9S DE PAYPAL<br><\/strong>Si ya tienes una cuenta de PayPal y decides comprar de esta manera, despu\u00e9s de la confirmaci\u00f3n del pedido, ser\u00e1s dirigido a la p\u00e1gina de pago de PayPal (transacci\u00f3n segura y protegida SSL), donde solo tendr\u00e1s que introducir tus credenciales de acceso elegidas durante el registro en PayPal para acceder a tu cuenta.<\/p>\n\n\n\n<p>Tu pedido se registrar\u00e1 solo despu\u00e9s de la confirmaci\u00f3n del pago en el sitio web de Paypal.<\/p>\n\n\n\n<p><strong>C\u00d3MO UTILIZAR PAYPAL<\/strong><br>En cuanto realices el pago con Paypal y recibas la confirmaci\u00f3n, vuelve a la p\u00e1gina de Shop Clic y confirma tu pedido para recibir el correo electr\u00f3nico resumido.<\/p>\n\n\n\n<p>PayPal, empresa l\u00edder mundial en pagos en l\u00ednea, permite a compradores y empresas enviar y recibir pagos en l\u00ednea. Es aceptado por comerciantes de todo el mundo, en eBay y en otros sitios.<\/p>\n\n\n\n<p><strong>\u00bfEs seguro?<\/strong><\/p>\n\n\n\n<p>PayPal te permite proteger la informaci\u00f3n de tu tarjeta de cr\u00e9dito gracias a innovadores sistemas de seguridad y prevenci\u00f3n del fraude. Cuando utilizas PayPal, tu informaci\u00f3n financiera nunca se comunica al comerciante. <\/p>\n\n\n\n<p><strong>\u00bfPor qu\u00e9 utilizar PayPal?<\/strong><\/p>\n\n\n\n<p>Con PayPal, puedes realizar compras y enviar pagos de forma gratuita. Con PayPal, puedes realizar compras y pagos c\u00f3modamente guardando tu informaci\u00f3n. PayPal es aceptado por millones de empresas de todo el mundo y es el m\u00e9todo de pago preferido en eBay.<\/p>\n\n\n\n<p><br><img loading=\"lazy\" decoding=\"async\" width=\"111\" height=\"45\" class=\"wp-image-2019\" style=\"width: 111px;\" src=\"https:\/\/www.clicproducts.eu\/wp-content\/uploads\/paypal-logo-page-payments.png\" alt=\"\"><\/p>\n\n\n\n<p><strong>PAGO CON TARJETA DE CR\u00c9DITO<br><\/strong> Si eliges pagar con tarjeta de cr\u00e9dito, el importe se deducir\u00e1 de tu cuenta bancaria en el momento de la facturaci\u00f3n de los art\u00edculos. Por lo tanto, no hay nada que pagar en el momento de la recepci\u00f3n.<\/p>\n\n\n\n<p>Tarjetas de cr\u00e9dito actualmente aceptadas: VISA, Mastercard, tarjeta prepago PayPal, Postepay, Discover, American Express y tarjeta Aura.<\/p>\n\n\n\n<p><img loading=\"lazy\" decoding=\"async\" width=\"300\" height=\"34\" class=\"wp-image-2023\" style=\"width: 300px;\" src=\"https:\/\/www.clicproducts.eu\/wp-content\/uploads\/payment-methods-page-payments.png\" alt=\"\" srcset=\"https:\/\/www.clicproducts.eu\/wp-content\/uploads\/payment-methods-page-payments.png 400w, https:\/\/www.clicproducts.eu\/wp-content\/uploads\/payment-methods-page-payments-300x34.png 300w, https:\/\/www.clicproducts.eu\/wp-content\/uploads\/payment-methods-page-payments-380x43.png 380w\" sizes=\"auto, (max-width: 300px) 100vw, 300px\" \/><\/p>\n\n\n\n<p><strong>PAGO A PLAZOS<\/strong><\/p>\n\n\n\n<p>Actualmente existen dos modalidades de pago a plazos: PayPal paga en tres plazos y Klarna.<\/p>\n","protected":false},"excerpt":{"rendered":"<p>PAGO A TRAV\u00c9S DE PAYPALSi ya tienes una cuenta de PayPal y decides comprar de esta manera, despu\u00e9s de la confirmaci\u00f3n del pedido, ser\u00e1s dirigido a la p\u00e1gina de pago [&hellip;]<\/p>\n","protected":false},"author":9,"featured_media":0,"parent":0,"menu_order":0,"comment_status":"closed","ping_status":"closed","template":"","meta":{"_acf_changed":false,"ghostkit_customizer_options":"","ghostkit_custom_css":"","ghostkit_custom_js_head":"","ghostkit_custom_js_foot":"","ghostkit_typography":"","footnotes":""},"class_list":["post-7558","page","type-page","status-publish","hentry"],"acf":[],"yoast_head":"<!-- This site is optimized with the Yoast SEO Premium plugin v21.7 (Yoast SEO v26.1.1) - https:\/\/yoast.com\/wordpress\/plugins\/seo\/ -->\n<title>Informaci\u00f3n del pago - CliC Eyewear Official<\/title>\n<meta name=\"robots\" content=\"index, follow, max-snippet:-1, max-image-preview:large, max-video-preview:-1\" \/>\n<link rel=\"canonical\" href=\"https:\/\/www.clicproducts.eu\/es\/informacion-del-pago\/\" \/>\n<meta property=\"og:locale\" content=\"es_ES\" \/>\n<meta property=\"og:type\" content=\"article\" \/>\n<meta property=\"og:title\" content=\"Informaci\u00f3n del pago - CliC Eyewear Official\" \/>\n<meta property=\"og:description\" content=\"PAGO A TRAV\u00c9S DE PAYPALSi ya tienes una cuenta de PayPal y decides comprar de esta manera, despu\u00e9s de la confirmaci\u00f3n del pedido, ser\u00e1s dirigido a la p\u00e1gina de pago [&hellip;]\" \/>\n<meta property=\"og:url\" content=\"https:\/\/www.clicproducts.eu\/es\/informacion-del-pago\/\" \/>\n<meta property=\"og:site_name\" content=\"CliC Eyewear Official\" \/>\n<meta property=\"article:modified_time\" content=\"2024-04-10T09:07:25+00:00\" \/>\n<meta property=\"og:image\" content=\"https:\/\/www.clicproducts.eu\/wp-content\/uploads\/paypal-logo-page-payments.png\" \/>\n<meta name=\"twitter:card\" content=\"summary_large_image\" \/>\n<meta name=\"twitter:label1\" content=\"Est. reading time\" \/>\n\t<meta name=\"twitter:data1\" content=\"2 minutes\" \/>\n<script type=\"application\/ld+json\" class=\"yoast-schema-graph\">{\"@context\":\"https:\/\/schema.org\",\"@graph\":[{\"@type\":\"WebPage\",\"@id\":\"https:\/\/www.clicproducts.eu\/es\/informacion-del-pago\/\",\"url\":\"https:\/\/www.clicproducts.eu\/es\/informacion-del-pago\/\",\"name\":\"Informaci\u00f3n del pago - CliC Eyewear Official\",\"isPartOf\":{\"@id\":\"https:\/\/www.clicproducts.eu\/es\/#website\"},\"primaryImageOfPage\":{\"@id\":\"https:\/\/www.clicproducts.eu\/es\/informacion-del-pago\/#primaryimage\"},\"image\":{\"@id\":\"https:\/\/www.clicproducts.eu\/es\/informacion-del-pago\/#primaryimage\"},\"thumbnailUrl\":\"https:\/\/www.clicproducts.eu\/wp-content\/uploads\/paypal-logo-page-payments.png\",\"datePublished\":\"2023-11-03T13:38:24+00:00\",\"dateModified\":\"2024-04-10T09:07:25+00:00\",\"breadcrumb\":{\"@id\":\"https:\/\/www.clicproducts.eu\/es\/informacion-del-pago\/#breadcrumb\"},\"inLanguage\":\"es-ES\",\"potentialAction\":[{\"@type\":\"ReadAction\",\"target\":[\"https:\/\/www.clicproducts.eu\/es\/informacion-del-pago\/\"]}]},{\"@type\":\"ImageObject\",\"inLanguage\":\"es-ES\",\"@id\":\"https:\/\/www.clicproducts.eu\/es\/informacion-del-pago\/#primaryimage\",\"url\":\"https:\/\/www.clicproducts.eu\/wp-content\/uploads\/paypal-logo-page-payments.png\",\"contentUrl\":\"https:\/\/www.clicproducts.eu\/wp-content\/uploads\/paypal-logo-page-payments.png\"},{\"@type\":\"BreadcrumbList\",\"@id\":\"https:\/\/www.clicproducts.eu\/es\/informacion-del-pago\/#breadcrumb\",\"itemListElement\":[{\"@type\":\"ListItem\",\"position\":1,\"name\":\"Homepage\",\"item\":\"https:\/\/www.clicproducts.eu\/es\/\"},{\"@type\":\"ListItem\",\"position\":2,\"name\":\"Informaci\u00f3n del pago\"}]},{\"@type\":\"WebSite\",\"@id\":\"https:\/\/www.clicproducts.eu\/es\/#website\",\"url\":\"https:\/\/www.clicproducts.eu\/es\/\",\"name\":\"CliC Eyewear Official\",\"description\":\"\",\"publisher\":{\"@id\":\"https:\/\/www.clicproducts.eu\/es\/#organization\"},\"potentialAction\":[{\"@type\":\"SearchAction\",\"target\":{\"@type\":\"EntryPoint\",\"urlTemplate\":\"https:\/\/www.clicproducts.eu\/es\/?s={search_term_string}\"},\"query-input\":{\"@type\":\"PropertyValueSpecification\",\"valueRequired\":true,\"valueName\":\"search_term_string\"}}],\"inLanguage\":\"es-ES\"},{\"@type\":\"Organization\",\"@id\":\"https:\/\/www.clicproducts.eu\/es\/#organization\",\"name\":\"CliC Eyewear Official\",\"url\":\"https:\/\/www.clicproducts.eu\/es\/\",\"logo\":{\"@type\":\"ImageObject\",\"inLanguage\":\"es-ES\",\"@id\":\"https:\/\/www.clicproducts.eu\/es\/#\/schema\/logo\/image\/\",\"url\":\"https:\/\/www.clicproducts.eu\/wp-content\/uploads\/cropped-bfc4f25d-nuovologo.png\",\"contentUrl\":\"https:\/\/www.clicproducts.eu\/wp-content\/uploads\/cropped-bfc4f25d-nuovologo.png\",\"width\":250,\"height\":75,\"caption\":\"CliC Eyewear Official\"},\"image\":{\"@id\":\"https:\/\/www.clicproducts.eu\/es\/#\/schema\/logo\/image\/\"}}]}<\/script>\n<!-- \/ Yoast SEO Premium plugin. -->","yoast_head_json":{"title":"Informaci\u00f3n del pago - CliC Eyewear Official","robots":{"index":"index","follow":"follow","max-snippet":"max-snippet:-1","max-image-preview":"max-image-preview:large","max-video-preview":"max-video-preview:-1"},"canonical":"https:\/\/www.clicproducts.eu\/es\/informacion-del-pago\/","og_locale":"es_ES","og_type":"article","og_title":"Informaci\u00f3n del pago - CliC Eyewear Official","og_description":"PAGO A TRAV\u00c9S DE PAYPALSi ya tienes una cuenta de PayPal y decides comprar de esta manera, despu\u00e9s de la confirmaci\u00f3n del pedido, ser\u00e1s dirigido a la p\u00e1gina de pago [&hellip;]","og_url":"https:\/\/www.clicproducts.eu\/es\/informacion-del-pago\/","og_site_name":"CliC Eyewear Official","article_modified_time":"2024-04-10T09:07:25+00:00","og_image":[{"url":"https:\/\/www.clicproducts.eu\/wp-content\/uploads\/paypal-logo-page-payments.png","type":"","width":"","height":""}],"twitter_card":"summary_large_image","twitter_misc":{"Est. reading time":"2 minutes"},"schema":{"@context":"https:\/\/schema.org","@graph":[{"@type":"WebPage","@id":"https:\/\/www.clicproducts.eu\/es\/informacion-del-pago\/","url":"https:\/\/www.clicproducts.eu\/es\/informacion-del-pago\/","name":"Informaci\u00f3n del pago - CliC Eyewear Official","isPartOf":{"@id":"https:\/\/www.clicproducts.eu\/es\/#website"},"primaryImageOfPage":{"@id":"https:\/\/www.clicproducts.eu\/es\/informacion-del-pago\/#primaryimage"},"image":{"@id":"https:\/\/www.clicproducts.eu\/es\/informacion-del-pago\/#primaryimage"},"thumbnailUrl":"https:\/\/www.clicproducts.eu\/wp-content\/uploads\/paypal-logo-page-payments.png","datePublished":"2023-11-03T13:38:24+00:00","dateModified":"2024-04-10T09:07:25+00:00","breadcrumb":{"@id":"https:\/\/www.clicproducts.eu\/es\/informacion-del-pago\/#breadcrumb"},"inLanguage":"es-ES","potentialAction":[{"@type":"ReadAction","target":["https:\/\/www.clicproducts.eu\/es\/informacion-del-pago\/"]}]},{"@type":"ImageObject","inLanguage":"es-ES","@id":"https:\/\/www.clicproducts.eu\/es\/informacion-del-pago\/#primaryimage","url":"https:\/\/www.clicproducts.eu\/wp-content\/uploads\/paypal-logo-page-payments.png","contentUrl":"https:\/\/www.clicproducts.eu\/wp-content\/uploads\/paypal-logo-page-payments.png"},{"@type":"BreadcrumbList","@id":"https:\/\/www.clicproducts.eu\/es\/informacion-del-pago\/#breadcrumb","itemListElement":[{"@type":"ListItem","position":1,"name":"Homepage","item":"https:\/\/www.clicproducts.eu\/es\/"},{"@type":"ListItem","position":2,"name":"Informaci\u00f3n del pago"}]},{"@type":"WebSite","@id":"https:\/\/www.clicproducts.eu\/es\/#website","url":"https:\/\/www.clicproducts.eu\/es\/","name":"CliC Eyewear Official","description":"","publisher":{"@id":"https:\/\/www.clicproducts.eu\/es\/#organization"},"potentialAction":[{"@type":"SearchAction","target":{"@type":"EntryPoint","urlTemplate":"https:\/\/www.clicproducts.eu\/es\/?s={search_term_string}"},"query-input":{"@type":"PropertyValueSpecification","valueRequired":true,"valueName":"search_term_string"}}],"inLanguage":"es-ES"},{"@type":"Organization","@id":"https:\/\/www.clicproducts.eu\/es\/#organization","name":"CliC Eyewear Official","url":"https:\/\/www.clicproducts.eu\/es\/","logo":{"@type":"ImageObject","inLanguage":"es-ES","@id":"https:\/\/www.clicproducts.eu\/es\/#\/schema\/logo\/image\/","url":"https:\/\/www.clicproducts.eu\/wp-content\/uploads\/cropped-bfc4f25d-nuovologo.png","contentUrl":"https:\/\/www.clicproducts.eu\/wp-content\/uploads\/cropped-bfc4f25d-nuovologo.png","width":250,"height":75,"caption":"CliC Eyewear Official"},"image":{"@id":"https:\/\/www.clicproducts.eu\/es\/#\/schema\/logo\/image\/"}}]}},"_links":{"self":[{"href":"https:\/\/www.clicproducts.eu\/es\/wp-json\/wp\/v2\/pages\/7558","targetHints":{"allow":["GET"]}}],"collection":[{"href":"https:\/\/www.clicproducts.eu\/es\/wp-json\/wp\/v2\/pages"}],"about":[{"href":"https:\/\/www.clicproducts.eu\/es\/wp-json\/wp\/v2\/types\/page"}],"author":[{"embeddable":true,"href":"https:\/\/www.clicproducts.eu\/es\/wp-json\/wp\/v2\/users\/9"}],"replies":[{"embeddable":true,"href":"https:\/\/www.clicproducts.eu\/es\/wp-json\/wp\/v2\/comments?post=7558"}],"version-history":[{"count":0,"href":"https:\/\/www.clicproducts.eu\/es\/wp-json\/wp\/v2\/pages\/7558\/revisions"}],"wp:attachment":[{"href":"https:\/\/www.clicproducts.eu\/es\/wp-json\/wp\/v2\/media?parent=7558"}],"curies":[{"name":"wp","href":"https:\/\/api.w.org\/{rel}","templated":true}]}}