{"id":7560,"date":"2021-07-22T18:22:25","date_gmt":"2021-07-22T16:22:25","guid":{"rendered":"https:\/\/clic1.wpenginepowered.com\/contacto\/"},"modified":"2024-03-01T17:07:22","modified_gmt":"2024-03-01T16:07:22","slug":"contacto","status":"publish","type":"page","link":"https:\/\/www.clicproducts.eu\/es\/contacto\/","title":{"rendered":"Contacto"},"content":{"rendered":"\n<div class=\"wp-block-cover is-light ghostkit-custom-Z2pVVj0\"><span aria-hidden=\"true\" class=\"wp-block-cover__background has-background-dim-30 has-background-dim\"><\/span><img loading=\"lazy\" decoding=\"async\" width=\"1110\" height=\"430\" class=\"wp-block-cover__image-background wp-image-4937\" alt=\"\" src=\"https:\/\/www.clicproducts.eu\/wp-content\/uploads\/clic-contatti.jpg\" data-object-fit=\"cover\" srcset=\"https:\/\/www.clicproducts.eu\/wp-content\/uploads\/clic-contatti.jpg 1110w, https:\/\/www.clicproducts.eu\/wp-content\/uploads\/clic-contatti-420x163.jpg 420w, https:\/\/www.clicproducts.eu\/wp-content\/uploads\/clic-contatti-800x310.jpg 800w, https:\/\/www.clicproducts.eu\/wp-content\/uploads\/clic-contatti-300x116.jpg 300w, https:\/\/www.clicproducts.eu\/wp-content\/uploads\/clic-contatti-1024x397.jpg 1024w, https:\/\/www.clicproducts.eu\/wp-content\/uploads\/clic-contatti-768x298.jpg 768w, https:\/\/www.clicproducts.eu\/wp-content\/uploads\/clic-contatti-920x356.jpg 920w, https:\/\/www.clicproducts.eu\/wp-content\/uploads\/clic-contatti-575x223.jpg 575w, https:\/\/www.clicproducts.eu\/wp-content\/uploads\/clic-contatti-380x147.jpg 380w\" sizes=\"auto, (max-width: 1110px) 100vw, 1110px\" \/><div class=\"wp-block-cover__inner-container is-layout-constrained wp-block-cover-is-layout-constrained\">\n<h1 style=\"font-size:60px\" class=\"wp-block-heading has-text-align-center has-large-font-size\"><strong style=\"color:#fff; font-size:60px\">Contacto<\/strong><\/h1>\n<\/div><\/div>\n\n\n\n<div class=\"wp-block-columns is-layout-flex wp-container-core-columns-is-layout-9d6595d7 wp-block-columns-is-layout-flex\">\n<div class=\"wp-block-column is-layout-flow wp-block-column-is-layout-flow\" style=\"flex-basis:60%\">\n<div style=\"height:15px\" aria-hidden=\"true\" class=\"wp-block-spacer\"><\/div>\n\n\n\n<div class=\"wp-block-athemes-athemes-blocks-block-google-maps athemes-blocks-block athemes-blocks-block-f07139f3 athemes-blocks-block-google-maps\"><iframe src=\"https:\/\/www.google.com\/maps\/embed?pb=!1m18!1m12!1m3!1d2968.761375977301!2d12.5900454!3d41.919488199999996!2m3!1f0!2f0!3f0!3m2!1i1024!2i768!4f13.1!3m3!1m2!1s0x132f636c352ca445%3A0xd1b6bbc1c3e2bae8!2sVia%20Licoride%2C%2013%2F15%2C%2000155%20Roma%20RM!5e0!3m2!1sit!2sit!4v1699609924698!5m2!1sit!2sit\" width=\"600\" height=\"450\" style=\"border:0;\" allowfullscreen=\"\" loading=\"lazy\" referrerpolicy=\"no-referrer-when-downgrade\"><\/iframe><\/div>\n<\/div>\n\n\n\n<div class=\"wp-block-column is-layout-flow wp-block-column-is-layout-flow\" style=\"flex-basis:5%\"><\/div>\n\n\n\n<div class=\"wp-block-column is-layout-flow wp-block-column-is-layout-flow\" style=\"flex-basis:35%\">\n<h3 class=\"wp-block-heading\" id=\"h-direccion\">Direcci\u00f3n<\/h3>\n\n\n\n<p>Via Licoride, 13\/15<br>00155 &#8211; Roma<\/p>\n\n\n\n<h3 class=\"wp-block-heading\" id=\"h-customer-care\">Customer Care<\/h3>\n\n\n\n<p style=\"margin-bottom:0\">Para obtener informaci\u00f3n sobre los productos CliC, puedes ponerte en contacto con nosotros a trav\u00e9s de nuestro servicio de atenci\u00f3n al cliente en el enlace Asistencia general. <\/p>\n\n\n\n<span><a style=\"text-decoration:underline\" href=\"https:\/\/support.overal.eu\/help\/2863037285\">Soporte Overal<\/a>.<\/span>\n\n\n\n<h3 class=\"wp-block-heading\" id=\"h-e-mail\">E-Mail:<\/h3>\n\n\n\n<p><a href=\"mailto:support@overal.eu\">support@overal.eu<\/a><\/p>\n\n\n\n<div style=\"height:1px\" aria-hidden=\"true\" class=\"wp-block-spacer\"><\/div>\n<\/div>\n<\/div>\n","protected":false},"excerpt":{"rendered":"<p>Direcci\u00f3n Via Licoride, 13\/1500155 &#8211; Roma Customer Care Para obtener informaci\u00f3n sobre los productos CliC, puedes ponerte en contacto con nosotros a trav\u00e9s de nuestro servicio de atenci\u00f3n al cliente [&hellip;]<\/p>\n","protected":false},"author":9,"featured_media":0,"parent":0,"menu_order":0,"comment_status":"closed","ping_status":"closed","template":"","meta":{"_acf_changed":false,"ghostkit_customizer_options":"","ghostkit_custom_css":"","ghostkit_custom_js_head":"","ghostkit_custom_js_foot":"","ghostkit_typography":"","footnotes":""},"class_list":["post-7560","page","type-page","status-publish","hentry"],"acf":[],"yoast_head":"<!-- This site is optimized with the Yoast SEO Premium plugin v21.7 (Yoast SEO v26.1.1) - https:\/\/yoast.com\/wordpress\/plugins\/seo\/ -->\n<title>Contactos - Asistencia al Cliente - CliC Eyewear Official<\/title>\n<meta name=\"description\" content=\"En esta p\u00e1gina encontrar\u00e1 los datos de contacto oficiales de CliC Eyewear: secci\u00f3n de asistencia por correo electr\u00f3nico y atenci\u00f3n al cliente.\" \/>\n<meta name=\"robots\" content=\"index, follow, max-snippet:-1, max-image-preview:large, max-video-preview:-1\" \/>\n<link rel=\"canonical\" href=\"https:\/\/www.clicproducts.eu\/es\/contacto\/\" \/>\n<meta property=\"og:locale\" content=\"es_ES\" \/>\n<meta property=\"og:type\" content=\"article\" \/>\n<meta property=\"og:title\" content=\"Contactos - Asistencia al Cliente - CliC Eyewear Official\" \/>\n<meta property=\"og:description\" content=\"En esta p\u00e1gina encontrar\u00e1 los datos de contacto oficiales de CliC Eyewear: secci\u00f3n de asistencia por correo electr\u00f3nico y atenci\u00f3n al cliente.\" \/>\n<meta property=\"og:url\" content=\"https:\/\/www.clicproducts.eu\/es\/contacto\/\" \/>\n<meta property=\"og:site_name\" content=\"CliC Eyewear Official\" \/>\n<meta property=\"article:modified_time\" content=\"2024-03-01T16:07:22+00:00\" \/>\n<meta property=\"og:image\" content=\"https:\/\/www.clicproducts.eu\/wp-content\/uploads\/clic-contatti.jpg\" \/>\n<meta name=\"twitter:card\" content=\"summary_large_image\" \/>\n<meta name=\"twitter:title\" content=\"Contactos - Asistencia al Cliente - CliC Eyewear Official\" \/>\n<meta name=\"twitter:description\" content=\"En esta p\u00e1gina encontrar\u00e1 los datos de contacto oficiales de CliC Eyewear: secci\u00f3n de asistencia por correo electr\u00f3nico y atenci\u00f3n al cliente.\" \/>\n<meta name=\"twitter:label1\" content=\"Est. reading time\" \/>\n\t<meta name=\"twitter:data1\" content=\"1 minute\" \/>\n<script type=\"application\/ld+json\" class=\"yoast-schema-graph\">{\"@context\":\"https:\/\/schema.org\",\"@graph\":[{\"@type\":\"WebPage\",\"@id\":\"https:\/\/www.clicproducts.eu\/es\/contacto\/\",\"url\":\"https:\/\/www.clicproducts.eu\/es\/contacto\/\",\"name\":\"Contactos - Asistencia al Cliente - CliC Eyewear Official\",\"isPartOf\":{\"@id\":\"https:\/\/www.clicproducts.eu\/es\/#website\"},\"primaryImageOfPage\":{\"@id\":\"https:\/\/www.clicproducts.eu\/es\/contacto\/#primaryimage\"},\"image\":{\"@id\":\"https:\/\/www.clicproducts.eu\/es\/contacto\/#primaryimage\"},\"thumbnailUrl\":\"https:\/\/www.clicproducts.eu\/wp-content\/uploads\/clic-contatti.jpg\",\"datePublished\":\"2021-07-22T16:22:25+00:00\",\"dateModified\":\"2024-03-01T16:07:22+00:00\",\"description\":\"En esta p\u00e1gina encontrar\u00e1 los datos de contacto oficiales de CliC Eyewear: secci\u00f3n de asistencia por correo electr\u00f3nico y atenci\u00f3n al cliente.\",\"breadcrumb\":{\"@id\":\"https:\/\/www.clicproducts.eu\/es\/contacto\/#breadcrumb\"},\"inLanguage\":\"es-ES\",\"potentialAction\":[{\"@type\":\"ReadAction\",\"target\":[\"https:\/\/www.clicproducts.eu\/es\/contacto\/\"]}]},{\"@type\":\"ImageObject\",\"inLanguage\":\"es-ES\",\"@id\":\"https:\/\/www.clicproducts.eu\/es\/contacto\/#primaryimage\",\"url\":\"https:\/\/www.clicproducts.eu\/wp-content\/uploads\/clic-contatti.jpg\",\"contentUrl\":\"https:\/\/www.clicproducts.eu\/wp-content\/uploads\/clic-contatti.jpg\"},{\"@type\":\"BreadcrumbList\",\"@id\":\"https:\/\/www.clicproducts.eu\/es\/contacto\/#breadcrumb\",\"itemListElement\":[{\"@type\":\"ListItem\",\"position\":1,\"name\":\"Homepage\",\"item\":\"https:\/\/www.clicproducts.eu\/es\/\"},{\"@type\":\"ListItem\",\"position\":2,\"name\":\"Contacto\"}]},{\"@type\":\"WebSite\",\"@id\":\"https:\/\/www.clicproducts.eu\/es\/#website\",\"url\":\"https:\/\/www.clicproducts.eu\/es\/\",\"name\":\"CliC Eyewear Official\",\"description\":\"\",\"publisher\":{\"@id\":\"https:\/\/www.clicproducts.eu\/es\/#organization\"},\"potentialAction\":[{\"@type\":\"SearchAction\",\"target\":{\"@type\":\"EntryPoint\",\"urlTemplate\":\"https:\/\/www.clicproducts.eu\/es\/?s={search_term_string}\"},\"query-input\":{\"@type\":\"PropertyValueSpecification\",\"valueRequired\":true,\"valueName\":\"search_term_string\"}}],\"inLanguage\":\"es-ES\"},{\"@type\":\"Organization\",\"@id\":\"https:\/\/www.clicproducts.eu\/es\/#organization\",\"name\":\"CliC Eyewear Official\",\"url\":\"https:\/\/www.clicproducts.eu\/es\/\",\"logo\":{\"@type\":\"ImageObject\",\"inLanguage\":\"es-ES\",\"@id\":\"https:\/\/www.clicproducts.eu\/es\/#\/schema\/logo\/image\/\",\"url\":\"https:\/\/www.clicproducts.eu\/wp-content\/uploads\/cropped-bfc4f25d-nuovologo.png\",\"contentUrl\":\"https:\/\/www.clicproducts.eu\/wp-content\/uploads\/cropped-bfc4f25d-nuovologo.png\",\"width\":250,\"height\":75,\"caption\":\"CliC Eyewear Official\"},\"image\":{\"@id\":\"https:\/\/www.clicproducts.eu\/es\/#\/schema\/logo\/image\/\"}}]}<\/script>\n<!-- \/ Yoast SEO Premium plugin. -->","yoast_head_json":{"title":"Contactos - Asistencia al Cliente - CliC Eyewear Official","description":"En esta p\u00e1gina encontrar\u00e1 los datos de contacto oficiales de CliC Eyewear: secci\u00f3n de asistencia por correo electr\u00f3nico y atenci\u00f3n al cliente.","robots":{"index":"index","follow":"follow","max-snippet":"max-snippet:-1","max-image-preview":"max-image-preview:large","max-video-preview":"max-video-preview:-1"},"canonical":"https:\/\/www.clicproducts.eu\/es\/contacto\/","og_locale":"es_ES","og_type":"article","og_title":"Contactos - Asistencia al Cliente - CliC Eyewear Official","og_description":"En esta p\u00e1gina encontrar\u00e1 los datos de contacto oficiales de CliC Eyewear: secci\u00f3n de asistencia por correo electr\u00f3nico y atenci\u00f3n al cliente.","og_url":"https:\/\/www.clicproducts.eu\/es\/contacto\/","og_site_name":"CliC Eyewear Official","article_modified_time":"2024-03-01T16:07:22+00:00","og_image":[{"url":"https:\/\/www.clicproducts.eu\/wp-content\/uploads\/clic-contatti.jpg","type":"","width":"","height":""}],"twitter_card":"summary_large_image","twitter_title":"Contactos - Asistencia al Cliente - CliC Eyewear Official","twitter_description":"En esta p\u00e1gina encontrar\u00e1 los datos de contacto oficiales de CliC Eyewear: secci\u00f3n de asistencia por correo electr\u00f3nico y atenci\u00f3n al cliente.","twitter_misc":{"Est. reading time":"1 minute"},"schema":{"@context":"https:\/\/schema.org","@graph":[{"@type":"WebPage","@id":"https:\/\/www.clicproducts.eu\/es\/contacto\/","url":"https:\/\/www.clicproducts.eu\/es\/contacto\/","name":"Contactos - Asistencia al Cliente - CliC Eyewear Official","isPartOf":{"@id":"https:\/\/www.clicproducts.eu\/es\/#website"},"primaryImageOfPage":{"@id":"https:\/\/www.clicproducts.eu\/es\/contacto\/#primaryimage"},"image":{"@id":"https:\/\/www.clicproducts.eu\/es\/contacto\/#primaryimage"},"thumbnailUrl":"https:\/\/www.clicproducts.eu\/wp-content\/uploads\/clic-contatti.jpg","datePublished":"2021-07-22T16:22:25+00:00","dateModified":"2024-03-01T16:07:22+00:00","description":"En esta p\u00e1gina encontrar\u00e1 los datos de contacto oficiales de CliC Eyewear: secci\u00f3n de asistencia por correo electr\u00f3nico y atenci\u00f3n al cliente.","breadcrumb":{"@id":"https:\/\/www.clicproducts.eu\/es\/contacto\/#breadcrumb"},"inLanguage":"es-ES","potentialAction":[{"@type":"ReadAction","target":["https:\/\/www.clicproducts.eu\/es\/contacto\/"]}]},{"@type":"ImageObject","inLanguage":"es-ES","@id":"https:\/\/www.clicproducts.eu\/es\/contacto\/#primaryimage","url":"https:\/\/www.clicproducts.eu\/wp-content\/uploads\/clic-contatti.jpg","contentUrl":"https:\/\/www.clicproducts.eu\/wp-content\/uploads\/clic-contatti.jpg"},{"@type":"BreadcrumbList","@id":"https:\/\/www.clicproducts.eu\/es\/contacto\/#breadcrumb","itemListElement":[{"@type":"ListItem","position":1,"name":"Homepage","item":"https:\/\/www.clicproducts.eu\/es\/"},{"@type":"ListItem","position":2,"name":"Contacto"}]},{"@type":"WebSite","@id":"https:\/\/www.clicproducts.eu\/es\/#website","url":"https:\/\/www.clicproducts.eu\/es\/","name":"CliC Eyewear Official","description":"","publisher":{"@id":"https:\/\/www.clicproducts.eu\/es\/#organization"},"potentialAction":[{"@type":"SearchAction","target":{"@type":"EntryPoint","urlTemplate":"https:\/\/www.clicproducts.eu\/es\/?s={search_term_string}"},"query-input":{"@type":"PropertyValueSpecification","valueRequired":true,"valueName":"search_term_string"}}],"inLanguage":"es-ES"},{"@type":"Organization","@id":"https:\/\/www.clicproducts.eu\/es\/#organization","name":"CliC Eyewear Official","url":"https:\/\/www.clicproducts.eu\/es\/","logo":{"@type":"ImageObject","inLanguage":"es-ES","@id":"https:\/\/www.clicproducts.eu\/es\/#\/schema\/logo\/image\/","url":"https:\/\/www.clicproducts.eu\/wp-content\/uploads\/cropped-bfc4f25d-nuovologo.png","contentUrl":"https:\/\/www.clicproducts.eu\/wp-content\/uploads\/cropped-bfc4f25d-nuovologo.png","width":250,"height":75,"caption":"CliC Eyewear Official"},"image":{"@id":"https:\/\/www.clicproducts.eu\/es\/#\/schema\/logo\/image\/"}}]}},"_links":{"self":[{"href":"https:\/\/www.clicproducts.eu\/es\/wp-json\/wp\/v2\/pages\/7560","targetHints":{"allow":["GET"]}}],"collection":[{"href":"https:\/\/www.clicproducts.eu\/es\/wp-json\/wp\/v2\/pages"}],"about":[{"href":"https:\/\/www.clicproducts.eu\/es\/wp-json\/wp\/v2\/types\/page"}],"author":[{"embeddable":true,"href":"https:\/\/www.clicproducts.eu\/es\/wp-json\/wp\/v2\/users\/9"}],"replies":[{"embeddable":true,"href":"https:\/\/www.clicproducts.eu\/es\/wp-json\/wp\/v2\/comments?post=7560"}],"version-history":[{"count":0,"href":"https:\/\/www.clicproducts.eu\/es\/wp-json\/wp\/v2\/pages\/7560\/revisions"}],"wp:attachment":[{"href":"https:\/\/www.clicproducts.eu\/es\/wp-json\/wp\/v2\/media?parent=7560"}],"curies":[{"name":"wp","href":"https:\/\/api.w.org\/{rel}","templated":true}]}}