{"id":10382,"date":"2024-05-16T09:49:06","date_gmt":"2024-05-16T07:49:06","guid":{"rendered":"https:\/\/clic1.wpenginepowered.com\/?post_type=product&#038;p=10382"},"modified":"2025-08-05T19:30:33","modified_gmt":"2025-08-05T17:30:33","slug":"classic-xl-soft-headband-azul","status":"publish","type":"product","link":"https:\/\/www.clicproducts.eu\/es\/classic-xl-soft-headband-azul\/","title":{"rendered":"Classic XL Soft Headband Azul"},"content":{"rendered":"<p>CliC Classic XL Soft Headband cuenta con:<\/p>\n<p>&#8211; Forma cl\u00e1sica rectangular;<\/p>\n<p>&#8211; Collar\u00edn suave con silicona;<\/p>\n<p>\u2013 Collar\u00edn hecho de pol\u00edmeros de acetato y un 20% de TR90 que garantiza mayor flexibilidad, haciendo que \u00e9ste sea el\u00e1stico y resistente;<\/p>\n<p>&#8211; Cierre magn\u00e9tico con apertura frontal: el im\u00e1n est\u00e1 hecho de neodimio, patentado y seguro para los usuarios con marcapasos;<\/p>\n<p>&#8211; Patillas extensibles sin n\u00edquel;<\/p>\n<p>&#8211; Lentes certificadas y testadas;<\/p>\n<p>&#8211; Gafas con Marcado CE.<\/p>\n<p><img loading=\"lazy\" decoding=\"async\" class=\"alignnone  wp-image-11784\" src=\"https:\/\/www.clicproducts.eu\/wp-content\/uploads\/clic-xl-soft-headband.jpg\" alt=\"Occhiali CliC XL Soft headband\" width=\"600\" height=\"600\" srcset=\"https:\/\/www.clicproducts.eu\/wp-content\/uploads\/clic-xl-soft-headband.jpg 1000w, https:\/\/www.clicproducts.eu\/wp-content\/uploads\/clic-xl-soft-headband-300x300.jpg 300w, https:\/\/www.clicproducts.eu\/wp-content\/uploads\/clic-xl-soft-headband-150x150.jpg 150w, https:\/\/www.clicproducts.eu\/wp-content\/uploads\/clic-xl-soft-headband-768x768.jpg 768w, https:\/\/www.clicproducts.eu\/wp-content\/uploads\/clic-xl-soft-headband-920x920.jpg 920w, https:\/\/www.clicproducts.eu\/wp-content\/uploads\/clic-xl-soft-headband-575x575.jpg 575w, https:\/\/www.clicproducts.eu\/wp-content\/uploads\/clic-xl-soft-headband-380x380.jpg 380w, https:\/\/www.clicproducts.eu\/wp-content\/uploads\/clic-xl-soft-headband-50x50.jpg 50w, https:\/\/www.clicproducts.eu\/wp-content\/uploads\/clic-xl-soft-headband-26x26.jpg 26w, https:\/\/www.clicproducts.eu\/wp-content\/uploads\/clic-xl-soft-headband-420x420.jpg 420w, https:\/\/www.clicproducts.eu\/wp-content\/uploads\/clic-xl-soft-headband-800x800.jpg 800w, https:\/\/www.clicproducts.eu\/wp-content\/uploads\/clic-xl-soft-headband-100x100.jpg 100w\" sizes=\"auto, (max-width: 600px) 100vw, 600px\" \/><\/p>\n","protected":false},"excerpt":{"rendered":"<p>CliC Classic XL Soft Headband es <strong>el primer CliC con collar\u00edn suave e inserto de silicona<\/strong>; Un nuevo producto para satisfacer las necesidades de todos los clientes de CliC Eyewear.<\/p>\n<p>Las patillas de estas gafas se pueden alargar hasta 2 cm en cada lado. Adem\u00e1s, el \u00e1ngulo m\u00e1s amplio de 35\u00b0 en la base de las patillas ofrece a su portador m\u00e1s amplitud en las sienes y mayor comodidad.<br \/>\nEste modelo est\u00e1 disponible en una amplia selecci\u00f3n de tonos y formas, desde las m\u00e1s intensas hasta las m\u00e1s cl\u00e1sicas y vers\u00e1tiles.<\/p>\n","protected":false},"featured_media":10429,"template":"","meta":{"_acf_changed":false,"ghostkit_customizer_options":"","ghostkit_custom_css":"","ghostkit_custom_js_head":"","ghostkit_custom_js_foot":"","ghostkit_typography":""},"product_cat":[479,596,481,482],"product_tag":[824],"giftcard-category":[],"class_list":{"0":"post-10382","1":"product","2":"type-product","3":"status-publish","4":"has-post-thumbnail","6":"product_cat-lectura","7":"product_cat-classic-es-2","8":"product_cat-hombre-es","9":"product_cat-mujer-es-lectura","10":"product_tag-classic-xl-soft-headband-es","11":"tm-has-options","13":"first","14":"outofstock","15":"shipping-taxable","16":"purchasable","17":"product-type-variable"},"acf":[],"yoast_head":"<!-- This site is optimized with the Yoast SEO Premium plugin v21.7 (Yoast SEO v26.1.1) - https:\/\/yoast.com\/wordpress\/plugins\/seo\/ -->\n<title>Classic XL Soft Headband Azul - CliC Eyewear Official<\/title>\n<meta name=\"robots\" content=\"index, follow, max-snippet:-1, max-image-preview:large, max-video-preview:-1\" \/>\n<link rel=\"canonical\" href=\"https:\/\/www.clicproducts.eu\/es\/classic-xl-soft-headband-azul\/\" \/>\n<meta property=\"og:locale\" content=\"es_ES\" \/>\n<meta property=\"og:type\" content=\"article\" \/>\n<meta property=\"og:title\" content=\"Classic XL Soft Headband Azul - CliC Eyewear Official\" \/>\n<meta property=\"og:description\" content=\"CliC Classic XL Soft Headband es el primer CliC con collar\u00edn suave e inserto de silicona; Un nuevo producto para satisfacer las necesidades de todos los clientes de CliC Eyewear.  Las patillas de estas gafas se pueden alargar hasta 2 cm en cada lado. Adem\u00e1s, el \u00e1ngulo m\u00e1s amplio de 35\u00b0 en la base de las patillas ofrece a su portador m\u00e1s amplitud en las sienes y mayor comodidad. Este modelo est\u00e1 disponible en una amplia selecci\u00f3n de tonos y formas, desde las m\u00e1s intensas hasta las m\u00e1s cl\u00e1sicas y vers\u00e1tiles.\" \/>\n<meta property=\"og:url\" content=\"https:\/\/www.clicproducts.eu\/es\/classic-xl-soft-headband-azul\/\" \/>\n<meta property=\"og:site_name\" content=\"CliC Eyewear Official\" \/>\n<meta property=\"article:modified_time\" content=\"2025-08-05T17:30:33+00:00\" \/>\n<meta property=\"og:image\" content=\"https:\/\/www.clicproducts.eu\/wp-content\/uploads\/XLCRASH-immagine-in-evidenza.png\" \/>\n\t<meta property=\"og:image:width\" content=\"800\" \/>\n\t<meta property=\"og:image:height\" content=\"800\" \/>\n\t<meta property=\"og:image:type\" content=\"image\/png\" \/>\n<meta name=\"twitter:card\" content=\"summary_large_image\" \/>\n<meta name=\"twitter:label1\" content=\"Availability\" \/>\n\t<meta name=\"twitter:data1\" content=\"Out of stock\" \/>\n<script type=\"application\/ld+json\" class=\"yoast-schema-graph\">{\"@context\":\"https:\/\/schema.org\",\"@graph\":[{\"@type\":\"WebPage\",\"@id\":\"https:\/\/www.clicproducts.eu\/es\/classic-xl-soft-headband-azul\/\",\"url\":\"https:\/\/www.clicproducts.eu\/es\/classic-xl-soft-headband-azul\/\",\"name\":\"Classic XL Soft Headband Azul - CliC Eyewear Official\",\"isPartOf\":{\"@id\":\"https:\/\/www.clicproducts.eu\/es\/#website\"},\"primaryImageOfPage\":{\"@id\":\"https:\/\/www.clicproducts.eu\/es\/classic-xl-soft-headband-azul\/#primaryimage\"},\"image\":{\"@id\":\"https:\/\/www.clicproducts.eu\/es\/classic-xl-soft-headband-azul\/#primaryimage\"},\"thumbnailUrl\":\"https:\/\/www.clicproducts.eu\/wp-content\/uploads\/XLCRASH-immagine-in-evidenza.png\",\"datePublished\":\"2024-05-16T07:49:06+00:00\",\"dateModified\":\"2025-08-05T17:30:33+00:00\",\"breadcrumb\":{\"@id\":\"https:\/\/www.clicproducts.eu\/es\/classic-xl-soft-headband-azul\/#breadcrumb\"},\"inLanguage\":\"es-ES\",\"potentialAction\":[{\"@type\":\"ReadAction\",\"target\":[\"https:\/\/www.clicproducts.eu\/es\/classic-xl-soft-headband-azul\/\"]}]},{\"@type\":\"ImageObject\",\"inLanguage\":\"es-ES\",\"@id\":\"https:\/\/www.clicproducts.eu\/es\/classic-xl-soft-headband-azul\/#primaryimage\",\"url\":\"https:\/\/www.clicproducts.eu\/wp-content\/uploads\/XLCRASH-immagine-in-evidenza.png\",\"contentUrl\":\"https:\/\/www.clicproducts.eu\/wp-content\/uploads\/XLCRASH-immagine-in-evidenza.png\",\"width\":800,\"height\":800},{\"@type\":\"BreadcrumbList\",\"@id\":\"https:\/\/www.clicproducts.eu\/es\/classic-xl-soft-headband-azul\/#breadcrumb\",\"itemListElement\":[{\"@type\":\"ListItem\",\"position\":1,\"name\":\"Homepage\",\"item\":\"https:\/\/www.clicproducts.eu\/es\/\"},{\"@type\":\"ListItem\",\"position\":2,\"name\":\"Tienda\",\"item\":\"https:\/\/www.clicproducts.eu\/es\/tienda\/\"},{\"@type\":\"ListItem\",\"position\":3,\"name\":\"Lectura\",\"item\":\"https:\/\/www.clicproducts.eu\/es\/lectura\/\"},{\"@type\":\"ListItem\",\"position\":4,\"name\":\"Classic XL Soft Headband Azul\"}]},{\"@type\":\"WebSite\",\"@id\":\"https:\/\/www.clicproducts.eu\/es\/#website\",\"url\":\"https:\/\/www.clicproducts.eu\/es\/\",\"name\":\"CliC Eyewear Official\",\"description\":\"\",\"publisher\":{\"@id\":\"https:\/\/www.clicproducts.eu\/es\/#organization\"},\"potentialAction\":[{\"@type\":\"SearchAction\",\"target\":{\"@type\":\"EntryPoint\",\"urlTemplate\":\"https:\/\/www.clicproducts.eu\/es\/?s={search_term_string}\"},\"query-input\":{\"@type\":\"PropertyValueSpecification\",\"valueRequired\":true,\"valueName\":\"search_term_string\"}}],\"inLanguage\":\"es-ES\"},{\"@type\":\"Organization\",\"@id\":\"https:\/\/www.clicproducts.eu\/es\/#organization\",\"name\":\"CliC Eyewear Official\",\"url\":\"https:\/\/www.clicproducts.eu\/es\/\",\"logo\":{\"@type\":\"ImageObject\",\"inLanguage\":\"es-ES\",\"@id\":\"https:\/\/www.clicproducts.eu\/es\/#\/schema\/logo\/image\/\",\"url\":\"https:\/\/www.clicproducts.eu\/wp-content\/uploads\/cropped-bfc4f25d-nuovologo.png\",\"contentUrl\":\"https:\/\/www.clicproducts.eu\/wp-content\/uploads\/cropped-bfc4f25d-nuovologo.png\",\"width\":250,\"height\":75,\"caption\":\"CliC Eyewear Official\"},\"image\":{\"@id\":\"https:\/\/www.clicproducts.eu\/es\/#\/schema\/logo\/image\/\"}}]}<\/script>\n<meta property=\"og:availability\" content=\"out of stock\" \/>\n<meta property=\"product:availability\" content=\"out of stock\" \/>\n<meta property=\"product:retailer_item_id\" content=\"XLCRASH\" \/>\n<meta property=\"product:condition\" content=\"new\" \/>\n<!-- \/ Yoast SEO Premium plugin. -->","yoast_head_json":{"title":"Classic XL Soft Headband Azul - CliC Eyewear Official","robots":{"index":"index","follow":"follow","max-snippet":"max-snippet:-1","max-image-preview":"max-image-preview:large","max-video-preview":"max-video-preview:-1"},"canonical":"https:\/\/www.clicproducts.eu\/es\/classic-xl-soft-headband-azul\/","og_locale":"es_ES","og_type":"article","og_title":"Classic XL Soft Headband Azul - CliC Eyewear Official","og_description":"CliC Classic XL Soft Headband es el primer CliC con collar\u00edn suave e inserto de silicona; Un nuevo producto para satisfacer las necesidades de todos los clientes de CliC Eyewear.  Las patillas de estas gafas se pueden alargar hasta 2 cm en cada lado. Adem\u00e1s, el \u00e1ngulo m\u00e1s amplio de 35\u00b0 en la base de las patillas ofrece a su portador m\u00e1s amplitud en las sienes y mayor comodidad. Este modelo est\u00e1 disponible en una amplia selecci\u00f3n de tonos y formas, desde las m\u00e1s intensas hasta las m\u00e1s cl\u00e1sicas y vers\u00e1tiles.","og_url":"https:\/\/www.clicproducts.eu\/es\/classic-xl-soft-headband-azul\/","og_site_name":"CliC Eyewear Official","article_modified_time":"2025-08-05T17:30:33+00:00","og_image":[{"width":800,"height":800,"url":"https:\/\/www.clicproducts.eu\/wp-content\/uploads\/XLCRASH-immagine-in-evidenza.png","type":"image\/png"}],"twitter_card":"summary_large_image","twitter_misc":{"Availability":"Out of stock"},"schema":{"@context":"https:\/\/schema.org","@graph":[{"@type":"WebPage","@id":"https:\/\/www.clicproducts.eu\/es\/classic-xl-soft-headband-azul\/","url":"https:\/\/www.clicproducts.eu\/es\/classic-xl-soft-headband-azul\/","name":"Classic XL Soft Headband Azul - CliC Eyewear Official","isPartOf":{"@id":"https:\/\/www.clicproducts.eu\/es\/#website"},"primaryImageOfPage":{"@id":"https:\/\/www.clicproducts.eu\/es\/classic-xl-soft-headband-azul\/#primaryimage"},"image":{"@id":"https:\/\/www.clicproducts.eu\/es\/classic-xl-soft-headband-azul\/#primaryimage"},"thumbnailUrl":"https:\/\/www.clicproducts.eu\/wp-content\/uploads\/XLCRASH-immagine-in-evidenza.png","datePublished":"2024-05-16T07:49:06+00:00","dateModified":"2025-08-05T17:30:33+00:00","breadcrumb":{"@id":"https:\/\/www.clicproducts.eu\/es\/classic-xl-soft-headband-azul\/#breadcrumb"},"inLanguage":"es-ES","potentialAction":[{"@type":"ReadAction","target":["https:\/\/www.clicproducts.eu\/es\/classic-xl-soft-headband-azul\/"]}]},{"@type":"ImageObject","inLanguage":"es-ES","@id":"https:\/\/www.clicproducts.eu\/es\/classic-xl-soft-headband-azul\/#primaryimage","url":"https:\/\/www.clicproducts.eu\/wp-content\/uploads\/XLCRASH-immagine-in-evidenza.png","contentUrl":"https:\/\/www.clicproducts.eu\/wp-content\/uploads\/XLCRASH-immagine-in-evidenza.png","width":800,"height":800},{"@type":"BreadcrumbList","@id":"https:\/\/www.clicproducts.eu\/es\/classic-xl-soft-headband-azul\/#breadcrumb","itemListElement":[{"@type":"ListItem","position":1,"name":"Homepage","item":"https:\/\/www.clicproducts.eu\/es\/"},{"@type":"ListItem","position":2,"name":"Tienda","item":"https:\/\/www.clicproducts.eu\/es\/tienda\/"},{"@type":"ListItem","position":3,"name":"Lectura","item":"https:\/\/www.clicproducts.eu\/es\/lectura\/"},{"@type":"ListItem","position":4,"name":"Classic XL Soft Headband Azul"}]},{"@type":"WebSite","@id":"https:\/\/www.clicproducts.eu\/es\/#website","url":"https:\/\/www.clicproducts.eu\/es\/","name":"CliC Eyewear Official","description":"","publisher":{"@id":"https:\/\/www.clicproducts.eu\/es\/#organization"},"potentialAction":[{"@type":"SearchAction","target":{"@type":"EntryPoint","urlTemplate":"https:\/\/www.clicproducts.eu\/es\/?s={search_term_string}"},"query-input":{"@type":"PropertyValueSpecification","valueRequired":true,"valueName":"search_term_string"}}],"inLanguage":"es-ES"},{"@type":"Organization","@id":"https:\/\/www.clicproducts.eu\/es\/#organization","name":"CliC Eyewear Official","url":"https:\/\/www.clicproducts.eu\/es\/","logo":{"@type":"ImageObject","inLanguage":"es-ES","@id":"https:\/\/www.clicproducts.eu\/es\/#\/schema\/logo\/image\/","url":"https:\/\/www.clicproducts.eu\/wp-content\/uploads\/cropped-bfc4f25d-nuovologo.png","contentUrl":"https:\/\/www.clicproducts.eu\/wp-content\/uploads\/cropped-bfc4f25d-nuovologo.png","width":250,"height":75,"caption":"CliC Eyewear Official"},"image":{"@id":"https:\/\/www.clicproducts.eu\/es\/#\/schema\/logo\/image\/"}}]},"og_availability":"out of stock","product_availability":"out of stock","product_retailer_item_id":"XLCRASH","product_condition":"new"},"_links":{"self":[{"href":"https:\/\/www.clicproducts.eu\/es\/wp-json\/wp\/v2\/product\/10382","targetHints":{"allow":["GET"]}}],"collection":[{"href":"https:\/\/www.clicproducts.eu\/es\/wp-json\/wp\/v2\/product"}],"about":[{"href":"https:\/\/www.clicproducts.eu\/es\/wp-json\/wp\/v2\/types\/product"}],"wp:featuredmedia":[{"embeddable":true,"href":"https:\/\/www.clicproducts.eu\/es\/wp-json\/wp\/v2\/media\/10429"}],"wp:attachment":[{"href":"https:\/\/www.clicproducts.eu\/es\/wp-json\/wp\/v2\/media?parent=10382"}],"wp:term":[{"taxonomy":"product_cat","embeddable":true,"href":"https:\/\/www.clicproducts.eu\/es\/wp-json\/wp\/v2\/product_cat?post=10382"},{"taxonomy":"product_tag","embeddable":true,"href":"https:\/\/www.clicproducts.eu\/es\/wp-json\/wp\/v2\/product_tag?post=10382"},{"taxonomy":"giftcard-category","embeddable":true,"href":"https:\/\/www.clicproducts.eu\/es\/wp-json\/wp\/v2\/giftcard-category?post=10382"}],"curies":[{"name":"wp","href":"https:\/\/api.w.org\/{rel}","templated":true}]}}