{"id":12392,"date":"2024-11-26T09:51:55","date_gmt":"2024-11-26T08:51:55","guid":{"rendered":"https:\/\/clic1.wpenginepowered.com\/prodotto\/gift-card-50\/"},"modified":"2024-12-16T15:05:24","modified_gmt":"2024-12-16T14:05:24","slug":"gift-card-50","status":"publish","type":"product","link":"https:\/\/www.clicproducts.eu\/es\/gift-card-50\/","title":{"rendered":"GIFT CARD 50\u20ac &#8211; CliC Eyewear"},"content":{"rendered":"","protected":false},"excerpt":{"rendered":"<p><span style=\"font-weight: 400;\">\u00a1El regalo que siempre merece la pena est\u00e1 a tu alcance en CliC! Compra el <strong>50\u20ac Cheque Regalo CliC Eyewear<\/strong> y listo. <\/span><\/p>\n<p><span style=\"font-weight: 400;\">Introduce el nombre, el email y un mensaje personalizado para la persona que lo recibir\u00e1: el Cheque Regalo se entregar\u00e1 el d\u00eda y a la hora que t\u00fa elijas.<\/span><\/p>\n<p><span style=\"font-weight: 400;\">Los cheques regalo son v\u00e1lidos durante 1 a\u00f1o a partir de la fecha de emisi\u00f3n y s\u00f3lo pueden utilizarse para comprar productos elegibles en <\/span><a href=\"http:\/\/www.clicproducts.eu\"><span style=\"font-weight: 400;\">www.clicproducts.eu\/es\/<\/span><\/a><span style=\"font-weight: 400;\">.<\/span><\/p>\n","protected":false},"featured_media":12343,"template":"","meta":{"_acf_changed":false,"ghostkit_customizer_options":"","ghostkit_custom_css":"","ghostkit_custom_js_head":"","ghostkit_custom_js_foot":"","ghostkit_typography":""},"product_cat":[840],"product_tag":[844],"giftcard-category":[],"class_list":{"0":"post-12392","1":"product","2":"type-product","3":"status-publish","4":"has-post-thumbnail","6":"product_cat-gift-card-es","7":"product_tag-gift-card-es","8":"tm-no-options","10":"first","11":"instock","12":"virtual","13":"purchasable","14":"product-type-gift-card"},"acf":[],"yoast_head":"<!-- This site is optimized with the Yoast SEO Premium plugin v21.7 (Yoast SEO v26.1.1) - https:\/\/yoast.com\/wordpress\/plugins\/seo\/ -->\n<title>GIFT CARD 50\u20ac - CliC Eyewear<\/title>\n<meta name=\"robots\" content=\"index, follow, max-snippet:-1, max-image-preview:large, max-video-preview:-1\" \/>\n<link rel=\"canonical\" href=\"https:\/\/www.clicproducts.eu\/es\/gift-card-50\/\" \/>\n<meta property=\"og:locale\" content=\"es_ES\" \/>\n<meta property=\"og:type\" content=\"article\" \/>\n<meta property=\"og:title\" content=\"GIFT CARD 50\u20ac - CliC Eyewear\" \/>\n<meta property=\"og:description\" content=\"\u00a1El regalo que siempre merece la pena est\u00e1 a tu alcance en CliC! Compra el 50\u20ac Cheque Regalo CliC Eyewear y listo.   Introduce el nombre, el email y un mensaje personalizado para la persona que lo recibir\u00e1: el Cheque Regalo se entregar\u00e1 el d\u00eda y a la hora que t\u00fa elijas.  Los cheques regalo son v\u00e1lidos durante 1 a\u00f1o a partir de la fecha de emisi\u00f3n y s\u00f3lo pueden utilizarse para comprar productos elegibles en www.clicproducts.eu\/es\/.\" \/>\n<meta property=\"og:url\" content=\"https:\/\/www.clicproducts.eu\/es\/gift-card-50\/\" \/>\n<meta property=\"og:site_name\" content=\"CliC Eyewear Official\" \/>\n<meta property=\"article:modified_time\" content=\"2024-12-16T14:05:24+00:00\" \/>\n<meta property=\"og:image\" content=\"https:\/\/www.clicproducts.eu\/wp-content\/uploads\/Gift-Card-50E.webp\" \/>\n\t<meta property=\"og:image:width\" content=\"1640\" \/>\n\t<meta property=\"og:image:height\" content=\"920\" \/>\n\t<meta property=\"og:image:type\" content=\"image\/webp\" \/>\n<meta name=\"twitter:card\" content=\"summary_large_image\" \/>\n<meta name=\"twitter:label1\" content=\"Price\" \/>\n\t<meta name=\"twitter:data1\" content=\"&euro;50,00\" \/>\n\t<meta name=\"twitter:label2\" content=\"Availability\" \/>\n\t<meta name=\"twitter:data2\" content=\"In stock\" \/>\n<script type=\"application\/ld+json\" class=\"yoast-schema-graph\">{\"@context\":\"https:\/\/schema.org\",\"@graph\":[{\"@type\":\"WebPage\",\"@id\":\"https:\/\/www.clicproducts.eu\/es\/gift-card-50\/\",\"url\":\"https:\/\/www.clicproducts.eu\/es\/gift-card-50\/\",\"name\":\"GIFT CARD 50\u20ac - CliC Eyewear\",\"isPartOf\":{\"@id\":\"https:\/\/www.clicproducts.eu\/es\/#website\"},\"primaryImageOfPage\":{\"@id\":\"https:\/\/www.clicproducts.eu\/es\/gift-card-50\/#primaryimage\"},\"image\":{\"@id\":\"https:\/\/www.clicproducts.eu\/es\/gift-card-50\/#primaryimage\"},\"thumbnailUrl\":\"https:\/\/www.clicproducts.eu\/wp-content\/uploads\/Gift-Card-50E.webp\",\"datePublished\":\"2024-11-26T08:51:55+00:00\",\"dateModified\":\"2024-12-16T14:05:24+00:00\",\"breadcrumb\":{\"@id\":\"https:\/\/www.clicproducts.eu\/es\/gift-card-50\/#breadcrumb\"},\"inLanguage\":\"es-ES\",\"potentialAction\":[{\"@type\":\"ReadAction\",\"target\":[\"https:\/\/www.clicproducts.eu\/es\/gift-card-50\/\"]}]},{\"@type\":\"ImageObject\",\"inLanguage\":\"es-ES\",\"@id\":\"https:\/\/www.clicproducts.eu\/es\/gift-card-50\/#primaryimage\",\"url\":\"https:\/\/www.clicproducts.eu\/wp-content\/uploads\/Gift-Card-50E.webp\",\"contentUrl\":\"https:\/\/www.clicproducts.eu\/wp-content\/uploads\/Gift-Card-50E.webp\",\"width\":1640,\"height\":920,\"caption\":\"Gift Card 50\u20ac CliC Eyewear\"},{\"@type\":\"BreadcrumbList\",\"@id\":\"https:\/\/www.clicproducts.eu\/es\/gift-card-50\/#breadcrumb\",\"itemListElement\":[{\"@type\":\"ListItem\",\"position\":1,\"name\":\"Homepage\",\"item\":\"https:\/\/www.clicproducts.eu\/es\/\"},{\"@type\":\"ListItem\",\"position\":2,\"name\":\"Tienda\",\"item\":\"https:\/\/www.clicproducts.eu\/es\/tienda\/\"},{\"@type\":\"ListItem\",\"position\":3,\"name\":\"Gift Card\",\"item\":\"https:\/\/www.clicproducts.eu\/es\/gift-card-es\/\"},{\"@type\":\"ListItem\",\"position\":4,\"name\":\"GIFT CARD 50\u20ac &#8211; CliC Eyewear\"}]},{\"@type\":\"WebSite\",\"@id\":\"https:\/\/www.clicproducts.eu\/es\/#website\",\"url\":\"https:\/\/www.clicproducts.eu\/es\/\",\"name\":\"CliC Eyewear Official\",\"description\":\"\",\"publisher\":{\"@id\":\"https:\/\/www.clicproducts.eu\/es\/#organization\"},\"potentialAction\":[{\"@type\":\"SearchAction\",\"target\":{\"@type\":\"EntryPoint\",\"urlTemplate\":\"https:\/\/www.clicproducts.eu\/es\/?s={search_term_string}\"},\"query-input\":{\"@type\":\"PropertyValueSpecification\",\"valueRequired\":true,\"valueName\":\"search_term_string\"}}],\"inLanguage\":\"es-ES\"},{\"@type\":\"Organization\",\"@id\":\"https:\/\/www.clicproducts.eu\/es\/#organization\",\"name\":\"CliC Eyewear Official\",\"url\":\"https:\/\/www.clicproducts.eu\/es\/\",\"logo\":{\"@type\":\"ImageObject\",\"inLanguage\":\"es-ES\",\"@id\":\"https:\/\/www.clicproducts.eu\/es\/#\/schema\/logo\/image\/\",\"url\":\"https:\/\/www.clicproducts.eu\/wp-content\/uploads\/cropped-bfc4f25d-nuovologo.png\",\"contentUrl\":\"https:\/\/www.clicproducts.eu\/wp-content\/uploads\/cropped-bfc4f25d-nuovologo.png\",\"width\":250,\"height\":75,\"caption\":\"CliC Eyewear Official\"},\"image\":{\"@id\":\"https:\/\/www.clicproducts.eu\/es\/#\/schema\/logo\/image\/\"}}]}<\/script>\n<meta property=\"product:price:amount\" content=\"50.00\" \/>\n<meta property=\"product:price:currency\" content=\"EUR\" \/>\n<meta property=\"og:availability\" content=\"instock\" \/>\n<meta property=\"product:availability\" content=\"instock\" \/>\n<meta property=\"product:condition\" content=\"new\" \/>\n<!-- \/ Yoast SEO Premium plugin. -->","yoast_head_json":{"title":"GIFT CARD 50\u20ac - CliC Eyewear","robots":{"index":"index","follow":"follow","max-snippet":"max-snippet:-1","max-image-preview":"max-image-preview:large","max-video-preview":"max-video-preview:-1"},"canonical":"https:\/\/www.clicproducts.eu\/es\/gift-card-50\/","og_locale":"es_ES","og_type":"article","og_title":"GIFT CARD 50\u20ac - CliC Eyewear","og_description":"\u00a1El regalo que siempre merece la pena est\u00e1 a tu alcance en CliC! Compra el 50\u20ac Cheque Regalo CliC Eyewear y listo.   Introduce el nombre, el email y un mensaje personalizado para la persona que lo recibir\u00e1: el Cheque Regalo se entregar\u00e1 el d\u00eda y a la hora que t\u00fa elijas.  Los cheques regalo son v\u00e1lidos durante 1 a\u00f1o a partir de la fecha de emisi\u00f3n y s\u00f3lo pueden utilizarse para comprar productos elegibles en www.clicproducts.eu\/es\/.","og_url":"https:\/\/www.clicproducts.eu\/es\/gift-card-50\/","og_site_name":"CliC Eyewear Official","article_modified_time":"2024-12-16T14:05:24+00:00","og_image":[{"width":1640,"height":920,"url":"https:\/\/www.clicproducts.eu\/wp-content\/uploads\/Gift-Card-50E.webp","type":"image\/webp"}],"twitter_card":"summary_large_image","twitter_misc":{"Price":"&euro;50,00","Availability":"In stock"},"schema":{"@context":"https:\/\/schema.org","@graph":[{"@type":"WebPage","@id":"https:\/\/www.clicproducts.eu\/es\/gift-card-50\/","url":"https:\/\/www.clicproducts.eu\/es\/gift-card-50\/","name":"GIFT CARD 50\u20ac - CliC Eyewear","isPartOf":{"@id":"https:\/\/www.clicproducts.eu\/es\/#website"},"primaryImageOfPage":{"@id":"https:\/\/www.clicproducts.eu\/es\/gift-card-50\/#primaryimage"},"image":{"@id":"https:\/\/www.clicproducts.eu\/es\/gift-card-50\/#primaryimage"},"thumbnailUrl":"https:\/\/www.clicproducts.eu\/wp-content\/uploads\/Gift-Card-50E.webp","datePublished":"2024-11-26T08:51:55+00:00","dateModified":"2024-12-16T14:05:24+00:00","breadcrumb":{"@id":"https:\/\/www.clicproducts.eu\/es\/gift-card-50\/#breadcrumb"},"inLanguage":"es-ES","potentialAction":[{"@type":"ReadAction","target":["https:\/\/www.clicproducts.eu\/es\/gift-card-50\/"]}]},{"@type":"ImageObject","inLanguage":"es-ES","@id":"https:\/\/www.clicproducts.eu\/es\/gift-card-50\/#primaryimage","url":"https:\/\/www.clicproducts.eu\/wp-content\/uploads\/Gift-Card-50E.webp","contentUrl":"https:\/\/www.clicproducts.eu\/wp-content\/uploads\/Gift-Card-50E.webp","width":1640,"height":920,"caption":"Gift Card 50\u20ac CliC Eyewear"},{"@type":"BreadcrumbList","@id":"https:\/\/www.clicproducts.eu\/es\/gift-card-50\/#breadcrumb","itemListElement":[{"@type":"ListItem","position":1,"name":"Homepage","item":"https:\/\/www.clicproducts.eu\/es\/"},{"@type":"ListItem","position":2,"name":"Tienda","item":"https:\/\/www.clicproducts.eu\/es\/tienda\/"},{"@type":"ListItem","position":3,"name":"Gift Card","item":"https:\/\/www.clicproducts.eu\/es\/gift-card-es\/"},{"@type":"ListItem","position":4,"name":"GIFT CARD 50\u20ac &#8211; CliC Eyewear"}]},{"@type":"WebSite","@id":"https:\/\/www.clicproducts.eu\/es\/#website","url":"https:\/\/www.clicproducts.eu\/es\/","name":"CliC Eyewear Official","description":"","publisher":{"@id":"https:\/\/www.clicproducts.eu\/es\/#organization"},"potentialAction":[{"@type":"SearchAction","target":{"@type":"EntryPoint","urlTemplate":"https:\/\/www.clicproducts.eu\/es\/?s={search_term_string}"},"query-input":{"@type":"PropertyValueSpecification","valueRequired":true,"valueName":"search_term_string"}}],"inLanguage":"es-ES"},{"@type":"Organization","@id":"https:\/\/www.clicproducts.eu\/es\/#organization","name":"CliC Eyewear Official","url":"https:\/\/www.clicproducts.eu\/es\/","logo":{"@type":"ImageObject","inLanguage":"es-ES","@id":"https:\/\/www.clicproducts.eu\/es\/#\/schema\/logo\/image\/","url":"https:\/\/www.clicproducts.eu\/wp-content\/uploads\/cropped-bfc4f25d-nuovologo.png","contentUrl":"https:\/\/www.clicproducts.eu\/wp-content\/uploads\/cropped-bfc4f25d-nuovologo.png","width":250,"height":75,"caption":"CliC Eyewear Official"},"image":{"@id":"https:\/\/www.clicproducts.eu\/es\/#\/schema\/logo\/image\/"}}]},"product_price_amount":"50.00","product_price_currency":"EUR","og_availability":"instock","product_availability":"instock","product_condition":"new"},"_links":{"self":[{"href":"https:\/\/www.clicproducts.eu\/es\/wp-json\/wp\/v2\/product\/12392","targetHints":{"allow":["GET"]}}],"collection":[{"href":"https:\/\/www.clicproducts.eu\/es\/wp-json\/wp\/v2\/product"}],"about":[{"href":"https:\/\/www.clicproducts.eu\/es\/wp-json\/wp\/v2\/types\/product"}],"wp:featuredmedia":[{"embeddable":true,"href":"https:\/\/www.clicproducts.eu\/es\/wp-json\/wp\/v2\/media\/12343"}],"wp:attachment":[{"href":"https:\/\/www.clicproducts.eu\/es\/wp-json\/wp\/v2\/media?parent=12392"}],"wp:term":[{"taxonomy":"product_cat","embeddable":true,"href":"https:\/\/www.clicproducts.eu\/es\/wp-json\/wp\/v2\/product_cat?post=12392"},{"taxonomy":"product_tag","embeddable":true,"href":"https:\/\/www.clicproducts.eu\/es\/wp-json\/wp\/v2\/product_tag?post=12392"},{"taxonomy":"giftcard-category","embeddable":true,"href":"https:\/\/www.clicproducts.eu\/es\/wp-json\/wp\/v2\/giftcard-category?post=12392"}],"curies":[{"name":"wp","href":"https:\/\/api.w.org\/{rel}","templated":true}]}}