{"id":16616,"date":"2025-11-07T12:14:55","date_gmt":"2025-11-07T11:14:55","guid":{"rendered":"https:\/\/clic1.wpenginepowered.com\/prodotto\/clic-on-tortoise-azul-marron\/"},"modified":"2025-11-19T11:37:39","modified_gmt":"2025-11-19T10:37:39","slug":"clic-on-tortoise-azul-marron","status":"publish","type":"product","link":"https:\/\/www.clicproducts.eu\/es\/clic-on-tortoise-azul-marron\/","title":{"rendered":"Clic On Tortoise \/ Clip Azul oscuro Marr\u00f3n"},"content":{"rendered":"<p>Las caracter\u00edsticas que lo diferencian de otras gafas con clip son:<\/p>\n<p>&#8211; <strong>Perfiles TR90 moldeados por inyecci\u00f3n<\/strong>, dise\u00f1ados con espacios empotrados para alojar la l\u00e1mina met\u00e1lica del clip. La montura cuenta con estos espacios en la parte delantera, creados espec\u00edficamente para alojar los clips de acero de grado m\u00e9dico. Los clips est\u00e1n fabricados con lentes de nailon de alta calidad.  <\/p>\n<p>\u2013 Se ha <strong>recuperado el concepto de las patillas de las gafas CliC<\/strong>, fabricadas en <strong>aluminio<\/strong> y entrelazadas en el extremo. El mecanismo telesc\u00f3pico permite extender las patillas de 135 a 150 mm. Entre los diversos detalles, las puntas de las patillas presentan el logotipo de CliC On en el interior y el s\u00edmbolo de la marca en el exterior.  <\/p>\n<p>&#8211; Las gafas son, por lo tanto, muy <strong>adaptables y extremadamente ligeras<\/strong> gracias a la combinaci\u00f3n de tres materiales importantes: <strong>TR90<\/strong>, <strong>acero<\/strong> y <strong>aluminio<\/strong> para las patillas.<\/p>\n","protected":false},"excerpt":{"rendered":"<p>CliC On naci\u00f3 de la b\u00fasqueda de algo que a\u00fan no exist\u00eda en el mercado: gafas de sol con clip, totalmente <strong>fabricadas en Italia<\/strong>. El concepto creativo de la colecci\u00f3n se asign\u00f3 a Lele Danzi y su equipo de dise\u00f1adores. <\/p>\n","protected":false},"featured_media":16590,"template":"","meta":{"_acf_changed":false,"ghostkit_customizer_options":"","ghostkit_custom_css":"","ghostkit_custom_js_head":"","ghostkit_custom_js_foot":"","ghostkit_typography":""},"product_cat":[864,479],"product_tag":[],"giftcard-category":[],"class_list":{"0":"post-16616","1":"product","2":"type-product","3":"status-publish","4":"has-post-thumbnail","6":"product_cat-clic-on-es","7":"product_cat-lectura","8":"tm-has-options","10":"first","11":"instock","12":"shipping-taxable","13":"purchasable","14":"product-type-simple"},"acf":[],"yoast_head":"<!-- This site is optimized with the Yoast SEO Premium plugin v21.7 (Yoast SEO v26.1.1) - https:\/\/yoast.com\/wordpress\/plugins\/seo\/ -->\n<title>Clic On Tortoise \/ Clip Azul oscuro Marr\u00f3n - CliC Eyewear Official<\/title>\n<meta name=\"robots\" content=\"index, follow, max-snippet:-1, max-image-preview:large, max-video-preview:-1\" \/>\n<link rel=\"canonical\" href=\"https:\/\/www.clicproducts.eu\/es\/clic-on-tortoise-azul-marron\/\" \/>\n<meta property=\"og:locale\" content=\"es_ES\" \/>\n<meta property=\"og:type\" content=\"article\" \/>\n<meta property=\"og:title\" content=\"Clic On Tortoise \/ Clip Azul oscuro Marr\u00f3n - CliC Eyewear Official\" \/>\n<meta property=\"og:description\" content=\"CliC On naci\u00f3 de la b\u00fasqueda de algo que a\u00fan no exist\u00eda en el mercado: gafas de sol con clip, totalmente fabricadas en Italia. El concepto creativo de la colecci\u00f3n se asign\u00f3 a Lele Danzi y su equipo de dise\u00f1adores.\" \/>\n<meta property=\"og:url\" content=\"https:\/\/www.clicproducts.eu\/es\/clic-on-tortoise-azul-marron\/\" \/>\n<meta property=\"og:site_name\" content=\"CliC Eyewear Official\" \/>\n<meta property=\"article:modified_time\" content=\"2025-11-19T10:37:39+00:00\" \/>\n<meta property=\"og:image\" content=\"https:\/\/www.clicproducts.eu\/wp-content\/uploads\/C08029C229DKB.png\" \/>\n\t<meta property=\"og:image:width\" content=\"800\" \/>\n\t<meta property=\"og:image:height\" content=\"800\" \/>\n\t<meta property=\"og:image:type\" content=\"image\/png\" \/>\n<meta name=\"twitter:card\" content=\"summary_large_image\" \/>\n<meta name=\"twitter:label1\" content=\"Price\" \/>\n\t<meta name=\"twitter:data1\" content=\"&euro;249,00\" \/>\n\t<meta name=\"twitter:label2\" content=\"Availability\" \/>\n\t<meta name=\"twitter:data2\" content=\"In stock\" \/>\n<script type=\"application\/ld+json\" class=\"yoast-schema-graph\">{\"@context\":\"https:\/\/schema.org\",\"@graph\":[{\"@type\":\"WebPage\",\"@id\":\"https:\/\/www.clicproducts.eu\/es\/clic-on-tortoise-azul-marron\/\",\"url\":\"https:\/\/www.clicproducts.eu\/es\/clic-on-tortoise-azul-marron\/\",\"name\":\"Clic On Tortoise \/ Clip Azul oscuro Marr\u00f3n - CliC Eyewear Official\",\"isPartOf\":{\"@id\":\"https:\/\/www.clicproducts.eu\/es\/#website\"},\"primaryImageOfPage\":{\"@id\":\"https:\/\/www.clicproducts.eu\/es\/clic-on-tortoise-azul-marron\/#primaryimage\"},\"image\":{\"@id\":\"https:\/\/www.clicproducts.eu\/es\/clic-on-tortoise-azul-marron\/#primaryimage\"},\"thumbnailUrl\":\"https:\/\/www.clicproducts.eu\/wp-content\/uploads\/C08029C229DKB.png\",\"datePublished\":\"2025-11-07T11:14:55+00:00\",\"dateModified\":\"2025-11-19T10:37:39+00:00\",\"breadcrumb\":{\"@id\":\"https:\/\/www.clicproducts.eu\/es\/clic-on-tortoise-azul-marron\/#breadcrumb\"},\"inLanguage\":\"es-ES\",\"potentialAction\":[{\"@type\":\"ReadAction\",\"target\":[\"https:\/\/www.clicproducts.eu\/es\/clic-on-tortoise-azul-marron\/\"]}]},{\"@type\":\"ImageObject\",\"inLanguage\":\"es-ES\",\"@id\":\"https:\/\/www.clicproducts.eu\/es\/clic-on-tortoise-azul-marron\/#primaryimage\",\"url\":\"https:\/\/www.clicproducts.eu\/wp-content\/uploads\/C08029C229DKB.png\",\"contentUrl\":\"https:\/\/www.clicproducts.eu\/wp-content\/uploads\/C08029C229DKB.png\",\"width\":800,\"height\":800},{\"@type\":\"BreadcrumbList\",\"@id\":\"https:\/\/www.clicproducts.eu\/es\/clic-on-tortoise-azul-marron\/#breadcrumb\",\"itemListElement\":[{\"@type\":\"ListItem\",\"position\":1,\"name\":\"Homepage\",\"item\":\"https:\/\/www.clicproducts.eu\/es\/\"},{\"@type\":\"ListItem\",\"position\":2,\"name\":\"Tienda\",\"item\":\"https:\/\/www.clicproducts.eu\/es\/tienda\/\"},{\"@type\":\"ListItem\",\"position\":3,\"name\":\"CliC On\",\"item\":\"https:\/\/www.clicproducts.eu\/es\/clic-on-es\/\"},{\"@type\":\"ListItem\",\"position\":4,\"name\":\"Clic On Tortoise \/ Clip Azul oscuro Marr\u00f3n\"}]},{\"@type\":\"WebSite\",\"@id\":\"https:\/\/www.clicproducts.eu\/es\/#website\",\"url\":\"https:\/\/www.clicproducts.eu\/es\/\",\"name\":\"CliC Eyewear Official\",\"description\":\"\",\"publisher\":{\"@id\":\"https:\/\/www.clicproducts.eu\/es\/#organization\"},\"potentialAction\":[{\"@type\":\"SearchAction\",\"target\":{\"@type\":\"EntryPoint\",\"urlTemplate\":\"https:\/\/www.clicproducts.eu\/es\/?s={search_term_string}\"},\"query-input\":{\"@type\":\"PropertyValueSpecification\",\"valueRequired\":true,\"valueName\":\"search_term_string\"}}],\"inLanguage\":\"es-ES\"},{\"@type\":\"Organization\",\"@id\":\"https:\/\/www.clicproducts.eu\/es\/#organization\",\"name\":\"CliC Eyewear Official\",\"url\":\"https:\/\/www.clicproducts.eu\/es\/\",\"logo\":{\"@type\":\"ImageObject\",\"inLanguage\":\"es-ES\",\"@id\":\"https:\/\/www.clicproducts.eu\/es\/#\/schema\/logo\/image\/\",\"url\":\"https:\/\/www.clicproducts.eu\/wp-content\/uploads\/cropped-bfc4f25d-nuovologo.png\",\"contentUrl\":\"https:\/\/www.clicproducts.eu\/wp-content\/uploads\/cropped-bfc4f25d-nuovologo.png\",\"width\":250,\"height\":75,\"caption\":\"CliC Eyewear Official\"},\"image\":{\"@id\":\"https:\/\/www.clicproducts.eu\/es\/#\/schema\/logo\/image\/\"}}]}<\/script>\n<meta property=\"product:price:amount\" content=\"249.00\" \/>\n<meta property=\"product:price:currency\" content=\"EUR\" \/>\n<meta property=\"og:availability\" content=\"instock\" \/>\n<meta property=\"product:availability\" content=\"instock\" \/>\n<meta property=\"product:retailer_item_id\" content=\"C08029C229DKB\" \/>\n<meta property=\"product:condition\" content=\"new\" \/>\n<!-- \/ Yoast SEO Premium plugin. -->","yoast_head_json":{"title":"Clic On Tortoise \/ Clip Azul oscuro Marr\u00f3n - CliC Eyewear Official","robots":{"index":"index","follow":"follow","max-snippet":"max-snippet:-1","max-image-preview":"max-image-preview:large","max-video-preview":"max-video-preview:-1"},"canonical":"https:\/\/www.clicproducts.eu\/es\/clic-on-tortoise-azul-marron\/","og_locale":"es_ES","og_type":"article","og_title":"Clic On Tortoise \/ Clip Azul oscuro Marr\u00f3n - CliC Eyewear Official","og_description":"CliC On naci\u00f3 de la b\u00fasqueda de algo que a\u00fan no exist\u00eda en el mercado: gafas de sol con clip, totalmente fabricadas en Italia. El concepto creativo de la colecci\u00f3n se asign\u00f3 a Lele Danzi y su equipo de dise\u00f1adores.","og_url":"https:\/\/www.clicproducts.eu\/es\/clic-on-tortoise-azul-marron\/","og_site_name":"CliC Eyewear Official","article_modified_time":"2025-11-19T10:37:39+00:00","og_image":[{"width":800,"height":800,"url":"https:\/\/www.clicproducts.eu\/wp-content\/uploads\/C08029C229DKB.png","type":"image\/png"}],"twitter_card":"summary_large_image","twitter_misc":{"Price":"&euro;249,00","Availability":"In stock"},"schema":{"@context":"https:\/\/schema.org","@graph":[{"@type":"WebPage","@id":"https:\/\/www.clicproducts.eu\/es\/clic-on-tortoise-azul-marron\/","url":"https:\/\/www.clicproducts.eu\/es\/clic-on-tortoise-azul-marron\/","name":"Clic On Tortoise \/ Clip Azul oscuro Marr\u00f3n - CliC Eyewear Official","isPartOf":{"@id":"https:\/\/www.clicproducts.eu\/es\/#website"},"primaryImageOfPage":{"@id":"https:\/\/www.clicproducts.eu\/es\/clic-on-tortoise-azul-marron\/#primaryimage"},"image":{"@id":"https:\/\/www.clicproducts.eu\/es\/clic-on-tortoise-azul-marron\/#primaryimage"},"thumbnailUrl":"https:\/\/www.clicproducts.eu\/wp-content\/uploads\/C08029C229DKB.png","datePublished":"2025-11-07T11:14:55+00:00","dateModified":"2025-11-19T10:37:39+00:00","breadcrumb":{"@id":"https:\/\/www.clicproducts.eu\/es\/clic-on-tortoise-azul-marron\/#breadcrumb"},"inLanguage":"es-ES","potentialAction":[{"@type":"ReadAction","target":["https:\/\/www.clicproducts.eu\/es\/clic-on-tortoise-azul-marron\/"]}]},{"@type":"ImageObject","inLanguage":"es-ES","@id":"https:\/\/www.clicproducts.eu\/es\/clic-on-tortoise-azul-marron\/#primaryimage","url":"https:\/\/www.clicproducts.eu\/wp-content\/uploads\/C08029C229DKB.png","contentUrl":"https:\/\/www.clicproducts.eu\/wp-content\/uploads\/C08029C229DKB.png","width":800,"height":800},{"@type":"BreadcrumbList","@id":"https:\/\/www.clicproducts.eu\/es\/clic-on-tortoise-azul-marron\/#breadcrumb","itemListElement":[{"@type":"ListItem","position":1,"name":"Homepage","item":"https:\/\/www.clicproducts.eu\/es\/"},{"@type":"ListItem","position":2,"name":"Tienda","item":"https:\/\/www.clicproducts.eu\/es\/tienda\/"},{"@type":"ListItem","position":3,"name":"CliC On","item":"https:\/\/www.clicproducts.eu\/es\/clic-on-es\/"},{"@type":"ListItem","position":4,"name":"Clic On Tortoise \/ Clip Azul oscuro Marr\u00f3n"}]},{"@type":"WebSite","@id":"https:\/\/www.clicproducts.eu\/es\/#website","url":"https:\/\/www.clicproducts.eu\/es\/","name":"CliC Eyewear Official","description":"","publisher":{"@id":"https:\/\/www.clicproducts.eu\/es\/#organization"},"potentialAction":[{"@type":"SearchAction","target":{"@type":"EntryPoint","urlTemplate":"https:\/\/www.clicproducts.eu\/es\/?s={search_term_string}"},"query-input":{"@type":"PropertyValueSpecification","valueRequired":true,"valueName":"search_term_string"}}],"inLanguage":"es-ES"},{"@type":"Organization","@id":"https:\/\/www.clicproducts.eu\/es\/#organization","name":"CliC Eyewear Official","url":"https:\/\/www.clicproducts.eu\/es\/","logo":{"@type":"ImageObject","inLanguage":"es-ES","@id":"https:\/\/www.clicproducts.eu\/es\/#\/schema\/logo\/image\/","url":"https:\/\/www.clicproducts.eu\/wp-content\/uploads\/cropped-bfc4f25d-nuovologo.png","contentUrl":"https:\/\/www.clicproducts.eu\/wp-content\/uploads\/cropped-bfc4f25d-nuovologo.png","width":250,"height":75,"caption":"CliC Eyewear Official"},"image":{"@id":"https:\/\/www.clicproducts.eu\/es\/#\/schema\/logo\/image\/"}}]},"product_price_amount":"249.00","product_price_currency":"EUR","og_availability":"instock","product_availability":"instock","product_retailer_item_id":"C08029C229DKB","product_condition":"new"},"_links":{"self":[{"href":"https:\/\/www.clicproducts.eu\/es\/wp-json\/wp\/v2\/product\/16616","targetHints":{"allow":["GET"]}}],"collection":[{"href":"https:\/\/www.clicproducts.eu\/es\/wp-json\/wp\/v2\/product"}],"about":[{"href":"https:\/\/www.clicproducts.eu\/es\/wp-json\/wp\/v2\/types\/product"}],"wp:featuredmedia":[{"embeddable":true,"href":"https:\/\/www.clicproducts.eu\/es\/wp-json\/wp\/v2\/media\/16590"}],"wp:attachment":[{"href":"https:\/\/www.clicproducts.eu\/es\/wp-json\/wp\/v2\/media?parent=16616"}],"wp:term":[{"taxonomy":"product_cat","embeddable":true,"href":"https:\/\/www.clicproducts.eu\/es\/wp-json\/wp\/v2\/product_cat?post=16616"},{"taxonomy":"product_tag","embeddable":true,"href":"https:\/\/www.clicproducts.eu\/es\/wp-json\/wp\/v2\/product_tag?post=16616"},{"taxonomy":"giftcard-category","embeddable":true,"href":"https:\/\/www.clicproducts.eu\/es\/wp-json\/wp\/v2\/giftcard-category?post=16616"}],"curies":[{"name":"wp","href":"https:\/\/api.w.org\/{rel}","templated":true}]}}