{"id":18876,"date":"2026-05-04T12:32:04","date_gmt":"2026-05-04T10:32:04","guid":{"rendered":"https:\/\/www.clicproducts.eu\/?post_type=product&#038;p=18876"},"modified":"2026-05-04T12:32:06","modified_gmt":"2026-05-04T10:32:06","slug":"slastik-byss-greedo012-verde","status":"publish","type":"product","link":"https:\/\/www.clicproducts.eu\/es\/slastik-byss-greedo012-verde\/","title":{"rendered":"SLASTIK BYSS GREEDO012 VERDE"},"content":{"rendered":"<p>Slastik Greedo presenta:<br \/>\n&#8211; Banda de cuello patentada de doble inyecci\u00f3n, flexible y ligera, para un ajuste perfecto a la circunferencia de la cabeza. La banda est\u00e1 hecha de goma hipoalerg\u00e9nica especial. La parte trasera es de silicona no r\u00edgida, lo que garantiza que las gafas se mantengan perfectamente en su lugar incluso con un sombrero, casco o cuello grueso.<br \/>\n&#8211; Sistema de ajuste telesc\u00f3pico patentado, dise\u00f1ado para un ajuste perfecto y para evitar el desgaste.<br \/>\n&#8211; Fijaci\u00f3n frontal magn\u00e9tica con imanes de neodimio.  <\/p>\n<p>Material: TR90<br \/>\nForma: Rectangular<\/p>\n<p>Dimensiones:<br \/>\nFrontal: 139 mm<br \/>\nAltura de la lente: 31 mm<br \/>\nAncho de la lente: 55 mm<br \/>\nPuente: 17 mm<\/p>\n<p>Circunferencia de la cabeza (ajustable): m\u00ednimo 57 cm y m\u00e1ximo 62 cm<\/p>\n","protected":false},"excerpt":{"rendered":"<p>Slastik Greedo: Gafas de lectura flexibles con cierre magn\u00e9tico<\/p>\n<p>Slastik Greedo es un modelo semiflexible dise\u00f1ado para m\u00e1xima comodidad y practicidad en el d\u00eda a d\u00eda. Gracias a su innovador cierre magn\u00e9tico frontal, nunca volver\u00e1s a perder tus gafas. Unas gafas que te acompa\u00f1ar\u00e1n en todas tus actividades diarias.  <\/p>\n","protected":false},"featured_media":18863,"template":"","meta":{"_acf_changed":false,"ghostkit_customizer_options":"","ghostkit_custom_css":"","ghostkit_custom_js_head":"","ghostkit_custom_js_foot":"","ghostkit_typography":""},"product_cat":[481,479,482,878],"product_tag":[],"giftcard-category":[],"class_list":{"0":"post-18876","1":"product","2":"type-product","3":"status-publish","4":"has-post-thumbnail","6":"product_cat-hombre-es","7":"product_cat-lectura","8":"product_cat-mujer-es-lectura","9":"product_cat-slastik-es","10":"tm-has-options","12":"first","13":"instock","14":"shipping-taxable","15":"purchasable","16":"product-type-variable"},"acf":[],"yoast_head":"<!-- This site is optimized with the Yoast SEO Premium plugin v21.7 (Yoast SEO v26.1.1) - https:\/\/yoast.com\/wordpress\/plugins\/seo\/ -->\n<title>SLASTIK BYSS GREEDO012 VERDE - CliC Eyewear Official<\/title>\n<meta name=\"robots\" content=\"index, follow, max-snippet:-1, max-image-preview:large, max-video-preview:-1\" \/>\n<link rel=\"canonical\" href=\"https:\/\/www.clicproducts.eu\/es\/slastik-byss-greedo012-verde\/\" \/>\n<meta property=\"og:locale\" content=\"es_ES\" \/>\n<meta property=\"og:type\" content=\"article\" \/>\n<meta property=\"og:title\" content=\"SLASTIK BYSS GREEDO012 VERDE - CliC Eyewear Official\" \/>\n<meta property=\"og:description\" content=\"Slastik Greedo: Gafas de lectura flexibles con cierre magn\u00e9tico Slastik Greedo es un modelo semiflexible dise\u00f1ado para m\u00e1xima comodidad y practicidad en el d\u00eda a d\u00eda. Gracias a su innovador cierre magn\u00e9tico frontal, nunca volver\u00e1s a perder tus gafas. Unas gafas que te acompa\u00f1ar\u00e1n en todas tus actividades diarias.\" \/>\n<meta property=\"og:url\" content=\"https:\/\/www.clicproducts.eu\/es\/slastik-byss-greedo012-verde\/\" \/>\n<meta property=\"og:site_name\" content=\"CliC Eyewear Official\" \/>\n<meta property=\"article:modified_time\" content=\"2026-05-04T10:32:06+00:00\" \/>\n<meta property=\"og:image\" content=\"https:\/\/www.clicproducts.eu\/wp-content\/uploads\/GREEDO012-immagine-in-evidenza.png\" \/>\n\t<meta property=\"og:image:width\" content=\"800\" \/>\n\t<meta property=\"og:image:height\" content=\"800\" \/>\n\t<meta property=\"og:image:type\" content=\"image\/png\" \/>\n<meta name=\"twitter:card\" content=\"summary_large_image\" \/>\n<meta name=\"twitter:label1\" content=\"Availability\" \/>\n\t<meta name=\"twitter:data1\" content=\"In stock\" \/>\n<script type=\"application\/ld+json\" class=\"yoast-schema-graph\">{\"@context\":\"https:\/\/schema.org\",\"@graph\":[{\"@type\":\"WebPage\",\"@id\":\"https:\/\/www.clicproducts.eu\/es\/slastik-byss-greedo012-verde\/\",\"url\":\"https:\/\/www.clicproducts.eu\/es\/slastik-byss-greedo012-verde\/\",\"name\":\"SLASTIK BYSS GREEDO012 VERDE - CliC Eyewear Official\",\"isPartOf\":{\"@id\":\"https:\/\/www.clicproducts.eu\/es\/#website\"},\"primaryImageOfPage\":{\"@id\":\"https:\/\/www.clicproducts.eu\/es\/slastik-byss-greedo012-verde\/#primaryimage\"},\"image\":{\"@id\":\"https:\/\/www.clicproducts.eu\/es\/slastik-byss-greedo012-verde\/#primaryimage\"},\"thumbnailUrl\":\"https:\/\/www.clicproducts.eu\/wp-content\/uploads\/GREEDO012-immagine-in-evidenza.png\",\"datePublished\":\"2026-05-04T10:32:04+00:00\",\"dateModified\":\"2026-05-04T10:32:06+00:00\",\"breadcrumb\":{\"@id\":\"https:\/\/www.clicproducts.eu\/es\/slastik-byss-greedo012-verde\/#breadcrumb\"},\"inLanguage\":\"es-ES\",\"potentialAction\":[{\"@type\":\"ReadAction\",\"target\":[\"https:\/\/www.clicproducts.eu\/es\/slastik-byss-greedo012-verde\/\"]}]},{\"@type\":\"ImageObject\",\"inLanguage\":\"es-ES\",\"@id\":\"https:\/\/www.clicproducts.eu\/es\/slastik-byss-greedo012-verde\/#primaryimage\",\"url\":\"https:\/\/www.clicproducts.eu\/wp-content\/uploads\/GREEDO012-immagine-in-evidenza.png\",\"contentUrl\":\"https:\/\/www.clicproducts.eu\/wp-content\/uploads\/GREEDO012-immagine-in-evidenza.png\",\"width\":800,\"height\":800},{\"@type\":\"BreadcrumbList\",\"@id\":\"https:\/\/www.clicproducts.eu\/es\/slastik-byss-greedo012-verde\/#breadcrumb\",\"itemListElement\":[{\"@type\":\"ListItem\",\"position\":1,\"name\":\"Homepage\",\"item\":\"https:\/\/www.clicproducts.eu\/es\/\"},{\"@type\":\"ListItem\",\"position\":2,\"name\":\"Tienda\",\"item\":\"https:\/\/www.clicproducts.eu\/es\/tienda\/\"},{\"@type\":\"ListItem\",\"position\":3,\"name\":\"Lectura\",\"item\":\"https:\/\/www.clicproducts.eu\/es\/lectura\/\"},{\"@type\":\"ListItem\",\"position\":4,\"name\":\"SLASTIK BYSS GREEDO012 VERDE\"}]},{\"@type\":\"WebSite\",\"@id\":\"https:\/\/www.clicproducts.eu\/es\/#website\",\"url\":\"https:\/\/www.clicproducts.eu\/es\/\",\"name\":\"CliC Eyewear Official\",\"description\":\"\",\"publisher\":{\"@id\":\"https:\/\/www.clicproducts.eu\/es\/#organization\"},\"potentialAction\":[{\"@type\":\"SearchAction\",\"target\":{\"@type\":\"EntryPoint\",\"urlTemplate\":\"https:\/\/www.clicproducts.eu\/es\/?s={search_term_string}\"},\"query-input\":{\"@type\":\"PropertyValueSpecification\",\"valueRequired\":true,\"valueName\":\"search_term_string\"}}],\"inLanguage\":\"es-ES\"},{\"@type\":\"Organization\",\"@id\":\"https:\/\/www.clicproducts.eu\/es\/#organization\",\"name\":\"CliC Eyewear Official\",\"url\":\"https:\/\/www.clicproducts.eu\/es\/\",\"logo\":{\"@type\":\"ImageObject\",\"inLanguage\":\"es-ES\",\"@id\":\"https:\/\/www.clicproducts.eu\/es\/#\/schema\/logo\/image\/\",\"url\":\"https:\/\/www.clicproducts.eu\/wp-content\/uploads\/cropped-bfc4f25d-nuovologo.png\",\"contentUrl\":\"https:\/\/www.clicproducts.eu\/wp-content\/uploads\/cropped-bfc4f25d-nuovologo.png\",\"width\":250,\"height\":75,\"caption\":\"CliC Eyewear Official\"},\"image\":{\"@id\":\"https:\/\/www.clicproducts.eu\/es\/#\/schema\/logo\/image\/\"}}]}<\/script>\n<meta property=\"og:availability\" content=\"instock\" \/>\n<meta property=\"product:availability\" content=\"instock\" \/>\n<meta property=\"product:retailer_item_id\" content=\"GREEDO012\" \/>\n<meta property=\"product:condition\" content=\"new\" \/>\n<!-- \/ Yoast SEO Premium plugin. -->","yoast_head_json":{"title":"SLASTIK BYSS GREEDO012 VERDE - CliC Eyewear Official","robots":{"index":"index","follow":"follow","max-snippet":"max-snippet:-1","max-image-preview":"max-image-preview:large","max-video-preview":"max-video-preview:-1"},"canonical":"https:\/\/www.clicproducts.eu\/es\/slastik-byss-greedo012-verde\/","og_locale":"es_ES","og_type":"article","og_title":"SLASTIK BYSS GREEDO012 VERDE - CliC Eyewear Official","og_description":"Slastik Greedo: Gafas de lectura flexibles con cierre magn\u00e9tico Slastik Greedo es un modelo semiflexible dise\u00f1ado para m\u00e1xima comodidad y practicidad en el d\u00eda a d\u00eda. Gracias a su innovador cierre magn\u00e9tico frontal, nunca volver\u00e1s a perder tus gafas. Unas gafas que te acompa\u00f1ar\u00e1n en todas tus actividades diarias.","og_url":"https:\/\/www.clicproducts.eu\/es\/slastik-byss-greedo012-verde\/","og_site_name":"CliC Eyewear Official","article_modified_time":"2026-05-04T10:32:06+00:00","og_image":[{"width":800,"height":800,"url":"https:\/\/www.clicproducts.eu\/wp-content\/uploads\/GREEDO012-immagine-in-evidenza.png","type":"image\/png"}],"twitter_card":"summary_large_image","twitter_misc":{"Availability":"In stock"},"schema":{"@context":"https:\/\/schema.org","@graph":[{"@type":"WebPage","@id":"https:\/\/www.clicproducts.eu\/es\/slastik-byss-greedo012-verde\/","url":"https:\/\/www.clicproducts.eu\/es\/slastik-byss-greedo012-verde\/","name":"SLASTIK BYSS GREEDO012 VERDE - CliC Eyewear Official","isPartOf":{"@id":"https:\/\/www.clicproducts.eu\/es\/#website"},"primaryImageOfPage":{"@id":"https:\/\/www.clicproducts.eu\/es\/slastik-byss-greedo012-verde\/#primaryimage"},"image":{"@id":"https:\/\/www.clicproducts.eu\/es\/slastik-byss-greedo012-verde\/#primaryimage"},"thumbnailUrl":"https:\/\/www.clicproducts.eu\/wp-content\/uploads\/GREEDO012-immagine-in-evidenza.png","datePublished":"2026-05-04T10:32:04+00:00","dateModified":"2026-05-04T10:32:06+00:00","breadcrumb":{"@id":"https:\/\/www.clicproducts.eu\/es\/slastik-byss-greedo012-verde\/#breadcrumb"},"inLanguage":"es-ES","potentialAction":[{"@type":"ReadAction","target":["https:\/\/www.clicproducts.eu\/es\/slastik-byss-greedo012-verde\/"]}]},{"@type":"ImageObject","inLanguage":"es-ES","@id":"https:\/\/www.clicproducts.eu\/es\/slastik-byss-greedo012-verde\/#primaryimage","url":"https:\/\/www.clicproducts.eu\/wp-content\/uploads\/GREEDO012-immagine-in-evidenza.png","contentUrl":"https:\/\/www.clicproducts.eu\/wp-content\/uploads\/GREEDO012-immagine-in-evidenza.png","width":800,"height":800},{"@type":"BreadcrumbList","@id":"https:\/\/www.clicproducts.eu\/es\/slastik-byss-greedo012-verde\/#breadcrumb","itemListElement":[{"@type":"ListItem","position":1,"name":"Homepage","item":"https:\/\/www.clicproducts.eu\/es\/"},{"@type":"ListItem","position":2,"name":"Tienda","item":"https:\/\/www.clicproducts.eu\/es\/tienda\/"},{"@type":"ListItem","position":3,"name":"Lectura","item":"https:\/\/www.clicproducts.eu\/es\/lectura\/"},{"@type":"ListItem","position":4,"name":"SLASTIK BYSS GREEDO012 VERDE"}]},{"@type":"WebSite","@id":"https:\/\/www.clicproducts.eu\/es\/#website","url":"https:\/\/www.clicproducts.eu\/es\/","name":"CliC Eyewear Official","description":"","publisher":{"@id":"https:\/\/www.clicproducts.eu\/es\/#organization"},"potentialAction":[{"@type":"SearchAction","target":{"@type":"EntryPoint","urlTemplate":"https:\/\/www.clicproducts.eu\/es\/?s={search_term_string}"},"query-input":{"@type":"PropertyValueSpecification","valueRequired":true,"valueName":"search_term_string"}}],"inLanguage":"es-ES"},{"@type":"Organization","@id":"https:\/\/www.clicproducts.eu\/es\/#organization","name":"CliC Eyewear Official","url":"https:\/\/www.clicproducts.eu\/es\/","logo":{"@type":"ImageObject","inLanguage":"es-ES","@id":"https:\/\/www.clicproducts.eu\/es\/#\/schema\/logo\/image\/","url":"https:\/\/www.clicproducts.eu\/wp-content\/uploads\/cropped-bfc4f25d-nuovologo.png","contentUrl":"https:\/\/www.clicproducts.eu\/wp-content\/uploads\/cropped-bfc4f25d-nuovologo.png","width":250,"height":75,"caption":"CliC Eyewear Official"},"image":{"@id":"https:\/\/www.clicproducts.eu\/es\/#\/schema\/logo\/image\/"}}]},"og_availability":"instock","product_availability":"instock","product_retailer_item_id":"GREEDO012","product_condition":"new"},"_links":{"self":[{"href":"https:\/\/www.clicproducts.eu\/es\/wp-json\/wp\/v2\/product\/18876","targetHints":{"allow":["GET"]}}],"collection":[{"href":"https:\/\/www.clicproducts.eu\/es\/wp-json\/wp\/v2\/product"}],"about":[{"href":"https:\/\/www.clicproducts.eu\/es\/wp-json\/wp\/v2\/types\/product"}],"wp:featuredmedia":[{"embeddable":true,"href":"https:\/\/www.clicproducts.eu\/es\/wp-json\/wp\/v2\/media\/18863"}],"wp:attachment":[{"href":"https:\/\/www.clicproducts.eu\/es\/wp-json\/wp\/v2\/media?parent=18876"}],"wp:term":[{"taxonomy":"product_cat","embeddable":true,"href":"https:\/\/www.clicproducts.eu\/es\/wp-json\/wp\/v2\/product_cat?post=18876"},{"taxonomy":"product_tag","embeddable":true,"href":"https:\/\/www.clicproducts.eu\/es\/wp-json\/wp\/v2\/product_tag?post=18876"},{"taxonomy":"giftcard-category","embeddable":true,"href":"https:\/\/www.clicproducts.eu\/es\/wp-json\/wp\/v2\/giftcard-category?post=18876"}],"curies":[{"name":"wp","href":"https:\/\/api.w.org\/{rel}","templated":true}]}}