{"id":19082,"date":"2026-05-04T16:52:12","date_gmt":"2026-05-04T14:52:12","guid":{"rendered":"https:\/\/www.clicproducts.eu\/?post_type=product&#038;p=19082"},"modified":"2026-05-04T16:52:14","modified_gmt":"2026-05-04T14:52:14","slug":"slastik-byss-acknar013-marron-claro","status":"publish","type":"product","link":"https:\/\/www.clicproducts.eu\/es\/slastik-byss-acknar013-marron-claro\/","title":{"rendered":"SLASTIK BYSS ACKNAR013 MARR\u00d3N CLARO"},"content":{"rendered":"<p>Slastik Acknar presenta:<br \/>\n&#8211; Banda de cuello patentada de doble inyecci\u00f3n, flexible y ligera, para un ajuste perfecto. La banda est\u00e1 hecha de goma hipoalerg\u00e9nica especial. La parte trasera es de silicona no r\u00edgida, lo que garantiza que las gafas se mantengan perfectamente en su lugar incluso con un sombrero, casco o cuello grueso.<br \/>\n&#8211; Sistema de ajuste telesc\u00f3pico patentado, dise\u00f1ado para un ajuste perfecto y para evitar el desgaste.<br \/>\n&#8211; Fijaci\u00f3n frontal magn\u00e9tica con imanes de neodimio.  <\/p>\n<p>Material: TR90<br \/>\nForma: Rectangular<\/p>\n<p>Dimensiones:<br \/>\nFrontal: 136 mm<br \/>\nAltura de la lente: 38 mm<br \/>\nAncho de la lente: 56 mm<br \/>\nPuente: 17 mm<\/p>\n<p>Head size (adjustable): minimum 58 cm and maximum 63 cm<\/p>\n","protected":false},"excerpt":{"rendered":"<p>Slastik Acknar: Gafas de lectura flexibles con cierre magn\u00e9tico<\/p>\n<p>Slastik Acknar es un modelo semiflexible dise\u00f1ado para m\u00e1xima comodidad y practicidad en el d\u00eda a d\u00eda. Gracias a su innovador cierre magn\u00e9tico frontal, nunca volver\u00e1s a perder tus gafas. Unas gafas que te acompa\u00f1ar\u00e1n en todas tus actividades diarias.  <\/p>\n","protected":false},"featured_media":19021,"template":"","meta":{"_acf_changed":false,"ghostkit_customizer_options":"","ghostkit_custom_css":"","ghostkit_custom_js_head":"","ghostkit_custom_js_foot":"","ghostkit_typography":""},"product_cat":[878,479,481,482],"product_tag":[],"giftcard-category":[],"class_list":{"0":"post-19082","1":"product","2":"type-product","3":"status-publish","4":"has-post-thumbnail","6":"product_cat-slastik-es","7":"product_cat-lectura","8":"product_cat-hombre-es","9":"product_cat-mujer-es-lectura","10":"tm-has-options","12":"first","13":"instock","14":"shipping-taxable","15":"purchasable","16":"product-type-variable"},"acf":[],"yoast_head":"<!-- This site is optimized with the Yoast SEO Premium plugin v21.7 (Yoast SEO v26.1.1) - https:\/\/yoast.com\/wordpress\/plugins\/seo\/ -->\n<title>SLASTIK BYSS ACKNAR013 MARR\u00d3N CLARO - CliC Eyewear Official<\/title>\n<meta name=\"robots\" content=\"index, follow, max-snippet:-1, max-image-preview:large, max-video-preview:-1\" \/>\n<link rel=\"canonical\" href=\"https:\/\/www.clicproducts.eu\/es\/slastik-byss-acknar013-marron-claro\/\" \/>\n<meta property=\"og:locale\" content=\"es_ES\" \/>\n<meta property=\"og:type\" content=\"article\" \/>\n<meta property=\"og:title\" content=\"SLASTIK BYSS ACKNAR013 MARR\u00d3N CLARO - CliC Eyewear Official\" \/>\n<meta property=\"og:description\" content=\"Slastik Acknar: Gafas de lectura flexibles con cierre magn\u00e9ticoSlastik Acknar es un modelo semiflexible dise\u00f1ado para m\u00e1xima comodidad y practicidad en el d\u00eda a d\u00eda. Gracias a su innovador cierre magn\u00e9tico frontal, nunca volver\u00e1s a perder tus gafas. Unas gafas que te acompa\u00f1ar\u00e1n en todas tus actividades diarias.\" \/>\n<meta property=\"og:url\" content=\"https:\/\/www.clicproducts.eu\/es\/slastik-byss-acknar013-marron-claro\/\" \/>\n<meta property=\"og:site_name\" content=\"CliC Eyewear Official\" \/>\n<meta property=\"article:modified_time\" content=\"2026-05-04T14:52:14+00:00\" \/>\n<meta property=\"og:image\" content=\"https:\/\/www.clicproducts.eu\/wp-content\/uploads\/ACKNAR013-immagine-in-evidenza.png\" \/>\n\t<meta property=\"og:image:width\" content=\"800\" \/>\n\t<meta property=\"og:image:height\" content=\"800\" \/>\n\t<meta property=\"og:image:type\" content=\"image\/png\" \/>\n<meta name=\"twitter:card\" content=\"summary_large_image\" \/>\n<meta name=\"twitter:label1\" content=\"Availability\" \/>\n\t<meta name=\"twitter:data1\" content=\"In stock\" \/>\n<script type=\"application\/ld+json\" class=\"yoast-schema-graph\">{\"@context\":\"https:\/\/schema.org\",\"@graph\":[{\"@type\":\"WebPage\",\"@id\":\"https:\/\/www.clicproducts.eu\/es\/slastik-byss-acknar013-marron-claro\/\",\"url\":\"https:\/\/www.clicproducts.eu\/es\/slastik-byss-acknar013-marron-claro\/\",\"name\":\"SLASTIK BYSS ACKNAR013 MARR\u00d3N CLARO - CliC Eyewear Official\",\"isPartOf\":{\"@id\":\"https:\/\/www.clicproducts.eu\/es\/#website\"},\"primaryImageOfPage\":{\"@id\":\"https:\/\/www.clicproducts.eu\/es\/slastik-byss-acknar013-marron-claro\/#primaryimage\"},\"image\":{\"@id\":\"https:\/\/www.clicproducts.eu\/es\/slastik-byss-acknar013-marron-claro\/#primaryimage\"},\"thumbnailUrl\":\"https:\/\/www.clicproducts.eu\/wp-content\/uploads\/ACKNAR013-immagine-in-evidenza.png\",\"datePublished\":\"2026-05-04T14:52:12+00:00\",\"dateModified\":\"2026-05-04T14:52:14+00:00\",\"breadcrumb\":{\"@id\":\"https:\/\/www.clicproducts.eu\/es\/slastik-byss-acknar013-marron-claro\/#breadcrumb\"},\"inLanguage\":\"es-ES\",\"potentialAction\":[{\"@type\":\"ReadAction\",\"target\":[\"https:\/\/www.clicproducts.eu\/es\/slastik-byss-acknar013-marron-claro\/\"]}]},{\"@type\":\"ImageObject\",\"inLanguage\":\"es-ES\",\"@id\":\"https:\/\/www.clicproducts.eu\/es\/slastik-byss-acknar013-marron-claro\/#primaryimage\",\"url\":\"https:\/\/www.clicproducts.eu\/wp-content\/uploads\/ACKNAR013-immagine-in-evidenza.png\",\"contentUrl\":\"https:\/\/www.clicproducts.eu\/wp-content\/uploads\/ACKNAR013-immagine-in-evidenza.png\",\"width\":800,\"height\":800},{\"@type\":\"BreadcrumbList\",\"@id\":\"https:\/\/www.clicproducts.eu\/es\/slastik-byss-acknar013-marron-claro\/#breadcrumb\",\"itemListElement\":[{\"@type\":\"ListItem\",\"position\":1,\"name\":\"Homepage\",\"item\":\"https:\/\/www.clicproducts.eu\/es\/\"},{\"@type\":\"ListItem\",\"position\":2,\"name\":\"Tienda\",\"item\":\"https:\/\/www.clicproducts.eu\/es\/tienda\/\"},{\"@type\":\"ListItem\",\"position\":3,\"name\":\"Lectura\",\"item\":\"https:\/\/www.clicproducts.eu\/es\/lectura\/\"},{\"@type\":\"ListItem\",\"position\":4,\"name\":\"SLASTIK BYSS ACKNAR013 MARR\u00d3N CLARO\"}]},{\"@type\":\"WebSite\",\"@id\":\"https:\/\/www.clicproducts.eu\/es\/#website\",\"url\":\"https:\/\/www.clicproducts.eu\/es\/\",\"name\":\"CliC Eyewear Official\",\"description\":\"\",\"publisher\":{\"@id\":\"https:\/\/www.clicproducts.eu\/es\/#organization\"},\"potentialAction\":[{\"@type\":\"SearchAction\",\"target\":{\"@type\":\"EntryPoint\",\"urlTemplate\":\"https:\/\/www.clicproducts.eu\/es\/?s={search_term_string}\"},\"query-input\":{\"@type\":\"PropertyValueSpecification\",\"valueRequired\":true,\"valueName\":\"search_term_string\"}}],\"inLanguage\":\"es-ES\"},{\"@type\":\"Organization\",\"@id\":\"https:\/\/www.clicproducts.eu\/es\/#organization\",\"name\":\"CliC Eyewear Official\",\"url\":\"https:\/\/www.clicproducts.eu\/es\/\",\"logo\":{\"@type\":\"ImageObject\",\"inLanguage\":\"es-ES\",\"@id\":\"https:\/\/www.clicproducts.eu\/es\/#\/schema\/logo\/image\/\",\"url\":\"https:\/\/www.clicproducts.eu\/wp-content\/uploads\/cropped-bfc4f25d-nuovologo.png\",\"contentUrl\":\"https:\/\/www.clicproducts.eu\/wp-content\/uploads\/cropped-bfc4f25d-nuovologo.png\",\"width\":250,\"height\":75,\"caption\":\"CliC Eyewear Official\"},\"image\":{\"@id\":\"https:\/\/www.clicproducts.eu\/es\/#\/schema\/logo\/image\/\"}}]}<\/script>\n<meta property=\"og:availability\" content=\"instock\" \/>\n<meta property=\"product:availability\" content=\"instock\" \/>\n<meta property=\"product:retailer_item_id\" content=\"ACKNAR013\" \/>\n<meta property=\"product:condition\" content=\"new\" \/>\n<!-- \/ Yoast SEO Premium plugin. -->","yoast_head_json":{"title":"SLASTIK BYSS ACKNAR013 MARR\u00d3N CLARO - CliC Eyewear Official","robots":{"index":"index","follow":"follow","max-snippet":"max-snippet:-1","max-image-preview":"max-image-preview:large","max-video-preview":"max-video-preview:-1"},"canonical":"https:\/\/www.clicproducts.eu\/es\/slastik-byss-acknar013-marron-claro\/","og_locale":"es_ES","og_type":"article","og_title":"SLASTIK BYSS ACKNAR013 MARR\u00d3N CLARO - CliC Eyewear Official","og_description":"Slastik Acknar: Gafas de lectura flexibles con cierre magn\u00e9ticoSlastik Acknar es un modelo semiflexible dise\u00f1ado para m\u00e1xima comodidad y practicidad en el d\u00eda a d\u00eda. Gracias a su innovador cierre magn\u00e9tico frontal, nunca volver\u00e1s a perder tus gafas. Unas gafas que te acompa\u00f1ar\u00e1n en todas tus actividades diarias.","og_url":"https:\/\/www.clicproducts.eu\/es\/slastik-byss-acknar013-marron-claro\/","og_site_name":"CliC Eyewear Official","article_modified_time":"2026-05-04T14:52:14+00:00","og_image":[{"width":800,"height":800,"url":"https:\/\/www.clicproducts.eu\/wp-content\/uploads\/ACKNAR013-immagine-in-evidenza.png","type":"image\/png"}],"twitter_card":"summary_large_image","twitter_misc":{"Availability":"In stock"},"schema":{"@context":"https:\/\/schema.org","@graph":[{"@type":"WebPage","@id":"https:\/\/www.clicproducts.eu\/es\/slastik-byss-acknar013-marron-claro\/","url":"https:\/\/www.clicproducts.eu\/es\/slastik-byss-acknar013-marron-claro\/","name":"SLASTIK BYSS ACKNAR013 MARR\u00d3N CLARO - CliC Eyewear Official","isPartOf":{"@id":"https:\/\/www.clicproducts.eu\/es\/#website"},"primaryImageOfPage":{"@id":"https:\/\/www.clicproducts.eu\/es\/slastik-byss-acknar013-marron-claro\/#primaryimage"},"image":{"@id":"https:\/\/www.clicproducts.eu\/es\/slastik-byss-acknar013-marron-claro\/#primaryimage"},"thumbnailUrl":"https:\/\/www.clicproducts.eu\/wp-content\/uploads\/ACKNAR013-immagine-in-evidenza.png","datePublished":"2026-05-04T14:52:12+00:00","dateModified":"2026-05-04T14:52:14+00:00","breadcrumb":{"@id":"https:\/\/www.clicproducts.eu\/es\/slastik-byss-acknar013-marron-claro\/#breadcrumb"},"inLanguage":"es-ES","potentialAction":[{"@type":"ReadAction","target":["https:\/\/www.clicproducts.eu\/es\/slastik-byss-acknar013-marron-claro\/"]}]},{"@type":"ImageObject","inLanguage":"es-ES","@id":"https:\/\/www.clicproducts.eu\/es\/slastik-byss-acknar013-marron-claro\/#primaryimage","url":"https:\/\/www.clicproducts.eu\/wp-content\/uploads\/ACKNAR013-immagine-in-evidenza.png","contentUrl":"https:\/\/www.clicproducts.eu\/wp-content\/uploads\/ACKNAR013-immagine-in-evidenza.png","width":800,"height":800},{"@type":"BreadcrumbList","@id":"https:\/\/www.clicproducts.eu\/es\/slastik-byss-acknar013-marron-claro\/#breadcrumb","itemListElement":[{"@type":"ListItem","position":1,"name":"Homepage","item":"https:\/\/www.clicproducts.eu\/es\/"},{"@type":"ListItem","position":2,"name":"Tienda","item":"https:\/\/www.clicproducts.eu\/es\/tienda\/"},{"@type":"ListItem","position":3,"name":"Lectura","item":"https:\/\/www.clicproducts.eu\/es\/lectura\/"},{"@type":"ListItem","position":4,"name":"SLASTIK BYSS ACKNAR013 MARR\u00d3N CLARO"}]},{"@type":"WebSite","@id":"https:\/\/www.clicproducts.eu\/es\/#website","url":"https:\/\/www.clicproducts.eu\/es\/","name":"CliC Eyewear Official","description":"","publisher":{"@id":"https:\/\/www.clicproducts.eu\/es\/#organization"},"potentialAction":[{"@type":"SearchAction","target":{"@type":"EntryPoint","urlTemplate":"https:\/\/www.clicproducts.eu\/es\/?s={search_term_string}"},"query-input":{"@type":"PropertyValueSpecification","valueRequired":true,"valueName":"search_term_string"}}],"inLanguage":"es-ES"},{"@type":"Organization","@id":"https:\/\/www.clicproducts.eu\/es\/#organization","name":"CliC Eyewear Official","url":"https:\/\/www.clicproducts.eu\/es\/","logo":{"@type":"ImageObject","inLanguage":"es-ES","@id":"https:\/\/www.clicproducts.eu\/es\/#\/schema\/logo\/image\/","url":"https:\/\/www.clicproducts.eu\/wp-content\/uploads\/cropped-bfc4f25d-nuovologo.png","contentUrl":"https:\/\/www.clicproducts.eu\/wp-content\/uploads\/cropped-bfc4f25d-nuovologo.png","width":250,"height":75,"caption":"CliC Eyewear Official"},"image":{"@id":"https:\/\/www.clicproducts.eu\/es\/#\/schema\/logo\/image\/"}}]},"og_availability":"instock","product_availability":"instock","product_retailer_item_id":"ACKNAR013","product_condition":"new"},"_links":{"self":[{"href":"https:\/\/www.clicproducts.eu\/es\/wp-json\/wp\/v2\/product\/19082","targetHints":{"allow":["GET"]}}],"collection":[{"href":"https:\/\/www.clicproducts.eu\/es\/wp-json\/wp\/v2\/product"}],"about":[{"href":"https:\/\/www.clicproducts.eu\/es\/wp-json\/wp\/v2\/types\/product"}],"wp:featuredmedia":[{"embeddable":true,"href":"https:\/\/www.clicproducts.eu\/es\/wp-json\/wp\/v2\/media\/19021"}],"wp:attachment":[{"href":"https:\/\/www.clicproducts.eu\/es\/wp-json\/wp\/v2\/media?parent=19082"}],"wp:term":[{"taxonomy":"product_cat","embeddable":true,"href":"https:\/\/www.clicproducts.eu\/es\/wp-json\/wp\/v2\/product_cat?post=19082"},{"taxonomy":"product_tag","embeddable":true,"href":"https:\/\/www.clicproducts.eu\/es\/wp-json\/wp\/v2\/product_tag?post=19082"},{"taxonomy":"giftcard-category","embeddable":true,"href":"https:\/\/www.clicproducts.eu\/es\/wp-json\/wp\/v2\/giftcard-category?post=19082"}],"curies":[{"name":"wp","href":"https:\/\/api.w.org\/{rel}","templated":true}]}}