{"id":19197,"date":"2026-05-04T14:40:30","date_gmt":"2026-05-04T12:40:30","guid":{"rendered":"https:\/\/www.clicproducts.eu\/?post_type=product&#038;p=19197"},"modified":"2026-05-04T14:40:33","modified_gmt":"2026-05-04T12:40:33","slug":"slastik-byss-wicket013-azul-opaco","status":"publish","type":"product","link":"https:\/\/www.clicproducts.eu\/es\/slastik-byss-wicket013-azul-opaco\/","title":{"rendered":"SLASTIK BYSS WICKET013 AZUL OPACO"},"content":{"rendered":"<p>Slastik Wicket presenta:<br \/>\n&#8211; Banda de cuello patentada de doble inyecci\u00f3n, flexible y ligera, para un ajuste perfecto a la circunferencia de la cabeza. La banda est\u00e1 hecha de goma hipoalerg\u00e9nica especial. La parte trasera es de silicona no r\u00edgida, lo que garantiza que las gafas se mantengan perfectamente en su lugar incluso con un sombrero, casco o cuello grueso.<br \/>\n&#8211; Sistema de ajuste telesc\u00f3pico patentado, dise\u00f1ado para un ajuste perfecto y para evitar el desgaste.<br \/>\n&#8211; Fijaci\u00f3n frontal magn\u00e9tica con imanes de neodimio.  <\/p>\n<p>Material: TR90<br \/>\nForma: Pantos<\/p>\n<p>Dimensiones:<br \/>\nFrontal: 132 mm<br \/>\nAltura de la lente: 41 mm<br \/>\nAncho de la lente: 48 mm<br \/>\nPuente: 20 mm<\/p>\n<p>Circunferencia de la cabeza (ajustable): m\u00ednimo 56 cm y m\u00e1ximo 61 cm<\/p>\n","protected":false},"excerpt":{"rendered":"<p>Slastik Wicket: Gafas de lectura flexibles con cierre magn\u00e9tico<\/p>\n<p>The Slastik Wicket is a semi-flexible model designed for maximum wearing comfort and daily convenience. Thanks to the innovative magnetic closure at the front, you will never lose your glasses again. A pair of glasses that will accompany you to any daily activity.  <\/p>\n","protected":false},"featured_media":18623,"template":"","meta":{"_acf_changed":false,"ghostkit_customizer_options":"","ghostkit_custom_css":"","ghostkit_custom_js_head":"","ghostkit_custom_js_foot":"","ghostkit_typography":""},"product_cat":[878,479,481,482],"product_tag":[],"giftcard-category":[],"class_list":{"0":"post-19197","1":"product","2":"type-product","3":"status-publish","4":"has-post-thumbnail","6":"product_cat-slastik-es","7":"product_cat-lectura","8":"product_cat-hombre-es","9":"product_cat-mujer-es-lectura","10":"tm-has-options","12":"first","13":"instock","14":"shipping-taxable","15":"purchasable","16":"product-type-variable"},"acf":[],"yoast_head":"<!-- This site is optimized with the Yoast SEO Premium plugin v21.7 (Yoast SEO v26.1.1) - https:\/\/yoast.com\/wordpress\/plugins\/seo\/ -->\n<title>SLASTIK BYSS WICKET013 AZUL OPACO - CliC Eyewear Official<\/title>\n<meta name=\"robots\" content=\"index, follow, max-snippet:-1, max-image-preview:large, max-video-preview:-1\" \/>\n<link rel=\"canonical\" href=\"https:\/\/www.clicproducts.eu\/es\/slastik-byss-wicket013-azul-opaco\/\" \/>\n<meta property=\"og:locale\" content=\"es_ES\" \/>\n<meta property=\"og:type\" content=\"article\" \/>\n<meta property=\"og:title\" content=\"SLASTIK BYSS WICKET013 AZUL OPACO - CliC Eyewear Official\" \/>\n<meta property=\"og:description\" content=\"Slastik Wicket: Gafas de lectura flexibles con cierre magn\u00e9tico The Slastik Wicket is a semi-flexible model designed for maximum wearing comfort and daily convenience. Thanks to the innovative magnetic closure at the front, you will never lose your glasses again. A pair of glasses that will accompany you to any daily activity.\" \/>\n<meta property=\"og:url\" content=\"https:\/\/www.clicproducts.eu\/es\/slastik-byss-wicket013-azul-opaco\/\" \/>\n<meta property=\"og:site_name\" content=\"CliC Eyewear Official\" \/>\n<meta property=\"article:modified_time\" content=\"2026-05-04T12:40:33+00:00\" \/>\n<meta property=\"og:image\" content=\"https:\/\/www.clicproducts.eu\/wp-content\/uploads\/WICKET013-immagine-in-evidenza.png\" \/>\n\t<meta property=\"og:image:width\" content=\"800\" \/>\n\t<meta property=\"og:image:height\" content=\"800\" \/>\n\t<meta property=\"og:image:type\" content=\"image\/png\" \/>\n<meta name=\"twitter:card\" content=\"summary_large_image\" \/>\n<meta name=\"twitter:label1\" content=\"Availability\" \/>\n\t<meta name=\"twitter:data1\" content=\"In stock\" \/>\n<script type=\"application\/ld+json\" class=\"yoast-schema-graph\">{\"@context\":\"https:\/\/schema.org\",\"@graph\":[{\"@type\":\"WebPage\",\"@id\":\"https:\/\/www.clicproducts.eu\/es\/slastik-byss-wicket013-azul-opaco\/\",\"url\":\"https:\/\/www.clicproducts.eu\/es\/slastik-byss-wicket013-azul-opaco\/\",\"name\":\"SLASTIK BYSS WICKET013 AZUL OPACO - CliC Eyewear Official\",\"isPartOf\":{\"@id\":\"https:\/\/www.clicproducts.eu\/es\/#website\"},\"primaryImageOfPage\":{\"@id\":\"https:\/\/www.clicproducts.eu\/es\/slastik-byss-wicket013-azul-opaco\/#primaryimage\"},\"image\":{\"@id\":\"https:\/\/www.clicproducts.eu\/es\/slastik-byss-wicket013-azul-opaco\/#primaryimage\"},\"thumbnailUrl\":\"https:\/\/www.clicproducts.eu\/wp-content\/uploads\/WICKET013-immagine-in-evidenza.png\",\"datePublished\":\"2026-05-04T12:40:30+00:00\",\"dateModified\":\"2026-05-04T12:40:33+00:00\",\"breadcrumb\":{\"@id\":\"https:\/\/www.clicproducts.eu\/es\/slastik-byss-wicket013-azul-opaco\/#breadcrumb\"},\"inLanguage\":\"es-ES\",\"potentialAction\":[{\"@type\":\"ReadAction\",\"target\":[\"https:\/\/www.clicproducts.eu\/es\/slastik-byss-wicket013-azul-opaco\/\"]}]},{\"@type\":\"ImageObject\",\"inLanguage\":\"es-ES\",\"@id\":\"https:\/\/www.clicproducts.eu\/es\/slastik-byss-wicket013-azul-opaco\/#primaryimage\",\"url\":\"https:\/\/www.clicproducts.eu\/wp-content\/uploads\/WICKET013-immagine-in-evidenza.png\",\"contentUrl\":\"https:\/\/www.clicproducts.eu\/wp-content\/uploads\/WICKET013-immagine-in-evidenza.png\",\"width\":800,\"height\":800},{\"@type\":\"BreadcrumbList\",\"@id\":\"https:\/\/www.clicproducts.eu\/es\/slastik-byss-wicket013-azul-opaco\/#breadcrumb\",\"itemListElement\":[{\"@type\":\"ListItem\",\"position\":1,\"name\":\"Homepage\",\"item\":\"https:\/\/www.clicproducts.eu\/es\/\"},{\"@type\":\"ListItem\",\"position\":2,\"name\":\"Tienda\",\"item\":\"https:\/\/www.clicproducts.eu\/es\/tienda\/\"},{\"@type\":\"ListItem\",\"position\":3,\"name\":\"Lectura\",\"item\":\"https:\/\/www.clicproducts.eu\/es\/lectura\/\"},{\"@type\":\"ListItem\",\"position\":4,\"name\":\"SLASTIK BYSS WICKET013 AZUL OPACO\"}]},{\"@type\":\"WebSite\",\"@id\":\"https:\/\/www.clicproducts.eu\/es\/#website\",\"url\":\"https:\/\/www.clicproducts.eu\/es\/\",\"name\":\"CliC Eyewear Official\",\"description\":\"\",\"publisher\":{\"@id\":\"https:\/\/www.clicproducts.eu\/es\/#organization\"},\"potentialAction\":[{\"@type\":\"SearchAction\",\"target\":{\"@type\":\"EntryPoint\",\"urlTemplate\":\"https:\/\/www.clicproducts.eu\/es\/?s={search_term_string}\"},\"query-input\":{\"@type\":\"PropertyValueSpecification\",\"valueRequired\":true,\"valueName\":\"search_term_string\"}}],\"inLanguage\":\"es-ES\"},{\"@type\":\"Organization\",\"@id\":\"https:\/\/www.clicproducts.eu\/es\/#organization\",\"name\":\"CliC Eyewear Official\",\"url\":\"https:\/\/www.clicproducts.eu\/es\/\",\"logo\":{\"@type\":\"ImageObject\",\"inLanguage\":\"es-ES\",\"@id\":\"https:\/\/www.clicproducts.eu\/es\/#\/schema\/logo\/image\/\",\"url\":\"https:\/\/www.clicproducts.eu\/wp-content\/uploads\/cropped-bfc4f25d-nuovologo.png\",\"contentUrl\":\"https:\/\/www.clicproducts.eu\/wp-content\/uploads\/cropped-bfc4f25d-nuovologo.png\",\"width\":250,\"height\":75,\"caption\":\"CliC Eyewear Official\"},\"image\":{\"@id\":\"https:\/\/www.clicproducts.eu\/es\/#\/schema\/logo\/image\/\"}}]}<\/script>\n<meta property=\"og:availability\" content=\"instock\" \/>\n<meta property=\"product:availability\" content=\"instock\" \/>\n<meta property=\"product:retailer_item_id\" content=\"WICKET013\" \/>\n<meta property=\"product:condition\" content=\"new\" \/>\n<!-- \/ Yoast SEO Premium plugin. -->","yoast_head_json":{"title":"SLASTIK BYSS WICKET013 AZUL OPACO - CliC Eyewear Official","robots":{"index":"index","follow":"follow","max-snippet":"max-snippet:-1","max-image-preview":"max-image-preview:large","max-video-preview":"max-video-preview:-1"},"canonical":"https:\/\/www.clicproducts.eu\/es\/slastik-byss-wicket013-azul-opaco\/","og_locale":"es_ES","og_type":"article","og_title":"SLASTIK BYSS WICKET013 AZUL OPACO - CliC Eyewear Official","og_description":"Slastik Wicket: Gafas de lectura flexibles con cierre magn\u00e9tico The Slastik Wicket is a semi-flexible model designed for maximum wearing comfort and daily convenience. Thanks to the innovative magnetic closure at the front, you will never lose your glasses again. A pair of glasses that will accompany you to any daily activity.","og_url":"https:\/\/www.clicproducts.eu\/es\/slastik-byss-wicket013-azul-opaco\/","og_site_name":"CliC Eyewear Official","article_modified_time":"2026-05-04T12:40:33+00:00","og_image":[{"width":800,"height":800,"url":"https:\/\/www.clicproducts.eu\/wp-content\/uploads\/WICKET013-immagine-in-evidenza.png","type":"image\/png"}],"twitter_card":"summary_large_image","twitter_misc":{"Availability":"In stock"},"schema":{"@context":"https:\/\/schema.org","@graph":[{"@type":"WebPage","@id":"https:\/\/www.clicproducts.eu\/es\/slastik-byss-wicket013-azul-opaco\/","url":"https:\/\/www.clicproducts.eu\/es\/slastik-byss-wicket013-azul-opaco\/","name":"SLASTIK BYSS WICKET013 AZUL OPACO - CliC Eyewear Official","isPartOf":{"@id":"https:\/\/www.clicproducts.eu\/es\/#website"},"primaryImageOfPage":{"@id":"https:\/\/www.clicproducts.eu\/es\/slastik-byss-wicket013-azul-opaco\/#primaryimage"},"image":{"@id":"https:\/\/www.clicproducts.eu\/es\/slastik-byss-wicket013-azul-opaco\/#primaryimage"},"thumbnailUrl":"https:\/\/www.clicproducts.eu\/wp-content\/uploads\/WICKET013-immagine-in-evidenza.png","datePublished":"2026-05-04T12:40:30+00:00","dateModified":"2026-05-04T12:40:33+00:00","breadcrumb":{"@id":"https:\/\/www.clicproducts.eu\/es\/slastik-byss-wicket013-azul-opaco\/#breadcrumb"},"inLanguage":"es-ES","potentialAction":[{"@type":"ReadAction","target":["https:\/\/www.clicproducts.eu\/es\/slastik-byss-wicket013-azul-opaco\/"]}]},{"@type":"ImageObject","inLanguage":"es-ES","@id":"https:\/\/www.clicproducts.eu\/es\/slastik-byss-wicket013-azul-opaco\/#primaryimage","url":"https:\/\/www.clicproducts.eu\/wp-content\/uploads\/WICKET013-immagine-in-evidenza.png","contentUrl":"https:\/\/www.clicproducts.eu\/wp-content\/uploads\/WICKET013-immagine-in-evidenza.png","width":800,"height":800},{"@type":"BreadcrumbList","@id":"https:\/\/www.clicproducts.eu\/es\/slastik-byss-wicket013-azul-opaco\/#breadcrumb","itemListElement":[{"@type":"ListItem","position":1,"name":"Homepage","item":"https:\/\/www.clicproducts.eu\/es\/"},{"@type":"ListItem","position":2,"name":"Tienda","item":"https:\/\/www.clicproducts.eu\/es\/tienda\/"},{"@type":"ListItem","position":3,"name":"Lectura","item":"https:\/\/www.clicproducts.eu\/es\/lectura\/"},{"@type":"ListItem","position":4,"name":"SLASTIK BYSS WICKET013 AZUL OPACO"}]},{"@type":"WebSite","@id":"https:\/\/www.clicproducts.eu\/es\/#website","url":"https:\/\/www.clicproducts.eu\/es\/","name":"CliC Eyewear Official","description":"","publisher":{"@id":"https:\/\/www.clicproducts.eu\/es\/#organization"},"potentialAction":[{"@type":"SearchAction","target":{"@type":"EntryPoint","urlTemplate":"https:\/\/www.clicproducts.eu\/es\/?s={search_term_string}"},"query-input":{"@type":"PropertyValueSpecification","valueRequired":true,"valueName":"search_term_string"}}],"inLanguage":"es-ES"},{"@type":"Organization","@id":"https:\/\/www.clicproducts.eu\/es\/#organization","name":"CliC Eyewear Official","url":"https:\/\/www.clicproducts.eu\/es\/","logo":{"@type":"ImageObject","inLanguage":"es-ES","@id":"https:\/\/www.clicproducts.eu\/es\/#\/schema\/logo\/image\/","url":"https:\/\/www.clicproducts.eu\/wp-content\/uploads\/cropped-bfc4f25d-nuovologo.png","contentUrl":"https:\/\/www.clicproducts.eu\/wp-content\/uploads\/cropped-bfc4f25d-nuovologo.png","width":250,"height":75,"caption":"CliC Eyewear Official"},"image":{"@id":"https:\/\/www.clicproducts.eu\/es\/#\/schema\/logo\/image\/"}}]},"og_availability":"instock","product_availability":"instock","product_retailer_item_id":"WICKET013","product_condition":"new"},"_links":{"self":[{"href":"https:\/\/www.clicproducts.eu\/es\/wp-json\/wp\/v2\/product\/19197","targetHints":{"allow":["GET"]}}],"collection":[{"href":"https:\/\/www.clicproducts.eu\/es\/wp-json\/wp\/v2\/product"}],"about":[{"href":"https:\/\/www.clicproducts.eu\/es\/wp-json\/wp\/v2\/types\/product"}],"wp:featuredmedia":[{"embeddable":true,"href":"https:\/\/www.clicproducts.eu\/es\/wp-json\/wp\/v2\/media\/18623"}],"wp:attachment":[{"href":"https:\/\/www.clicproducts.eu\/es\/wp-json\/wp\/v2\/media?parent=19197"}],"wp:term":[{"taxonomy":"product_cat","embeddable":true,"href":"https:\/\/www.clicproducts.eu\/es\/wp-json\/wp\/v2\/product_cat?post=19197"},{"taxonomy":"product_tag","embeddable":true,"href":"https:\/\/www.clicproducts.eu\/es\/wp-json\/wp\/v2\/product_tag?post=19197"},{"taxonomy":"giftcard-category","embeddable":true,"href":"https:\/\/www.clicproducts.eu\/es\/wp-json\/wp\/v2\/giftcard-category?post=19197"}],"curies":[{"name":"wp","href":"https:\/\/api.w.org\/{rel}","templated":true}]}}