{"id":5640,"date":"2023-11-02T09:50:29","date_gmt":"2023-11-02T08:50:29","guid":{"rendered":"https:\/\/clic1.wpenginepowered.com\/prodotto\/clic-flex-sterling-negro\/"},"modified":"2024-01-30T12:48:04","modified_gmt":"2024-01-30T11:48:04","slug":"clic-flex-sterling-negro","status":"publish","type":"product","link":"https:\/\/www.clicproducts.eu\/es\/lectura\/clic-flex-sterling-negro\/","title":{"rendered":"Flex Sterling Negro"},"content":{"rendered":"<p>El CliC Sterling destaca por:<br \/>\n&#8211; Las almohadillas nasales de silicona, que aumentan la comodidad al mejorar el apoyo en la nariz;<br \/>\n&#8211; La posibilidad de ajustar el \u00e1ngulo pantosc\u00f3pico;<br \/>\n&#8211; El collar\u00edn de silicona suave con tecnolog\u00eda Flex\u00ae, que garantiza una portabilidad premium y un confort extremo;<br \/>\n&#8211; Tornillos de acero;<br \/>\n&#8211; Cierre magn\u00e9tico con apertura frontal: el im\u00e1n est\u00e1 hecho de neodimio, patentado y seguro para los usuarios con marcapasos;<br \/>\n&#8211; Patillas extensibles sin n\u00edquel;<br \/>\n&#8211; Lentes certificadas y testadas;<br \/>\n&#8211; Gafas con Marcado CE.<\/p>\n","protected":false},"excerpt":{"rendered":"<p>Las CliC Sterling son las primeras gafas CliC de metal con conexi\u00f3n magn\u00e9tica.<\/p>\n<p>El refinado dise\u00f1o de metal satinado en el frontal, con sus suaves l\u00edneas, realza la meticulosa atenci\u00f3n al detalle que tambi\u00e9n se aprecia en las patillas, y confiere al modelo el equilibrio perfecto entre elegancia y modernidad.<\/p>\n","protected":false},"featured_media":5641,"template":"","meta":{"_acf_changed":false,"ghostkit_customizer_options":"","ghostkit_custom_css":"","ghostkit_custom_js_head":"","ghostkit_custom_js_foot":"","ghostkit_typography":""},"product_cat":[480,481,479,482],"product_tag":[],"giftcard-category":[],"class_list":{"0":"post-5640","1":"product","2":"type-product","3":"status-publish","4":"has-post-thumbnail","6":"product_cat-flex-es","7":"product_cat-hombre-es","8":"product_cat-lectura","9":"product_cat-mujer-es-lectura","10":"pa_gradazioni-1-5-es","11":"pa_gradazioni-2-0-es","12":"pa_gradazioni-2-5-es","13":"pa_gradazioni-3-0-es","14":"pa_modalita-duso-lectura","15":"tm-has-options","17":"first","18":"instock","19":"sale","20":"shipping-taxable","21":"purchasable","22":"product-type-variable"},"acf":[],"yoast_head":"<!-- This site is optimized with the Yoast SEO Premium plugin v21.7 (Yoast SEO v26.1.1) - https:\/\/yoast.com\/wordpress\/plugins\/seo\/ -->\n<title>Flex Sterling Negro - CliC Eyewear Official<\/title>\n<meta name=\"robots\" content=\"index, follow, max-snippet:-1, max-image-preview:large, max-video-preview:-1\" \/>\n<link rel=\"canonical\" href=\"https:\/\/www.clicproducts.eu\/es\/lectura\/clic-flex-sterling-negro\/\" \/>\n<meta property=\"og:locale\" content=\"es_ES\" \/>\n<meta property=\"og:type\" content=\"article\" \/>\n<meta property=\"og:title\" content=\"Flex Sterling Negro - CliC Eyewear Official\" \/>\n<meta property=\"og:description\" content=\"Las CliC Sterling son las primeras gafas CliC de metal con conexi\u00f3n magn\u00e9tica. El refinado dise\u00f1o de metal satinado en el frontal, con sus suaves l\u00edneas, realza la meticulosa atenci\u00f3n al detalle que tambi\u00e9n se aprecia en las patillas, y confiere al modelo el equilibrio perfecto entre elegancia y modernidad.\" \/>\n<meta property=\"og:url\" content=\"https:\/\/www.clicproducts.eu\/es\/lectura\/clic-flex-sterling-negro\/\" \/>\n<meta property=\"og:site_name\" content=\"CliC Eyewear Official\" \/>\n<meta property=\"article:modified_time\" content=\"2024-01-30T11:48:04+00:00\" \/>\n<meta property=\"og:image\" content=\"https:\/\/www.clicproducts.eu\/wp-content\/uploads\/CSXMFNN-immagine-in-evidenza.png\" \/>\n\t<meta property=\"og:image:width\" content=\"800\" \/>\n\t<meta property=\"og:image:height\" content=\"800\" \/>\n\t<meta property=\"og:image:type\" content=\"image\/png\" \/>\n<meta name=\"twitter:card\" content=\"summary_large_image\" \/>\n<meta name=\"twitter:label1\" content=\"Availability\" \/>\n\t<meta name=\"twitter:data1\" content=\"In stock\" \/>\n<script type=\"application\/ld+json\" class=\"yoast-schema-graph\">{\"@context\":\"https:\/\/schema.org\",\"@graph\":[{\"@type\":\"WebPage\",\"@id\":\"https:\/\/www.clicproducts.eu\/es\/lectura\/clic-flex-sterling-negro\/\",\"url\":\"https:\/\/www.clicproducts.eu\/es\/lectura\/clic-flex-sterling-negro\/\",\"name\":\"Flex Sterling Negro - CliC Eyewear Official\",\"isPartOf\":{\"@id\":\"https:\/\/www.clicproducts.eu\/es\/#website\"},\"primaryImageOfPage\":{\"@id\":\"https:\/\/www.clicproducts.eu\/es\/lectura\/clic-flex-sterling-negro\/#primaryimage\"},\"image\":{\"@id\":\"https:\/\/www.clicproducts.eu\/es\/lectura\/clic-flex-sterling-negro\/#primaryimage\"},\"thumbnailUrl\":\"https:\/\/www.clicproducts.eu\/wp-content\/uploads\/CSXMFNN-immagine-in-evidenza.png\",\"datePublished\":\"2023-11-02T08:50:29+00:00\",\"dateModified\":\"2024-01-30T11:48:04+00:00\",\"breadcrumb\":{\"@id\":\"https:\/\/www.clicproducts.eu\/es\/lectura\/clic-flex-sterling-negro\/#breadcrumb\"},\"inLanguage\":\"es-ES\",\"potentialAction\":[{\"@type\":\"ReadAction\",\"target\":[\"https:\/\/www.clicproducts.eu\/es\/lectura\/clic-flex-sterling-negro\/\"]}]},{\"@type\":\"ImageObject\",\"inLanguage\":\"es-ES\",\"@id\":\"https:\/\/www.clicproducts.eu\/es\/lectura\/clic-flex-sterling-negro\/#primaryimage\",\"url\":\"https:\/\/www.clicproducts.eu\/wp-content\/uploads\/CSXMFNN-immagine-in-evidenza.png\",\"contentUrl\":\"https:\/\/www.clicproducts.eu\/wp-content\/uploads\/CSXMFNN-immagine-in-evidenza.png\",\"width\":800,\"height\":800},{\"@type\":\"BreadcrumbList\",\"@id\":\"https:\/\/www.clicproducts.eu\/es\/lectura\/clic-flex-sterling-negro\/#breadcrumb\",\"itemListElement\":[{\"@type\":\"ListItem\",\"position\":1,\"name\":\"Homepage\",\"item\":\"https:\/\/www.clicproducts.eu\/es\/\"},{\"@type\":\"ListItem\",\"position\":2,\"name\":\"Tienda\",\"item\":\"https:\/\/www.clicproducts.eu\/es\/tienda\/\"},{\"@type\":\"ListItem\",\"position\":3,\"name\":\"Lectura\",\"item\":\"https:\/\/www.clicproducts.eu\/es\/lectura\/\"},{\"@type\":\"ListItem\",\"position\":4,\"name\":\"Flex\",\"item\":\"https:\/\/www.clicproducts.eu\/es\/lectura\/flex\/\"},{\"@type\":\"ListItem\",\"position\":5,\"name\":\"Flex Sterling Negro\"}]},{\"@type\":\"WebSite\",\"@id\":\"https:\/\/www.clicproducts.eu\/es\/#website\",\"url\":\"https:\/\/www.clicproducts.eu\/es\/\",\"name\":\"CliC Eyewear Official\",\"description\":\"\",\"publisher\":{\"@id\":\"https:\/\/www.clicproducts.eu\/es\/#organization\"},\"potentialAction\":[{\"@type\":\"SearchAction\",\"target\":{\"@type\":\"EntryPoint\",\"urlTemplate\":\"https:\/\/www.clicproducts.eu\/es\/?s={search_term_string}\"},\"query-input\":{\"@type\":\"PropertyValueSpecification\",\"valueRequired\":true,\"valueName\":\"search_term_string\"}}],\"inLanguage\":\"es-ES\"},{\"@type\":\"Organization\",\"@id\":\"https:\/\/www.clicproducts.eu\/es\/#organization\",\"name\":\"CliC Eyewear Official\",\"url\":\"https:\/\/www.clicproducts.eu\/es\/\",\"logo\":{\"@type\":\"ImageObject\",\"inLanguage\":\"es-ES\",\"@id\":\"https:\/\/www.clicproducts.eu\/es\/#\/schema\/logo\/image\/\",\"url\":\"https:\/\/www.clicproducts.eu\/wp-content\/uploads\/cropped-bfc4f25d-nuovologo.png\",\"contentUrl\":\"https:\/\/www.clicproducts.eu\/wp-content\/uploads\/cropped-bfc4f25d-nuovologo.png\",\"width\":250,\"height\":75,\"caption\":\"CliC Eyewear Official\"},\"image\":{\"@id\":\"https:\/\/www.clicproducts.eu\/es\/#\/schema\/logo\/image\/\"}}]}<\/script>\n<meta property=\"og:availability\" content=\"instock\" \/>\n<meta property=\"product:availability\" content=\"instock\" \/>\n<meta property=\"product:retailer_item_id\" content=\"CSXMFNN\" \/>\n<meta property=\"product:condition\" content=\"new\" \/>\n<!-- \/ Yoast SEO Premium plugin. -->","yoast_head_json":{"title":"Flex Sterling Negro - CliC Eyewear Official","robots":{"index":"index","follow":"follow","max-snippet":"max-snippet:-1","max-image-preview":"max-image-preview:large","max-video-preview":"max-video-preview:-1"},"canonical":"https:\/\/www.clicproducts.eu\/es\/lectura\/clic-flex-sterling-negro\/","og_locale":"es_ES","og_type":"article","og_title":"Flex Sterling Negro - CliC Eyewear Official","og_description":"Las CliC Sterling son las primeras gafas CliC de metal con conexi\u00f3n magn\u00e9tica. El refinado dise\u00f1o de metal satinado en el frontal, con sus suaves l\u00edneas, realza la meticulosa atenci\u00f3n al detalle que tambi\u00e9n se aprecia en las patillas, y confiere al modelo el equilibrio perfecto entre elegancia y modernidad.","og_url":"https:\/\/www.clicproducts.eu\/es\/lectura\/clic-flex-sterling-negro\/","og_site_name":"CliC Eyewear Official","article_modified_time":"2024-01-30T11:48:04+00:00","og_image":[{"width":800,"height":800,"url":"https:\/\/www.clicproducts.eu\/wp-content\/uploads\/CSXMFNN-immagine-in-evidenza.png","type":"image\/png"}],"twitter_card":"summary_large_image","twitter_misc":{"Availability":"In stock"},"schema":{"@context":"https:\/\/schema.org","@graph":[{"@type":"WebPage","@id":"https:\/\/www.clicproducts.eu\/es\/lectura\/clic-flex-sterling-negro\/","url":"https:\/\/www.clicproducts.eu\/es\/lectura\/clic-flex-sterling-negro\/","name":"Flex Sterling Negro - CliC Eyewear Official","isPartOf":{"@id":"https:\/\/www.clicproducts.eu\/es\/#website"},"primaryImageOfPage":{"@id":"https:\/\/www.clicproducts.eu\/es\/lectura\/clic-flex-sterling-negro\/#primaryimage"},"image":{"@id":"https:\/\/www.clicproducts.eu\/es\/lectura\/clic-flex-sterling-negro\/#primaryimage"},"thumbnailUrl":"https:\/\/www.clicproducts.eu\/wp-content\/uploads\/CSXMFNN-immagine-in-evidenza.png","datePublished":"2023-11-02T08:50:29+00:00","dateModified":"2024-01-30T11:48:04+00:00","breadcrumb":{"@id":"https:\/\/www.clicproducts.eu\/es\/lectura\/clic-flex-sterling-negro\/#breadcrumb"},"inLanguage":"es-ES","potentialAction":[{"@type":"ReadAction","target":["https:\/\/www.clicproducts.eu\/es\/lectura\/clic-flex-sterling-negro\/"]}]},{"@type":"ImageObject","inLanguage":"es-ES","@id":"https:\/\/www.clicproducts.eu\/es\/lectura\/clic-flex-sterling-negro\/#primaryimage","url":"https:\/\/www.clicproducts.eu\/wp-content\/uploads\/CSXMFNN-immagine-in-evidenza.png","contentUrl":"https:\/\/www.clicproducts.eu\/wp-content\/uploads\/CSXMFNN-immagine-in-evidenza.png","width":800,"height":800},{"@type":"BreadcrumbList","@id":"https:\/\/www.clicproducts.eu\/es\/lectura\/clic-flex-sterling-negro\/#breadcrumb","itemListElement":[{"@type":"ListItem","position":1,"name":"Homepage","item":"https:\/\/www.clicproducts.eu\/es\/"},{"@type":"ListItem","position":2,"name":"Tienda","item":"https:\/\/www.clicproducts.eu\/es\/tienda\/"},{"@type":"ListItem","position":3,"name":"Lectura","item":"https:\/\/www.clicproducts.eu\/es\/lectura\/"},{"@type":"ListItem","position":4,"name":"Flex","item":"https:\/\/www.clicproducts.eu\/es\/lectura\/flex\/"},{"@type":"ListItem","position":5,"name":"Flex Sterling Negro"}]},{"@type":"WebSite","@id":"https:\/\/www.clicproducts.eu\/es\/#website","url":"https:\/\/www.clicproducts.eu\/es\/","name":"CliC Eyewear Official","description":"","publisher":{"@id":"https:\/\/www.clicproducts.eu\/es\/#organization"},"potentialAction":[{"@type":"SearchAction","target":{"@type":"EntryPoint","urlTemplate":"https:\/\/www.clicproducts.eu\/es\/?s={search_term_string}"},"query-input":{"@type":"PropertyValueSpecification","valueRequired":true,"valueName":"search_term_string"}}],"inLanguage":"es-ES"},{"@type":"Organization","@id":"https:\/\/www.clicproducts.eu\/es\/#organization","name":"CliC Eyewear Official","url":"https:\/\/www.clicproducts.eu\/es\/","logo":{"@type":"ImageObject","inLanguage":"es-ES","@id":"https:\/\/www.clicproducts.eu\/es\/#\/schema\/logo\/image\/","url":"https:\/\/www.clicproducts.eu\/wp-content\/uploads\/cropped-bfc4f25d-nuovologo.png","contentUrl":"https:\/\/www.clicproducts.eu\/wp-content\/uploads\/cropped-bfc4f25d-nuovologo.png","width":250,"height":75,"caption":"CliC Eyewear Official"},"image":{"@id":"https:\/\/www.clicproducts.eu\/es\/#\/schema\/logo\/image\/"}}]},"og_availability":"instock","product_availability":"instock","product_retailer_item_id":"CSXMFNN","product_condition":"new"},"_links":{"self":[{"href":"https:\/\/www.clicproducts.eu\/es\/wp-json\/wp\/v2\/product\/5640","targetHints":{"allow":["GET"]}}],"collection":[{"href":"https:\/\/www.clicproducts.eu\/es\/wp-json\/wp\/v2\/product"}],"about":[{"href":"https:\/\/www.clicproducts.eu\/es\/wp-json\/wp\/v2\/types\/product"}],"wp:featuredmedia":[{"embeddable":true,"href":"https:\/\/www.clicproducts.eu\/es\/wp-json\/wp\/v2\/media\/5641"}],"wp:attachment":[{"href":"https:\/\/www.clicproducts.eu\/es\/wp-json\/wp\/v2\/media?parent=5640"}],"wp:term":[{"taxonomy":"product_cat","embeddable":true,"href":"https:\/\/www.clicproducts.eu\/es\/wp-json\/wp\/v2\/product_cat?post=5640"},{"taxonomy":"product_tag","embeddable":true,"href":"https:\/\/www.clicproducts.eu\/es\/wp-json\/wp\/v2\/product_tag?post=5640"},{"taxonomy":"giftcard-category","embeddable":true,"href":"https:\/\/www.clicproducts.eu\/es\/wp-json\/wp\/v2\/giftcard-category?post=5640"}],"curies":[{"name":"wp","href":"https:\/\/api.w.org\/{rel}","templated":true}]}}