{"id":5723,"date":"2023-11-02T09:50:17","date_gmt":"2023-11-02T08:50:17","guid":{"rendered":"https:\/\/clic1.wpenginepowered.com\/prodotto\/clic-sun-extreme-yellow-fluo-l-s15rd\/"},"modified":"2024-01-24T13:03:34","modified_gmt":"2024-01-24T12:03:34","slug":"clic-sun-extreme-amarillo-fluo-l-s15rd","status":"publish","type":"product","link":"https:\/\/www.clicproducts.eu\/es\/extreme-es\/clic-sun-extreme-yellow-fluo-l-s15rd\/","title":{"rendered":"Sun Extreme Amarillo Fluo L\/S15RD"},"content":{"rendered":"<p>CliC Sun Extreme se caracterizan por:<\/p>\n<p>&#8211; las gafas ultraligeras de TR90 y nylon de gran prestigio resistentes a todas las temperaturas;<br \/>\n&#8211; las lentes de policarbonato;<br \/>\n&#8211; el im\u00e1n de neodimio de resistencia probada hasta 208 km\/h;<br \/>\n&#8211; el collar\u00edn de TR90 y silicona suave, que garantiza una portabilidad de primera y una comodidad extrema;<br \/>\n&#8211; la elegante caja para protegerlo durante los viajes y desplazamientos.<\/p>\n","protected":false},"excerpt":{"rendered":"<p>CliC Sun es la novedad nacida de la extraordinaria tradici\u00f3n tecnol\u00f3gica de la marca y de su constante b\u00fasqueda de la innovaci\u00f3n y el dise\u00f1o, en este caso aplicados al mundo del deporte.<\/p>\n<p>Las gafas garantizan un rendimiento \u00f3ptimo a cualquier nivel, combinado con lo mejor en t\u00e9rminos de ligereza, protecci\u00f3n, portabilidad y agarre, mientras que los diferentes tipos de lentes se adaptan f\u00e1cilmente a cualquier actividad, clima, luz y visibilidad, estando dise\u00f1adas para ofrecer siempre lo mejor para cualquier deporte o actividad al aire libre.<\/p>\n","protected":false},"featured_media":5724,"template":"","meta":{"_acf_changed":false,"ghostkit_customizer_options":"","ghostkit_custom_css":"","ghostkit_custom_js_head":"","ghostkit_custom_js_foot":"","ghostkit_typography":""},"product_cat":[598,600,602,604],"product_tag":[],"giftcard-category":[],"class_list":{"0":"post-5723","1":"product","2":"type-product","3":"status-publish","4":"has-post-thumbnail","6":"product_cat-sol-es","7":"product_cat-extreme-es","8":"product_cat-hombre","9":"product_cat-mujer","10":"pa_modalita-duso-deporte","11":"tm-has-options","13":"first","14":"instock","15":"sale","16":"shipping-taxable","17":"purchasable","18":"product-type-simple"},"acf":[],"yoast_head":"<!-- This site is optimized with the Yoast SEO Premium plugin v21.7 (Yoast SEO v26.1.1) - https:\/\/yoast.com\/wordpress\/plugins\/seo\/ -->\n<title>Sun Extreme Amarillo Fluo L\/S15RD - CliC Eyewear Official<\/title>\n<meta name=\"robots\" content=\"index, follow, max-snippet:-1, max-image-preview:large, max-video-preview:-1\" \/>\n<link rel=\"canonical\" href=\"https:\/\/www.clicproducts.eu\/es\/extreme-es\/clic-sun-extreme-yellow-fluo-l-s15rd\/\" \/>\n<meta property=\"og:locale\" content=\"es_ES\" \/>\n<meta property=\"og:type\" content=\"article\" \/>\n<meta property=\"og:title\" content=\"Sun Extreme Amarillo Fluo L\/S15RD - CliC Eyewear Official\" \/>\n<meta property=\"og:description\" content=\"CliC Sun es la novedad nacida de la extraordinaria tradici\u00f3n tecnol\u00f3gica de la marca y de su constante b\u00fasqueda de la innovaci\u00f3n y el dise\u00f1o, en este caso aplicados al mundo del deporte. Las gafas garantizan un rendimiento \u00f3ptimo a cualquier nivel, combinado con lo mejor en t\u00e9rminos de ligereza, protecci\u00f3n, portabilidad y agarre, mientras que los diferentes tipos de lentes se adaptan f\u00e1cilmente a cualquier actividad, clima, luz y visibilidad, estando dise\u00f1adas para ofrecer siempre lo mejor para cualquier deporte o actividad al aire libre.\" \/>\n<meta property=\"og:url\" content=\"https:\/\/www.clicproducts.eu\/es\/extreme-es\/clic-sun-extreme-yellow-fluo-l-s15rd\/\" \/>\n<meta property=\"og:site_name\" content=\"CliC Eyewear Official\" \/>\n<meta property=\"article:modified_time\" content=\"2024-01-24T12:03:34+00:00\" \/>\n<meta property=\"og:image\" content=\"https:\/\/www.clicproducts.eu\/wp-content\/uploads\/CSEXYW-immagine-in-evidenza.png\" \/>\n\t<meta property=\"og:image:width\" content=\"800\" \/>\n\t<meta property=\"og:image:height\" content=\"800\" \/>\n\t<meta property=\"og:image:type\" content=\"image\/png\" \/>\n<meta name=\"twitter:card\" content=\"summary_large_image\" \/>\n<meta name=\"twitter:label1\" content=\"Price\" \/>\n\t<meta name=\"twitter:data1\" content=\"&euro;69,50\" \/>\n\t<meta name=\"twitter:label2\" content=\"Availability\" \/>\n\t<meta name=\"twitter:data2\" content=\"In stock\" \/>\n<script type=\"application\/ld+json\" class=\"yoast-schema-graph\">{\"@context\":\"https:\/\/schema.org\",\"@graph\":[{\"@type\":\"WebPage\",\"@id\":\"https:\/\/www.clicproducts.eu\/es\/extreme-es\/clic-sun-extreme-yellow-fluo-l-s15rd\/\",\"url\":\"https:\/\/www.clicproducts.eu\/es\/extreme-es\/clic-sun-extreme-yellow-fluo-l-s15rd\/\",\"name\":\"Sun Extreme Amarillo Fluo L\/S15RD - CliC Eyewear Official\",\"isPartOf\":{\"@id\":\"https:\/\/www.clicproducts.eu\/es\/#website\"},\"primaryImageOfPage\":{\"@id\":\"https:\/\/www.clicproducts.eu\/es\/extreme-es\/clic-sun-extreme-yellow-fluo-l-s15rd\/#primaryimage\"},\"image\":{\"@id\":\"https:\/\/www.clicproducts.eu\/es\/extreme-es\/clic-sun-extreme-yellow-fluo-l-s15rd\/#primaryimage\"},\"thumbnailUrl\":\"https:\/\/www.clicproducts.eu\/wp-content\/uploads\/CSEXYW-immagine-in-evidenza.png\",\"datePublished\":\"2023-11-02T08:50:17+00:00\",\"dateModified\":\"2024-01-24T12:03:34+00:00\",\"breadcrumb\":{\"@id\":\"https:\/\/www.clicproducts.eu\/es\/extreme-es\/clic-sun-extreme-yellow-fluo-l-s15rd\/#breadcrumb\"},\"inLanguage\":\"es-ES\",\"potentialAction\":[{\"@type\":\"ReadAction\",\"target\":[\"https:\/\/www.clicproducts.eu\/es\/extreme-es\/clic-sun-extreme-yellow-fluo-l-s15rd\/\"]}]},{\"@type\":\"ImageObject\",\"inLanguage\":\"es-ES\",\"@id\":\"https:\/\/www.clicproducts.eu\/es\/extreme-es\/clic-sun-extreme-yellow-fluo-l-s15rd\/#primaryimage\",\"url\":\"https:\/\/www.clicproducts.eu\/wp-content\/uploads\/CSEXYW-immagine-in-evidenza.png\",\"contentUrl\":\"https:\/\/www.clicproducts.eu\/wp-content\/uploads\/CSEXYW-immagine-in-evidenza.png\",\"width\":800,\"height\":800},{\"@type\":\"BreadcrumbList\",\"@id\":\"https:\/\/www.clicproducts.eu\/es\/extreme-es\/clic-sun-extreme-yellow-fluo-l-s15rd\/#breadcrumb\",\"itemListElement\":[{\"@type\":\"ListItem\",\"position\":1,\"name\":\"Homepage\",\"item\":\"https:\/\/www.clicproducts.eu\/es\/\"},{\"@type\":\"ListItem\",\"position\":2,\"name\":\"Tienda\",\"item\":\"https:\/\/www.clicproducts.eu\/es\/tienda\/\"},{\"@type\":\"ListItem\",\"position\":3,\"name\":\"Sol\",\"item\":\"https:\/\/www.clicproducts.eu\/es\/sol\/\"},{\"@type\":\"ListItem\",\"position\":4,\"name\":\"Hombre\",\"item\":\"https:\/\/www.clicproducts.eu\/es\/sol\/hombre\/\"},{\"@type\":\"ListItem\",\"position\":5,\"name\":\"Sun Extreme Amarillo Fluo L\/S15RD\"}]},{\"@type\":\"WebSite\",\"@id\":\"https:\/\/www.clicproducts.eu\/es\/#website\",\"url\":\"https:\/\/www.clicproducts.eu\/es\/\",\"name\":\"CliC Eyewear Official\",\"description\":\"\",\"publisher\":{\"@id\":\"https:\/\/www.clicproducts.eu\/es\/#organization\"},\"potentialAction\":[{\"@type\":\"SearchAction\",\"target\":{\"@type\":\"EntryPoint\",\"urlTemplate\":\"https:\/\/www.clicproducts.eu\/es\/?s={search_term_string}\"},\"query-input\":{\"@type\":\"PropertyValueSpecification\",\"valueRequired\":true,\"valueName\":\"search_term_string\"}}],\"inLanguage\":\"es-ES\"},{\"@type\":\"Organization\",\"@id\":\"https:\/\/www.clicproducts.eu\/es\/#organization\",\"name\":\"CliC Eyewear Official\",\"url\":\"https:\/\/www.clicproducts.eu\/es\/\",\"logo\":{\"@type\":\"ImageObject\",\"inLanguage\":\"es-ES\",\"@id\":\"https:\/\/www.clicproducts.eu\/es\/#\/schema\/logo\/image\/\",\"url\":\"https:\/\/www.clicproducts.eu\/wp-content\/uploads\/cropped-bfc4f25d-nuovologo.png\",\"contentUrl\":\"https:\/\/www.clicproducts.eu\/wp-content\/uploads\/cropped-bfc4f25d-nuovologo.png\",\"width\":250,\"height\":75,\"caption\":\"CliC Eyewear Official\"},\"image\":{\"@id\":\"https:\/\/www.clicproducts.eu\/es\/#\/schema\/logo\/image\/\"}}]}<\/script>\n<meta property=\"product:price:amount\" content=\"69.50\" \/>\n<meta property=\"product:price:currency\" content=\"EUR\" \/>\n<meta property=\"og:availability\" content=\"instock\" \/>\n<meta property=\"product:availability\" content=\"instock\" \/>\n<meta property=\"product:retailer_item_id\" content=\"CSEXYW\" \/>\n<meta property=\"product:condition\" content=\"new\" \/>\n<!-- \/ Yoast SEO Premium plugin. -->","yoast_head_json":{"title":"Sun Extreme Amarillo Fluo L\/S15RD - CliC Eyewear Official","robots":{"index":"index","follow":"follow","max-snippet":"max-snippet:-1","max-image-preview":"max-image-preview:large","max-video-preview":"max-video-preview:-1"},"canonical":"https:\/\/www.clicproducts.eu\/es\/extreme-es\/clic-sun-extreme-yellow-fluo-l-s15rd\/","og_locale":"es_ES","og_type":"article","og_title":"Sun Extreme Amarillo Fluo L\/S15RD - CliC Eyewear Official","og_description":"CliC Sun es la novedad nacida de la extraordinaria tradici\u00f3n tecnol\u00f3gica de la marca y de su constante b\u00fasqueda de la innovaci\u00f3n y el dise\u00f1o, en este caso aplicados al mundo del deporte. Las gafas garantizan un rendimiento \u00f3ptimo a cualquier nivel, combinado con lo mejor en t\u00e9rminos de ligereza, protecci\u00f3n, portabilidad y agarre, mientras que los diferentes tipos de lentes se adaptan f\u00e1cilmente a cualquier actividad, clima, luz y visibilidad, estando dise\u00f1adas para ofrecer siempre lo mejor para cualquier deporte o actividad al aire libre.","og_url":"https:\/\/www.clicproducts.eu\/es\/extreme-es\/clic-sun-extreme-yellow-fluo-l-s15rd\/","og_site_name":"CliC Eyewear Official","article_modified_time":"2024-01-24T12:03:34+00:00","og_image":[{"width":800,"height":800,"url":"https:\/\/www.clicproducts.eu\/wp-content\/uploads\/CSEXYW-immagine-in-evidenza.png","type":"image\/png"}],"twitter_card":"summary_large_image","twitter_misc":{"Price":"&euro;69,50","Availability":"In stock"},"schema":{"@context":"https:\/\/schema.org","@graph":[{"@type":"WebPage","@id":"https:\/\/www.clicproducts.eu\/es\/extreme-es\/clic-sun-extreme-yellow-fluo-l-s15rd\/","url":"https:\/\/www.clicproducts.eu\/es\/extreme-es\/clic-sun-extreme-yellow-fluo-l-s15rd\/","name":"Sun Extreme Amarillo Fluo L\/S15RD - CliC Eyewear Official","isPartOf":{"@id":"https:\/\/www.clicproducts.eu\/es\/#website"},"primaryImageOfPage":{"@id":"https:\/\/www.clicproducts.eu\/es\/extreme-es\/clic-sun-extreme-yellow-fluo-l-s15rd\/#primaryimage"},"image":{"@id":"https:\/\/www.clicproducts.eu\/es\/extreme-es\/clic-sun-extreme-yellow-fluo-l-s15rd\/#primaryimage"},"thumbnailUrl":"https:\/\/www.clicproducts.eu\/wp-content\/uploads\/CSEXYW-immagine-in-evidenza.png","datePublished":"2023-11-02T08:50:17+00:00","dateModified":"2024-01-24T12:03:34+00:00","breadcrumb":{"@id":"https:\/\/www.clicproducts.eu\/es\/extreme-es\/clic-sun-extreme-yellow-fluo-l-s15rd\/#breadcrumb"},"inLanguage":"es-ES","potentialAction":[{"@type":"ReadAction","target":["https:\/\/www.clicproducts.eu\/es\/extreme-es\/clic-sun-extreme-yellow-fluo-l-s15rd\/"]}]},{"@type":"ImageObject","inLanguage":"es-ES","@id":"https:\/\/www.clicproducts.eu\/es\/extreme-es\/clic-sun-extreme-yellow-fluo-l-s15rd\/#primaryimage","url":"https:\/\/www.clicproducts.eu\/wp-content\/uploads\/CSEXYW-immagine-in-evidenza.png","contentUrl":"https:\/\/www.clicproducts.eu\/wp-content\/uploads\/CSEXYW-immagine-in-evidenza.png","width":800,"height":800},{"@type":"BreadcrumbList","@id":"https:\/\/www.clicproducts.eu\/es\/extreme-es\/clic-sun-extreme-yellow-fluo-l-s15rd\/#breadcrumb","itemListElement":[{"@type":"ListItem","position":1,"name":"Homepage","item":"https:\/\/www.clicproducts.eu\/es\/"},{"@type":"ListItem","position":2,"name":"Tienda","item":"https:\/\/www.clicproducts.eu\/es\/tienda\/"},{"@type":"ListItem","position":3,"name":"Sol","item":"https:\/\/www.clicproducts.eu\/es\/sol\/"},{"@type":"ListItem","position":4,"name":"Hombre","item":"https:\/\/www.clicproducts.eu\/es\/sol\/hombre\/"},{"@type":"ListItem","position":5,"name":"Sun Extreme Amarillo Fluo L\/S15RD"}]},{"@type":"WebSite","@id":"https:\/\/www.clicproducts.eu\/es\/#website","url":"https:\/\/www.clicproducts.eu\/es\/","name":"CliC Eyewear Official","description":"","publisher":{"@id":"https:\/\/www.clicproducts.eu\/es\/#organization"},"potentialAction":[{"@type":"SearchAction","target":{"@type":"EntryPoint","urlTemplate":"https:\/\/www.clicproducts.eu\/es\/?s={search_term_string}"},"query-input":{"@type":"PropertyValueSpecification","valueRequired":true,"valueName":"search_term_string"}}],"inLanguage":"es-ES"},{"@type":"Organization","@id":"https:\/\/www.clicproducts.eu\/es\/#organization","name":"CliC Eyewear Official","url":"https:\/\/www.clicproducts.eu\/es\/","logo":{"@type":"ImageObject","inLanguage":"es-ES","@id":"https:\/\/www.clicproducts.eu\/es\/#\/schema\/logo\/image\/","url":"https:\/\/www.clicproducts.eu\/wp-content\/uploads\/cropped-bfc4f25d-nuovologo.png","contentUrl":"https:\/\/www.clicproducts.eu\/wp-content\/uploads\/cropped-bfc4f25d-nuovologo.png","width":250,"height":75,"caption":"CliC Eyewear Official"},"image":{"@id":"https:\/\/www.clicproducts.eu\/es\/#\/schema\/logo\/image\/"}}]},"product_price_amount":"69.50","product_price_currency":"EUR","og_availability":"instock","product_availability":"instock","product_retailer_item_id":"CSEXYW","product_condition":"new"},"_links":{"self":[{"href":"https:\/\/www.clicproducts.eu\/es\/wp-json\/wp\/v2\/product\/5723","targetHints":{"allow":["GET"]}}],"collection":[{"href":"https:\/\/www.clicproducts.eu\/es\/wp-json\/wp\/v2\/product"}],"about":[{"href":"https:\/\/www.clicproducts.eu\/es\/wp-json\/wp\/v2\/types\/product"}],"wp:featuredmedia":[{"embeddable":true,"href":"https:\/\/www.clicproducts.eu\/es\/wp-json\/wp\/v2\/media\/5724"}],"wp:attachment":[{"href":"https:\/\/www.clicproducts.eu\/es\/wp-json\/wp\/v2\/media?parent=5723"}],"wp:term":[{"taxonomy":"product_cat","embeddable":true,"href":"https:\/\/www.clicproducts.eu\/es\/wp-json\/wp\/v2\/product_cat?post=5723"},{"taxonomy":"product_tag","embeddable":true,"href":"https:\/\/www.clicproducts.eu\/es\/wp-json\/wp\/v2\/product_tag?post=5723"},{"taxonomy":"giftcard-category","embeddable":true,"href":"https:\/\/www.clicproducts.eu\/es\/wp-json\/wp\/v2\/giftcard-category?post=5723"}],"curies":[{"name":"wp","href":"https:\/\/api.w.org\/{rel}","templated":true}]}}