{"id":5934,"date":"2023-11-02T09:49:26","date_gmt":"2023-11-02T08:49:26","guid":{"rendered":"https:\/\/clic1.wpenginepowered.com\/prodotto\/classic-xl-verde\/"},"modified":"2025-05-15T12:43:42","modified_gmt":"2025-05-15T10:43:42","slug":"classic-xl-verde","status":"publish","type":"product","link":"https:\/\/www.clicproducts.eu\/es\/classic-xl-verde\/","title":{"rendered":"Classic XL Verde"},"content":{"rendered":"<p>CliC Classic XL cuenta con:<br \/>\n&#8211; Forma cl\u00e1sica rectangular;<br \/>\n&#8211; Collar\u00edn hecho de pol\u00edmeros de acetato y un 20% de TR90 que garantiza mayor flexibilidad, haciendo que \u00e9ste sea el\u00e1stico y resistente;<br \/>\n&#8211; Cierre magn\u00e9tico con apertura frontal: el im\u00e1n est\u00e1 hecho de neodimio, patentado y seguro para los usuarios con marcapasos;<br \/>\n&#8211; Patillas extensibles sin n\u00edquel;<br \/>\n&#8211; Lentes certificadas y testadas;<br \/>\n&#8211; Gafas con Marcado CE.<\/p>\n<p><img loading=\"lazy\" decoding=\"async\" class=\"alignnone wp-image-11749\" src=\"https:\/\/www.clicproducts.eu\/wp-content\/uploads\/classic-xl-gafas-lectura.jpg\" alt=\"Classic XL gafas lectura\" width=\"500\" height=\"500\" srcset=\"https:\/\/www.clicproducts.eu\/wp-content\/uploads\/classic-xl-gafas-lectura.jpg 1000w, https:\/\/www.clicproducts.eu\/wp-content\/uploads\/classic-xl-gafas-lectura-300x300.jpg 300w, https:\/\/www.clicproducts.eu\/wp-content\/uploads\/classic-xl-gafas-lectura-150x150.jpg 150w, https:\/\/www.clicproducts.eu\/wp-content\/uploads\/classic-xl-gafas-lectura-768x768.jpg 768w, https:\/\/www.clicproducts.eu\/wp-content\/uploads\/classic-xl-gafas-lectura-920x920.jpg 920w, https:\/\/www.clicproducts.eu\/wp-content\/uploads\/classic-xl-gafas-lectura-575x575.jpg 575w, https:\/\/www.clicproducts.eu\/wp-content\/uploads\/classic-xl-gafas-lectura-380x380.jpg 380w, https:\/\/www.clicproducts.eu\/wp-content\/uploads\/classic-xl-gafas-lectura-50x50.jpg 50w, https:\/\/www.clicproducts.eu\/wp-content\/uploads\/classic-xl-gafas-lectura-26x26.jpg 26w, https:\/\/www.clicproducts.eu\/wp-content\/uploads\/classic-xl-gafas-lectura-420x420.jpg 420w, https:\/\/www.clicproducts.eu\/wp-content\/uploads\/classic-xl-gafas-lectura-800x800.jpg 800w, https:\/\/www.clicproducts.eu\/wp-content\/uploads\/classic-xl-gafas-lectura-100x100.jpg 100w\" sizes=\"auto, (max-width: 500px) 100vw, 500px\" \/><img loading=\"lazy\" decoding=\"async\" class=\"alignnone wp-image-11757\" src=\"https:\/\/www.clicproducts.eu\/wp-content\/uploads\/features-reading-glasses-classic-xl.jpg\" alt=\"reading glasses CliC Classic XL\" width=\"500\" height=\"687\" srcset=\"https:\/\/www.clicproducts.eu\/wp-content\/uploads\/features-reading-glasses-classic-xl.jpg 640w, https:\/\/www.clicproducts.eu\/wp-content\/uploads\/features-reading-glasses-classic-xl-218x300.jpg 218w, https:\/\/www.clicproducts.eu\/wp-content\/uploads\/features-reading-glasses-classic-xl-575x790.jpg 575w, https:\/\/www.clicproducts.eu\/wp-content\/uploads\/features-reading-glasses-classic-xl-380x522.jpg 380w, https:\/\/www.clicproducts.eu\/wp-content\/uploads\/features-reading-glasses-classic-xl-420x577.jpg 420w\" sizes=\"auto, (max-width: 500px) 100vw, 500px\" \/><\/p>\n","protected":false},"excerpt":{"rendered":"<p>CliC Classic XL es un modelo que satisface las necesidades de todos los clientes que buscan una mayor portabilidad. Las patillas de estas gafas se pueden alargar hasta 2 cm en cada lado. Adem\u00e1s, el \u00e1ngulo m\u00e1s amplio de 35\u00b0 en la base de las patillas ofrece a su portador m\u00e1s amplitud en las sienes y mayor comodidad. Este modelo est\u00e1 disponible en una amplia selecci\u00f3n de tonos y formas, desde las m\u00e1s intensas hasta las m\u00e1s cl\u00e1sicas y vers\u00e1tiles.<\/p>\n","protected":false},"featured_media":5935,"template":"","meta":{"_acf_changed":false,"ghostkit_customizer_options":"","ghostkit_custom_css":"","ghostkit_custom_js_head":"","ghostkit_custom_js_foot":"","ghostkit_typography":""},"product_cat":[479,596,481,482],"product_tag":[],"giftcard-category":[],"class_list":{"0":"post-5934","1":"product","2":"type-product","3":"status-publish","4":"has-post-thumbnail","6":"product_cat-lectura","7":"product_cat-classic-es-2","8":"product_cat-hombre-es","9":"product_cat-mujer-es-lectura","10":"pa_modalita-duso-lectura","11":"tm-has-options","13":"first","14":"instock","15":"shipping-taxable","16":"purchasable","17":"product-type-variable"},"acf":[],"yoast_head":"<!-- This site is optimized with the Yoast SEO Premium plugin v21.7 (Yoast SEO v26.1.1) - https:\/\/yoast.com\/wordpress\/plugins\/seo\/ -->\n<title>Classic XL Verde - CliC Eyewear Official<\/title>\n<meta name=\"robots\" content=\"index, follow, max-snippet:-1, max-image-preview:large, max-video-preview:-1\" \/>\n<link rel=\"canonical\" href=\"https:\/\/www.clicproducts.eu\/es\/classic-xl-verde\/\" \/>\n<meta property=\"og:locale\" content=\"es_ES\" \/>\n<meta property=\"og:type\" content=\"article\" \/>\n<meta property=\"og:title\" content=\"Classic XL Verde - CliC Eyewear Official\" \/>\n<meta property=\"og:description\" content=\"CliC Classic XL es un modelo que satisface las necesidades de todos los clientes que buscan una mayor portabilidad. Las patillas de estas gafas se pueden alargar hasta 2 cm en cada lado. Adem\u00e1s, el \u00e1ngulo m\u00e1s amplio de 35\u00b0 en la base de las patillas ofrece a su portador m\u00e1s amplitud en las sienes y mayor comodidad. Este modelo est\u00e1 disponible en una amplia selecci\u00f3n de tonos y formas, desde las m\u00e1s intensas hasta las m\u00e1s cl\u00e1sicas y vers\u00e1tiles.\" \/>\n<meta property=\"og:url\" content=\"https:\/\/www.clicproducts.eu\/es\/classic-xl-verde\/\" \/>\n<meta property=\"og:site_name\" content=\"CliC Eyewear Official\" \/>\n<meta property=\"article:modified_time\" content=\"2025-05-15T10:43:42+00:00\" \/>\n<meta property=\"og:image\" content=\"https:\/\/www.clicproducts.eu\/wp-content\/uploads\/XLCRE-immagine-in-evidenza.png\" \/>\n\t<meta property=\"og:image:width\" content=\"800\" \/>\n\t<meta property=\"og:image:height\" content=\"800\" \/>\n\t<meta property=\"og:image:type\" content=\"image\/png\" \/>\n<meta name=\"twitter:card\" content=\"summary_large_image\" \/>\n<meta name=\"twitter:label1\" content=\"Availability\" \/>\n\t<meta name=\"twitter:data1\" content=\"In stock\" \/>\n<script type=\"application\/ld+json\" class=\"yoast-schema-graph\">{\"@context\":\"https:\/\/schema.org\",\"@graph\":[{\"@type\":\"WebPage\",\"@id\":\"https:\/\/www.clicproducts.eu\/es\/classic-xl-verde\/\",\"url\":\"https:\/\/www.clicproducts.eu\/es\/classic-xl-verde\/\",\"name\":\"Classic XL Verde - CliC Eyewear Official\",\"isPartOf\":{\"@id\":\"https:\/\/www.clicproducts.eu\/es\/#website\"},\"primaryImageOfPage\":{\"@id\":\"https:\/\/www.clicproducts.eu\/es\/classic-xl-verde\/#primaryimage\"},\"image\":{\"@id\":\"https:\/\/www.clicproducts.eu\/es\/classic-xl-verde\/#primaryimage\"},\"thumbnailUrl\":\"https:\/\/www.clicproducts.eu\/wp-content\/uploads\/XLCRE-immagine-in-evidenza.png\",\"datePublished\":\"2023-11-02T08:49:26+00:00\",\"dateModified\":\"2025-05-15T10:43:42+00:00\",\"breadcrumb\":{\"@id\":\"https:\/\/www.clicproducts.eu\/es\/classic-xl-verde\/#breadcrumb\"},\"inLanguage\":\"es-ES\",\"potentialAction\":[{\"@type\":\"ReadAction\",\"target\":[\"https:\/\/www.clicproducts.eu\/es\/classic-xl-verde\/\"]}]},{\"@type\":\"ImageObject\",\"inLanguage\":\"es-ES\",\"@id\":\"https:\/\/www.clicproducts.eu\/es\/classic-xl-verde\/#primaryimage\",\"url\":\"https:\/\/www.clicproducts.eu\/wp-content\/uploads\/XLCRE-immagine-in-evidenza.png\",\"contentUrl\":\"https:\/\/www.clicproducts.eu\/wp-content\/uploads\/XLCRE-immagine-in-evidenza.png\",\"width\":800,\"height\":800},{\"@type\":\"BreadcrumbList\",\"@id\":\"https:\/\/www.clicproducts.eu\/es\/classic-xl-verde\/#breadcrumb\",\"itemListElement\":[{\"@type\":\"ListItem\",\"position\":1,\"name\":\"Homepage\",\"item\":\"https:\/\/www.clicproducts.eu\/es\/\"},{\"@type\":\"ListItem\",\"position\":2,\"name\":\"Tienda\",\"item\":\"https:\/\/www.clicproducts.eu\/es\/tienda\/\"},{\"@type\":\"ListItem\",\"position\":3,\"name\":\"Lectura\",\"item\":\"https:\/\/www.clicproducts.eu\/es\/lectura\/\"},{\"@type\":\"ListItem\",\"position\":4,\"name\":\"Classic\",\"item\":\"https:\/\/www.clicproducts.eu\/es\/lectura\/classic\/\"},{\"@type\":\"ListItem\",\"position\":5,\"name\":\"Classic XL Verde\"}]},{\"@type\":\"WebSite\",\"@id\":\"https:\/\/www.clicproducts.eu\/es\/#website\",\"url\":\"https:\/\/www.clicproducts.eu\/es\/\",\"name\":\"CliC Eyewear Official\",\"description\":\"\",\"publisher\":{\"@id\":\"https:\/\/www.clicproducts.eu\/es\/#organization\"},\"potentialAction\":[{\"@type\":\"SearchAction\",\"target\":{\"@type\":\"EntryPoint\",\"urlTemplate\":\"https:\/\/www.clicproducts.eu\/es\/?s={search_term_string}\"},\"query-input\":{\"@type\":\"PropertyValueSpecification\",\"valueRequired\":true,\"valueName\":\"search_term_string\"}}],\"inLanguage\":\"es-ES\"},{\"@type\":\"Organization\",\"@id\":\"https:\/\/www.clicproducts.eu\/es\/#organization\",\"name\":\"CliC Eyewear Official\",\"url\":\"https:\/\/www.clicproducts.eu\/es\/\",\"logo\":{\"@type\":\"ImageObject\",\"inLanguage\":\"es-ES\",\"@id\":\"https:\/\/www.clicproducts.eu\/es\/#\/schema\/logo\/image\/\",\"url\":\"https:\/\/www.clicproducts.eu\/wp-content\/uploads\/cropped-bfc4f25d-nuovologo.png\",\"contentUrl\":\"https:\/\/www.clicproducts.eu\/wp-content\/uploads\/cropped-bfc4f25d-nuovologo.png\",\"width\":250,\"height\":75,\"caption\":\"CliC Eyewear Official\"},\"image\":{\"@id\":\"https:\/\/www.clicproducts.eu\/es\/#\/schema\/logo\/image\/\"}}]}<\/script>\n<meta property=\"og:availability\" content=\"instock\" \/>\n<meta property=\"product:availability\" content=\"instock\" \/>\n<meta property=\"product:retailer_item_id\" content=\"XLCRE\" \/>\n<meta property=\"product:condition\" content=\"new\" \/>\n<!-- \/ Yoast SEO Premium plugin. -->","yoast_head_json":{"title":"Classic XL Verde - CliC Eyewear Official","robots":{"index":"index","follow":"follow","max-snippet":"max-snippet:-1","max-image-preview":"max-image-preview:large","max-video-preview":"max-video-preview:-1"},"canonical":"https:\/\/www.clicproducts.eu\/es\/classic-xl-verde\/","og_locale":"es_ES","og_type":"article","og_title":"Classic XL Verde - CliC Eyewear Official","og_description":"CliC Classic XL es un modelo que satisface las necesidades de todos los clientes que buscan una mayor portabilidad. Las patillas de estas gafas se pueden alargar hasta 2 cm en cada lado. Adem\u00e1s, el \u00e1ngulo m\u00e1s amplio de 35\u00b0 en la base de las patillas ofrece a su portador m\u00e1s amplitud en las sienes y mayor comodidad. Este modelo est\u00e1 disponible en una amplia selecci\u00f3n de tonos y formas, desde las m\u00e1s intensas hasta las m\u00e1s cl\u00e1sicas y vers\u00e1tiles.","og_url":"https:\/\/www.clicproducts.eu\/es\/classic-xl-verde\/","og_site_name":"CliC Eyewear Official","article_modified_time":"2025-05-15T10:43:42+00:00","og_image":[{"width":800,"height":800,"url":"https:\/\/www.clicproducts.eu\/wp-content\/uploads\/XLCRE-immagine-in-evidenza.png","type":"image\/png"}],"twitter_card":"summary_large_image","twitter_misc":{"Availability":"In stock"},"schema":{"@context":"https:\/\/schema.org","@graph":[{"@type":"WebPage","@id":"https:\/\/www.clicproducts.eu\/es\/classic-xl-verde\/","url":"https:\/\/www.clicproducts.eu\/es\/classic-xl-verde\/","name":"Classic XL Verde - CliC Eyewear Official","isPartOf":{"@id":"https:\/\/www.clicproducts.eu\/es\/#website"},"primaryImageOfPage":{"@id":"https:\/\/www.clicproducts.eu\/es\/classic-xl-verde\/#primaryimage"},"image":{"@id":"https:\/\/www.clicproducts.eu\/es\/classic-xl-verde\/#primaryimage"},"thumbnailUrl":"https:\/\/www.clicproducts.eu\/wp-content\/uploads\/XLCRE-immagine-in-evidenza.png","datePublished":"2023-11-02T08:49:26+00:00","dateModified":"2025-05-15T10:43:42+00:00","breadcrumb":{"@id":"https:\/\/www.clicproducts.eu\/es\/classic-xl-verde\/#breadcrumb"},"inLanguage":"es-ES","potentialAction":[{"@type":"ReadAction","target":["https:\/\/www.clicproducts.eu\/es\/classic-xl-verde\/"]}]},{"@type":"ImageObject","inLanguage":"es-ES","@id":"https:\/\/www.clicproducts.eu\/es\/classic-xl-verde\/#primaryimage","url":"https:\/\/www.clicproducts.eu\/wp-content\/uploads\/XLCRE-immagine-in-evidenza.png","contentUrl":"https:\/\/www.clicproducts.eu\/wp-content\/uploads\/XLCRE-immagine-in-evidenza.png","width":800,"height":800},{"@type":"BreadcrumbList","@id":"https:\/\/www.clicproducts.eu\/es\/classic-xl-verde\/#breadcrumb","itemListElement":[{"@type":"ListItem","position":1,"name":"Homepage","item":"https:\/\/www.clicproducts.eu\/es\/"},{"@type":"ListItem","position":2,"name":"Tienda","item":"https:\/\/www.clicproducts.eu\/es\/tienda\/"},{"@type":"ListItem","position":3,"name":"Lectura","item":"https:\/\/www.clicproducts.eu\/es\/lectura\/"},{"@type":"ListItem","position":4,"name":"Classic","item":"https:\/\/www.clicproducts.eu\/es\/lectura\/classic\/"},{"@type":"ListItem","position":5,"name":"Classic XL Verde"}]},{"@type":"WebSite","@id":"https:\/\/www.clicproducts.eu\/es\/#website","url":"https:\/\/www.clicproducts.eu\/es\/","name":"CliC Eyewear Official","description":"","publisher":{"@id":"https:\/\/www.clicproducts.eu\/es\/#organization"},"potentialAction":[{"@type":"SearchAction","target":{"@type":"EntryPoint","urlTemplate":"https:\/\/www.clicproducts.eu\/es\/?s={search_term_string}"},"query-input":{"@type":"PropertyValueSpecification","valueRequired":true,"valueName":"search_term_string"}}],"inLanguage":"es-ES"},{"@type":"Organization","@id":"https:\/\/www.clicproducts.eu\/es\/#organization","name":"CliC Eyewear Official","url":"https:\/\/www.clicproducts.eu\/es\/","logo":{"@type":"ImageObject","inLanguage":"es-ES","@id":"https:\/\/www.clicproducts.eu\/es\/#\/schema\/logo\/image\/","url":"https:\/\/www.clicproducts.eu\/wp-content\/uploads\/cropped-bfc4f25d-nuovologo.png","contentUrl":"https:\/\/www.clicproducts.eu\/wp-content\/uploads\/cropped-bfc4f25d-nuovologo.png","width":250,"height":75,"caption":"CliC Eyewear Official"},"image":{"@id":"https:\/\/www.clicproducts.eu\/es\/#\/schema\/logo\/image\/"}}]},"og_availability":"instock","product_availability":"instock","product_retailer_item_id":"XLCRE","product_condition":"new"},"_links":{"self":[{"href":"https:\/\/www.clicproducts.eu\/es\/wp-json\/wp\/v2\/product\/5934","targetHints":{"allow":["GET"]}}],"collection":[{"href":"https:\/\/www.clicproducts.eu\/es\/wp-json\/wp\/v2\/product"}],"about":[{"href":"https:\/\/www.clicproducts.eu\/es\/wp-json\/wp\/v2\/types\/product"}],"wp:featuredmedia":[{"embeddable":true,"href":"https:\/\/www.clicproducts.eu\/es\/wp-json\/wp\/v2\/media\/5935"}],"wp:attachment":[{"href":"https:\/\/www.clicproducts.eu\/es\/wp-json\/wp\/v2\/media?parent=5934"}],"wp:term":[{"taxonomy":"product_cat","embeddable":true,"href":"https:\/\/www.clicproducts.eu\/es\/wp-json\/wp\/v2\/product_cat?post=5934"},{"taxonomy":"product_tag","embeddable":true,"href":"https:\/\/www.clicproducts.eu\/es\/wp-json\/wp\/v2\/product_tag?post=5934"},{"taxonomy":"giftcard-category","embeddable":true,"href":"https:\/\/www.clicproducts.eu\/es\/wp-json\/wp\/v2\/giftcard-category?post=5934"}],"curies":[{"name":"wp","href":"https:\/\/api.w.org\/{rel}","templated":true}]}}