{"id":6362,"date":"2023-11-02T09:47:43","date_gmt":"2023-11-02T08:47:43","guid":{"rendered":"https:\/\/clic1.wpenginepowered.com\/prodotto\/pantos-nero\/"},"modified":"2025-02-22T08:51:25","modified_gmt":"2025-02-22T07:51:25","slug":"pantos-negro","status":"publish","type":"product","link":"https:\/\/www.clicproducts.eu\/es\/lectura\/pantos-nero\/","title":{"rendered":"Pantos Negro"},"content":{"rendered":"<p>CliC Classic Pantos cuenta con:<br \/>\n&#8211; Forma pantosc\u00f3pica;<br \/>\n&#8211; Collar\u00edn hecho de pol\u00edmeros de acetato y un 20% de TR90 que garantiza mayor flexibilidad, haciendo que \u00e9ste sea el\u00e1stico y resistente;<br \/>\n&#8211; Cierre magn\u00e9tico con apertura frontal: el im\u00e1n est\u00e1 hecho de neodimio, patentado y seguro para los usuarios con marcapasos;<br \/>\n&#8211; Patillas extensibles sin n\u00edquel;<br \/>\n&#8211; Lentes certificadas y testadas;<br \/>\n&#8211; Gafas con Marcado CE.<\/p>\n","protected":false},"excerpt":{"rendered":"<p>CliC Classic es la colecci\u00f3n m\u00e1s vendida de gafas con collar\u00edn r\u00edgido y conexi\u00f3n magn\u00e9tica frontal. Gracias a las patillas ajustables, el modelo Classic se puede alargar hasta 2 cm en cada lado. Este modelo est\u00e1 disponible en una amplia selecci\u00f3n de tonos y formas, desde las m\u00e1s intensas hasta las m\u00e1s cl\u00e1sicas y vers\u00e1tiles.<\/p>\n","protected":false},"featured_media":6363,"template":"","meta":{"_acf_changed":false,"ghostkit_customizer_options":"","ghostkit_custom_css":"","ghostkit_custom_js_head":"","ghostkit_custom_js_foot":"","ghostkit_typography":""},"product_cat":[479,596,481,482],"product_tag":[],"giftcard-category":[],"class_list":{"0":"post-6362","1":"product","2":"type-product","3":"status-publish","4":"has-post-thumbnail","6":"product_cat-lectura","7":"product_cat-classic-es-2","8":"product_cat-hombre-es","9":"product_cat-mujer-es-lectura","10":"pa_modalita-duso-lectura","11":"tm-has-options","13":"first","14":"instock","15":"shipping-taxable","16":"purchasable","17":"product-type-variable"},"acf":[],"yoast_head":"<!-- This site is optimized with the Yoast SEO Premium plugin v21.7 (Yoast SEO v26.1.1) - https:\/\/yoast.com\/wordpress\/plugins\/seo\/ -->\n<title>Pantos Negro - CliC Eyewear Official<\/title>\n<meta name=\"robots\" content=\"index, follow, max-snippet:-1, max-image-preview:large, max-video-preview:-1\" \/>\n<link rel=\"canonical\" href=\"https:\/\/www.clicproducts.eu\/es\/lectura\/pantos-nero\/\" \/>\n<meta property=\"og:locale\" content=\"es_ES\" \/>\n<meta property=\"og:type\" content=\"article\" \/>\n<meta property=\"og:title\" content=\"Pantos Negro - CliC Eyewear Official\" \/>\n<meta property=\"og:description\" content=\"CliC Classic es la colecci\u00f3n m\u00e1s vendida de gafas con collar\u00edn r\u00edgido y conexi\u00f3n magn\u00e9tica frontal. Gracias a las patillas ajustables, el modelo Classic se puede alargar hasta 2 cm en cada lado. Este modelo est\u00e1 disponible en una amplia selecci\u00f3n de tonos y formas, desde las m\u00e1s intensas hasta las m\u00e1s cl\u00e1sicas y vers\u00e1tiles.\" \/>\n<meta property=\"og:url\" content=\"https:\/\/www.clicproducts.eu\/es\/lectura\/pantos-nero\/\" \/>\n<meta property=\"og:site_name\" content=\"CliC Eyewear Official\" \/>\n<meta property=\"article:modified_time\" content=\"2025-02-22T07:51:25+00:00\" \/>\n<meta property=\"og:image\" content=\"https:\/\/www.clicproducts.eu\/wp-content\/uploads\/CRRBN-immagine-in-evidenza.png\" \/>\n\t<meta property=\"og:image:width\" content=\"800\" \/>\n\t<meta property=\"og:image:height\" content=\"800\" \/>\n\t<meta property=\"og:image:type\" content=\"image\/png\" \/>\n<meta name=\"twitter:card\" content=\"summary_large_image\" \/>\n<meta name=\"twitter:label1\" content=\"Availability\" \/>\n\t<meta name=\"twitter:data1\" content=\"In stock\" \/>\n<script type=\"application\/ld+json\" class=\"yoast-schema-graph\">{\"@context\":\"https:\/\/schema.org\",\"@graph\":[{\"@type\":\"WebPage\",\"@id\":\"https:\/\/www.clicproducts.eu\/es\/lectura\/pantos-nero\/\",\"url\":\"https:\/\/www.clicproducts.eu\/es\/lectura\/pantos-nero\/\",\"name\":\"Pantos Negro - CliC Eyewear Official\",\"isPartOf\":{\"@id\":\"https:\/\/www.clicproducts.eu\/es\/#website\"},\"primaryImageOfPage\":{\"@id\":\"https:\/\/www.clicproducts.eu\/es\/lectura\/pantos-nero\/#primaryimage\"},\"image\":{\"@id\":\"https:\/\/www.clicproducts.eu\/es\/lectura\/pantos-nero\/#primaryimage\"},\"thumbnailUrl\":\"https:\/\/www.clicproducts.eu\/wp-content\/uploads\/CRRBN-immagine-in-evidenza.png\",\"datePublished\":\"2023-11-02T08:47:43+00:00\",\"dateModified\":\"2025-02-22T07:51:25+00:00\",\"breadcrumb\":{\"@id\":\"https:\/\/www.clicproducts.eu\/es\/lectura\/pantos-nero\/#breadcrumb\"},\"inLanguage\":\"es-ES\",\"potentialAction\":[{\"@type\":\"ReadAction\",\"target\":[\"https:\/\/www.clicproducts.eu\/es\/lectura\/pantos-nero\/\"]}]},{\"@type\":\"ImageObject\",\"inLanguage\":\"es-ES\",\"@id\":\"https:\/\/www.clicproducts.eu\/es\/lectura\/pantos-nero\/#primaryimage\",\"url\":\"https:\/\/www.clicproducts.eu\/wp-content\/uploads\/CRRBN-immagine-in-evidenza.png\",\"contentUrl\":\"https:\/\/www.clicproducts.eu\/wp-content\/uploads\/CRRBN-immagine-in-evidenza.png\",\"width\":800,\"height\":800},{\"@type\":\"BreadcrumbList\",\"@id\":\"https:\/\/www.clicproducts.eu\/es\/lectura\/pantos-nero\/#breadcrumb\",\"itemListElement\":[{\"@type\":\"ListItem\",\"position\":1,\"name\":\"Homepage\",\"item\":\"https:\/\/www.clicproducts.eu\/es\/\"},{\"@type\":\"ListItem\",\"position\":2,\"name\":\"Tienda\",\"item\":\"https:\/\/www.clicproducts.eu\/es\/tienda\/\"},{\"@type\":\"ListItem\",\"position\":3,\"name\":\"Lectura\",\"item\":\"https:\/\/www.clicproducts.eu\/es\/lectura\/\"},{\"@type\":\"ListItem\",\"position\":4,\"name\":\"Classic\",\"item\":\"https:\/\/www.clicproducts.eu\/es\/lectura\/classic\/\"},{\"@type\":\"ListItem\",\"position\":5,\"name\":\"Pantos Negro\"}]},{\"@type\":\"WebSite\",\"@id\":\"https:\/\/www.clicproducts.eu\/es\/#website\",\"url\":\"https:\/\/www.clicproducts.eu\/es\/\",\"name\":\"CliC Eyewear Official\",\"description\":\"\",\"publisher\":{\"@id\":\"https:\/\/www.clicproducts.eu\/es\/#organization\"},\"potentialAction\":[{\"@type\":\"SearchAction\",\"target\":{\"@type\":\"EntryPoint\",\"urlTemplate\":\"https:\/\/www.clicproducts.eu\/es\/?s={search_term_string}\"},\"query-input\":{\"@type\":\"PropertyValueSpecification\",\"valueRequired\":true,\"valueName\":\"search_term_string\"}}],\"inLanguage\":\"es-ES\"},{\"@type\":\"Organization\",\"@id\":\"https:\/\/www.clicproducts.eu\/es\/#organization\",\"name\":\"CliC Eyewear Official\",\"url\":\"https:\/\/www.clicproducts.eu\/es\/\",\"logo\":{\"@type\":\"ImageObject\",\"inLanguage\":\"es-ES\",\"@id\":\"https:\/\/www.clicproducts.eu\/es\/#\/schema\/logo\/image\/\",\"url\":\"https:\/\/www.clicproducts.eu\/wp-content\/uploads\/cropped-bfc4f25d-nuovologo.png\",\"contentUrl\":\"https:\/\/www.clicproducts.eu\/wp-content\/uploads\/cropped-bfc4f25d-nuovologo.png\",\"width\":250,\"height\":75,\"caption\":\"CliC Eyewear Official\"},\"image\":{\"@id\":\"https:\/\/www.clicproducts.eu\/es\/#\/schema\/logo\/image\/\"}}]}<\/script>\n<meta property=\"og:availability\" content=\"instock\" \/>\n<meta property=\"product:availability\" content=\"instock\" \/>\n<meta property=\"product:retailer_item_id\" content=\"CRRBN\" \/>\n<meta property=\"product:condition\" content=\"new\" \/>\n<!-- \/ Yoast SEO Premium plugin. -->","yoast_head_json":{"title":"Pantos Negro - CliC Eyewear Official","robots":{"index":"index","follow":"follow","max-snippet":"max-snippet:-1","max-image-preview":"max-image-preview:large","max-video-preview":"max-video-preview:-1"},"canonical":"https:\/\/www.clicproducts.eu\/es\/lectura\/pantos-nero\/","og_locale":"es_ES","og_type":"article","og_title":"Pantos Negro - CliC Eyewear Official","og_description":"CliC Classic es la colecci\u00f3n m\u00e1s vendida de gafas con collar\u00edn r\u00edgido y conexi\u00f3n magn\u00e9tica frontal. Gracias a las patillas ajustables, el modelo Classic se puede alargar hasta 2 cm en cada lado. Este modelo est\u00e1 disponible en una amplia selecci\u00f3n de tonos y formas, desde las m\u00e1s intensas hasta las m\u00e1s cl\u00e1sicas y vers\u00e1tiles.","og_url":"https:\/\/www.clicproducts.eu\/es\/lectura\/pantos-nero\/","og_site_name":"CliC Eyewear Official","article_modified_time":"2025-02-22T07:51:25+00:00","og_image":[{"width":800,"height":800,"url":"https:\/\/www.clicproducts.eu\/wp-content\/uploads\/CRRBN-immagine-in-evidenza.png","type":"image\/png"}],"twitter_card":"summary_large_image","twitter_misc":{"Availability":"In stock"},"schema":{"@context":"https:\/\/schema.org","@graph":[{"@type":"WebPage","@id":"https:\/\/www.clicproducts.eu\/es\/lectura\/pantos-nero\/","url":"https:\/\/www.clicproducts.eu\/es\/lectura\/pantos-nero\/","name":"Pantos Negro - CliC Eyewear Official","isPartOf":{"@id":"https:\/\/www.clicproducts.eu\/es\/#website"},"primaryImageOfPage":{"@id":"https:\/\/www.clicproducts.eu\/es\/lectura\/pantos-nero\/#primaryimage"},"image":{"@id":"https:\/\/www.clicproducts.eu\/es\/lectura\/pantos-nero\/#primaryimage"},"thumbnailUrl":"https:\/\/www.clicproducts.eu\/wp-content\/uploads\/CRRBN-immagine-in-evidenza.png","datePublished":"2023-11-02T08:47:43+00:00","dateModified":"2025-02-22T07:51:25+00:00","breadcrumb":{"@id":"https:\/\/www.clicproducts.eu\/es\/lectura\/pantos-nero\/#breadcrumb"},"inLanguage":"es-ES","potentialAction":[{"@type":"ReadAction","target":["https:\/\/www.clicproducts.eu\/es\/lectura\/pantos-nero\/"]}]},{"@type":"ImageObject","inLanguage":"es-ES","@id":"https:\/\/www.clicproducts.eu\/es\/lectura\/pantos-nero\/#primaryimage","url":"https:\/\/www.clicproducts.eu\/wp-content\/uploads\/CRRBN-immagine-in-evidenza.png","contentUrl":"https:\/\/www.clicproducts.eu\/wp-content\/uploads\/CRRBN-immagine-in-evidenza.png","width":800,"height":800},{"@type":"BreadcrumbList","@id":"https:\/\/www.clicproducts.eu\/es\/lectura\/pantos-nero\/#breadcrumb","itemListElement":[{"@type":"ListItem","position":1,"name":"Homepage","item":"https:\/\/www.clicproducts.eu\/es\/"},{"@type":"ListItem","position":2,"name":"Tienda","item":"https:\/\/www.clicproducts.eu\/es\/tienda\/"},{"@type":"ListItem","position":3,"name":"Lectura","item":"https:\/\/www.clicproducts.eu\/es\/lectura\/"},{"@type":"ListItem","position":4,"name":"Classic","item":"https:\/\/www.clicproducts.eu\/es\/lectura\/classic\/"},{"@type":"ListItem","position":5,"name":"Pantos Negro"}]},{"@type":"WebSite","@id":"https:\/\/www.clicproducts.eu\/es\/#website","url":"https:\/\/www.clicproducts.eu\/es\/","name":"CliC Eyewear Official","description":"","publisher":{"@id":"https:\/\/www.clicproducts.eu\/es\/#organization"},"potentialAction":[{"@type":"SearchAction","target":{"@type":"EntryPoint","urlTemplate":"https:\/\/www.clicproducts.eu\/es\/?s={search_term_string}"},"query-input":{"@type":"PropertyValueSpecification","valueRequired":true,"valueName":"search_term_string"}}],"inLanguage":"es-ES"},{"@type":"Organization","@id":"https:\/\/www.clicproducts.eu\/es\/#organization","name":"CliC Eyewear Official","url":"https:\/\/www.clicproducts.eu\/es\/","logo":{"@type":"ImageObject","inLanguage":"es-ES","@id":"https:\/\/www.clicproducts.eu\/es\/#\/schema\/logo\/image\/","url":"https:\/\/www.clicproducts.eu\/wp-content\/uploads\/cropped-bfc4f25d-nuovologo.png","contentUrl":"https:\/\/www.clicproducts.eu\/wp-content\/uploads\/cropped-bfc4f25d-nuovologo.png","width":250,"height":75,"caption":"CliC Eyewear Official"},"image":{"@id":"https:\/\/www.clicproducts.eu\/es\/#\/schema\/logo\/image\/"}}]},"og_availability":"instock","product_availability":"instock","product_retailer_item_id":"CRRBN","product_condition":"new"},"_links":{"self":[{"href":"https:\/\/www.clicproducts.eu\/es\/wp-json\/wp\/v2\/product\/6362","targetHints":{"allow":["GET"]}}],"collection":[{"href":"https:\/\/www.clicproducts.eu\/es\/wp-json\/wp\/v2\/product"}],"about":[{"href":"https:\/\/www.clicproducts.eu\/es\/wp-json\/wp\/v2\/types\/product"}],"wp:featuredmedia":[{"embeddable":true,"href":"https:\/\/www.clicproducts.eu\/es\/wp-json\/wp\/v2\/media\/6363"}],"wp:attachment":[{"href":"https:\/\/www.clicproducts.eu\/es\/wp-json\/wp\/v2\/media?parent=6362"}],"wp:term":[{"taxonomy":"product_cat","embeddable":true,"href":"https:\/\/www.clicproducts.eu\/es\/wp-json\/wp\/v2\/product_cat?post=6362"},{"taxonomy":"product_tag","embeddable":true,"href":"https:\/\/www.clicproducts.eu\/es\/wp-json\/wp\/v2\/product_tag?post=6362"},{"taxonomy":"giftcard-category","embeddable":true,"href":"https:\/\/www.clicproducts.eu\/es\/wp-json\/wp\/v2\/giftcard-category?post=6362"}],"curies":[{"name":"wp","href":"https:\/\/api.w.org\/{rel}","templated":true}]}}