{"id":6487,"date":"2023-11-02T09:47:18","date_gmt":"2023-11-02T08:47:18","guid":{"rendered":"https:\/\/clic1.wpenginepowered.com\/prodotto\/classic-trasparente\/"},"modified":"2026-02-01T21:44:16","modified_gmt":"2026-02-01T20:44:16","slug":"classic-trasparente","status":"publish","type":"product","link":"https:\/\/www.clicproducts.eu\/es\/classic-trasparente-es\/","title":{"rendered":"Classic Trasparente"},"content":{"rendered":"<p>CliC Classic cuenta con:<br \/>\n&#8211; Forma cl\u00e1sica rectangular;<br \/>\n&#8211; Collar\u00edn hecho de pol\u00edmeros de acetato y un 20% de TR90 que garantiza mayor flexibilidad, haciendo que \u00e9ste sea el\u00e1stico y resistente;<br \/>\n&#8211; Cierre magn\u00e9tico con apertura frontal: el im\u00e1n est\u00e1 hecho de neodimio, patentado y seguro para los usuarios con marcapasos;<br \/>\n&#8211; Patillas extensibles sin n\u00edquel;<br \/>\n&#8211; Lentes certificadas y testadas;<br \/>\n&#8211; Gafas con Marcado CE.<\/p>\n<p><img loading=\"lazy\" decoding=\"async\" class=\"alignnone wp-image-11835\" src=\"https:\/\/www.clicproducts.eu\/wp-content\/uploads\/occhiali-clic-classic.png\" alt=\"Occhiali CliC Classic\" width=\"500\" height=\"687\" srcset=\"https:\/\/www.clicproducts.eu\/wp-content\/uploads\/occhiali-clic-classic.png 640w, https:\/\/www.clicproducts.eu\/wp-content\/uploads\/occhiali-clic-classic-218x300.png 218w, https:\/\/www.clicproducts.eu\/wp-content\/uploads\/occhiali-clic-classic-575x790.png 575w, https:\/\/www.clicproducts.eu\/wp-content\/uploads\/occhiali-clic-classic-380x522.png 380w, https:\/\/www.clicproducts.eu\/wp-content\/uploads\/occhiali-clic-classic-420x577.png 420w\" sizes=\"auto, (max-width: 500px) 100vw, 500px\" \/> <img loading=\"lazy\" decoding=\"async\" class=\"alignnone  wp-image-11840\" src=\"https:\/\/www.clicproducts.eu\/wp-content\/uploads\/clic-classic-rosso-occhiali-lettura-1024x1024.webp\" alt=\"Occhiali da lettura CliC Classic Rosso\" width=\"500\" height=\"500\" srcset=\"https:\/\/www.clicproducts.eu\/wp-content\/uploads\/clic-classic-rosso-occhiali-lettura-1024x1024.webp 1024w, https:\/\/www.clicproducts.eu\/wp-content\/uploads\/clic-classic-rosso-occhiali-lettura-300x300.webp 300w, https:\/\/www.clicproducts.eu\/wp-content\/uploads\/clic-classic-rosso-occhiali-lettura-150x150.webp 150w, https:\/\/www.clicproducts.eu\/wp-content\/uploads\/clic-classic-rosso-occhiali-lettura-768x768.webp 768w, https:\/\/www.clicproducts.eu\/wp-content\/uploads\/clic-classic-rosso-occhiali-lettura-1536x1536.webp 1536w, https:\/\/www.clicproducts.eu\/wp-content\/uploads\/clic-classic-rosso-occhiali-lettura-scaled.webp 2048w, https:\/\/www.clicproducts.eu\/wp-content\/uploads\/clic-classic-rosso-occhiali-lettura-1140x1140.webp 1140w, https:\/\/www.clicproducts.eu\/wp-content\/uploads\/clic-classic-rosso-occhiali-lettura-920x920.webp 920w, https:\/\/www.clicproducts.eu\/wp-content\/uploads\/clic-classic-rosso-occhiali-lettura-575x575.webp 575w, https:\/\/www.clicproducts.eu\/wp-content\/uploads\/clic-classic-rosso-occhiali-lettura-380x380.webp 380w, https:\/\/www.clicproducts.eu\/wp-content\/uploads\/clic-classic-rosso-occhiali-lettura-50x50.webp 50w, https:\/\/www.clicproducts.eu\/wp-content\/uploads\/clic-classic-rosso-occhiali-lettura-26x26.webp 26w, https:\/\/www.clicproducts.eu\/wp-content\/uploads\/clic-classic-rosso-occhiali-lettura-420x420.webp 420w, https:\/\/www.clicproducts.eu\/wp-content\/uploads\/clic-classic-rosso-occhiali-lettura-800x800.webp 800w, https:\/\/www.clicproducts.eu\/wp-content\/uploads\/clic-classic-rosso-occhiali-lettura-100x100.webp 100w\" sizes=\"auto, (max-width: 500px) 100vw, 500px\" \/><\/p>\n","protected":false},"excerpt":{"rendered":"<p>CliC Classic es la colecci\u00f3n m\u00e1s vendida de gafas con collar\u00edn r\u00edgido y conexi\u00f3n magn\u00e9tica frontal. Gracias a las patillas ajustables, el modelo Classic se puede alargar hasta 2 cm en cada lado. Este modelo est\u00e1 disponible en una amplia selecci\u00f3n de tonos y formas, desde las m\u00e1s intensas hasta las m\u00e1s cl\u00e1sicas y vers\u00e1tiles.<\/p>\n","protected":false},"featured_media":13274,"template":"","meta":{"_acf_changed":false,"ghostkit_customizer_options":"","ghostkit_custom_css":"","ghostkit_custom_js_head":"","ghostkit_custom_js_foot":"","ghostkit_typography":""},"product_cat":[479,596,481,482],"product_tag":[],"giftcard-category":[],"class_list":{"0":"post-6487","1":"product","2":"type-product","3":"status-publish","4":"has-post-thumbnail","6":"product_cat-lectura","7":"product_cat-classic-es-2","8":"product_cat-hombre-es","9":"product_cat-mujer-es-lectura","10":"pa_modalita-duso-lectura","11":"tm-has-options","13":"first","14":"instock","15":"shipping-taxable","16":"purchasable","17":"product-type-variable"},"acf":[],"yoast_head":"<!-- This site is optimized with the Yoast SEO Premium plugin v21.7 (Yoast SEO v26.1.1) - https:\/\/yoast.com\/wordpress\/plugins\/seo\/ -->\n<title>Classic Trasparente - CliC Eyewear Official<\/title>\n<meta name=\"robots\" content=\"index, follow, max-snippet:-1, max-image-preview:large, max-video-preview:-1\" \/>\n<link rel=\"canonical\" href=\"https:\/\/www.clicproducts.eu\/es\/classic-trasparente-es\/\" \/>\n<meta property=\"og:locale\" content=\"es_ES\" \/>\n<meta property=\"og:type\" content=\"article\" \/>\n<meta property=\"og:title\" content=\"Classic Trasparente - CliC Eyewear Official\" \/>\n<meta property=\"og:description\" content=\"CliC Classic es la colecci\u00f3n m\u00e1s vendida de gafas con collar\u00edn r\u00edgido y conexi\u00f3n magn\u00e9tica frontal. Gracias a las patillas ajustables, el modelo Classic se puede alargar hasta 2 cm en cada lado. Este modelo est\u00e1 disponible en una amplia selecci\u00f3n de tonos y formas, desde las m\u00e1s intensas hasta las m\u00e1s cl\u00e1sicas y vers\u00e1tiles.\" \/>\n<meta property=\"og:url\" content=\"https:\/\/www.clicproducts.eu\/es\/classic-trasparente-es\/\" \/>\n<meta property=\"og:site_name\" content=\"CliC Eyewear Official\" \/>\n<meta property=\"article:modified_time\" content=\"2026-02-01T20:44:16+00:00\" \/>\n<meta property=\"og:image\" content=\"https:\/\/www.clicproducts.eu\/wp-content\/uploads\/CRB-immagine-in-evidenza.png\" \/>\n\t<meta property=\"og:image:width\" content=\"800\" \/>\n\t<meta property=\"og:image:height\" content=\"800\" \/>\n\t<meta property=\"og:image:type\" content=\"image\/png\" \/>\n<meta name=\"twitter:card\" content=\"summary_large_image\" \/>\n<meta name=\"twitter:label1\" content=\"Availability\" \/>\n\t<meta name=\"twitter:data1\" content=\"In stock\" \/>\n<script type=\"application\/ld+json\" class=\"yoast-schema-graph\">{\"@context\":\"https:\/\/schema.org\",\"@graph\":[{\"@type\":\"WebPage\",\"@id\":\"https:\/\/www.clicproducts.eu\/es\/classic-trasparente-es\/\",\"url\":\"https:\/\/www.clicproducts.eu\/es\/classic-trasparente-es\/\",\"name\":\"Classic Trasparente - CliC Eyewear Official\",\"isPartOf\":{\"@id\":\"https:\/\/www.clicproducts.eu\/es\/#website\"},\"primaryImageOfPage\":{\"@id\":\"https:\/\/www.clicproducts.eu\/es\/classic-trasparente-es\/#primaryimage\"},\"image\":{\"@id\":\"https:\/\/www.clicproducts.eu\/es\/classic-trasparente-es\/#primaryimage\"},\"thumbnailUrl\":\"https:\/\/www.clicproducts.eu\/wp-content\/uploads\/CRB-immagine-in-evidenza-1.png\",\"datePublished\":\"2023-11-02T08:47:18+00:00\",\"dateModified\":\"2026-02-01T20:44:16+00:00\",\"breadcrumb\":{\"@id\":\"https:\/\/www.clicproducts.eu\/es\/classic-trasparente-es\/#breadcrumb\"},\"inLanguage\":\"es-ES\",\"potentialAction\":[{\"@type\":\"ReadAction\",\"target\":[\"https:\/\/www.clicproducts.eu\/es\/classic-trasparente-es\/\"]}]},{\"@type\":\"ImageObject\",\"inLanguage\":\"es-ES\",\"@id\":\"https:\/\/www.clicproducts.eu\/es\/classic-trasparente-es\/#primaryimage\",\"url\":\"https:\/\/www.clicproducts.eu\/wp-content\/uploads\/CRB-immagine-in-evidenza-1.png\",\"contentUrl\":\"https:\/\/www.clicproducts.eu\/wp-content\/uploads\/CRB-immagine-in-evidenza-1.png\",\"width\":800,\"height\":800},{\"@type\":\"BreadcrumbList\",\"@id\":\"https:\/\/www.clicproducts.eu\/es\/classic-trasparente-es\/#breadcrumb\",\"itemListElement\":[{\"@type\":\"ListItem\",\"position\":1,\"name\":\"Homepage\",\"item\":\"https:\/\/www.clicproducts.eu\/es\/\"},{\"@type\":\"ListItem\",\"position\":2,\"name\":\"Tienda\",\"item\":\"https:\/\/www.clicproducts.eu\/es\/tienda\/\"},{\"@type\":\"ListItem\",\"position\":3,\"name\":\"Lectura\",\"item\":\"https:\/\/www.clicproducts.eu\/es\/lectura\/\"},{\"@type\":\"ListItem\",\"position\":4,\"name\":\"Classic\",\"item\":\"https:\/\/www.clicproducts.eu\/es\/lectura\/classic\/\"},{\"@type\":\"ListItem\",\"position\":5,\"name\":\"Classic Trasparente\"}]},{\"@type\":\"WebSite\",\"@id\":\"https:\/\/www.clicproducts.eu\/es\/#website\",\"url\":\"https:\/\/www.clicproducts.eu\/es\/\",\"name\":\"CliC Eyewear Official\",\"description\":\"\",\"publisher\":{\"@id\":\"https:\/\/www.clicproducts.eu\/es\/#organization\"},\"potentialAction\":[{\"@type\":\"SearchAction\",\"target\":{\"@type\":\"EntryPoint\",\"urlTemplate\":\"https:\/\/www.clicproducts.eu\/es\/?s={search_term_string}\"},\"query-input\":{\"@type\":\"PropertyValueSpecification\",\"valueRequired\":true,\"valueName\":\"search_term_string\"}}],\"inLanguage\":\"es-ES\"},{\"@type\":\"Organization\",\"@id\":\"https:\/\/www.clicproducts.eu\/es\/#organization\",\"name\":\"CliC Eyewear Official\",\"url\":\"https:\/\/www.clicproducts.eu\/es\/\",\"logo\":{\"@type\":\"ImageObject\",\"inLanguage\":\"es-ES\",\"@id\":\"https:\/\/www.clicproducts.eu\/es\/#\/schema\/logo\/image\/\",\"url\":\"https:\/\/www.clicproducts.eu\/wp-content\/uploads\/cropped-bfc4f25d-nuovologo.png\",\"contentUrl\":\"https:\/\/www.clicproducts.eu\/wp-content\/uploads\/cropped-bfc4f25d-nuovologo.png\",\"width\":250,\"height\":75,\"caption\":\"CliC Eyewear Official\"},\"image\":{\"@id\":\"https:\/\/www.clicproducts.eu\/es\/#\/schema\/logo\/image\/\"}}]}<\/script>\n<meta property=\"og:availability\" content=\"instock\" \/>\n<meta property=\"product:availability\" content=\"instock\" \/>\n<meta property=\"product:retailer_item_id\" content=\"CRB\" \/>\n<meta property=\"product:condition\" content=\"new\" \/>\n<!-- \/ Yoast SEO Premium plugin. -->","yoast_head_json":{"title":"Classic Trasparente - CliC Eyewear Official","robots":{"index":"index","follow":"follow","max-snippet":"max-snippet:-1","max-image-preview":"max-image-preview:large","max-video-preview":"max-video-preview:-1"},"canonical":"https:\/\/www.clicproducts.eu\/es\/classic-trasparente-es\/","og_locale":"es_ES","og_type":"article","og_title":"Classic Trasparente - CliC Eyewear Official","og_description":"CliC Classic es la colecci\u00f3n m\u00e1s vendida de gafas con collar\u00edn r\u00edgido y conexi\u00f3n magn\u00e9tica frontal. Gracias a las patillas ajustables, el modelo Classic se puede alargar hasta 2 cm en cada lado. Este modelo est\u00e1 disponible en una amplia selecci\u00f3n de tonos y formas, desde las m\u00e1s intensas hasta las m\u00e1s cl\u00e1sicas y vers\u00e1tiles.","og_url":"https:\/\/www.clicproducts.eu\/es\/classic-trasparente-es\/","og_site_name":"CliC Eyewear Official","article_modified_time":"2026-02-01T20:44:16+00:00","og_image":[{"width":800,"height":800,"url":"https:\/\/www.clicproducts.eu\/wp-content\/uploads\/CRB-immagine-in-evidenza.png","type":"image\/png"}],"twitter_card":"summary_large_image","twitter_misc":{"Availability":"In stock"},"schema":{"@context":"https:\/\/schema.org","@graph":[{"@type":"WebPage","@id":"https:\/\/www.clicproducts.eu\/es\/classic-trasparente-es\/","url":"https:\/\/www.clicproducts.eu\/es\/classic-trasparente-es\/","name":"Classic Trasparente - CliC Eyewear Official","isPartOf":{"@id":"https:\/\/www.clicproducts.eu\/es\/#website"},"primaryImageOfPage":{"@id":"https:\/\/www.clicproducts.eu\/es\/classic-trasparente-es\/#primaryimage"},"image":{"@id":"https:\/\/www.clicproducts.eu\/es\/classic-trasparente-es\/#primaryimage"},"thumbnailUrl":"https:\/\/www.clicproducts.eu\/wp-content\/uploads\/CRB-immagine-in-evidenza-1.png","datePublished":"2023-11-02T08:47:18+00:00","dateModified":"2026-02-01T20:44:16+00:00","breadcrumb":{"@id":"https:\/\/www.clicproducts.eu\/es\/classic-trasparente-es\/#breadcrumb"},"inLanguage":"es-ES","potentialAction":[{"@type":"ReadAction","target":["https:\/\/www.clicproducts.eu\/es\/classic-trasparente-es\/"]}]},{"@type":"ImageObject","inLanguage":"es-ES","@id":"https:\/\/www.clicproducts.eu\/es\/classic-trasparente-es\/#primaryimage","url":"https:\/\/www.clicproducts.eu\/wp-content\/uploads\/CRB-immagine-in-evidenza-1.png","contentUrl":"https:\/\/www.clicproducts.eu\/wp-content\/uploads\/CRB-immagine-in-evidenza-1.png","width":800,"height":800},{"@type":"BreadcrumbList","@id":"https:\/\/www.clicproducts.eu\/es\/classic-trasparente-es\/#breadcrumb","itemListElement":[{"@type":"ListItem","position":1,"name":"Homepage","item":"https:\/\/www.clicproducts.eu\/es\/"},{"@type":"ListItem","position":2,"name":"Tienda","item":"https:\/\/www.clicproducts.eu\/es\/tienda\/"},{"@type":"ListItem","position":3,"name":"Lectura","item":"https:\/\/www.clicproducts.eu\/es\/lectura\/"},{"@type":"ListItem","position":4,"name":"Classic","item":"https:\/\/www.clicproducts.eu\/es\/lectura\/classic\/"},{"@type":"ListItem","position":5,"name":"Classic Trasparente"}]},{"@type":"WebSite","@id":"https:\/\/www.clicproducts.eu\/es\/#website","url":"https:\/\/www.clicproducts.eu\/es\/","name":"CliC Eyewear Official","description":"","publisher":{"@id":"https:\/\/www.clicproducts.eu\/es\/#organization"},"potentialAction":[{"@type":"SearchAction","target":{"@type":"EntryPoint","urlTemplate":"https:\/\/www.clicproducts.eu\/es\/?s={search_term_string}"},"query-input":{"@type":"PropertyValueSpecification","valueRequired":true,"valueName":"search_term_string"}}],"inLanguage":"es-ES"},{"@type":"Organization","@id":"https:\/\/www.clicproducts.eu\/es\/#organization","name":"CliC Eyewear Official","url":"https:\/\/www.clicproducts.eu\/es\/","logo":{"@type":"ImageObject","inLanguage":"es-ES","@id":"https:\/\/www.clicproducts.eu\/es\/#\/schema\/logo\/image\/","url":"https:\/\/www.clicproducts.eu\/wp-content\/uploads\/cropped-bfc4f25d-nuovologo.png","contentUrl":"https:\/\/www.clicproducts.eu\/wp-content\/uploads\/cropped-bfc4f25d-nuovologo.png","width":250,"height":75,"caption":"CliC Eyewear Official"},"image":{"@id":"https:\/\/www.clicproducts.eu\/es\/#\/schema\/logo\/image\/"}}]},"og_availability":"instock","product_availability":"instock","product_retailer_item_id":"CRB","product_condition":"new"},"_links":{"self":[{"href":"https:\/\/www.clicproducts.eu\/es\/wp-json\/wp\/v2\/product\/6487","targetHints":{"allow":["GET"]}}],"collection":[{"href":"https:\/\/www.clicproducts.eu\/es\/wp-json\/wp\/v2\/product"}],"about":[{"href":"https:\/\/www.clicproducts.eu\/es\/wp-json\/wp\/v2\/types\/product"}],"wp:featuredmedia":[{"embeddable":true,"href":"https:\/\/www.clicproducts.eu\/es\/wp-json\/wp\/v2\/media\/13274"}],"wp:attachment":[{"href":"https:\/\/www.clicproducts.eu\/es\/wp-json\/wp\/v2\/media?parent=6487"}],"wp:term":[{"taxonomy":"product_cat","embeddable":true,"href":"https:\/\/www.clicproducts.eu\/es\/wp-json\/wp\/v2\/product_cat?post=6487"},{"taxonomy":"product_tag","embeddable":true,"href":"https:\/\/www.clicproducts.eu\/es\/wp-json\/wp\/v2\/product_tag?post=6487"},{"taxonomy":"giftcard-category","embeddable":true,"href":"https:\/\/www.clicproducts.eu\/es\/wp-json\/wp\/v2\/giftcard-category?post=6487"}],"curies":[{"name":"wp","href":"https:\/\/api.w.org\/{rel}","templated":true}]}}