{"id":8296,"date":"2024-01-26T11:59:29","date_gmt":"2024-01-26T10:59:29","guid":{"rendered":"https:\/\/clic1.wpenginepowered.com\/prodotto\/clic-flex-acetate-roma-violeta\/"},"modified":"2024-01-29T12:05:06","modified_gmt":"2024-01-29T11:05:06","slug":"clic-flex-acetate-roma-violeta","status":"publish","type":"product","link":"https:\/\/www.clicproducts.eu\/es\/outlet-es\/clic-flex-acetate-roma-violeta\/","title":{"rendered":"CliC Flex Acetate Roma Violeta"},"content":{"rendered":"<p>CliC Flex Acetate cuenta con:<\/p>\n<p>&#8211; Collar\u00edn Flex\u00ae: d\u00factil y flexible en los extremos laterales gracias a un engomado especial hipoalerg\u00e9nico que permite que las gafas se adapten perfectamente a la cabeza del usuario;<\/p>\n<p>&#8211; Fabricado con un 50% de pol\u00edmeros de acetato y el flexible TR90, consiguiendo que sea a\u00fan m\u00e1s flexible que las otras colecciones;<\/p>\n<p>&#8211; Un \u00e1ngulo m\u00e1s amplio de 35\u00b0 en la base de las varillas que proporciona m\u00e1s holgura en las sienes;<\/p>\n<p>&#8211; Cierre magn\u00e9tico con apertura frontal: el im\u00e1n est\u00e1 hecho de neodimio, patentado y seguro para los usuarios con marcapasos;<\/p>\n<p>&#8211; Patillas extensibles sin n\u00edquel;<\/p>\n<p>&#8211; Lentes certificadas y testadas;<\/p>\n<p>&#8211; Gafas con Marcado CE.<\/p>\n","protected":false},"excerpt":{"rendered":"<p>Las colecciones CliC Flex ofrecen m\u00faltiples variantes de formas elegantes y refinadas. Gracias a un revestimiento especial de caucho hipoalerg\u00e9nico en las patillas del cuello, se prestan a ser gafas extremadamente flexibles y flexibles que se adaptan perfectamente a la cabeza del usuario. Est\u00e1n disponibles en una amplia gama de colores desenfadados, capaces de embellecer todo tipo de rostros.<\/p>\n","protected":false},"featured_media":7685,"template":"","meta":{"_acf_changed":false,"ghostkit_customizer_options":"","ghostkit_custom_css":"","ghostkit_custom_js_head":"","ghostkit_custom_js_foot":"","ghostkit_typography":""},"product_cat":[594,605],"product_tag":[],"giftcard-category":[],"class_list":{"0":"post-8296","1":"product","2":"type-product","3":"status-publish","4":"has-post-thumbnail","6":"product_cat-lectura-es-2","7":"product_cat-outlet-es","8":"pa_collezione-flex-acetate-es","9":"pa_colore-purpura","10":"pa_forma-pantos-es","11":"pa_modalita-duso-lectura","12":"tm-has-options","14":"first","15":"instock","16":"sale","17":"shipping-taxable","18":"purchasable","19":"product-type-simple"},"acf":[],"yoast_head":"<!-- This site is optimized with the Yoast SEO Premium plugin v21.7 (Yoast SEO v26.1.1) - https:\/\/yoast.com\/wordpress\/plugins\/seo\/ -->\n<title>CliC Flex Acetate Roma Violeta - CliC Eyewear Official<\/title>\n<meta name=\"robots\" content=\"index, follow, max-snippet:-1, max-image-preview:large, max-video-preview:-1\" \/>\n<link rel=\"canonical\" href=\"https:\/\/www.clicproducts.eu\/es\/outlet-es\/clic-flex-acetate-roma-violeta\/\" \/>\n<meta property=\"og:locale\" content=\"es_ES\" \/>\n<meta property=\"og:type\" content=\"article\" \/>\n<meta property=\"og:title\" content=\"CliC Flex Acetate Roma Violeta - CliC Eyewear Official\" \/>\n<meta property=\"og:description\" content=\"Las colecciones CliC Flex ofrecen m\u00faltiples variantes de formas elegantes y refinadas. Gracias a un revestimiento especial de caucho hipoalerg\u00e9nico en las patillas del cuello, se prestan a ser gafas extremadamente flexibles y flexibles que se adaptan perfectamente a la cabeza del usuario. Est\u00e1n disponibles en una amplia gama de colores desenfadados, capaces de embellecer todo tipo de rostros.\" \/>\n<meta property=\"og:url\" content=\"https:\/\/www.clicproducts.eu\/es\/outlet-es\/clic-flex-acetate-roma-violeta\/\" \/>\n<meta property=\"og:site_name\" content=\"CliC Eyewear Official\" \/>\n<meta property=\"article:modified_time\" content=\"2024-01-29T11:05:06+00:00\" \/>\n<meta property=\"og:image\" content=\"https:\/\/www.clicproducts.eu\/wp-content\/uploads\/CARXVT-immagine-in-evidenza.png\" \/>\n\t<meta property=\"og:image:width\" content=\"800\" \/>\n\t<meta property=\"og:image:height\" content=\"800\" \/>\n\t<meta property=\"og:image:type\" content=\"image\/png\" \/>\n<meta name=\"twitter:card\" content=\"summary_large_image\" \/>\n<meta name=\"twitter:label1\" content=\"Price\" \/>\n\t<meta name=\"twitter:data1\" content=\"&euro;89,00\" \/>\n\t<meta name=\"twitter:label2\" content=\"Availability\" \/>\n\t<meta name=\"twitter:data2\" content=\"In stock\" \/>\n<script type=\"application\/ld+json\" class=\"yoast-schema-graph\">{\"@context\":\"https:\/\/schema.org\",\"@graph\":[{\"@type\":\"WebPage\",\"@id\":\"https:\/\/www.clicproducts.eu\/es\/outlet-es\/clic-flex-acetate-roma-violeta\/\",\"url\":\"https:\/\/www.clicproducts.eu\/es\/outlet-es\/clic-flex-acetate-roma-violeta\/\",\"name\":\"CliC Flex Acetate Roma Violeta - CliC Eyewear Official\",\"isPartOf\":{\"@id\":\"https:\/\/www.clicproducts.eu\/es\/#website\"},\"primaryImageOfPage\":{\"@id\":\"https:\/\/www.clicproducts.eu\/es\/outlet-es\/clic-flex-acetate-roma-violeta\/#primaryimage\"},\"image\":{\"@id\":\"https:\/\/www.clicproducts.eu\/es\/outlet-es\/clic-flex-acetate-roma-violeta\/#primaryimage\"},\"thumbnailUrl\":\"https:\/\/www.clicproducts.eu\/wp-content\/uploads\/CARXVT-immagine-in-evidenza.png\",\"datePublished\":\"2024-01-26T10:59:29+00:00\",\"dateModified\":\"2024-01-29T11:05:06+00:00\",\"breadcrumb\":{\"@id\":\"https:\/\/www.clicproducts.eu\/es\/outlet-es\/clic-flex-acetate-roma-violeta\/#breadcrumb\"},\"inLanguage\":\"es-ES\",\"potentialAction\":[{\"@type\":\"ReadAction\",\"target\":[\"https:\/\/www.clicproducts.eu\/es\/outlet-es\/clic-flex-acetate-roma-violeta\/\"]}]},{\"@type\":\"ImageObject\",\"inLanguage\":\"es-ES\",\"@id\":\"https:\/\/www.clicproducts.eu\/es\/outlet-es\/clic-flex-acetate-roma-violeta\/#primaryimage\",\"url\":\"https:\/\/www.clicproducts.eu\/wp-content\/uploads\/CARXVT-immagine-in-evidenza.png\",\"contentUrl\":\"https:\/\/www.clicproducts.eu\/wp-content\/uploads\/CARXVT-immagine-in-evidenza.png\",\"width\":800,\"height\":800},{\"@type\":\"BreadcrumbList\",\"@id\":\"https:\/\/www.clicproducts.eu\/es\/outlet-es\/clic-flex-acetate-roma-violeta\/#breadcrumb\",\"itemListElement\":[{\"@type\":\"ListItem\",\"position\":1,\"name\":\"Homepage\",\"item\":\"https:\/\/www.clicproducts.eu\/es\/\"},{\"@type\":\"ListItem\",\"position\":2,\"name\":\"Tienda\",\"item\":\"https:\/\/www.clicproducts.eu\/es\/tienda\/\"},{\"@type\":\"ListItem\",\"position\":3,\"name\":\"Outlet\",\"item\":\"https:\/\/www.clicproducts.eu\/es\/outlet\/\"},{\"@type\":\"ListItem\",\"position\":4,\"name\":\"CliC Flex Acetate Roma Violeta\"}]},{\"@type\":\"WebSite\",\"@id\":\"https:\/\/www.clicproducts.eu\/es\/#website\",\"url\":\"https:\/\/www.clicproducts.eu\/es\/\",\"name\":\"CliC Eyewear Official\",\"description\":\"\",\"publisher\":{\"@id\":\"https:\/\/www.clicproducts.eu\/es\/#organization\"},\"potentialAction\":[{\"@type\":\"SearchAction\",\"target\":{\"@type\":\"EntryPoint\",\"urlTemplate\":\"https:\/\/www.clicproducts.eu\/es\/?s={search_term_string}\"},\"query-input\":{\"@type\":\"PropertyValueSpecification\",\"valueRequired\":true,\"valueName\":\"search_term_string\"}}],\"inLanguage\":\"es-ES\"},{\"@type\":\"Organization\",\"@id\":\"https:\/\/www.clicproducts.eu\/es\/#organization\",\"name\":\"CliC Eyewear Official\",\"url\":\"https:\/\/www.clicproducts.eu\/es\/\",\"logo\":{\"@type\":\"ImageObject\",\"inLanguage\":\"es-ES\",\"@id\":\"https:\/\/www.clicproducts.eu\/es\/#\/schema\/logo\/image\/\",\"url\":\"https:\/\/www.clicproducts.eu\/wp-content\/uploads\/cropped-bfc4f25d-nuovologo.png\",\"contentUrl\":\"https:\/\/www.clicproducts.eu\/wp-content\/uploads\/cropped-bfc4f25d-nuovologo.png\",\"width\":250,\"height\":75,\"caption\":\"CliC Eyewear Official\"},\"image\":{\"@id\":\"https:\/\/www.clicproducts.eu\/es\/#\/schema\/logo\/image\/\"}}]}<\/script>\n<meta property=\"product:price:amount\" content=\"89.00\" \/>\n<meta property=\"product:price:currency\" content=\"EUR\" \/>\n<meta property=\"og:availability\" content=\"instock\" \/>\n<meta property=\"product:availability\" content=\"instock\" \/>\n<meta property=\"product:retailer_item_id\" content=\"CARXVT\" \/>\n<meta property=\"product:condition\" content=\"new\" \/>\n<!-- \/ Yoast SEO Premium plugin. -->","yoast_head_json":{"title":"CliC Flex Acetate Roma Violeta - CliC Eyewear Official","robots":{"index":"index","follow":"follow","max-snippet":"max-snippet:-1","max-image-preview":"max-image-preview:large","max-video-preview":"max-video-preview:-1"},"canonical":"https:\/\/www.clicproducts.eu\/es\/outlet-es\/clic-flex-acetate-roma-violeta\/","og_locale":"es_ES","og_type":"article","og_title":"CliC Flex Acetate Roma Violeta - CliC Eyewear Official","og_description":"Las colecciones CliC Flex ofrecen m\u00faltiples variantes de formas elegantes y refinadas. Gracias a un revestimiento especial de caucho hipoalerg\u00e9nico en las patillas del cuello, se prestan a ser gafas extremadamente flexibles y flexibles que se adaptan perfectamente a la cabeza del usuario. Est\u00e1n disponibles en una amplia gama de colores desenfadados, capaces de embellecer todo tipo de rostros.","og_url":"https:\/\/www.clicproducts.eu\/es\/outlet-es\/clic-flex-acetate-roma-violeta\/","og_site_name":"CliC Eyewear Official","article_modified_time":"2024-01-29T11:05:06+00:00","og_image":[{"width":800,"height":800,"url":"https:\/\/www.clicproducts.eu\/wp-content\/uploads\/CARXVT-immagine-in-evidenza.png","type":"image\/png"}],"twitter_card":"summary_large_image","twitter_misc":{"Price":"&euro;89,00","Availability":"In stock"},"schema":{"@context":"https:\/\/schema.org","@graph":[{"@type":"WebPage","@id":"https:\/\/www.clicproducts.eu\/es\/outlet-es\/clic-flex-acetate-roma-violeta\/","url":"https:\/\/www.clicproducts.eu\/es\/outlet-es\/clic-flex-acetate-roma-violeta\/","name":"CliC Flex Acetate Roma Violeta - CliC Eyewear Official","isPartOf":{"@id":"https:\/\/www.clicproducts.eu\/es\/#website"},"primaryImageOfPage":{"@id":"https:\/\/www.clicproducts.eu\/es\/outlet-es\/clic-flex-acetate-roma-violeta\/#primaryimage"},"image":{"@id":"https:\/\/www.clicproducts.eu\/es\/outlet-es\/clic-flex-acetate-roma-violeta\/#primaryimage"},"thumbnailUrl":"https:\/\/www.clicproducts.eu\/wp-content\/uploads\/CARXVT-immagine-in-evidenza.png","datePublished":"2024-01-26T10:59:29+00:00","dateModified":"2024-01-29T11:05:06+00:00","breadcrumb":{"@id":"https:\/\/www.clicproducts.eu\/es\/outlet-es\/clic-flex-acetate-roma-violeta\/#breadcrumb"},"inLanguage":"es-ES","potentialAction":[{"@type":"ReadAction","target":["https:\/\/www.clicproducts.eu\/es\/outlet-es\/clic-flex-acetate-roma-violeta\/"]}]},{"@type":"ImageObject","inLanguage":"es-ES","@id":"https:\/\/www.clicproducts.eu\/es\/outlet-es\/clic-flex-acetate-roma-violeta\/#primaryimage","url":"https:\/\/www.clicproducts.eu\/wp-content\/uploads\/CARXVT-immagine-in-evidenza.png","contentUrl":"https:\/\/www.clicproducts.eu\/wp-content\/uploads\/CARXVT-immagine-in-evidenza.png","width":800,"height":800},{"@type":"BreadcrumbList","@id":"https:\/\/www.clicproducts.eu\/es\/outlet-es\/clic-flex-acetate-roma-violeta\/#breadcrumb","itemListElement":[{"@type":"ListItem","position":1,"name":"Homepage","item":"https:\/\/www.clicproducts.eu\/es\/"},{"@type":"ListItem","position":2,"name":"Tienda","item":"https:\/\/www.clicproducts.eu\/es\/tienda\/"},{"@type":"ListItem","position":3,"name":"Outlet","item":"https:\/\/www.clicproducts.eu\/es\/outlet\/"},{"@type":"ListItem","position":4,"name":"CliC Flex Acetate Roma Violeta"}]},{"@type":"WebSite","@id":"https:\/\/www.clicproducts.eu\/es\/#website","url":"https:\/\/www.clicproducts.eu\/es\/","name":"CliC Eyewear Official","description":"","publisher":{"@id":"https:\/\/www.clicproducts.eu\/es\/#organization"},"potentialAction":[{"@type":"SearchAction","target":{"@type":"EntryPoint","urlTemplate":"https:\/\/www.clicproducts.eu\/es\/?s={search_term_string}"},"query-input":{"@type":"PropertyValueSpecification","valueRequired":true,"valueName":"search_term_string"}}],"inLanguage":"es-ES"},{"@type":"Organization","@id":"https:\/\/www.clicproducts.eu\/es\/#organization","name":"CliC Eyewear Official","url":"https:\/\/www.clicproducts.eu\/es\/","logo":{"@type":"ImageObject","inLanguage":"es-ES","@id":"https:\/\/www.clicproducts.eu\/es\/#\/schema\/logo\/image\/","url":"https:\/\/www.clicproducts.eu\/wp-content\/uploads\/cropped-bfc4f25d-nuovologo.png","contentUrl":"https:\/\/www.clicproducts.eu\/wp-content\/uploads\/cropped-bfc4f25d-nuovologo.png","width":250,"height":75,"caption":"CliC Eyewear Official"},"image":{"@id":"https:\/\/www.clicproducts.eu\/es\/#\/schema\/logo\/image\/"}}]},"product_price_amount":"89.00","product_price_currency":"EUR","og_availability":"instock","product_availability":"instock","product_retailer_item_id":"CARXVT","product_condition":"new"},"_links":{"self":[{"href":"https:\/\/www.clicproducts.eu\/es\/wp-json\/wp\/v2\/product\/8296","targetHints":{"allow":["GET"]}}],"collection":[{"href":"https:\/\/www.clicproducts.eu\/es\/wp-json\/wp\/v2\/product"}],"about":[{"href":"https:\/\/www.clicproducts.eu\/es\/wp-json\/wp\/v2\/types\/product"}],"wp:featuredmedia":[{"embeddable":true,"href":"https:\/\/www.clicproducts.eu\/es\/wp-json\/wp\/v2\/media\/7685"}],"wp:attachment":[{"href":"https:\/\/www.clicproducts.eu\/es\/wp-json\/wp\/v2\/media?parent=8296"}],"wp:term":[{"taxonomy":"product_cat","embeddable":true,"href":"https:\/\/www.clicproducts.eu\/es\/wp-json\/wp\/v2\/product_cat?post=8296"},{"taxonomy":"product_tag","embeddable":true,"href":"https:\/\/www.clicproducts.eu\/es\/wp-json\/wp\/v2\/product_tag?post=8296"},{"taxonomy":"giftcard-category","embeddable":true,"href":"https:\/\/www.clicproducts.eu\/es\/wp-json\/wp\/v2\/giftcard-category?post=8296"}],"curies":[{"name":"wp","href":"https:\/\/api.w.org\/{rel}","templated":true}]}}