{"id":1312,"date":"2023-10-06T15:16:22","date_gmt":"2023-10-06T13:16:22","guid":{"rendered":"https:\/\/clic1.wpenginepowered.com\/?page_id=1312"},"modified":"2024-02-28T14:26:10","modified_gmt":"2024-02-28T13:26:10","slug":"chi-siamo","status":"publish","type":"page","link":"https:\/\/www.clicproducts.eu\/it\/chi-siamo\/","title":{"rendered":"Chi Siamo"},"content":{"rendered":"\n<div class=\"wp-block-cover\"><span aria-hidden=\"true\" class=\"wp-block-cover__background has-background-dim-30 has-background-dim\"><\/span><img loading=\"lazy\" decoding=\"async\" width=\"1110\" height=\"430\" class=\"wp-block-cover__image-background wp-image-4948\" alt=\"\" src=\"https:\/\/www.clicproducts.eu\/wp-content\/uploads\/clic-chi-siamo.jpg\" data-object-fit=\"cover\" srcset=\"https:\/\/www.clicproducts.eu\/wp-content\/uploads\/clic-chi-siamo.jpg 1110w, https:\/\/www.clicproducts.eu\/wp-content\/uploads\/clic-chi-siamo-420x163.jpg 420w, https:\/\/www.clicproducts.eu\/wp-content\/uploads\/clic-chi-siamo-800x310.jpg 800w, https:\/\/www.clicproducts.eu\/wp-content\/uploads\/clic-chi-siamo-300x116.jpg 300w, https:\/\/www.clicproducts.eu\/wp-content\/uploads\/clic-chi-siamo-1024x397.jpg 1024w, https:\/\/www.clicproducts.eu\/wp-content\/uploads\/clic-chi-siamo-768x298.jpg 768w, https:\/\/www.clicproducts.eu\/wp-content\/uploads\/clic-chi-siamo-920x356.jpg 920w, https:\/\/www.clicproducts.eu\/wp-content\/uploads\/clic-chi-siamo-575x223.jpg 575w, https:\/\/www.clicproducts.eu\/wp-content\/uploads\/clic-chi-siamo-380x147.jpg 380w\" sizes=\"auto, (max-width: 1110px) 100vw, 1110px\" \/><div class=\"wp-block-cover__inner-container is-layout-constrained wp-block-cover-is-layout-constrained\">\n<h1 style=\"font-size:60px\" class=\"wp-block-heading has-text-align-center has-large-font-size\"><strong style=\"color:#fff; font-size:60px\">Chi Siamo<\/strong><\/h1>\n<\/div><\/div>\n\n\n\n<div style=\"height:100px\" aria-hidden=\"true\" class=\"wp-block-spacer\"><\/div>\n\n\n\n<p>La leggenda vuole che l&#8217;occhiale CliC nasca inizialmente come un progetto della Nasa pensato per gli astronauti che, durante le loro missioni, non potevano indossare dei normali occhiali con laccetti o catenelle a causa della forza di gravit\u00e0.<br>Oggi CliC \u00e8 l\u2019unico occhiale magnetico realizzato con materiali e tecniche costruttive di alta qualit\u00e0: l\u2019elasticit\u00e0 e la resistenza agli urti del policarbonato, unite all\u2019estrema durevolezza del magnete in neodimio brevettato CE e testato in galleria del vento per resistere a un distacco a 208 Km\/h, ne fanno un prodotto estremamente utile nella vita di tutti i giorni.<br>CliC, che \u00e8 stato protetto da brevetto per 20 anni, \u00e8 l\u2019occhiale da presbiopia leader nel mondo, venduto in pi\u00f9 di 146 paesi.<\/p>\n\n\n\n<div style=\"height:100px\" aria-hidden=\"true\" class=\"wp-block-spacer\"><\/div>\n\n\n\n<div class=\"wp-block-media-text has-media-on-the-right is-stacked-on-mobile\"><div class=\"wp-block-media-text__content\">\n<h2 class=\"wp-block-heading\" id=\"h-concept\">Concept<\/h2>\n\n\n\n<p>Un suono trasformato in brand.<br>CliC Eyewear ha rivoluzionato il mercato degli occhiali da lettura, offrendo un&#8217;alternativa funzionale e trendy ai soliti occhiali da presbiopia con un perfetto equilibrio tra stile e praticit\u00e0.<br>Grazie al suo esclusivo sistema di connessione magnetica e al collarino, CliC offre una soluzione comoda ed elegante per chi indossa e toglie spesso gli occhiali durante la giornata. Questo sistema garantisce la massima indossabilit\u00e0, anche grazie alle aste allungabili, eliminando il rischio di far cadere o perdere gli occhiali.<br>Le collezioni presentano una vasta gamma di montature, dalle classiche forme rettangolari a quelle pantoscopiche, fino a quelle squadrate per un campo visivo pi\u00f9 ampio. Realizzati con materiali di altissima qualit\u00e0 come TR90, acciaio e acetato, gli occhiali sono resistenti e duraturi nel tempo.<br>I modelli hanno guadagnato grande popolarit\u00e0 tra i professionisti e le persone che passano frequentemente da attivit\u00e0 che richiedono una visione chiara e nitida a momenti di comodit\u00e0 senza occhiali.<\/p>\n<\/div><figure class=\"wp-block-media-text__media\"><img loading=\"lazy\" decoding=\"async\" width=\"555\" height=\"680\" src=\"https:\/\/www.clicproducts.eu\/wp-content\/uploads\/CliC-Eyewear-Chi-Siamo-Concept.jpg\" alt=\"\" class=\"wp-image-4955 size-full\" srcset=\"https:\/\/www.clicproducts.eu\/wp-content\/uploads\/CliC-Eyewear-Chi-Siamo-Concept.jpg 555w, https:\/\/www.clicproducts.eu\/wp-content\/uploads\/CliC-Eyewear-Chi-Siamo-Concept-420x515.jpg 420w, https:\/\/www.clicproducts.eu\/wp-content\/uploads\/CliC-Eyewear-Chi-Siamo-Concept-245x300.jpg 245w, https:\/\/www.clicproducts.eu\/wp-content\/uploads\/CliC-Eyewear-Chi-Siamo-Concept-380x466.jpg 380w\" sizes=\"auto, (max-width: 555px) 100vw, 555px\" \/><\/figure><\/div>\n\n\n\n<div style=\"height:100px\" aria-hidden=\"true\" class=\"wp-block-spacer\"><\/div>\n\n\n\n<div class=\"wp-block-media-text is-stacked-on-mobile\"><figure class=\"wp-block-media-text__media\"><img loading=\"lazy\" decoding=\"async\" width=\"555\" height=\"680\" src=\"https:\/\/www.clicproducts.eu\/wp-content\/uploads\/CliC-Eyewear-Chi-Siamo-Mission.jpg\" alt=\"\" class=\"wp-image-4958 size-full\" srcset=\"https:\/\/www.clicproducts.eu\/wp-content\/uploads\/CliC-Eyewear-Chi-Siamo-Mission.jpg 555w, https:\/\/www.clicproducts.eu\/wp-content\/uploads\/CliC-Eyewear-Chi-Siamo-Mission-420x515.jpg 420w, https:\/\/www.clicproducts.eu\/wp-content\/uploads\/CliC-Eyewear-Chi-Siamo-Mission-245x300.jpg 245w, https:\/\/www.clicproducts.eu\/wp-content\/uploads\/CliC-Eyewear-Chi-Siamo-Mission-380x466.jpg 380w\" sizes=\"auto, (max-width: 555px) 100vw, 555px\" \/><\/figure><div class=\"wp-block-media-text__content\">\n<h2 class=\"wp-block-heading\" id=\"h-mission\">Mission<\/h2>\n\n\n\n<p>La mission dell\u2019azienda \u00e8 il consolidamento della leadership mondiale nel settore dell\u2019ottica, investendo in servizio, design, creativit\u00e0 e innovazione tecnologica.<br>Ogni giorno il nostro team, guidato dalla passione per il proprio lavoro, controlla in maniera esaustiva l\u2019intero processo che porta alla realizzazione degli occhiali, dai materiali iniziali al prodotto finito, per garantire ai nostri clienti i massimi standard tecnici e qualitativi.<br>Il nostro customer care supporta quotidianamente i nostri clienti, sia ottici che clienti finali, per garantire un&#8217;ottima customer experience.<\/p>\n<\/div><\/div>\n\n\n\n<div style=\"height:100px\" aria-hidden=\"true\" class=\"wp-block-spacer\"><\/div>\n\n\n\n<div class=\"wp-block-media-text has-media-on-the-right is-stacked-on-mobile\"><div class=\"wp-block-media-text__content\">\n<h2 class=\"wp-block-heading\" id=\"h-overal-srl\">Overal Srl<\/h2>\n\n\n\n<p>CliC Eyewear fa parte di Overal Srl, azienda Made in Italy sul mercato dal 1986. Nel 2003 Overal Srl \u00e8 entrata nel mercato dell\u2019occhialeria con CliC Eyewear, gli ormai celebri occhiali con il magnete, brevetto mondiale californiano. Una sfida entusiasmante e un&#8217;autentica innovazione tecnologica. Oggi Overal Srl \u00e8 co-proprietaria del brand e responsabile per tutta l&#8217;area EMEA (Europa, Medio Oriente, Africa).<\/p>\n\n\n\n<p><\/p>\n<\/div><figure class=\"wp-block-media-text__media\"><img loading=\"lazy\" decoding=\"async\" width=\"555\" height=\"680\" src=\"https:\/\/www.clicproducts.eu\/wp-content\/uploads\/CliC-Eyewear-Chi-Siamo-Overal-Srl.jpg\" alt=\"\" class=\"wp-image-4960 size-full\" srcset=\"https:\/\/www.clicproducts.eu\/wp-content\/uploads\/CliC-Eyewear-Chi-Siamo-Overal-Srl.jpg 555w, https:\/\/www.clicproducts.eu\/wp-content\/uploads\/CliC-Eyewear-Chi-Siamo-Overal-Srl-420x515.jpg 420w, https:\/\/www.clicproducts.eu\/wp-content\/uploads\/CliC-Eyewear-Chi-Siamo-Overal-Srl-245x300.jpg 245w, https:\/\/www.clicproducts.eu\/wp-content\/uploads\/CliC-Eyewear-Chi-Siamo-Overal-Srl-380x466.jpg 380w\" sizes=\"auto, (max-width: 555px) 100vw, 555px\" \/><\/figure><\/div>\n","protected":false},"excerpt":{"rendered":"<p>La leggenda vuole che l&#8217;occhiale CliC nasca inizialmente come un progetto della Nasa pensato per gli astronauti che, durante le loro missioni, non potevano indossare dei normali occhiali con laccetti [&hellip;]<\/p>\n","protected":false},"author":9,"featured_media":0,"parent":0,"menu_order":0,"comment_status":"closed","ping_status":"closed","template":"","meta":{"_acf_changed":false,"ghostkit_customizer_options":"","ghostkit_custom_css":"","ghostkit_custom_js_head":"","ghostkit_custom_js_foot":"","ghostkit_typography":"","footnotes":""},"class_list":["post-1312","page","type-page","status-publish","hentry"],"acf":[],"yoast_head":"<!-- This site is optimized with the Yoast SEO Premium plugin v21.7 (Yoast SEO v26.1.1) - https:\/\/yoast.com\/wordpress\/plugins\/seo\/ -->\n<title>Chi Siamo - CliC Eyewear Official<\/title>\n<meta name=\"description\" content=\"Scopri il concept e la mission di CliC Eyewear Official: l\u2019unico occhiale magnetico realizzato con materiali e tecniche di alta qualit\u00e0.\" \/>\n<meta name=\"robots\" content=\"index, follow, max-snippet:-1, max-image-preview:large, max-video-preview:-1\" \/>\n<link rel=\"canonical\" href=\"https:\/\/www.clicproducts.eu\/it\/chi-siamo\/\" \/>\n<meta property=\"og:locale\" content=\"it_IT\" \/>\n<meta property=\"og:type\" content=\"article\" \/>\n<meta property=\"og:title\" content=\"Chi Siamo - CliC Eyewear Official\" \/>\n<meta property=\"og:description\" content=\"Scopri il concept e la mission di CliC Eyewear Official: l\u2019unico occhiale magnetico realizzato con materiali e tecniche di alta qualit\u00e0.\" \/>\n<meta property=\"og:url\" content=\"https:\/\/www.clicproducts.eu\/it\/chi-siamo\/\" \/>\n<meta property=\"og:site_name\" content=\"CliC Eyewear Official\" \/>\n<meta property=\"article:modified_time\" content=\"2024-02-28T13:26:10+00:00\" \/>\n<meta property=\"og:image\" content=\"https:\/\/www.clicproducts.eu\/wp-content\/uploads\/clic-chi-siamo.jpg\" \/>\n<meta name=\"twitter:card\" content=\"summary_large_image\" \/>\n<meta name=\"twitter:label1\" content=\"Est. reading time\" \/>\n\t<meta name=\"twitter:data1\" content=\"3 minutes\" \/>\n<script type=\"application\/ld+json\" class=\"yoast-schema-graph\">{\"@context\":\"https:\/\/schema.org\",\"@graph\":[{\"@type\":\"WebPage\",\"@id\":\"https:\/\/www.clicproducts.eu\/it\/chi-siamo\/\",\"url\":\"https:\/\/www.clicproducts.eu\/it\/chi-siamo\/\",\"name\":\"Chi Siamo - CliC Eyewear Official\",\"isPartOf\":{\"@id\":\"https:\/\/www.clicproducts.eu\/it\/#website\"},\"primaryImageOfPage\":{\"@id\":\"https:\/\/www.clicproducts.eu\/it\/chi-siamo\/#primaryimage\"},\"image\":{\"@id\":\"https:\/\/www.clicproducts.eu\/it\/chi-siamo\/#primaryimage\"},\"thumbnailUrl\":\"https:\/\/www.clicproducts.eu\/wp-content\/uploads\/clic-chi-siamo.jpg\",\"datePublished\":\"2023-10-06T13:16:22+00:00\",\"dateModified\":\"2024-02-28T13:26:10+00:00\",\"description\":\"Scopri il concept e la mission di CliC Eyewear Official: l\u2019unico occhiale magnetico realizzato con materiali e tecniche di alta qualit\u00e0.\",\"breadcrumb\":{\"@id\":\"https:\/\/www.clicproducts.eu\/it\/chi-siamo\/#breadcrumb\"},\"inLanguage\":\"it-IT\",\"potentialAction\":[{\"@type\":\"ReadAction\",\"target\":[\"https:\/\/www.clicproducts.eu\/it\/chi-siamo\/\"]}]},{\"@type\":\"ImageObject\",\"inLanguage\":\"it-IT\",\"@id\":\"https:\/\/www.clicproducts.eu\/it\/chi-siamo\/#primaryimage\",\"url\":\"https:\/\/www.clicproducts.eu\/wp-content\/uploads\/clic-chi-siamo.jpg\",\"contentUrl\":\"https:\/\/www.clicproducts.eu\/wp-content\/uploads\/clic-chi-siamo.jpg\"},{\"@type\":\"BreadcrumbList\",\"@id\":\"https:\/\/www.clicproducts.eu\/it\/chi-siamo\/#breadcrumb\",\"itemListElement\":[{\"@type\":\"ListItem\",\"position\":1,\"name\":\"Homepage\",\"item\":\"https:\/\/www.clicproducts.eu\/it\/\"},{\"@type\":\"ListItem\",\"position\":2,\"name\":\"Chi Siamo\"}]},{\"@type\":\"WebSite\",\"@id\":\"https:\/\/www.clicproducts.eu\/it\/#website\",\"url\":\"https:\/\/www.clicproducts.eu\/it\/\",\"name\":\"CliC Eyewear Official\",\"description\":\"\",\"publisher\":{\"@id\":\"https:\/\/www.clicproducts.eu\/it\/#organization\"},\"potentialAction\":[{\"@type\":\"SearchAction\",\"target\":{\"@type\":\"EntryPoint\",\"urlTemplate\":\"https:\/\/www.clicproducts.eu\/it\/?s={search_term_string}\"},\"query-input\":{\"@type\":\"PropertyValueSpecification\",\"valueRequired\":true,\"valueName\":\"search_term_string\"}}],\"inLanguage\":\"it-IT\"},{\"@type\":\"Organization\",\"@id\":\"https:\/\/www.clicproducts.eu\/it\/#organization\",\"name\":\"CliC Eyewear Official\",\"url\":\"https:\/\/www.clicproducts.eu\/it\/\",\"logo\":{\"@type\":\"ImageObject\",\"inLanguage\":\"it-IT\",\"@id\":\"https:\/\/www.clicproducts.eu\/it\/#\/schema\/logo\/image\/\",\"url\":\"https:\/\/www.clicproducts.eu\/wp-content\/uploads\/cropped-bfc4f25d-nuovologo.png\",\"contentUrl\":\"https:\/\/www.clicproducts.eu\/wp-content\/uploads\/cropped-bfc4f25d-nuovologo.png\",\"width\":250,\"height\":75,\"caption\":\"CliC Eyewear Official\"},\"image\":{\"@id\":\"https:\/\/www.clicproducts.eu\/it\/#\/schema\/logo\/image\/\"}}]}<\/script>\n<!-- \/ Yoast SEO Premium plugin. -->","yoast_head_json":{"title":"Chi Siamo - CliC Eyewear Official","description":"Scopri il concept e la mission di CliC Eyewear Official: l\u2019unico occhiale magnetico realizzato con materiali e tecniche di alta qualit\u00e0.","robots":{"index":"index","follow":"follow","max-snippet":"max-snippet:-1","max-image-preview":"max-image-preview:large","max-video-preview":"max-video-preview:-1"},"canonical":"https:\/\/www.clicproducts.eu\/it\/chi-siamo\/","og_locale":"it_IT","og_type":"article","og_title":"Chi Siamo - CliC Eyewear Official","og_description":"Scopri il concept e la mission di CliC Eyewear Official: l\u2019unico occhiale magnetico realizzato con materiali e tecniche di alta qualit\u00e0.","og_url":"https:\/\/www.clicproducts.eu\/it\/chi-siamo\/","og_site_name":"CliC Eyewear Official","article_modified_time":"2024-02-28T13:26:10+00:00","og_image":[{"url":"https:\/\/www.clicproducts.eu\/wp-content\/uploads\/clic-chi-siamo.jpg","type":"","width":"","height":""}],"twitter_card":"summary_large_image","twitter_misc":{"Est. reading time":"3 minutes"},"schema":{"@context":"https:\/\/schema.org","@graph":[{"@type":"WebPage","@id":"https:\/\/www.clicproducts.eu\/it\/chi-siamo\/","url":"https:\/\/www.clicproducts.eu\/it\/chi-siamo\/","name":"Chi Siamo - CliC Eyewear Official","isPartOf":{"@id":"https:\/\/www.clicproducts.eu\/it\/#website"},"primaryImageOfPage":{"@id":"https:\/\/www.clicproducts.eu\/it\/chi-siamo\/#primaryimage"},"image":{"@id":"https:\/\/www.clicproducts.eu\/it\/chi-siamo\/#primaryimage"},"thumbnailUrl":"https:\/\/www.clicproducts.eu\/wp-content\/uploads\/clic-chi-siamo.jpg","datePublished":"2023-10-06T13:16:22+00:00","dateModified":"2024-02-28T13:26:10+00:00","description":"Scopri il concept e la mission di CliC Eyewear Official: l\u2019unico occhiale magnetico realizzato con materiali e tecniche di alta qualit\u00e0.","breadcrumb":{"@id":"https:\/\/www.clicproducts.eu\/it\/chi-siamo\/#breadcrumb"},"inLanguage":"it-IT","potentialAction":[{"@type":"ReadAction","target":["https:\/\/www.clicproducts.eu\/it\/chi-siamo\/"]}]},{"@type":"ImageObject","inLanguage":"it-IT","@id":"https:\/\/www.clicproducts.eu\/it\/chi-siamo\/#primaryimage","url":"https:\/\/www.clicproducts.eu\/wp-content\/uploads\/clic-chi-siamo.jpg","contentUrl":"https:\/\/www.clicproducts.eu\/wp-content\/uploads\/clic-chi-siamo.jpg"},{"@type":"BreadcrumbList","@id":"https:\/\/www.clicproducts.eu\/it\/chi-siamo\/#breadcrumb","itemListElement":[{"@type":"ListItem","position":1,"name":"Homepage","item":"https:\/\/www.clicproducts.eu\/it\/"},{"@type":"ListItem","position":2,"name":"Chi Siamo"}]},{"@type":"WebSite","@id":"https:\/\/www.clicproducts.eu\/it\/#website","url":"https:\/\/www.clicproducts.eu\/it\/","name":"CliC Eyewear Official","description":"","publisher":{"@id":"https:\/\/www.clicproducts.eu\/it\/#organization"},"potentialAction":[{"@type":"SearchAction","target":{"@type":"EntryPoint","urlTemplate":"https:\/\/www.clicproducts.eu\/it\/?s={search_term_string}"},"query-input":{"@type":"PropertyValueSpecification","valueRequired":true,"valueName":"search_term_string"}}],"inLanguage":"it-IT"},{"@type":"Organization","@id":"https:\/\/www.clicproducts.eu\/it\/#organization","name":"CliC Eyewear Official","url":"https:\/\/www.clicproducts.eu\/it\/","logo":{"@type":"ImageObject","inLanguage":"it-IT","@id":"https:\/\/www.clicproducts.eu\/it\/#\/schema\/logo\/image\/","url":"https:\/\/www.clicproducts.eu\/wp-content\/uploads\/cropped-bfc4f25d-nuovologo.png","contentUrl":"https:\/\/www.clicproducts.eu\/wp-content\/uploads\/cropped-bfc4f25d-nuovologo.png","width":250,"height":75,"caption":"CliC Eyewear Official"},"image":{"@id":"https:\/\/www.clicproducts.eu\/it\/#\/schema\/logo\/image\/"}}]}},"_links":{"self":[{"href":"https:\/\/www.clicproducts.eu\/it\/wp-json\/wp\/v2\/pages\/1312","targetHints":{"allow":["GET"]}}],"collection":[{"href":"https:\/\/www.clicproducts.eu\/it\/wp-json\/wp\/v2\/pages"}],"about":[{"href":"https:\/\/www.clicproducts.eu\/it\/wp-json\/wp\/v2\/types\/page"}],"author":[{"embeddable":true,"href":"https:\/\/www.clicproducts.eu\/it\/wp-json\/wp\/v2\/users\/9"}],"replies":[{"embeddable":true,"href":"https:\/\/www.clicproducts.eu\/it\/wp-json\/wp\/v2\/comments?post=1312"}],"version-history":[{"count":0,"href":"https:\/\/www.clicproducts.eu\/it\/wp-json\/wp\/v2\/pages\/1312\/revisions"}],"wp:attachment":[{"href":"https:\/\/www.clicproducts.eu\/it\/wp-json\/wp\/v2\/media?parent=1312"}],"curies":[{"name":"wp","href":"https:\/\/api.w.org\/{rel}","templated":true}]}}