{"id":1406,"date":"2023-11-09T12:10:20","date_gmt":"2023-11-09T11:10:20","guid":{"rendered":"https:\/\/clic1.wpenginepowered.com\/prodotto\/flex-brooklyn-blu\/"},"modified":"2025-12-11T13:46:47","modified_gmt":"2025-12-11T12:46:47","slug":"flex-brooklyn-blu","status":"publish","type":"product","link":"https:\/\/www.clicproducts.eu\/it\/flex-brooklyn-blu\/","title":{"rendered":"Flex Brooklyn Blu"},"content":{"rendered":"<p>Il Brooklyn \u00e8 uno dei modelli Flex ispirati alla citt\u00e0 metropolitana di New York. Presenta:<\/p>\n<p>&#8211; Forma pantoscopica che consente di montare lenti progressive ed avere maggiore campo visivo;<\/p>\n<p>&#8211; Collarino Flex\u00ae: duttile e flessibile sulle estremit\u00e0 laterali grazie ad una speciale gommatura anallergica che consente all\u2019occhiale di adattarsi perfettamente alla testa di chi lo indossa;<\/p>\n<p>&#8211; Realizzati con il 50% di polimeri in acetato ed il flessibile TR90, che lo rendono ancora pi\u00f9 flessibile rispetto alle altre collezioni;<\/p>\n<p>&#8211; Presenza di un angolo pi\u00f9 ampio di 35\u00b0 alla base delle aste che garantisce maggiore spazio sulle tempie;<\/p>\n<p>&#8211; Connessione magnetica con apertura frontale: il magnete \u00e8 realizzato in neodimio, brevettato e sicuro per i portatori di pacemaker;<\/p>\n<p>&#8211; Aste allungabili nichel free;<\/p>\n<p>&#8211; Lenti certificate e controllate;<\/p>\n<p>&#8211; Occhiale con marchio CE.<\/p>\n","protected":false},"excerpt":{"rendered":"<p>Il Brooklyn \u00e8 uno dei modelli Flex ispirati alla citt\u00e0 metropolitana di New York.<\/p>\n<p>Le collezioni CliC Flex offrono pi\u00f9 varianti di forme eleganti e raffinate. Grazie a una speciale gommatura anallergica sulle aste del collarino, si prestano a essere occhiali estremamente duttili e flessibili che si adattano perfettamente alla testa di chi li indossa. Sono disponibili in un\u2019ampia gamma di colori casual, capaci di impreziosire tutte le tipologie di volto.<\/p>\n","protected":false},"featured_media":8932,"template":"","meta":{"_acf_changed":false,"ghostkit_customizer_options":"","ghostkit_custom_css":"","ghostkit_custom_js_head":"","ghostkit_custom_js_foot":"","ghostkit_typography":""},"product_cat":[195,182,181,194],"product_tag":[],"giftcard-category":[],"class_list":{"0":"post-1406","1":"product","2":"type-product","3":"status-publish","4":"has-post-thumbnail","6":"product_cat-occhiali-da-lettura-donna","7":"product_cat-clic-flex","8":"product_cat-occhiali-da-lettura","9":"product_cat-lettura-uomo","10":"pa_modalita-duso-lettura","11":"tm-has-options","13":"first","14":"instock","15":"sold-individually","16":"purchasable","17":"product-type-variable"},"acf":[],"yoast_head":"<!-- This site is optimized with the Yoast SEO Premium plugin v21.7 (Yoast SEO v26.1.1) - https:\/\/yoast.com\/wordpress\/plugins\/seo\/ -->\n<title>Flex Brooklyn Blu - CliC Eyewear Official<\/title>\n<meta name=\"robots\" content=\"index, follow, max-snippet:-1, max-image-preview:large, max-video-preview:-1\" \/>\n<link rel=\"canonical\" href=\"https:\/\/www.clicproducts.eu\/it\/flex-brooklyn-blu\/\" \/>\n<meta property=\"og:locale\" content=\"it_IT\" \/>\n<meta property=\"og:type\" content=\"article\" \/>\n<meta property=\"og:title\" content=\"Flex Brooklyn Blu - CliC Eyewear Official\" \/>\n<meta property=\"og:description\" content=\"Il Brooklyn \u00e8 uno dei modelli Flex ispirati alla citt\u00e0 metropolitana di New York.  Le collezioni CliC Flex offrono pi\u00f9 varianti di forme eleganti e raffinate. Grazie a una speciale gommatura anallergica sulle aste del collarino, si prestano a essere occhiali estremamente duttili e flessibili che si adattano perfettamente alla testa di chi li indossa. Sono disponibili in un\u2019ampia gamma di colori casual, capaci di impreziosire tutte le tipologie di volto.\" \/>\n<meta property=\"og:url\" content=\"https:\/\/www.clicproducts.eu\/it\/flex-brooklyn-blu\/\" \/>\n<meta property=\"og:site_name\" content=\"CliC Eyewear Official\" \/>\n<meta property=\"article:modified_time\" content=\"2025-12-11T12:46:47+00:00\" \/>\n<meta property=\"og:image\" content=\"https:\/\/www.clicproducts.eu\/wp-content\/uploads\/CBXFAAN-immagine-in-evidenza.png\" \/>\n\t<meta property=\"og:image:width\" content=\"800\" \/>\n\t<meta property=\"og:image:height\" content=\"800\" \/>\n\t<meta property=\"og:image:type\" content=\"image\/png\" \/>\n<meta name=\"twitter:card\" content=\"summary_large_image\" \/>\n<meta name=\"twitter:label1\" content=\"Availability\" \/>\n\t<meta name=\"twitter:data1\" content=\"In stock\" \/>\n<script type=\"application\/ld+json\" class=\"yoast-schema-graph\">{\"@context\":\"https:\/\/schema.org\",\"@graph\":[{\"@type\":\"WebPage\",\"@id\":\"https:\/\/www.clicproducts.eu\/it\/flex-brooklyn-blu\/\",\"url\":\"https:\/\/www.clicproducts.eu\/it\/flex-brooklyn-blu\/\",\"name\":\"Flex Brooklyn Blu - CliC Eyewear Official\",\"isPartOf\":{\"@id\":\"https:\/\/www.clicproducts.eu\/it\/#website\"},\"primaryImageOfPage\":{\"@id\":\"https:\/\/www.clicproducts.eu\/it\/flex-brooklyn-blu\/#primaryimage\"},\"image\":{\"@id\":\"https:\/\/www.clicproducts.eu\/it\/flex-brooklyn-blu\/#primaryimage\"},\"thumbnailUrl\":\"https:\/\/www.clicproducts.eu\/wp-content\/uploads\/CBXFAAN-immagine-in-evidenza.png\",\"datePublished\":\"2023-11-09T11:10:20+00:00\",\"dateModified\":\"2025-12-11T12:46:47+00:00\",\"breadcrumb\":{\"@id\":\"https:\/\/www.clicproducts.eu\/it\/flex-brooklyn-blu\/#breadcrumb\"},\"inLanguage\":\"it-IT\",\"potentialAction\":[{\"@type\":\"ReadAction\",\"target\":[\"https:\/\/www.clicproducts.eu\/it\/flex-brooklyn-blu\/\"]}]},{\"@type\":\"ImageObject\",\"inLanguage\":\"it-IT\",\"@id\":\"https:\/\/www.clicproducts.eu\/it\/flex-brooklyn-blu\/#primaryimage\",\"url\":\"https:\/\/www.clicproducts.eu\/wp-content\/uploads\/CBXFAAN-immagine-in-evidenza.png\",\"contentUrl\":\"https:\/\/www.clicproducts.eu\/wp-content\/uploads\/CBXFAAN-immagine-in-evidenza.png\",\"width\":800,\"height\":800},{\"@type\":\"BreadcrumbList\",\"@id\":\"https:\/\/www.clicproducts.eu\/it\/flex-brooklyn-blu\/#breadcrumb\",\"itemListElement\":[{\"@type\":\"ListItem\",\"position\":1,\"name\":\"Homepage\",\"item\":\"https:\/\/www.clicproducts.eu\/it\/\"},{\"@type\":\"ListItem\",\"position\":2,\"name\":\"Shop\",\"item\":\"https:\/\/www.clicproducts.eu\/it\/shop\/\"},{\"@type\":\"ListItem\",\"position\":3,\"name\":\"Lettura\",\"item\":\"https:\/\/www.clicproducts.eu\/it\/occhiali-da-lettura\/\"},{\"@type\":\"ListItem\",\"position\":4,\"name\":\"Flex\",\"item\":\"https:\/\/www.clicproducts.eu\/it\/occhiali-da-lettura\/clic-flex\/\"},{\"@type\":\"ListItem\",\"position\":5,\"name\":\"Flex Brooklyn Blu\"}]},{\"@type\":\"WebSite\",\"@id\":\"https:\/\/www.clicproducts.eu\/it\/#website\",\"url\":\"https:\/\/www.clicproducts.eu\/it\/\",\"name\":\"CliC Eyewear Official\",\"description\":\"\",\"publisher\":{\"@id\":\"https:\/\/www.clicproducts.eu\/it\/#organization\"},\"potentialAction\":[{\"@type\":\"SearchAction\",\"target\":{\"@type\":\"EntryPoint\",\"urlTemplate\":\"https:\/\/www.clicproducts.eu\/it\/?s={search_term_string}\"},\"query-input\":{\"@type\":\"PropertyValueSpecification\",\"valueRequired\":true,\"valueName\":\"search_term_string\"}}],\"inLanguage\":\"it-IT\"},{\"@type\":\"Organization\",\"@id\":\"https:\/\/www.clicproducts.eu\/it\/#organization\",\"name\":\"CliC Eyewear Official\",\"url\":\"https:\/\/www.clicproducts.eu\/it\/\",\"logo\":{\"@type\":\"ImageObject\",\"inLanguage\":\"it-IT\",\"@id\":\"https:\/\/www.clicproducts.eu\/it\/#\/schema\/logo\/image\/\",\"url\":\"https:\/\/www.clicproducts.eu\/wp-content\/uploads\/cropped-bfc4f25d-nuovologo.png\",\"contentUrl\":\"https:\/\/www.clicproducts.eu\/wp-content\/uploads\/cropped-bfc4f25d-nuovologo.png\",\"width\":250,\"height\":75,\"caption\":\"CliC Eyewear Official\"},\"image\":{\"@id\":\"https:\/\/www.clicproducts.eu\/it\/#\/schema\/logo\/image\/\"}}]}<\/script>\n<meta property=\"og:availability\" content=\"instock\" \/>\n<meta property=\"product:availability\" content=\"instock\" \/>\n<meta property=\"product:retailer_item_id\" content=\"CBXFAAN\" \/>\n<meta property=\"product:condition\" content=\"new\" \/>\n<!-- \/ Yoast SEO Premium plugin. -->","yoast_head_json":{"title":"Flex Brooklyn Blu - CliC Eyewear Official","robots":{"index":"index","follow":"follow","max-snippet":"max-snippet:-1","max-image-preview":"max-image-preview:large","max-video-preview":"max-video-preview:-1"},"canonical":"https:\/\/www.clicproducts.eu\/it\/flex-brooklyn-blu\/","og_locale":"it_IT","og_type":"article","og_title":"Flex Brooklyn Blu - CliC Eyewear Official","og_description":"Il Brooklyn \u00e8 uno dei modelli Flex ispirati alla citt\u00e0 metropolitana di New York.  Le collezioni CliC Flex offrono pi\u00f9 varianti di forme eleganti e raffinate. Grazie a una speciale gommatura anallergica sulle aste del collarino, si prestano a essere occhiali estremamente duttili e flessibili che si adattano perfettamente alla testa di chi li indossa. Sono disponibili in un\u2019ampia gamma di colori casual, capaci di impreziosire tutte le tipologie di volto.","og_url":"https:\/\/www.clicproducts.eu\/it\/flex-brooklyn-blu\/","og_site_name":"CliC Eyewear Official","article_modified_time":"2025-12-11T12:46:47+00:00","og_image":[{"width":800,"height":800,"url":"https:\/\/www.clicproducts.eu\/wp-content\/uploads\/CBXFAAN-immagine-in-evidenza.png","type":"image\/png"}],"twitter_card":"summary_large_image","twitter_misc":{"Availability":"In stock"},"schema":{"@context":"https:\/\/schema.org","@graph":[{"@type":"WebPage","@id":"https:\/\/www.clicproducts.eu\/it\/flex-brooklyn-blu\/","url":"https:\/\/www.clicproducts.eu\/it\/flex-brooklyn-blu\/","name":"Flex Brooklyn Blu - CliC Eyewear Official","isPartOf":{"@id":"https:\/\/www.clicproducts.eu\/it\/#website"},"primaryImageOfPage":{"@id":"https:\/\/www.clicproducts.eu\/it\/flex-brooklyn-blu\/#primaryimage"},"image":{"@id":"https:\/\/www.clicproducts.eu\/it\/flex-brooklyn-blu\/#primaryimage"},"thumbnailUrl":"https:\/\/www.clicproducts.eu\/wp-content\/uploads\/CBXFAAN-immagine-in-evidenza.png","datePublished":"2023-11-09T11:10:20+00:00","dateModified":"2025-12-11T12:46:47+00:00","breadcrumb":{"@id":"https:\/\/www.clicproducts.eu\/it\/flex-brooklyn-blu\/#breadcrumb"},"inLanguage":"it-IT","potentialAction":[{"@type":"ReadAction","target":["https:\/\/www.clicproducts.eu\/it\/flex-brooklyn-blu\/"]}]},{"@type":"ImageObject","inLanguage":"it-IT","@id":"https:\/\/www.clicproducts.eu\/it\/flex-brooklyn-blu\/#primaryimage","url":"https:\/\/www.clicproducts.eu\/wp-content\/uploads\/CBXFAAN-immagine-in-evidenza.png","contentUrl":"https:\/\/www.clicproducts.eu\/wp-content\/uploads\/CBXFAAN-immagine-in-evidenza.png","width":800,"height":800},{"@type":"BreadcrumbList","@id":"https:\/\/www.clicproducts.eu\/it\/flex-brooklyn-blu\/#breadcrumb","itemListElement":[{"@type":"ListItem","position":1,"name":"Homepage","item":"https:\/\/www.clicproducts.eu\/it\/"},{"@type":"ListItem","position":2,"name":"Shop","item":"https:\/\/www.clicproducts.eu\/it\/shop\/"},{"@type":"ListItem","position":3,"name":"Lettura","item":"https:\/\/www.clicproducts.eu\/it\/occhiali-da-lettura\/"},{"@type":"ListItem","position":4,"name":"Flex","item":"https:\/\/www.clicproducts.eu\/it\/occhiali-da-lettura\/clic-flex\/"},{"@type":"ListItem","position":5,"name":"Flex Brooklyn Blu"}]},{"@type":"WebSite","@id":"https:\/\/www.clicproducts.eu\/it\/#website","url":"https:\/\/www.clicproducts.eu\/it\/","name":"CliC Eyewear Official","description":"","publisher":{"@id":"https:\/\/www.clicproducts.eu\/it\/#organization"},"potentialAction":[{"@type":"SearchAction","target":{"@type":"EntryPoint","urlTemplate":"https:\/\/www.clicproducts.eu\/it\/?s={search_term_string}"},"query-input":{"@type":"PropertyValueSpecification","valueRequired":true,"valueName":"search_term_string"}}],"inLanguage":"it-IT"},{"@type":"Organization","@id":"https:\/\/www.clicproducts.eu\/it\/#organization","name":"CliC Eyewear Official","url":"https:\/\/www.clicproducts.eu\/it\/","logo":{"@type":"ImageObject","inLanguage":"it-IT","@id":"https:\/\/www.clicproducts.eu\/it\/#\/schema\/logo\/image\/","url":"https:\/\/www.clicproducts.eu\/wp-content\/uploads\/cropped-bfc4f25d-nuovologo.png","contentUrl":"https:\/\/www.clicproducts.eu\/wp-content\/uploads\/cropped-bfc4f25d-nuovologo.png","width":250,"height":75,"caption":"CliC Eyewear Official"},"image":{"@id":"https:\/\/www.clicproducts.eu\/it\/#\/schema\/logo\/image\/"}}]},"og_availability":"instock","product_availability":"instock","product_retailer_item_id":"CBXFAAN","product_condition":"new"},"_links":{"self":[{"href":"https:\/\/www.clicproducts.eu\/it\/wp-json\/wp\/v2\/product\/1406","targetHints":{"allow":["GET"]}}],"collection":[{"href":"https:\/\/www.clicproducts.eu\/it\/wp-json\/wp\/v2\/product"}],"about":[{"href":"https:\/\/www.clicproducts.eu\/it\/wp-json\/wp\/v2\/types\/product"}],"wp:featuredmedia":[{"embeddable":true,"href":"https:\/\/www.clicproducts.eu\/it\/wp-json\/wp\/v2\/media\/8932"}],"wp:attachment":[{"href":"https:\/\/www.clicproducts.eu\/it\/wp-json\/wp\/v2\/media?parent=1406"}],"wp:term":[{"taxonomy":"product_cat","embeddable":true,"href":"https:\/\/www.clicproducts.eu\/it\/wp-json\/wp\/v2\/product_cat?post=1406"},{"taxonomy":"product_tag","embeddable":true,"href":"https:\/\/www.clicproducts.eu\/it\/wp-json\/wp\/v2\/product_tag?post=1406"},{"taxonomy":"giftcard-category","embeddable":true,"href":"https:\/\/www.clicproducts.eu\/it\/wp-json\/wp\/v2\/giftcard-category?post=1406"}],"curies":[{"name":"wp","href":"https:\/\/api.w.org\/{rel}","templated":true}]}}