{"id":1533,"date":"2023-11-02T09:47:42","date_gmt":"2023-11-02T08:47:42","guid":{"rendered":"https:\/\/clic1.wpenginepowered.com\/?post_type=product&#038;p=1533"},"modified":"2026-02-01T18:10:38","modified_gmt":"2026-02-01T17:10:38","slug":"pantos-tortoise","status":"publish","type":"product","link":"https:\/\/www.clicproducts.eu\/it\/pantos-tortoise\/","title":{"rendered":"Pantos Tortoise"},"content":{"rendered":"<p>Il CliC Classic Pantos presenta:<br \/>\n&#8211; Forma pantoscopica;<br \/>\n&#8211; Collarino composto da polimeri di acetato e il 20% di TR90 che ne garantisce la duttilit\u00e0, rendendo il collarino elastico e resistente;<br \/>\n&#8211; Connessione magnetica con apertura frontale: il magnete \u00e8 realizzato in neodimio, brevettato e sicuro per i portatori di pacemaker;<br \/>\n&#8211; Aste allungabili nichel free;<br \/>\n&#8211; Lenti certificate e controllate;<br \/>\n&#8211; Occhiale con marchio CE.<\/p>\n","protected":false},"excerpt":{"rendered":"<p>CliC Classic rappresenta il best seller degli occhiali con il collarino rigido e la connessione magnetica sul frontale. Grazie alle aste regolabili, il modello Classic pu\u00f2 essere allungato di +2 cm su entrambi i lati. Sono disponibili in un&#8217;ampia selezione di tonalit\u00e0 e forme, dalle pi\u00f9 intense alle pi\u00f9 classiche e versatili.<\/p>\n","protected":false},"featured_media":4323,"template":"","meta":{"_acf_changed":false,"ghostkit_customizer_options":"","ghostkit_custom_css":"","ghostkit_custom_js_head":"","ghostkit_custom_js_foot":"","ghostkit_typography":""},"product_cat":[181,183,194,195],"product_tag":[],"giftcard-category":[],"class_list":{"0":"post-1533","1":"product","2":"type-product","3":"status-publish","4":"has-post-thumbnail","6":"product_cat-occhiali-da-lettura","7":"product_cat-clic-classic","8":"product_cat-lettura-uomo","9":"product_cat-occhiali-da-lettura-donna","10":"pa_modalita-duso-lettura","11":"tm-has-options","13":"first","14":"instock","15":"shipping-taxable","16":"purchasable","17":"product-type-variable"},"acf":[],"yoast_head":"<!-- This site is optimized with the Yoast SEO Premium plugin v21.7 (Yoast SEO v26.1.1) - https:\/\/yoast.com\/wordpress\/plugins\/seo\/ -->\n<title>Pantos Tortoise - CliC Eyewear Official<\/title>\n<meta name=\"robots\" content=\"index, follow, max-snippet:-1, max-image-preview:large, max-video-preview:-1\" \/>\n<link rel=\"canonical\" href=\"https:\/\/www.clicproducts.eu\/it\/pantos-tortoise\/\" \/>\n<meta property=\"og:locale\" content=\"it_IT\" \/>\n<meta property=\"og:type\" content=\"article\" \/>\n<meta property=\"og:title\" content=\"Pantos Tortoise - CliC Eyewear Official\" \/>\n<meta property=\"og:description\" content=\"CliC Classic rappresenta il best seller degli occhiali con il collarino rigido e la connessione magnetica sul frontale. Grazie alle aste regolabili, il modello Classic pu\u00f2 essere allungato di +2 cm su entrambi i lati. Sono disponibili in un&#039;ampia selezione di tonalit\u00e0 e forme, dalle pi\u00f9 intense alle pi\u00f9 classiche e versatili.\" \/>\n<meta property=\"og:url\" content=\"https:\/\/www.clicproducts.eu\/it\/pantos-tortoise\/\" \/>\n<meta property=\"og:site_name\" content=\"CliC Eyewear Official\" \/>\n<meta property=\"article:modified_time\" content=\"2026-02-01T17:10:38+00:00\" \/>\n<meta property=\"og:image\" content=\"https:\/\/www.clicproducts.eu\/wp-content\/uploads\/CRRBM-immagine-in-evidenza.png\" \/>\n\t<meta property=\"og:image:width\" content=\"800\" \/>\n\t<meta property=\"og:image:height\" content=\"800\" \/>\n\t<meta property=\"og:image:type\" content=\"image\/png\" \/>\n<meta name=\"twitter:card\" content=\"summary_large_image\" \/>\n<meta name=\"twitter:label1\" content=\"Availability\" \/>\n\t<meta name=\"twitter:data1\" content=\"In stock\" \/>\n<script type=\"application\/ld+json\" class=\"yoast-schema-graph\">{\"@context\":\"https:\/\/schema.org\",\"@graph\":[{\"@type\":\"WebPage\",\"@id\":\"https:\/\/www.clicproducts.eu\/it\/pantos-tortoise\/\",\"url\":\"https:\/\/www.clicproducts.eu\/it\/pantos-tortoise\/\",\"name\":\"Pantos Tortoise - CliC Eyewear Official\",\"isPartOf\":{\"@id\":\"https:\/\/www.clicproducts.eu\/it\/#website\"},\"primaryImageOfPage\":{\"@id\":\"https:\/\/www.clicproducts.eu\/it\/pantos-tortoise\/#primaryimage\"},\"image\":{\"@id\":\"https:\/\/www.clicproducts.eu\/it\/pantos-tortoise\/#primaryimage\"},\"thumbnailUrl\":\"https:\/\/www.clicproducts.eu\/wp-content\/uploads\/CRRBM-immagine-in-evidenza.png\",\"datePublished\":\"2023-11-02T08:47:42+00:00\",\"dateModified\":\"2026-02-01T17:10:38+00:00\",\"breadcrumb\":{\"@id\":\"https:\/\/www.clicproducts.eu\/it\/pantos-tortoise\/#breadcrumb\"},\"inLanguage\":\"it-IT\",\"potentialAction\":[{\"@type\":\"ReadAction\",\"target\":[\"https:\/\/www.clicproducts.eu\/it\/pantos-tortoise\/\"]}]},{\"@type\":\"ImageObject\",\"inLanguage\":\"it-IT\",\"@id\":\"https:\/\/www.clicproducts.eu\/it\/pantos-tortoise\/#primaryimage\",\"url\":\"https:\/\/www.clicproducts.eu\/wp-content\/uploads\/CRRBM-immagine-in-evidenza.png\",\"contentUrl\":\"https:\/\/www.clicproducts.eu\/wp-content\/uploads\/CRRBM-immagine-in-evidenza.png\",\"width\":800,\"height\":800},{\"@type\":\"BreadcrumbList\",\"@id\":\"https:\/\/www.clicproducts.eu\/it\/pantos-tortoise\/#breadcrumb\",\"itemListElement\":[{\"@type\":\"ListItem\",\"position\":1,\"name\":\"Homepage\",\"item\":\"https:\/\/www.clicproducts.eu\/it\/\"},{\"@type\":\"ListItem\",\"position\":2,\"name\":\"Shop\",\"item\":\"https:\/\/www.clicproducts.eu\/it\/shop\/\"},{\"@type\":\"ListItem\",\"position\":3,\"name\":\"Lettura\",\"item\":\"https:\/\/www.clicproducts.eu\/it\/occhiali-da-lettura\/\"},{\"@type\":\"ListItem\",\"position\":4,\"name\":\"Classic\",\"item\":\"https:\/\/www.clicproducts.eu\/it\/occhiali-da-lettura\/clic-classic\/\"},{\"@type\":\"ListItem\",\"position\":5,\"name\":\"Pantos Tortoise\"}]},{\"@type\":\"WebSite\",\"@id\":\"https:\/\/www.clicproducts.eu\/it\/#website\",\"url\":\"https:\/\/www.clicproducts.eu\/it\/\",\"name\":\"CliC Eyewear Official\",\"description\":\"\",\"publisher\":{\"@id\":\"https:\/\/www.clicproducts.eu\/it\/#organization\"},\"potentialAction\":[{\"@type\":\"SearchAction\",\"target\":{\"@type\":\"EntryPoint\",\"urlTemplate\":\"https:\/\/www.clicproducts.eu\/it\/?s={search_term_string}\"},\"query-input\":{\"@type\":\"PropertyValueSpecification\",\"valueRequired\":true,\"valueName\":\"search_term_string\"}}],\"inLanguage\":\"it-IT\"},{\"@type\":\"Organization\",\"@id\":\"https:\/\/www.clicproducts.eu\/it\/#organization\",\"name\":\"CliC Eyewear Official\",\"url\":\"https:\/\/www.clicproducts.eu\/it\/\",\"logo\":{\"@type\":\"ImageObject\",\"inLanguage\":\"it-IT\",\"@id\":\"https:\/\/www.clicproducts.eu\/it\/#\/schema\/logo\/image\/\",\"url\":\"https:\/\/www.clicproducts.eu\/wp-content\/uploads\/cropped-bfc4f25d-nuovologo.png\",\"contentUrl\":\"https:\/\/www.clicproducts.eu\/wp-content\/uploads\/cropped-bfc4f25d-nuovologo.png\",\"width\":250,\"height\":75,\"caption\":\"CliC Eyewear Official\"},\"image\":{\"@id\":\"https:\/\/www.clicproducts.eu\/it\/#\/schema\/logo\/image\/\"}}]}<\/script>\n<meta property=\"og:availability\" content=\"instock\" \/>\n<meta property=\"product:availability\" content=\"instock\" \/>\n<meta property=\"product:retailer_item_id\" content=\"CRRBM\" \/>\n<meta property=\"product:condition\" content=\"new\" \/>\n<!-- \/ Yoast SEO Premium plugin. -->","yoast_head_json":{"title":"Pantos Tortoise - CliC Eyewear Official","robots":{"index":"index","follow":"follow","max-snippet":"max-snippet:-1","max-image-preview":"max-image-preview:large","max-video-preview":"max-video-preview:-1"},"canonical":"https:\/\/www.clicproducts.eu\/it\/pantos-tortoise\/","og_locale":"it_IT","og_type":"article","og_title":"Pantos Tortoise - CliC Eyewear Official","og_description":"CliC Classic rappresenta il best seller degli occhiali con il collarino rigido e la connessione magnetica sul frontale. Grazie alle aste regolabili, il modello Classic pu\u00f2 essere allungato di +2 cm su entrambi i lati. Sono disponibili in un'ampia selezione di tonalit\u00e0 e forme, dalle pi\u00f9 intense alle pi\u00f9 classiche e versatili.","og_url":"https:\/\/www.clicproducts.eu\/it\/pantos-tortoise\/","og_site_name":"CliC Eyewear Official","article_modified_time":"2026-02-01T17:10:38+00:00","og_image":[{"width":800,"height":800,"url":"https:\/\/www.clicproducts.eu\/wp-content\/uploads\/CRRBM-immagine-in-evidenza.png","type":"image\/png"}],"twitter_card":"summary_large_image","twitter_misc":{"Availability":"In stock"},"schema":{"@context":"https:\/\/schema.org","@graph":[{"@type":"WebPage","@id":"https:\/\/www.clicproducts.eu\/it\/pantos-tortoise\/","url":"https:\/\/www.clicproducts.eu\/it\/pantos-tortoise\/","name":"Pantos Tortoise - CliC Eyewear Official","isPartOf":{"@id":"https:\/\/www.clicproducts.eu\/it\/#website"},"primaryImageOfPage":{"@id":"https:\/\/www.clicproducts.eu\/it\/pantos-tortoise\/#primaryimage"},"image":{"@id":"https:\/\/www.clicproducts.eu\/it\/pantos-tortoise\/#primaryimage"},"thumbnailUrl":"https:\/\/www.clicproducts.eu\/wp-content\/uploads\/CRRBM-immagine-in-evidenza.png","datePublished":"2023-11-02T08:47:42+00:00","dateModified":"2026-02-01T17:10:38+00:00","breadcrumb":{"@id":"https:\/\/www.clicproducts.eu\/it\/pantos-tortoise\/#breadcrumb"},"inLanguage":"it-IT","potentialAction":[{"@type":"ReadAction","target":["https:\/\/www.clicproducts.eu\/it\/pantos-tortoise\/"]}]},{"@type":"ImageObject","inLanguage":"it-IT","@id":"https:\/\/www.clicproducts.eu\/it\/pantos-tortoise\/#primaryimage","url":"https:\/\/www.clicproducts.eu\/wp-content\/uploads\/CRRBM-immagine-in-evidenza.png","contentUrl":"https:\/\/www.clicproducts.eu\/wp-content\/uploads\/CRRBM-immagine-in-evidenza.png","width":800,"height":800},{"@type":"BreadcrumbList","@id":"https:\/\/www.clicproducts.eu\/it\/pantos-tortoise\/#breadcrumb","itemListElement":[{"@type":"ListItem","position":1,"name":"Homepage","item":"https:\/\/www.clicproducts.eu\/it\/"},{"@type":"ListItem","position":2,"name":"Shop","item":"https:\/\/www.clicproducts.eu\/it\/shop\/"},{"@type":"ListItem","position":3,"name":"Lettura","item":"https:\/\/www.clicproducts.eu\/it\/occhiali-da-lettura\/"},{"@type":"ListItem","position":4,"name":"Classic","item":"https:\/\/www.clicproducts.eu\/it\/occhiali-da-lettura\/clic-classic\/"},{"@type":"ListItem","position":5,"name":"Pantos Tortoise"}]},{"@type":"WebSite","@id":"https:\/\/www.clicproducts.eu\/it\/#website","url":"https:\/\/www.clicproducts.eu\/it\/","name":"CliC Eyewear Official","description":"","publisher":{"@id":"https:\/\/www.clicproducts.eu\/it\/#organization"},"potentialAction":[{"@type":"SearchAction","target":{"@type":"EntryPoint","urlTemplate":"https:\/\/www.clicproducts.eu\/it\/?s={search_term_string}"},"query-input":{"@type":"PropertyValueSpecification","valueRequired":true,"valueName":"search_term_string"}}],"inLanguage":"it-IT"},{"@type":"Organization","@id":"https:\/\/www.clicproducts.eu\/it\/#organization","name":"CliC Eyewear Official","url":"https:\/\/www.clicproducts.eu\/it\/","logo":{"@type":"ImageObject","inLanguage":"it-IT","@id":"https:\/\/www.clicproducts.eu\/it\/#\/schema\/logo\/image\/","url":"https:\/\/www.clicproducts.eu\/wp-content\/uploads\/cropped-bfc4f25d-nuovologo.png","contentUrl":"https:\/\/www.clicproducts.eu\/wp-content\/uploads\/cropped-bfc4f25d-nuovologo.png","width":250,"height":75,"caption":"CliC Eyewear Official"},"image":{"@id":"https:\/\/www.clicproducts.eu\/it\/#\/schema\/logo\/image\/"}}]},"og_availability":"instock","product_availability":"instock","product_retailer_item_id":"CRRBM","product_condition":"new"},"_links":{"self":[{"href":"https:\/\/www.clicproducts.eu\/it\/wp-json\/wp\/v2\/product\/1533","targetHints":{"allow":["GET"]}}],"collection":[{"href":"https:\/\/www.clicproducts.eu\/it\/wp-json\/wp\/v2\/product"}],"about":[{"href":"https:\/\/www.clicproducts.eu\/it\/wp-json\/wp\/v2\/types\/product"}],"wp:featuredmedia":[{"embeddable":true,"href":"https:\/\/www.clicproducts.eu\/it\/wp-json\/wp\/v2\/media\/4323"}],"wp:attachment":[{"href":"https:\/\/www.clicproducts.eu\/it\/wp-json\/wp\/v2\/media?parent=1533"}],"wp:term":[{"taxonomy":"product_cat","embeddable":true,"href":"https:\/\/www.clicproducts.eu\/it\/wp-json\/wp\/v2\/product_cat?post=1533"},{"taxonomy":"product_tag","embeddable":true,"href":"https:\/\/www.clicproducts.eu\/it\/wp-json\/wp\/v2\/product_tag?post=1533"},{"taxonomy":"giftcard-category","embeddable":true,"href":"https:\/\/www.clicproducts.eu\/it\/wp-json\/wp\/v2\/giftcard-category?post=1533"}],"curies":[{"name":"wp","href":"https:\/\/api.w.org\/{rel}","templated":true}]}}