{"id":16614,"date":"2025-11-07T12:14:55","date_gmt":"2025-11-07T11:14:55","guid":{"rendered":"https:\/\/clic1.wpenginepowered.com\/prodotto\/clic-on-tortoise-blu-scuro-marrone\/"},"modified":"2025-11-19T11:37:08","modified_gmt":"2025-11-19T10:37:08","slug":"clic-on-tortoise-blu-scuro-marrone","status":"publish","type":"product","link":"https:\/\/www.clicproducts.eu\/it\/clic-on-tortoise-blu-scuro-marrone\/","title":{"rendered":"Clic On Tortoise \/ Clip Blu scuro Marrone"},"content":{"rendered":"<p>Le caratteristiche che lo rendono diverso dagli altri occhiali \u201cclip on\u201d sono:<\/p>\n<p>&#8211; <strong>Profili TR90 a iniezione<\/strong>, studiati con spessori scavati dove incastrare il lamierino della clip. La montatura presenta questi spessori sulla parte frontale creati ad hoc per l\u2019alloggio delle clip in acciaio medicale. Le clip sono realizzate con lenti nylon di alta qualit\u00e0.  <\/p>\n<p>\u2013 \u00c8 stato ripreso il <strong>concetto di asta presente negli occhiali CliC<\/strong>, fatta in <strong>alluminio ad incastro sul terminale<\/strong>. Il meccanismo telescopico permette di allungare l\u2019asta da 135 a 150 mm. Tra i vari dettagli, sul terminale dell\u2019asta sono presenti il logo CliC On nella parte interna e il simbolo del brand nella parte esterna.  <\/p>\n<p>&#8211; L&#8217;occhiale diventa cos\u00ec di <strong>grande adattabilit\u00e0 ed \u00e8 estremamente leggero <\/strong>grazie alla combinazione di 3 materiali importanti come <strong>TR90<\/strong>, <strong>acciaio<\/strong> e <strong>alluminio<\/strong> per l\u2019asta.<\/p>\n","protected":false},"excerpt":{"rendered":"<p>CliC On \u00e8 nato dalla ricerca di qualcosa che sul mercato non esistesse ancora. Un occhiale da vista con clip da sole interamente <strong>Made in Italy<\/strong>. Il concept creativo della collezione \u00e8 stato affidato a Lele Danzi e alla sua equipe di designer. <\/p>\n","protected":false},"featured_media":16589,"template":"","meta":{"_acf_changed":false,"ghostkit_customizer_options":"","ghostkit_custom_css":"","ghostkit_custom_js_head":"","ghostkit_custom_js_foot":"","ghostkit_typography":""},"product_cat":[863,181],"product_tag":[],"giftcard-category":[],"class_list":{"0":"post-16614","1":"product","2":"type-product","3":"status-publish","4":"has-post-thumbnail","6":"product_cat-clic-on-it","7":"product_cat-occhiali-da-lettura","8":"tm-has-options","10":"first","11":"instock","12":"shipping-taxable","13":"purchasable","14":"product-type-simple"},"acf":[],"yoast_head":"<!-- This site is optimized with the Yoast SEO Premium plugin v21.7 (Yoast SEO v26.1.1) - https:\/\/yoast.com\/wordpress\/plugins\/seo\/ -->\n<title>Clic On Tortoise \/ Clip Blu scuro Marrone - CliC Eyewear Official<\/title>\n<meta name=\"robots\" content=\"index, follow, max-snippet:-1, max-image-preview:large, max-video-preview:-1\" \/>\n<link rel=\"canonical\" href=\"https:\/\/www.clicproducts.eu\/it\/clic-on-tortoise-blu-scuro-marrone\/\" \/>\n<meta property=\"og:locale\" content=\"it_IT\" \/>\n<meta property=\"og:type\" content=\"article\" \/>\n<meta property=\"og:title\" content=\"Clic On Tortoise \/ Clip Blu scuro Marrone - CliC Eyewear Official\" \/>\n<meta property=\"og:description\" content=\"CliC On \u00e8 nato dalla ricerca di qualcosa che sul mercato non esistesse ancora. Un occhiale da vista con clip da sole interamente Made in Italy. Il concept creativo della collezione \u00e8 stato affidato a Lele Danzi e alla sua equipe di designer.\" \/>\n<meta property=\"og:url\" content=\"https:\/\/www.clicproducts.eu\/it\/clic-on-tortoise-blu-scuro-marrone\/\" \/>\n<meta property=\"og:site_name\" content=\"CliC Eyewear Official\" \/>\n<meta property=\"article:modified_time\" content=\"2025-11-19T10:37:08+00:00\" \/>\n<meta property=\"og:image\" content=\"https:\/\/www.clicproducts.eu\/wp-content\/uploads\/C08029C229DKB.png\" \/>\n\t<meta property=\"og:image:width\" content=\"800\" \/>\n\t<meta property=\"og:image:height\" content=\"800\" \/>\n\t<meta property=\"og:image:type\" content=\"image\/png\" \/>\n<meta name=\"twitter:card\" content=\"summary_large_image\" \/>\n<meta name=\"twitter:label1\" content=\"Price\" \/>\n\t<meta name=\"twitter:data1\" content=\"&euro;249,00\" \/>\n\t<meta name=\"twitter:label2\" content=\"Availability\" \/>\n\t<meta name=\"twitter:data2\" content=\"In stock\" \/>\n<script type=\"application\/ld+json\" class=\"yoast-schema-graph\">{\"@context\":\"https:\/\/schema.org\",\"@graph\":[{\"@type\":\"WebPage\",\"@id\":\"https:\/\/www.clicproducts.eu\/it\/clic-on-tortoise-blu-scuro-marrone\/\",\"url\":\"https:\/\/www.clicproducts.eu\/it\/clic-on-tortoise-blu-scuro-marrone\/\",\"name\":\"Clic On Tortoise \/ Clip Blu scuro Marrone - CliC Eyewear Official\",\"isPartOf\":{\"@id\":\"https:\/\/www.clicproducts.eu\/it\/#website\"},\"primaryImageOfPage\":{\"@id\":\"https:\/\/www.clicproducts.eu\/it\/clic-on-tortoise-blu-scuro-marrone\/#primaryimage\"},\"image\":{\"@id\":\"https:\/\/www.clicproducts.eu\/it\/clic-on-tortoise-blu-scuro-marrone\/#primaryimage\"},\"thumbnailUrl\":\"https:\/\/www.clicproducts.eu\/wp-content\/uploads\/C08029C229DKB.png\",\"datePublished\":\"2025-11-07T11:14:55+00:00\",\"dateModified\":\"2025-11-19T10:37:08+00:00\",\"breadcrumb\":{\"@id\":\"https:\/\/www.clicproducts.eu\/it\/clic-on-tortoise-blu-scuro-marrone\/#breadcrumb\"},\"inLanguage\":\"it-IT\",\"potentialAction\":[{\"@type\":\"ReadAction\",\"target\":[\"https:\/\/www.clicproducts.eu\/it\/clic-on-tortoise-blu-scuro-marrone\/\"]}]},{\"@type\":\"ImageObject\",\"inLanguage\":\"it-IT\",\"@id\":\"https:\/\/www.clicproducts.eu\/it\/clic-on-tortoise-blu-scuro-marrone\/#primaryimage\",\"url\":\"https:\/\/www.clicproducts.eu\/wp-content\/uploads\/C08029C229DKB.png\",\"contentUrl\":\"https:\/\/www.clicproducts.eu\/wp-content\/uploads\/C08029C229DKB.png\",\"width\":800,\"height\":800},{\"@type\":\"BreadcrumbList\",\"@id\":\"https:\/\/www.clicproducts.eu\/it\/clic-on-tortoise-blu-scuro-marrone\/#breadcrumb\",\"itemListElement\":[{\"@type\":\"ListItem\",\"position\":1,\"name\":\"Homepage\",\"item\":\"https:\/\/www.clicproducts.eu\/it\/\"},{\"@type\":\"ListItem\",\"position\":2,\"name\":\"Shop\",\"item\":\"https:\/\/www.clicproducts.eu\/it\/shop\/\"},{\"@type\":\"ListItem\",\"position\":3,\"name\":\"CliC On\",\"item\":\"https:\/\/www.clicproducts.eu\/it\/clic-on-it\/\"},{\"@type\":\"ListItem\",\"position\":4,\"name\":\"Clic On Tortoise \/ Clip Blu scuro Marrone\"}]},{\"@type\":\"WebSite\",\"@id\":\"https:\/\/www.clicproducts.eu\/it\/#website\",\"url\":\"https:\/\/www.clicproducts.eu\/it\/\",\"name\":\"CliC Eyewear Official\",\"description\":\"\",\"publisher\":{\"@id\":\"https:\/\/www.clicproducts.eu\/it\/#organization\"},\"potentialAction\":[{\"@type\":\"SearchAction\",\"target\":{\"@type\":\"EntryPoint\",\"urlTemplate\":\"https:\/\/www.clicproducts.eu\/it\/?s={search_term_string}\"},\"query-input\":{\"@type\":\"PropertyValueSpecification\",\"valueRequired\":true,\"valueName\":\"search_term_string\"}}],\"inLanguage\":\"it-IT\"},{\"@type\":\"Organization\",\"@id\":\"https:\/\/www.clicproducts.eu\/it\/#organization\",\"name\":\"CliC Eyewear Official\",\"url\":\"https:\/\/www.clicproducts.eu\/it\/\",\"logo\":{\"@type\":\"ImageObject\",\"inLanguage\":\"it-IT\",\"@id\":\"https:\/\/www.clicproducts.eu\/it\/#\/schema\/logo\/image\/\",\"url\":\"https:\/\/www.clicproducts.eu\/wp-content\/uploads\/cropped-bfc4f25d-nuovologo.png\",\"contentUrl\":\"https:\/\/www.clicproducts.eu\/wp-content\/uploads\/cropped-bfc4f25d-nuovologo.png\",\"width\":250,\"height\":75,\"caption\":\"CliC Eyewear Official\"},\"image\":{\"@id\":\"https:\/\/www.clicproducts.eu\/it\/#\/schema\/logo\/image\/\"}}]}<\/script>\n<meta property=\"product:price:amount\" content=\"249.00\" \/>\n<meta property=\"product:price:currency\" content=\"EUR\" \/>\n<meta property=\"og:availability\" content=\"instock\" \/>\n<meta property=\"product:availability\" content=\"instock\" \/>\n<meta property=\"product:retailer_item_id\" content=\"C08029C229DKB\" \/>\n<meta property=\"product:condition\" content=\"new\" \/>\n<!-- \/ Yoast SEO Premium plugin. -->","yoast_head_json":{"title":"Clic On Tortoise \/ Clip Blu scuro Marrone - CliC Eyewear Official","robots":{"index":"index","follow":"follow","max-snippet":"max-snippet:-1","max-image-preview":"max-image-preview:large","max-video-preview":"max-video-preview:-1"},"canonical":"https:\/\/www.clicproducts.eu\/it\/clic-on-tortoise-blu-scuro-marrone\/","og_locale":"it_IT","og_type":"article","og_title":"Clic On Tortoise \/ Clip Blu scuro Marrone - CliC Eyewear Official","og_description":"CliC On \u00e8 nato dalla ricerca di qualcosa che sul mercato non esistesse ancora. Un occhiale da vista con clip da sole interamente Made in Italy. Il concept creativo della collezione \u00e8 stato affidato a Lele Danzi e alla sua equipe di designer.","og_url":"https:\/\/www.clicproducts.eu\/it\/clic-on-tortoise-blu-scuro-marrone\/","og_site_name":"CliC Eyewear Official","article_modified_time":"2025-11-19T10:37:08+00:00","og_image":[{"width":800,"height":800,"url":"https:\/\/www.clicproducts.eu\/wp-content\/uploads\/C08029C229DKB.png","type":"image\/png"}],"twitter_card":"summary_large_image","twitter_misc":{"Price":"&euro;249,00","Availability":"In stock"},"schema":{"@context":"https:\/\/schema.org","@graph":[{"@type":"WebPage","@id":"https:\/\/www.clicproducts.eu\/it\/clic-on-tortoise-blu-scuro-marrone\/","url":"https:\/\/www.clicproducts.eu\/it\/clic-on-tortoise-blu-scuro-marrone\/","name":"Clic On Tortoise \/ Clip Blu scuro Marrone - CliC Eyewear Official","isPartOf":{"@id":"https:\/\/www.clicproducts.eu\/it\/#website"},"primaryImageOfPage":{"@id":"https:\/\/www.clicproducts.eu\/it\/clic-on-tortoise-blu-scuro-marrone\/#primaryimage"},"image":{"@id":"https:\/\/www.clicproducts.eu\/it\/clic-on-tortoise-blu-scuro-marrone\/#primaryimage"},"thumbnailUrl":"https:\/\/www.clicproducts.eu\/wp-content\/uploads\/C08029C229DKB.png","datePublished":"2025-11-07T11:14:55+00:00","dateModified":"2025-11-19T10:37:08+00:00","breadcrumb":{"@id":"https:\/\/www.clicproducts.eu\/it\/clic-on-tortoise-blu-scuro-marrone\/#breadcrumb"},"inLanguage":"it-IT","potentialAction":[{"@type":"ReadAction","target":["https:\/\/www.clicproducts.eu\/it\/clic-on-tortoise-blu-scuro-marrone\/"]}]},{"@type":"ImageObject","inLanguage":"it-IT","@id":"https:\/\/www.clicproducts.eu\/it\/clic-on-tortoise-blu-scuro-marrone\/#primaryimage","url":"https:\/\/www.clicproducts.eu\/wp-content\/uploads\/C08029C229DKB.png","contentUrl":"https:\/\/www.clicproducts.eu\/wp-content\/uploads\/C08029C229DKB.png","width":800,"height":800},{"@type":"BreadcrumbList","@id":"https:\/\/www.clicproducts.eu\/it\/clic-on-tortoise-blu-scuro-marrone\/#breadcrumb","itemListElement":[{"@type":"ListItem","position":1,"name":"Homepage","item":"https:\/\/www.clicproducts.eu\/it\/"},{"@type":"ListItem","position":2,"name":"Shop","item":"https:\/\/www.clicproducts.eu\/it\/shop\/"},{"@type":"ListItem","position":3,"name":"CliC On","item":"https:\/\/www.clicproducts.eu\/it\/clic-on-it\/"},{"@type":"ListItem","position":4,"name":"Clic On Tortoise \/ Clip Blu scuro Marrone"}]},{"@type":"WebSite","@id":"https:\/\/www.clicproducts.eu\/it\/#website","url":"https:\/\/www.clicproducts.eu\/it\/","name":"CliC Eyewear Official","description":"","publisher":{"@id":"https:\/\/www.clicproducts.eu\/it\/#organization"},"potentialAction":[{"@type":"SearchAction","target":{"@type":"EntryPoint","urlTemplate":"https:\/\/www.clicproducts.eu\/it\/?s={search_term_string}"},"query-input":{"@type":"PropertyValueSpecification","valueRequired":true,"valueName":"search_term_string"}}],"inLanguage":"it-IT"},{"@type":"Organization","@id":"https:\/\/www.clicproducts.eu\/it\/#organization","name":"CliC Eyewear Official","url":"https:\/\/www.clicproducts.eu\/it\/","logo":{"@type":"ImageObject","inLanguage":"it-IT","@id":"https:\/\/www.clicproducts.eu\/it\/#\/schema\/logo\/image\/","url":"https:\/\/www.clicproducts.eu\/wp-content\/uploads\/cropped-bfc4f25d-nuovologo.png","contentUrl":"https:\/\/www.clicproducts.eu\/wp-content\/uploads\/cropped-bfc4f25d-nuovologo.png","width":250,"height":75,"caption":"CliC Eyewear Official"},"image":{"@id":"https:\/\/www.clicproducts.eu\/it\/#\/schema\/logo\/image\/"}}]},"product_price_amount":"249.00","product_price_currency":"EUR","og_availability":"instock","product_availability":"instock","product_retailer_item_id":"C08029C229DKB","product_condition":"new"},"_links":{"self":[{"href":"https:\/\/www.clicproducts.eu\/it\/wp-json\/wp\/v2\/product\/16614","targetHints":{"allow":["GET"]}}],"collection":[{"href":"https:\/\/www.clicproducts.eu\/it\/wp-json\/wp\/v2\/product"}],"about":[{"href":"https:\/\/www.clicproducts.eu\/it\/wp-json\/wp\/v2\/types\/product"}],"wp:featuredmedia":[{"embeddable":true,"href":"https:\/\/www.clicproducts.eu\/it\/wp-json\/wp\/v2\/media\/16589"}],"wp:attachment":[{"href":"https:\/\/www.clicproducts.eu\/it\/wp-json\/wp\/v2\/media?parent=16614"}],"wp:term":[{"taxonomy":"product_cat","embeddable":true,"href":"https:\/\/www.clicproducts.eu\/it\/wp-json\/wp\/v2\/product_cat?post=16614"},{"taxonomy":"product_tag","embeddable":true,"href":"https:\/\/www.clicproducts.eu\/it\/wp-json\/wp\/v2\/product_tag?post=16614"},{"taxonomy":"giftcard-category","embeddable":true,"href":"https:\/\/www.clicproducts.eu\/it\/wp-json\/wp\/v2\/giftcard-category?post=16614"}],"curies":[{"name":"wp","href":"https:\/\/api.w.org\/{rel}","templated":true}]}}