{"id":19076,"date":"2026-05-04T16:52:12","date_gmt":"2026-05-04T14:52:12","guid":{"rendered":"https:\/\/www.clicproducts.eu\/?post_type=product&#038;p=19076"},"modified":"2026-05-04T16:52:15","modified_gmt":"2026-05-04T14:52:15","slug":"slastik-byss-acknar013-marrone-chiaro","status":"publish","type":"product","link":"https:\/\/www.clicproducts.eu\/it\/slastik-byss-acknar013-marrone-chiaro\/","title":{"rendered":"SLASTIK BYSS ACKNAR013 MARRONE CHIARO"},"content":{"rendered":"<p>Slastik Acknar presenta:<br \/>\n&#8211; Collarino brevettato a doppia iniezione, flessibile e leggero, per un perfetto adattamento alle dimensioni della testa. Il collarino \u00e8 realizzato in speciale gomma anallergica. Il retro \u00e8 in silicone non rigido, per garantire che gli occhiali rimangano perfettamente in posizione anche sotto un cappello, un casco o un colletto spesso;<br \/>\n&#8211; Sistema di regolazione telescopico brevettato, progettato per una vestibilit\u00e0 perfetta e per non usurarsi con l&#8217;uso;<br \/>\n&#8211; Attacco magnetico frontale con magneti al neodimio.  <\/p>\n<p>Materiale: TR90<br \/>\nForma: Rettangolare<\/p>\n<p>Dimensioni:<br \/>\nFrontale: 136 mm<br \/>\nAltezza lente: 38 mm<br \/>\nLarghezza lente: 56 mm<br \/>\nPonte: 17 mm<\/p>\n<p>Misura della testa (regolabile): minimo 58 cm e massimo 63 cm<\/p>\n","protected":false},"excerpt":{"rendered":"<p>Slastik Acknar: gli occhiali da lettura flessibili con chiusura magnetica<\/p>\n<p>Slastik Acknar \u00e8 un modello semi-flessibile progettato per il massimo comfort e praticit\u00e0 quotidiana. Grazie all&#8217;innovativa chiusura magnetica frontale, non perderai mai pi\u00f9 i tuoi occhiali. Un paio di occhiali che ti accompagner\u00e0 in qualsiasi attivit\u00e0 quotidiana.  <\/p>\n","protected":false},"featured_media":19020,"template":"","meta":{"_acf_changed":false,"ghostkit_customizer_options":"","ghostkit_custom_css":"","ghostkit_custom_js_head":"","ghostkit_custom_js_foot":"","ghostkit_typography":""},"product_cat":[195,181,877,194],"product_tag":[],"giftcard-category":[],"class_list":{"0":"post-19076","1":"product","2":"type-product","3":"status-publish","4":"has-post-thumbnail","6":"product_cat-occhiali-da-lettura-donna","7":"product_cat-occhiali-da-lettura","8":"product_cat-slastik-it","9":"product_cat-lettura-uomo","10":"tm-has-options","12":"first","13":"instock","14":"shipping-taxable","15":"purchasable","16":"product-type-variable"},"acf":[],"yoast_head":"<!-- This site is optimized with the Yoast SEO Premium plugin v21.7 (Yoast SEO v26.1.1) - https:\/\/yoast.com\/wordpress\/plugins\/seo\/ -->\n<title>SLASTIK BYSS ACKNAR013 MARRONE CHIARO - CliC Eyewear Official<\/title>\n<meta name=\"robots\" content=\"index, follow, max-snippet:-1, max-image-preview:large, max-video-preview:-1\" \/>\n<link rel=\"canonical\" href=\"https:\/\/www.clicproducts.eu\/it\/slastik-byss-acknar013-marrone-chiaro\/\" \/>\n<meta property=\"og:locale\" content=\"it_IT\" \/>\n<meta property=\"og:type\" content=\"article\" \/>\n<meta property=\"og:title\" content=\"SLASTIK BYSS ACKNAR013 MARRONE CHIARO - CliC Eyewear Official\" \/>\n<meta property=\"og:description\" content=\"Slastik Acknar: gli occhiali da lettura flessibili con chiusura magneticaSlastik Acknar \u00e8 un modello semi-flessibile progettato per il massimo comfort e praticit\u00e0 quotidiana. Grazie all&#039;innovativa chiusura magnetica frontale, non perderai mai pi\u00f9 i tuoi occhiali. Un paio di occhiali che ti accompagner\u00e0 in qualsiasi attivit\u00e0 quotidiana.\" \/>\n<meta property=\"og:url\" content=\"https:\/\/www.clicproducts.eu\/it\/slastik-byss-acknar013-marrone-chiaro\/\" \/>\n<meta property=\"og:site_name\" content=\"CliC Eyewear Official\" \/>\n<meta property=\"article:modified_time\" content=\"2026-05-04T14:52:15+00:00\" \/>\n<meta property=\"og:image\" content=\"https:\/\/www.clicproducts.eu\/wp-content\/uploads\/ACKNAR013-immagine-in-evidenza.png\" \/>\n\t<meta property=\"og:image:width\" content=\"800\" \/>\n\t<meta property=\"og:image:height\" content=\"800\" \/>\n\t<meta property=\"og:image:type\" content=\"image\/png\" \/>\n<meta name=\"twitter:card\" content=\"summary_large_image\" \/>\n<meta name=\"twitter:label1\" content=\"Availability\" \/>\n\t<meta name=\"twitter:data1\" content=\"In stock\" \/>\n<script type=\"application\/ld+json\" class=\"yoast-schema-graph\">{\"@context\":\"https:\/\/schema.org\",\"@graph\":[{\"@type\":\"WebPage\",\"@id\":\"https:\/\/www.clicproducts.eu\/it\/slastik-byss-acknar013-marrone-chiaro\/\",\"url\":\"https:\/\/www.clicproducts.eu\/it\/slastik-byss-acknar013-marrone-chiaro\/\",\"name\":\"SLASTIK BYSS ACKNAR013 MARRONE CHIARO - CliC Eyewear Official\",\"isPartOf\":{\"@id\":\"https:\/\/www.clicproducts.eu\/it\/#website\"},\"primaryImageOfPage\":{\"@id\":\"https:\/\/www.clicproducts.eu\/it\/slastik-byss-acknar013-marrone-chiaro\/#primaryimage\"},\"image\":{\"@id\":\"https:\/\/www.clicproducts.eu\/it\/slastik-byss-acknar013-marrone-chiaro\/#primaryimage\"},\"thumbnailUrl\":\"https:\/\/www.clicproducts.eu\/wp-content\/uploads\/ACKNAR013-immagine-in-evidenza.png\",\"datePublished\":\"2026-05-04T14:52:12+00:00\",\"dateModified\":\"2026-05-04T14:52:15+00:00\",\"breadcrumb\":{\"@id\":\"https:\/\/www.clicproducts.eu\/it\/slastik-byss-acknar013-marrone-chiaro\/#breadcrumb\"},\"inLanguage\":\"it-IT\",\"potentialAction\":[{\"@type\":\"ReadAction\",\"target\":[\"https:\/\/www.clicproducts.eu\/it\/slastik-byss-acknar013-marrone-chiaro\/\"]}]},{\"@type\":\"ImageObject\",\"inLanguage\":\"it-IT\",\"@id\":\"https:\/\/www.clicproducts.eu\/it\/slastik-byss-acknar013-marrone-chiaro\/#primaryimage\",\"url\":\"https:\/\/www.clicproducts.eu\/wp-content\/uploads\/ACKNAR013-immagine-in-evidenza.png\",\"contentUrl\":\"https:\/\/www.clicproducts.eu\/wp-content\/uploads\/ACKNAR013-immagine-in-evidenza.png\",\"width\":800,\"height\":800},{\"@type\":\"BreadcrumbList\",\"@id\":\"https:\/\/www.clicproducts.eu\/it\/slastik-byss-acknar013-marrone-chiaro\/#breadcrumb\",\"itemListElement\":[{\"@type\":\"ListItem\",\"position\":1,\"name\":\"Homepage\",\"item\":\"https:\/\/www.clicproducts.eu\/it\/\"},{\"@type\":\"ListItem\",\"position\":2,\"name\":\"Shop\",\"item\":\"https:\/\/www.clicproducts.eu\/it\/shop\/\"},{\"@type\":\"ListItem\",\"position\":3,\"name\":\"Lettura\",\"item\":\"https:\/\/www.clicproducts.eu\/it\/occhiali-da-lettura\/\"},{\"@type\":\"ListItem\",\"position\":4,\"name\":\"SLASTIK BYSS ACKNAR013 MARRONE CHIARO\"}]},{\"@type\":\"WebSite\",\"@id\":\"https:\/\/www.clicproducts.eu\/it\/#website\",\"url\":\"https:\/\/www.clicproducts.eu\/it\/\",\"name\":\"CliC Eyewear Official\",\"description\":\"\",\"publisher\":{\"@id\":\"https:\/\/www.clicproducts.eu\/it\/#organization\"},\"potentialAction\":[{\"@type\":\"SearchAction\",\"target\":{\"@type\":\"EntryPoint\",\"urlTemplate\":\"https:\/\/www.clicproducts.eu\/it\/?s={search_term_string}\"},\"query-input\":{\"@type\":\"PropertyValueSpecification\",\"valueRequired\":true,\"valueName\":\"search_term_string\"}}],\"inLanguage\":\"it-IT\"},{\"@type\":\"Organization\",\"@id\":\"https:\/\/www.clicproducts.eu\/it\/#organization\",\"name\":\"CliC Eyewear Official\",\"url\":\"https:\/\/www.clicproducts.eu\/it\/\",\"logo\":{\"@type\":\"ImageObject\",\"inLanguage\":\"it-IT\",\"@id\":\"https:\/\/www.clicproducts.eu\/it\/#\/schema\/logo\/image\/\",\"url\":\"https:\/\/www.clicproducts.eu\/wp-content\/uploads\/cropped-bfc4f25d-nuovologo.png\",\"contentUrl\":\"https:\/\/www.clicproducts.eu\/wp-content\/uploads\/cropped-bfc4f25d-nuovologo.png\",\"width\":250,\"height\":75,\"caption\":\"CliC Eyewear Official\"},\"image\":{\"@id\":\"https:\/\/www.clicproducts.eu\/it\/#\/schema\/logo\/image\/\"}}]}<\/script>\n<meta property=\"og:availability\" content=\"instock\" \/>\n<meta property=\"product:availability\" content=\"instock\" \/>\n<meta property=\"product:retailer_item_id\" content=\"ACKNAR013\" \/>\n<meta property=\"product:condition\" content=\"new\" \/>\n<!-- \/ Yoast SEO Premium plugin. -->","yoast_head_json":{"title":"SLASTIK BYSS ACKNAR013 MARRONE CHIARO - CliC Eyewear Official","robots":{"index":"index","follow":"follow","max-snippet":"max-snippet:-1","max-image-preview":"max-image-preview:large","max-video-preview":"max-video-preview:-1"},"canonical":"https:\/\/www.clicproducts.eu\/it\/slastik-byss-acknar013-marrone-chiaro\/","og_locale":"it_IT","og_type":"article","og_title":"SLASTIK BYSS ACKNAR013 MARRONE CHIARO - CliC Eyewear Official","og_description":"Slastik Acknar: gli occhiali da lettura flessibili con chiusura magneticaSlastik Acknar \u00e8 un modello semi-flessibile progettato per il massimo comfort e praticit\u00e0 quotidiana. Grazie all'innovativa chiusura magnetica frontale, non perderai mai pi\u00f9 i tuoi occhiali. Un paio di occhiali che ti accompagner\u00e0 in qualsiasi attivit\u00e0 quotidiana.","og_url":"https:\/\/www.clicproducts.eu\/it\/slastik-byss-acknar013-marrone-chiaro\/","og_site_name":"CliC Eyewear Official","article_modified_time":"2026-05-04T14:52:15+00:00","og_image":[{"width":800,"height":800,"url":"https:\/\/www.clicproducts.eu\/wp-content\/uploads\/ACKNAR013-immagine-in-evidenza.png","type":"image\/png"}],"twitter_card":"summary_large_image","twitter_misc":{"Availability":"In stock"},"schema":{"@context":"https:\/\/schema.org","@graph":[{"@type":"WebPage","@id":"https:\/\/www.clicproducts.eu\/it\/slastik-byss-acknar013-marrone-chiaro\/","url":"https:\/\/www.clicproducts.eu\/it\/slastik-byss-acknar013-marrone-chiaro\/","name":"SLASTIK BYSS ACKNAR013 MARRONE CHIARO - CliC Eyewear Official","isPartOf":{"@id":"https:\/\/www.clicproducts.eu\/it\/#website"},"primaryImageOfPage":{"@id":"https:\/\/www.clicproducts.eu\/it\/slastik-byss-acknar013-marrone-chiaro\/#primaryimage"},"image":{"@id":"https:\/\/www.clicproducts.eu\/it\/slastik-byss-acknar013-marrone-chiaro\/#primaryimage"},"thumbnailUrl":"https:\/\/www.clicproducts.eu\/wp-content\/uploads\/ACKNAR013-immagine-in-evidenza.png","datePublished":"2026-05-04T14:52:12+00:00","dateModified":"2026-05-04T14:52:15+00:00","breadcrumb":{"@id":"https:\/\/www.clicproducts.eu\/it\/slastik-byss-acknar013-marrone-chiaro\/#breadcrumb"},"inLanguage":"it-IT","potentialAction":[{"@type":"ReadAction","target":["https:\/\/www.clicproducts.eu\/it\/slastik-byss-acknar013-marrone-chiaro\/"]}]},{"@type":"ImageObject","inLanguage":"it-IT","@id":"https:\/\/www.clicproducts.eu\/it\/slastik-byss-acknar013-marrone-chiaro\/#primaryimage","url":"https:\/\/www.clicproducts.eu\/wp-content\/uploads\/ACKNAR013-immagine-in-evidenza.png","contentUrl":"https:\/\/www.clicproducts.eu\/wp-content\/uploads\/ACKNAR013-immagine-in-evidenza.png","width":800,"height":800},{"@type":"BreadcrumbList","@id":"https:\/\/www.clicproducts.eu\/it\/slastik-byss-acknar013-marrone-chiaro\/#breadcrumb","itemListElement":[{"@type":"ListItem","position":1,"name":"Homepage","item":"https:\/\/www.clicproducts.eu\/it\/"},{"@type":"ListItem","position":2,"name":"Shop","item":"https:\/\/www.clicproducts.eu\/it\/shop\/"},{"@type":"ListItem","position":3,"name":"Lettura","item":"https:\/\/www.clicproducts.eu\/it\/occhiali-da-lettura\/"},{"@type":"ListItem","position":4,"name":"SLASTIK BYSS ACKNAR013 MARRONE CHIARO"}]},{"@type":"WebSite","@id":"https:\/\/www.clicproducts.eu\/it\/#website","url":"https:\/\/www.clicproducts.eu\/it\/","name":"CliC Eyewear Official","description":"","publisher":{"@id":"https:\/\/www.clicproducts.eu\/it\/#organization"},"potentialAction":[{"@type":"SearchAction","target":{"@type":"EntryPoint","urlTemplate":"https:\/\/www.clicproducts.eu\/it\/?s={search_term_string}"},"query-input":{"@type":"PropertyValueSpecification","valueRequired":true,"valueName":"search_term_string"}}],"inLanguage":"it-IT"},{"@type":"Organization","@id":"https:\/\/www.clicproducts.eu\/it\/#organization","name":"CliC Eyewear Official","url":"https:\/\/www.clicproducts.eu\/it\/","logo":{"@type":"ImageObject","inLanguage":"it-IT","@id":"https:\/\/www.clicproducts.eu\/it\/#\/schema\/logo\/image\/","url":"https:\/\/www.clicproducts.eu\/wp-content\/uploads\/cropped-bfc4f25d-nuovologo.png","contentUrl":"https:\/\/www.clicproducts.eu\/wp-content\/uploads\/cropped-bfc4f25d-nuovologo.png","width":250,"height":75,"caption":"CliC Eyewear Official"},"image":{"@id":"https:\/\/www.clicproducts.eu\/it\/#\/schema\/logo\/image\/"}}]},"og_availability":"instock","product_availability":"instock","product_retailer_item_id":"ACKNAR013","product_condition":"new"},"_links":{"self":[{"href":"https:\/\/www.clicproducts.eu\/it\/wp-json\/wp\/v2\/product\/19076","targetHints":{"allow":["GET"]}}],"collection":[{"href":"https:\/\/www.clicproducts.eu\/it\/wp-json\/wp\/v2\/product"}],"about":[{"href":"https:\/\/www.clicproducts.eu\/it\/wp-json\/wp\/v2\/types\/product"}],"wp:featuredmedia":[{"embeddable":true,"href":"https:\/\/www.clicproducts.eu\/it\/wp-json\/wp\/v2\/media\/19020"}],"wp:attachment":[{"href":"https:\/\/www.clicproducts.eu\/it\/wp-json\/wp\/v2\/media?parent=19076"}],"wp:term":[{"taxonomy":"product_cat","embeddable":true,"href":"https:\/\/www.clicproducts.eu\/it\/wp-json\/wp\/v2\/product_cat?post=19076"},{"taxonomy":"product_tag","embeddable":true,"href":"https:\/\/www.clicproducts.eu\/it\/wp-json\/wp\/v2\/product_tag?post=19076"},{"taxonomy":"giftcard-category","embeddable":true,"href":"https:\/\/www.clicproducts.eu\/it\/wp-json\/wp\/v2\/giftcard-category?post=19076"}],"curies":[{"name":"wp","href":"https:\/\/api.w.org\/{rel}","templated":true}]}}