{"id":8193,"date":"2024-01-24T17:28:30","date_gmt":"2024-01-24T16:28:30","guid":{"rendered":"https:\/\/clic1.wpenginepowered.com\/prodotto\/tube-wallstreet-blu\/"},"modified":"2026-03-18T14:43:17","modified_gmt":"2026-03-18T13:43:17","slug":"tube-wallstreet-blu","status":"publish","type":"product","link":"https:\/\/www.clicproducts.eu\/it\/tube-wallstreet-blu\/","title":{"rendered":"Tube Wallstreet Blu"},"content":{"rendered":"<p>Il CliC Tube Wallstreet presenta:<\/p>\n<p>&#8211; Forma squadrata, che consente di montare lenti progressive;<\/p>\n<p>&#8211; Collarino composto da polimeri di acetato e il 20% di TR90 che ne garantisce la duttilit\u00e0, rendendo il collarino resistente e estremamente flessibile. Si pu\u00f2 allungare o stringere in base alla propria testa estendendosi fino a 30 cm, con un diametro da chiuso di circa 20 cm;<\/p>\n<p>&#8211; Connessione magnetica con apertura frontale: il magnete \u00e8 realizzato in neodimio, brevettato e sicuro per i portatori di pacemaker;<\/p>\n<p>&#8211; Aste allungabili nichel free;<\/p>\n<p>&#8211; Lenti certificate e controllate;<\/p>\n<p>&#8211; Occhiale con marchio CE.<\/p>\n","protected":false},"excerpt":{"rendered":"<p>CliC Tube \u00e8 la collezione che si adatta a ogni tipo di esigenza. Presenta un collarino realizzato in materiale morbido che permette una calzabilit\u00e0 ottimale a ogni forma di testa, dalle misure pi\u00f9 piccole a quelle pi\u00f9 grandi. Sono disponibili in diverse colorazioni e forme estremamente sofisticate.<\/p>\n","protected":false},"featured_media":8331,"template":"","meta":{"_acf_changed":false,"ghostkit_customizer_options":"","ghostkit_custom_css":"","ghostkit_custom_js_head":"","ghostkit_custom_js_foot":"","ghostkit_typography":""},"product_cat":[181,184,194,195],"product_tag":[829],"giftcard-category":[],"class_list":{"0":"post-8193","1":"product","2":"type-product","3":"status-publish","4":"has-post-thumbnail","6":"product_cat-occhiali-da-lettura","7":"product_cat-clic-tube","8":"product_cat-lettura-uomo","9":"product_cat-occhiali-da-lettura-donna","10":"product_tag-top-3","11":"pa_collezione-tube-wallstreet","12":"pa_colore-blu","13":"pa_forma-squadrata","14":"pa_gradazioni-1-5","15":"pa_gradazioni-2-0","16":"pa_gradazioni-2-5","17":"pa_gradazioni-3-0","18":"pa_gradazioni-1-5-2-0-2-5-3-0","19":"pa_modalita-duso-lettura","20":"tm-has-options","22":"first","23":"instock","24":"purchasable","25":"product-type-variable"},"acf":[],"yoast_head":"<!-- This site is optimized with the Yoast SEO Premium plugin v21.7 (Yoast SEO v26.1.1) - https:\/\/yoast.com\/wordpress\/plugins\/seo\/ -->\n<title>Tube Wallstreet Blu - CliC Eyewear Official<\/title>\n<meta name=\"robots\" content=\"index, follow, max-snippet:-1, max-image-preview:large, max-video-preview:-1\" \/>\n<link rel=\"canonical\" href=\"https:\/\/www.clicproducts.eu\/it\/tube-wallstreet-blu\/\" \/>\n<meta property=\"og:locale\" content=\"it_IT\" \/>\n<meta property=\"og:type\" content=\"article\" \/>\n<meta property=\"og:title\" content=\"Tube Wallstreet Blu - CliC Eyewear Official\" \/>\n<meta property=\"og:description\" content=\"CliC Tube \u00e8 la collezione che si adatta a ogni tipo di esigenza. Presenta un collarino realizzato in materiale morbido che permette una calzabilit\u00e0 ottimale a ogni forma di testa, dalle misure pi\u00f9 piccole a quelle pi\u00f9 grandi. Sono disponibili in diverse colorazioni e forme estremamente sofisticate.\" \/>\n<meta property=\"og:url\" content=\"https:\/\/www.clicproducts.eu\/it\/tube-wallstreet-blu\/\" \/>\n<meta property=\"og:site_name\" content=\"CliC Eyewear Official\" \/>\n<meta property=\"article:modified_time\" content=\"2026-03-18T13:43:17+00:00\" \/>\n<meta property=\"og:image\" content=\"https:\/\/www.clicproducts.eu\/wp-content\/uploads\/CTWBB-immagine-in-evidenza-1.png\" \/>\n\t<meta property=\"og:image:width\" content=\"800\" \/>\n\t<meta property=\"og:image:height\" content=\"800\" \/>\n\t<meta property=\"og:image:type\" content=\"image\/png\" \/>\n<meta name=\"twitter:card\" content=\"summary_large_image\" \/>\n<meta name=\"twitter:label1\" content=\"Availability\" \/>\n\t<meta name=\"twitter:data1\" content=\"In stock\" \/>\n<script type=\"application\/ld+json\" class=\"yoast-schema-graph\">{\"@context\":\"https:\/\/schema.org\",\"@graph\":[{\"@type\":\"WebPage\",\"@id\":\"https:\/\/www.clicproducts.eu\/it\/tube-wallstreet-blu\/\",\"url\":\"https:\/\/www.clicproducts.eu\/it\/tube-wallstreet-blu\/\",\"name\":\"Tube Wallstreet Blu - CliC Eyewear Official\",\"isPartOf\":{\"@id\":\"https:\/\/www.clicproducts.eu\/it\/#website\"},\"primaryImageOfPage\":{\"@id\":\"https:\/\/www.clicproducts.eu\/it\/tube-wallstreet-blu\/#primaryimage\"},\"image\":{\"@id\":\"https:\/\/www.clicproducts.eu\/it\/tube-wallstreet-blu\/#primaryimage\"},\"thumbnailUrl\":\"https:\/\/www.clicproducts.eu\/wp-content\/uploads\/CTWBB-immagine-in-evidenza-1.png\",\"datePublished\":\"2024-01-24T16:28:30+00:00\",\"dateModified\":\"2026-03-18T13:43:17+00:00\",\"breadcrumb\":{\"@id\":\"https:\/\/www.clicproducts.eu\/it\/tube-wallstreet-blu\/#breadcrumb\"},\"inLanguage\":\"it-IT\",\"potentialAction\":[{\"@type\":\"ReadAction\",\"target\":[\"https:\/\/www.clicproducts.eu\/it\/tube-wallstreet-blu\/\"]}]},{\"@type\":\"ImageObject\",\"inLanguage\":\"it-IT\",\"@id\":\"https:\/\/www.clicproducts.eu\/it\/tube-wallstreet-blu\/#primaryimage\",\"url\":\"https:\/\/www.clicproducts.eu\/wp-content\/uploads\/CTWBB-immagine-in-evidenza-1.png\",\"contentUrl\":\"https:\/\/www.clicproducts.eu\/wp-content\/uploads\/CTWBB-immagine-in-evidenza-1.png\",\"width\":800,\"height\":800},{\"@type\":\"BreadcrumbList\",\"@id\":\"https:\/\/www.clicproducts.eu\/it\/tube-wallstreet-blu\/#breadcrumb\",\"itemListElement\":[{\"@type\":\"ListItem\",\"position\":1,\"name\":\"Homepage\",\"item\":\"https:\/\/www.clicproducts.eu\/it\/\"},{\"@type\":\"ListItem\",\"position\":2,\"name\":\"Shop\",\"item\":\"https:\/\/www.clicproducts.eu\/it\/shop\/\"},{\"@type\":\"ListItem\",\"position\":3,\"name\":\"Lettura\",\"item\":\"https:\/\/www.clicproducts.eu\/it\/occhiali-da-lettura\/\"},{\"@type\":\"ListItem\",\"position\":4,\"name\":\"Tube\",\"item\":\"https:\/\/www.clicproducts.eu\/it\/occhiali-da-lettura\/clic-tube\/\"},{\"@type\":\"ListItem\",\"position\":5,\"name\":\"Tube Wallstreet Blu\"}]},{\"@type\":\"WebSite\",\"@id\":\"https:\/\/www.clicproducts.eu\/it\/#website\",\"url\":\"https:\/\/www.clicproducts.eu\/it\/\",\"name\":\"CliC Eyewear Official\",\"description\":\"\",\"publisher\":{\"@id\":\"https:\/\/www.clicproducts.eu\/it\/#organization\"},\"potentialAction\":[{\"@type\":\"SearchAction\",\"target\":{\"@type\":\"EntryPoint\",\"urlTemplate\":\"https:\/\/www.clicproducts.eu\/it\/?s={search_term_string}\"},\"query-input\":{\"@type\":\"PropertyValueSpecification\",\"valueRequired\":true,\"valueName\":\"search_term_string\"}}],\"inLanguage\":\"it-IT\"},{\"@type\":\"Organization\",\"@id\":\"https:\/\/www.clicproducts.eu\/it\/#organization\",\"name\":\"CliC Eyewear Official\",\"url\":\"https:\/\/www.clicproducts.eu\/it\/\",\"logo\":{\"@type\":\"ImageObject\",\"inLanguage\":\"it-IT\",\"@id\":\"https:\/\/www.clicproducts.eu\/it\/#\/schema\/logo\/image\/\",\"url\":\"https:\/\/www.clicproducts.eu\/wp-content\/uploads\/cropped-bfc4f25d-nuovologo.png\",\"contentUrl\":\"https:\/\/www.clicproducts.eu\/wp-content\/uploads\/cropped-bfc4f25d-nuovologo.png\",\"width\":250,\"height\":75,\"caption\":\"CliC Eyewear Official\"},\"image\":{\"@id\":\"https:\/\/www.clicproducts.eu\/it\/#\/schema\/logo\/image\/\"}}]}<\/script>\n<meta property=\"og:availability\" content=\"instock\" \/>\n<meta property=\"product:availability\" content=\"instock\" \/>\n<meta property=\"product:retailer_item_id\" content=\"CTWBB\" \/>\n<meta property=\"product:condition\" content=\"new\" \/>\n<!-- \/ Yoast SEO Premium plugin. -->","yoast_head_json":{"title":"Tube Wallstreet Blu - CliC Eyewear Official","robots":{"index":"index","follow":"follow","max-snippet":"max-snippet:-1","max-image-preview":"max-image-preview:large","max-video-preview":"max-video-preview:-1"},"canonical":"https:\/\/www.clicproducts.eu\/it\/tube-wallstreet-blu\/","og_locale":"it_IT","og_type":"article","og_title":"Tube Wallstreet Blu - CliC Eyewear Official","og_description":"CliC Tube \u00e8 la collezione che si adatta a ogni tipo di esigenza. Presenta un collarino realizzato in materiale morbido che permette una calzabilit\u00e0 ottimale a ogni forma di testa, dalle misure pi\u00f9 piccole a quelle pi\u00f9 grandi. Sono disponibili in diverse colorazioni e forme estremamente sofisticate.","og_url":"https:\/\/www.clicproducts.eu\/it\/tube-wallstreet-blu\/","og_site_name":"CliC Eyewear Official","article_modified_time":"2026-03-18T13:43:17+00:00","og_image":[{"width":800,"height":800,"url":"https:\/\/www.clicproducts.eu\/wp-content\/uploads\/CTWBB-immagine-in-evidenza-1.png","type":"image\/png"}],"twitter_card":"summary_large_image","twitter_misc":{"Availability":"In stock"},"schema":{"@context":"https:\/\/schema.org","@graph":[{"@type":"WebPage","@id":"https:\/\/www.clicproducts.eu\/it\/tube-wallstreet-blu\/","url":"https:\/\/www.clicproducts.eu\/it\/tube-wallstreet-blu\/","name":"Tube Wallstreet Blu - CliC Eyewear Official","isPartOf":{"@id":"https:\/\/www.clicproducts.eu\/it\/#website"},"primaryImageOfPage":{"@id":"https:\/\/www.clicproducts.eu\/it\/tube-wallstreet-blu\/#primaryimage"},"image":{"@id":"https:\/\/www.clicproducts.eu\/it\/tube-wallstreet-blu\/#primaryimage"},"thumbnailUrl":"https:\/\/www.clicproducts.eu\/wp-content\/uploads\/CTWBB-immagine-in-evidenza-1.png","datePublished":"2024-01-24T16:28:30+00:00","dateModified":"2026-03-18T13:43:17+00:00","breadcrumb":{"@id":"https:\/\/www.clicproducts.eu\/it\/tube-wallstreet-blu\/#breadcrumb"},"inLanguage":"it-IT","potentialAction":[{"@type":"ReadAction","target":["https:\/\/www.clicproducts.eu\/it\/tube-wallstreet-blu\/"]}]},{"@type":"ImageObject","inLanguage":"it-IT","@id":"https:\/\/www.clicproducts.eu\/it\/tube-wallstreet-blu\/#primaryimage","url":"https:\/\/www.clicproducts.eu\/wp-content\/uploads\/CTWBB-immagine-in-evidenza-1.png","contentUrl":"https:\/\/www.clicproducts.eu\/wp-content\/uploads\/CTWBB-immagine-in-evidenza-1.png","width":800,"height":800},{"@type":"BreadcrumbList","@id":"https:\/\/www.clicproducts.eu\/it\/tube-wallstreet-blu\/#breadcrumb","itemListElement":[{"@type":"ListItem","position":1,"name":"Homepage","item":"https:\/\/www.clicproducts.eu\/it\/"},{"@type":"ListItem","position":2,"name":"Shop","item":"https:\/\/www.clicproducts.eu\/it\/shop\/"},{"@type":"ListItem","position":3,"name":"Lettura","item":"https:\/\/www.clicproducts.eu\/it\/occhiali-da-lettura\/"},{"@type":"ListItem","position":4,"name":"Tube","item":"https:\/\/www.clicproducts.eu\/it\/occhiali-da-lettura\/clic-tube\/"},{"@type":"ListItem","position":5,"name":"Tube Wallstreet Blu"}]},{"@type":"WebSite","@id":"https:\/\/www.clicproducts.eu\/it\/#website","url":"https:\/\/www.clicproducts.eu\/it\/","name":"CliC Eyewear Official","description":"","publisher":{"@id":"https:\/\/www.clicproducts.eu\/it\/#organization"},"potentialAction":[{"@type":"SearchAction","target":{"@type":"EntryPoint","urlTemplate":"https:\/\/www.clicproducts.eu\/it\/?s={search_term_string}"},"query-input":{"@type":"PropertyValueSpecification","valueRequired":true,"valueName":"search_term_string"}}],"inLanguage":"it-IT"},{"@type":"Organization","@id":"https:\/\/www.clicproducts.eu\/it\/#organization","name":"CliC Eyewear Official","url":"https:\/\/www.clicproducts.eu\/it\/","logo":{"@type":"ImageObject","inLanguage":"it-IT","@id":"https:\/\/www.clicproducts.eu\/it\/#\/schema\/logo\/image\/","url":"https:\/\/www.clicproducts.eu\/wp-content\/uploads\/cropped-bfc4f25d-nuovologo.png","contentUrl":"https:\/\/www.clicproducts.eu\/wp-content\/uploads\/cropped-bfc4f25d-nuovologo.png","width":250,"height":75,"caption":"CliC Eyewear Official"},"image":{"@id":"https:\/\/www.clicproducts.eu\/it\/#\/schema\/logo\/image\/"}}]},"og_availability":"instock","product_availability":"instock","product_retailer_item_id":"CTWBB","product_condition":"new"},"_links":{"self":[{"href":"https:\/\/www.clicproducts.eu\/it\/wp-json\/wp\/v2\/product\/8193","targetHints":{"allow":["GET"]}}],"collection":[{"href":"https:\/\/www.clicproducts.eu\/it\/wp-json\/wp\/v2\/product"}],"about":[{"href":"https:\/\/www.clicproducts.eu\/it\/wp-json\/wp\/v2\/types\/product"}],"wp:featuredmedia":[{"embeddable":true,"href":"https:\/\/www.clicproducts.eu\/it\/wp-json\/wp\/v2\/media\/8331"}],"wp:attachment":[{"href":"https:\/\/www.clicproducts.eu\/it\/wp-json\/wp\/v2\/media?parent=8193"}],"wp:term":[{"taxonomy":"product_cat","embeddable":true,"href":"https:\/\/www.clicproducts.eu\/it\/wp-json\/wp\/v2\/product_cat?post=8193"},{"taxonomy":"product_tag","embeddable":true,"href":"https:\/\/www.clicproducts.eu\/it\/wp-json\/wp\/v2\/product_tag?post=8193"},{"taxonomy":"giftcard-category","embeddable":true,"href":"https:\/\/www.clicproducts.eu\/it\/wp-json\/wp\/v2\/giftcard-category?post=8193"}],"curies":[{"name":"wp","href":"https:\/\/api.w.org\/{rel}","templated":true}]}}